{"id":69865,"date":"2026-03-27T07:59:59","date_gmt":"2026-03-27T07:59:59","guid":{"rendered":"https:\/\/vapexyz.com\/?post_type=product&#038;p=69865"},"modified":"2026-03-27T08:00:12","modified_gmt":"2026-03-27T08:00:12","slug":"waspe-bar-60-000-60k-narazu-jednorazove-vape-na-velkoobchodni-nakup-vysokokapacitni-dobijeci-mesh-civka-led-displej","status":"publish","type":"product","link":"https:\/\/vapexyz.com\/cs\/product\/waspe-bar-60000-60k-puffs-disposable-vapes-wholesale-bulk-buy-high-capacity-rechargeable-mesh-coil-led-screen\/","title":{"rendered":"WASPE BAR 60000 60 000 v\u00fdfuk\u016f Jednor\u00e1zov\u00e9 e-cigarety Velkoobchodn\u00ed n\u00e1kup Vysokokapacitn\u00ed Dob\u00edjec\u00ed Mesh C\u00edvka LED Displej"},"content":{"rendered":"<article style=\"font-family: Arial, Helvetica, sans-serif; line-height: 1.7; color: #333; margin: auto; padding: 20px;\">\n<h2 style=\"color: #2c3e50; border-bottom: 2px solid #3498db; padding-bottom: 10px;\"><a href=\"https:\/\/vapexyz.com\/cs\/kategorie-produktu\/vosa\/\">WASPE BAR<\/a> Velkoobchodn\u00ed n\u00e1kup 60 000 jednor\u00e1zov\u00fdch vap\u016f \u2013 technick\u00fd p\u0159ehled a ov\u011b\u0159en\u00e9 specifikace<\/h2>\n<p>Jednor\u00e1zov\u00e9 vapery WASPE BAR 60000 jsou navr\u017eeny pro sc\u00e9n\u00e1\u0159e vysokokapacitn\u00edho pou\u017eit\u00ed, kde je nezbytn\u00e1 dlouhodob\u00e1 provozn\u00ed schopnost, stabiln\u00ed v\u00fdkon a konzistentn\u00ed produkce p\u00e1ry. Tento p\u0159\u00edstroj integruje topn\u00fd syst\u00e9m s mesh spir\u00e1lou, dob\u00edjec\u00ed v\u00fdkonov\u00fd modul a LED displej, aby poskytoval m\u011b\u0159itelnou zp\u011btnou vazbu o v\u00fdkonu. N\u00e1sleduj\u00edc\u00ed popis produktu je strukturov\u00e1n tak, aby zlep\u0161il transparentnost, technickou jasnost a d\u016fv\u011bru kupuj\u00edc\u00edho p\u0159i rozhodov\u00e1n\u00ed o velkoobchodn\u00edm n\u00e1kupu.<\/p>\n<h3 style=\"color: #34495e;\">Konstruk\u010dn\u00ed n\u00e1vrh a v\u00fdkonov\u00e1 struktura<\/h3>\n<p>Vnit\u0159n\u00ed struktura tohoto jednor\u00e1zov\u00e9ho vape za\u0159\u00edzen\u00ed je zalo\u017eena na syst\u00e9mu s v\u00edce n\u00e1dr\u017eemi v kombinaci s mesh spir\u00e1lou o odporu 0,9 ohm\u016f. Technologie mesh spir\u00e1l je \u0161iroce pou\u017e\u00edv\u00e1na v pr\u016fmyslu vaporiz\u00e9r\u016f d\u00edky sv\u00e9 zv\u00fd\u0161en\u00e9 povrchov\u00e9 plo\u0161e ve srovn\u00e1n\u00ed s tradi\u010dn\u00edmi dr\u00e1tov\u00fdmi spir\u00e1lami. To umo\u017e\u0148uje rovnom\u011brn\u011bj\u0161\u00ed rozlo\u017een\u00ed tepla, co\u017e m\u016f\u017ee zlep\u0161it konzistenci a sn\u00ed\u017eit lok\u00e1ln\u00ed p\u0159eh\u0159\u00edv\u00e1n\u00ed b\u011bhem provozu.<\/p>\n<div style=\"background: #f4f8fb; padding: 15px; border-left: 4px solid #3498db; margin: 20px 0;\"><strong>Technick\u00fd vhled:<\/strong><br \/>\nSyst\u00e9my mesh coil\u016f se b\u011b\u017en\u011b pou\u017e\u00edvaj\u00ed v modern\u00edch jednor\u00e1zov\u00fdch vapech pro zlep\u0161en\u00ed \u00fa\u010dinnosti oh\u0159evu a sn\u00ed\u017een\u00ed ztr\u00e1t energie. Odpor 0,9 ohm\u016f obvykle vyva\u017euje v\u00fdstup p\u00e1ry a spot\u0159ebu baterie, co\u017e ho \u010din\u00ed vhodn\u00fdm pro za\u0159\u00edzen\u00ed ur\u010den\u00e1 pro dlouhodob\u00e9 pou\u017e\u00edv\u00e1n\u00ed.<\/div>\n<p>Integrovan\u00fd LED displej poskytuje zp\u011btnou vazbu v re\u00e1ln\u00e9m \u010dase a obvykle zobrazuje \u00farove\u0148 nabit\u00ed baterie a stav za\u0159\u00edzen\u00ed. Tato funkce pom\u00e1h\u00e1 u\u017eivatel\u016fm l\u00e9pe spravovat cykly nab\u00edjen\u00ed a vyhnout se neo\u010dek\u00e1van\u00fdm p\u0159eru\u0161en\u00edm.<\/p>\n<h3 style=\"color: #34495e;\">Ov\u011b\u0159en\u00e9 technick\u00e9 specifikace<\/h3>\n<table style=\"width: 100%; border-collapse: collapse; margin: 20px 0; font-size: 14px;\">\n<tbody>\n<tr style=\"background: #3498db; color: #fff;\">\n<th style=\"padding: 10px; border: 1px solid #ddd;\">Parametr<\/th>\n<th style=\"padding: 10px; border: 1px solid #ddd;\">Specifikace<\/th>\n<\/tr>\n<tr>\n<td style=\"padding: 10px; border: 1px solid #ddd;\">Odhadovan\u00fd po\u010det Puff\u016f<\/td>\n<td style=\"padding: 10px; border: 1px solid #ddd;\">A\u017e 60 000 v\u00fddech\u016f (hodnocen\u00ed v\u00fdrobce, skute\u010dn\u00e9 pou\u017eit\u00ed se li\u0161\u00ed)<\/td>\n<\/tr>\n<tr>\n<td style=\"padding: 10px; border: 1px solid #ddd;\">Typ c\u00edvky<\/td>\n<td style=\"padding: 10px; border: 1px solid #ddd;\">S\u00edtkov\u00e1 c\u00edvka 0,9 ohm\u016f<\/td>\n<\/tr>\n<tr>\n<td style=\"padding: 10px; border: 1px solid #ddd;\">Kapacita<\/td>\n<td style=\"padding: 10px; border: 1px solid #ddd;\">36 ml<\/td>\n<\/tr>\n<tr>\n<td style=\"padding: 10px; border: 1px solid #ddd;\">baterie<\/td>\n<td style=\"padding: 10px; border: 1px solid #ddd;\">650mAh dob\u00edjec\u00ed<\/td>\n<\/tr>\n<tr>\n<td style=\"padding: 10px; border: 1px solid #ddd;\">Nab\u00edjec\u00ed rozhran\u00ed<\/td>\n<td style=\"padding: 10px; border: 1px solid #ddd;\">Typ C<\/td>\n<\/tr>\n<tr>\n<td style=\"padding: 10px; border: 1px solid #ddd;\">Zobrazit<\/td>\n<td style=\"padding: 10px; border: 1px solid #ddd;\">LED obrazovka<\/td>\n<\/tr>\n<tr>\n<td style=\"padding: 10px; border: 1px solid #ddd;\">Velikost produktu<\/td>\n<td style=\"padding: 10px; border: 1px solid #ddd;\">65 x 30 x 125 mm<\/td>\n<\/tr>\n<tr>\n<td style=\"padding: 10px; border: 1px solid #ddd;\">Hmotnost<\/td>\n<td style=\"padding: 10px; border: 1px solid #ddd;\">120 g na jednotku<\/td>\n<\/tr>\n<tr>\n<td style=\"padding: 10px; border: 1px solid #ddd;\">Obal<\/td>\n<td style=\"padding: 10px; border: 1px solid #ddd;\">10 kus\u016f za krabici, 160 kus\u016f za karton<\/td>\n<\/tr>\n<\/tbody>\n<\/table>\n<h3 style=\"color: #34495e;\">U\u017eivatelsk\u00e9 zku\u0161enosti zalo\u017een\u00e9 na praktick\u00e9m pou\u017eit\u00ed<\/h3>\n<p>Skute\u010dn\u00fd v\u00fdkon za\u0159\u00edzen\u00ed z\u00e1vis\u00ed na chov\u00e1n\u00ed u\u017eivatele, v\u010detn\u011b d\u00e9lky tahu, frekvence pou\u017e\u00edv\u00e1n\u00ed a zvyklost\u00ed p\u0159i dob\u00edjen\u00ed. Na z\u00e1klad\u011b typick\u00fdch vzorc\u016f pou\u017e\u00edv\u00e1n\u00ed jednor\u00e1zov\u00fdch vape\u016f pozorovan\u00fdch u podobn\u00fdch za\u0159\u00edzen\u00ed:<\/p>\n<ul>\n<li>Kr\u00e1tk\u00e9 a st\u0159edn\u011b dlouh\u00e9 tahy pom\u00e1haj\u00ed prodlou\u017eit \u017eivotnost spir\u00e1ly.<\/li>\n<li>\u010cast\u00e9 \u00fapln\u00e9 vybit\u00ed p\u0159ed op\u011btovn\u00fdm nab\u00edjen\u00edm m\u016f\u017ee \u010dasem sn\u00ed\u017eit \u00fa\u010dinnost baterie.<\/li>\n<li>LED indik\u00e1tory pom\u00e1haj\u00ed udr\u017eovat optim\u00e1ln\u00ed nab\u00edjec\u00ed cykly<\/li>\n<\/ul>\n<div style=\"background: #fff8e1; padding: 15px; border-left: 4px solid #f39c12; margin: 20px 0;\"><strong>Pozn\u00e1mka z praxe:<\/strong><br \/>\nTvrzen\u00ed o vysok\u00e9m po\u010dtu v\u00fddech\u016f jsou odhady v\u00fdrobc\u016f m\u011b\u0159en\u00e9 za kontrolovan\u00fdch podm\u00ednek. V\u00fdsledky v re\u00e1ln\u00e9m sv\u011bt\u011b se mohou v\u00fdrazn\u011b li\u0161it v z\u00e1vislosti na intenzit\u011b pou\u017e\u00edv\u00e1n\u00ed a environment\u00e1ln\u00edch faktorech.<\/div>\n<h3 style=\"color: #34495e;\">V\u00fdhody velkoobchodn\u00edho a hromadn\u00e9ho n\u00e1kupu<\/h3>\n<div style=\"gap: 20px; flex-wrap: wrap; margin: 20px 0;\">\n<div style=\"flex: 1; min-width: 250px; border: 1px solid #ddd; border-radius: 10px; padding: 15px;\">\n<h4 style=\"color: #2c3e50;\">N\u00edzk\u00fd minim\u00e1ln\u00ed objednan\u00fd mno\u017estv\u00ed pro vstup<\/h4>\n<p>Minim\u00e1ln\u00ed objedn\u00e1vka za\u010d\u00edn\u00e1 od 10 kus\u016f, co\u017e umo\u017e\u0148uje flexibiln\u00ed testov\u00e1n\u00ed z\u00e1sob bez vysok\u00fdch po\u010d\u00e1te\u010dn\u00edch n\u00e1klad\u016f.<\/p>\n<\/div>\n<div style=\"flex: 1; min-width: 250px; border: 1px solid #ddd; border-radius: 10px; padding: 15px;\">\n<h4 style=\"color: #2c3e50;\">\u0160k\u00e1lovateln\u00e1 dod\u00e1vka<\/h4>\n<p>Balen\u00ed zalo\u017een\u00e9 na kartonech podporuje pl\u00e1nov\u00e1n\u00ed hromadn\u00e9 logistiky a n\u00e1kladovou efektivitu pro distributory.<\/p>\n<\/div>\n<div style=\"flex: 1; min-width: 250px; border: 1px solid #ddd; border-radius: 10px; padding: 15px;\">\n<h4 style=\"color: #2c3e50;\">D\u016fsledn\u00e9 specifikace<\/h4>\n<p>Standardizovan\u00fd design hardwaru zaji\u0161\u0165uje jednotn\u00fd z\u00e1\u017eitek z produktu nap\u0159\u00ed\u010d v\u0161emi \u0161ar\u017eemi.<\/p>\n<\/div>\n<\/div>\n<h3 style=\"color: #34495e;\">Dostupn\u00e9 mo\u017enosti<\/h3>\n<p>Jednor\u00e1zov\u00e9 vapey WASPE BAR 60000 jsou dostupn\u00e9 v n\u011bkolika variant\u00e1ch chut\u00ed, aby vyhov\u011bly r\u016fzn\u00fdm vk\u016fm na trhu:<\/p>\n<p>Melounov\u00fd led<br \/>\nBor\u016fvkov\u00fd led<br \/>\nHroznov\u00fd led<br \/>\nCitron limetka<br \/>\nJahodov\u00fd ban\u00e1n<br \/>\nSm\u00ed\u0161en\u00e9 bobule<br \/>\nEnergy Drink Led<br \/>\nKiwi Melon<br \/>\nJahodov\u00fd meloun<br \/>\nBor\u016fvka Malina T\u0159e\u0161e\u0148<br \/>\n\u010cern\u00fd ryb\u00edz Blackberry<br \/>\njahodov\u00fd Black Dragon led<br \/>\nJahodov\u00e9 kiwi<br \/>\nModr\u00e1 t\u0159e\u0161e\u0148 cola<br \/>\nKiwi Melon Led<br \/>\nBroskev Mango Ananas<\/p>\n<h3 style=\"color: #34495e;\">Soulad s p\u0159edpisy a regula\u010dn\u00ed aspekty<\/h3>\n<p>Po\u017eadavky na jednor\u00e1zov\u00e9 vapery se li\u0161\u00ed podle regionu. Kupuj\u00edc\u00ed by m\u011bli ov\u011b\u0159it m\u00edstn\u00ed p\u0159edpisy t\u00fdkaj\u00edc\u00ed se kapacity produktu, ozna\u010dov\u00e1n\u00ed a distribuce. Na evropsk\u00e9m trhu p\u0159edpisy, jako je sm\u011brnice o tab\u00e1kov\u00fdch v\u00fdrobc\u00edch (TPD), ukl\u00e1daj\u00ed limity na velikost n\u00e1dr\u017ee a form\u00e1t produktu, kter\u00e9 se mohou li\u0161it od specifikac\u00ed tohoto za\u0159\u00edzen\u00ed. Je odpov\u011bdnost\u00ed dovozc\u016f a distributor\u016f zajistit soulad s p\u0159\u00edslu\u0161n\u00fdmi z\u00e1kony p\u0159ed prodejem.<\/p>\n<h3 style=\"color: #34495e;\">O <a href=\"https:\/\/vapexyz.com\/cs\/\">VapeXYZ<\/a> Velkoobchodn\u00ed distribuce<\/h3>\n<p>VapeXYZ je velkoobchodn\u00ed distributor specializuj\u00edc\u00ed se na jednor\u00e1zov\u00e9 e-cigarety s v\u00edce ne\u017e 8 lety zku\u0161enost\u00ed v oboru. Spole\u010dnost poskytuje p\u0159\u00edstup k n\u011bkolika zaveden\u00fdm zna\u010dk\u00e1m a udr\u017euje n\u00edzkou minim\u00e1ln\u00ed objedn\u00e1vkovou kvantitu, aby podpo\u0159ila jak mal\u00e9, tak velk\u00e9 kupuj\u00edc\u00ed. Produkty jsou z\u00edsk\u00e1v\u00e1ny p\u0159\u00edmo od v\u00fdrobc\u016f, co\u017e zaji\u0161\u0165uje konzistenci a sledovatelnost dodavatelsk\u00e9ho \u0159et\u011bzce.<\/p>\n<h3 style=\"color: #34495e;\">\u010casto kladen\u00e9 ot\u00e1zky - hromadn\u00e9 n\u00e1kupy<\/h3>\n<div style=\"border: 1px solid #ddd; border-radius: 10px; padding: 15px; margin-top: 20px;\">\n<p><strong>Jak\u00e9 je minim\u00e1ln\u00ed mno\u017estv\u00ed objedn\u00e1vky?<\/strong><br \/>\nMinim\u00e1ln\u00ed objednan\u00e9 mno\u017estv\u00ed je 10 kus\u016f, co\u017e umo\u017e\u0148uje flexibiln\u00ed n\u00e1kup a testov\u00e1n\u00ed produktu.<\/p>\n<p><strong>Jak dlouho vydr\u017e\u00ed baterie na jedno nabit\u00ed?<\/strong><br \/>\nPou\u017e\u00edv\u00e1n\u00ed se li\u0161\u00ed, ale obvykle vydr\u017e\u00ed n\u011bkolik stovek potah\u016f v z\u00e1vislosti na d\u00e9lce a frekvenci tahu.<\/p>\n<p><strong>Je mo\u017en\u00e9 produkt dob\u00edjet?<\/strong><br \/>\nAno, za\u0159\u00edzen\u00ed vyu\u017e\u00edv\u00e1 rozhran\u00ed Type C pro nab\u00edjen\u00ed pro opakovan\u00e9 pou\u017eit\u00ed, dokud nen\u00ed kapacita vy\u010derp\u00e1na.<\/p>\n<p><strong>Co by m\u011bli kupuj\u00edc\u00ed zv\u00e1\u017eit p\u0159ed importem?<\/strong><br \/>\nZkontrolujte m\u00edstn\u00ed p\u0159edpisy t\u00fdkaj\u00edc\u00ed se jednor\u00e1zov\u00fdch e-cigaret, v\u010detn\u011b limit\u016f kapacity, ozna\u010dov\u00e1n\u00ed a po\u017eadavk\u016f na distribuci.<\/p>\n<\/div>\n<p><img loading=\"lazy\" decoding=\"async\" class=\"size-full wp-image-69866 aligncenter\" src=\"https:\/\/vapexyz.com\/wp-content\/uploads\/2026\/03\/WASPE-BAR-60000-60K-Puffs-Disposable-Vapes-Wholesale-Bulk-Buy-High-Capacity-Rechargeable-Mesh-Coil-LED-Screen-1-scaled.webp\" alt=\"WASPE BAR 60000 60 000 v\u00fdfuk\u016f Jednor\u00e1zov\u00e9 e-cigarety Velkoobchodn\u00ed n\u00e1kup Vysokokapacitn\u00ed Dob\u00edjec\u00ed Mesh C\u00edvka LED Displej\" width=\"2190\" height=\"2560\" title=\"\" srcset=\"https:\/\/vapexyz.com\/wp-content\/uploads\/2026\/03\/WASPE-BAR-60000-60K-Puffs-Disposable-Vapes-Wholesale-Bulk-Buy-High-Capacity-Rechargeable-Mesh-Coil-LED-Screen-1-scaled.webp 2190w, https:\/\/vapexyz.com\/wp-content\/uploads\/2026\/03\/WASPE-BAR-60000-60K-Puffs-Disposable-Vapes-Wholesale-Bulk-Buy-High-Capacity-Rechargeable-Mesh-Coil-LED-Screen-1-428x500.webp 428w, https:\/\/vapexyz.com\/wp-content\/uploads\/2026\/03\/WASPE-BAR-60000-60K-Puffs-Disposable-Vapes-Wholesale-Bulk-Buy-High-Capacity-Rechargeable-Mesh-Coil-LED-Screen-1-876x1024.webp 876w, https:\/\/vapexyz.com\/wp-content\/uploads\/2026\/03\/WASPE-BAR-60000-60K-Puffs-Disposable-Vapes-Wholesale-Bulk-Buy-High-Capacity-Rechargeable-Mesh-Coil-LED-Screen-1-768x898.webp 768w, https:\/\/vapexyz.com\/wp-content\/uploads\/2026\/03\/WASPE-BAR-60000-60K-Puffs-Disposable-Vapes-Wholesale-Bulk-Buy-High-Capacity-Rechargeable-Mesh-Coil-LED-Screen-1-1314x1536.webp 1314w, https:\/\/vapexyz.com\/wp-content\/uploads\/2026\/03\/WASPE-BAR-60000-60K-Puffs-Disposable-Vapes-Wholesale-Bulk-Buy-High-Capacity-Rechargeable-Mesh-Coil-LED-Screen-1-1752x2048.webp 1752w, https:\/\/vapexyz.com\/wp-content\/uploads\/2026\/03\/WASPE-BAR-60000-60K-Puffs-Disposable-Vapes-Wholesale-Bulk-Buy-High-Capacity-Rechargeable-Mesh-Coil-LED-Screen-1-10x12.webp 10w, https:\/\/vapexyz.com\/wp-content\/uploads\/2026\/03\/WASPE-BAR-60000-60K-Puffs-Disposable-Vapes-Wholesale-Bulk-Buy-High-Capacity-Rechargeable-Mesh-Coil-LED-Screen-1-510x596.webp 510w\" sizes=\"auto, (max-width: 2190px) 100vw, 2190px\" \/><\/p>\n<\/article>","protected":false},"excerpt":{"rendered":"<p>WASPE BAR 60000 jednor\u00e1zov\u00e9 vapey nab\u00edzej\u00ed vysokou kapacitu 60 000 kou\u0159\u016f, v\u00fdkon mesh coil, LED displej a dob\u00edjec\u00ed design typu C - ide\u00e1ln\u00ed pro velkoobchodn\u00ed n\u00e1kup ve v\u011bt\u0161\u00edm mno\u017estv\u00ed.<\/p>","protected":false},"featured_media":69875,"comment_status":"open","ping_status":"closed","template":"","meta":{"_lmt_disableupdate":"no","_lmt_disable":""},"product_brand":[],"product_cat":[852,1072,947,935,934,927,929,928,930,933,939,932,938,931,936,937,1017,948,949,946,951,953,820,987],"product_tag":[],"class_list":{"0":"post-69865","1":"product","2":"type-product","3":"status-publish","4":"has-post-thumbnail","6":"product_cat-waspe","7":"product_cat-60000-puff-vapes","8":"product_cat-big-puffs-vapes","9":"product_cat-bulk-buy-disposable-vapes-in-austria","10":"product_cat-bulk-buy-disposable-vapes-in-belgium","11":"product_cat-bulk-buy-disposable-vapes-in-europe","12":"product_cat-bulk-buy-disposable-vapes-in-france","13":"product_cat-bulk-buy-disposable-vapes-in-germany","14":"product_cat-bulk-buy-disposable-vapes-in-italy","15":"product_cat-bulk-buy-disposable-vapes-in-netherlands","16":"product_cat-bulk-buy-disposable-vapes-in-norway","17":"product_cat-bulk-buy-disposable-vapes-in-poland","18":"product_cat-bulk-buy-disposable-vapes-in-portugal","19":"product_cat-bulk-buy-disposable-vapes-in-spain","20":"product_cat-bulk-buy-disposable-vapes-in-sweden","21":"product_cat-bulk-buy-disposable-vapes-in-switzerland","22":"product_cat-buy-best-disposable-vape-flavors","23":"product_cat-crystal-vapes","24":"product_cat-digital-box-vapes","25":"product_cat-disposable-vapes-series","26":"product_cat-lower-nicotine-vapes","27":"product_cat-rechargeable-vapes","28":"product_cat-vape","29":"product_cat-vape-shop-by-puffs","31":"first","32":"instock","33":"shipping-taxable","34":"purchasable","35":"product-type-variable","36":"has-default-attributes"},"jetpack_sharing_enabled":true,"tiered_pricing_type":"fixed","tiered_pricing_fixed_rules":[],"tiered_pricing_product_settings":{"layout":"default","base_unit_name":{"singular":null,"plural":null},"default_variation":null},"tiered_pricing_minimum_quantity":null,"tiered_pricing_roles_data":[],"tiered_pricing_percentage_rules":[],"tiered_pricing_maximum_quantity":null,"tiered_pricing_quantity_step":null,"_links":{"self":[{"href":"https:\/\/vapexyz.com\/cs\/wp-json\/wp\/v2\/product\/69865","targetHints":{"allow":["GET"]}}],"collection":[{"href":"https:\/\/vapexyz.com\/cs\/wp-json\/wp\/v2\/product"}],"about":[{"href":"https:\/\/vapexyz.com\/cs\/wp-json\/wp\/v2\/types\/product"}],"replies":[{"embeddable":true,"href":"https:\/\/vapexyz.com\/cs\/wp-json\/wp\/v2\/comments?post=69865"}],"wp:featuredmedia":[{"embeddable":true,"href":"https:\/\/vapexyz.com\/cs\/wp-json\/wp\/v2\/media\/69875"}],"wp:attachment":[{"href":"https:\/\/vapexyz.com\/cs\/wp-json\/wp\/v2\/media?parent=69865"}],"wp:term":[{"taxonomy":"product_brand","embeddable":true,"href":"https:\/\/vapexyz.com\/cs\/wp-json\/wp\/v2\/product_brand?post=69865"},{"taxonomy":"product_cat","embeddable":true,"href":"https:\/\/vapexyz.com\/cs\/wp-json\/wp\/v2\/product_cat?post=69865"},{"taxonomy":"product_tag","embeddable":true,"href":"https:\/\/vapexyz.com\/cs\/wp-json\/wp\/v2\/product_tag?post=69865"}],"curies":[{"name":"wp","href":"https:\/\/api.w.org\/{rel}","templated":true}]}}