{"id":69449,"date":"2026-03-13T09:51:34","date_gmt":"2026-03-13T09:51:34","guid":{"rendered":"https:\/\/vapexyz.com\/?post_type=product&#038;p=69449"},"modified":"2026-03-15T14:52:55","modified_gmt":"2026-03-15T14:52:55","slug":"aivono-avn-mate-120000-vydechu-jednorazove-vape-2-v-1-chut-velkoobchodni-hromadny-nakup-120k-chytra-obrazovka","status":"publish","type":"product","link":"https:\/\/vapexyz.com\/cs\/product\/aivono-avn-mate-120000-puffs-disposable-vapes-2-in-1-taste-wholesale-bulk-buy-120k-smart-screen\/","title":{"rendered":"AIVONO AVN MATE 120000 Puffs Jednor\u00e1zov\u00e9 Vapes 2 V 1 Chuti Velkoobchodn\u00ed Hromadn\u00fd N\u00e1kup 120K Inteligentn\u00ed Displej"},"content":{"rendered":"<article>\n<h2 style=\"color: #6c5ce7;text-align: center;font-family: 'Segoe UI', sans-serif\">\ud83c\udfae <a href=\"https:\/\/vapexyz.com\/cs\/kategorie-produktu\/aivono\/\">AIVONO AVN MATE nen\u00ed text, kter\u00fd by \u0161el p\u0159elo\u017eit, vypad\u00e1 to jako n\u00e1hodn\u00e1 kombinace p\u00edsmen. Pokud byste poskytli skute\u010dn\u00fd text, r\u00e1d p\u0159ekl\u00e1d\u00e1m.<\/a> 120 000 Puffs: \u0160\u00e9fovsk\u00e1 \u00farove\u0148 jednor\u00e1zov\u00fdch vape\u016f<\/h2>\n<p>Ahoj, lovci vysok\u00fdch sk\u00f3re! Nejste unaveni z toho, \u017ee v\u00e1m vybaven\u00ed doch\u00e1z\u00ed energie pr\u00e1v\u011b ve chv\u00edli, kdy se za\u010dne d\u011blat z\u00e1bava? P\u0159ipravte se na AIVONO AVN MATE 120K - nejmocn\u011bj\u0161\u00ed jednor\u00e1zovou vape kdy vytvo\u0159enou! S masivn\u00edm po\u010dtem 120 000 potah\u016f je to jako m\u00edt \u201ccheat k\u00f3d\u201d pro nekone\u010dn\u00e9 pot\u011b\u0161en\u00ed.<\/p>\n<div>\n<p>At VapeXYZ, we focus on providing advanced disposable vape technology for wholesale buyers across Europe. Our goal is to offer high-capacity devices at competitive prices so retailers can access reliable and popular products for their customers.<\/p>\n<h3>Low Level Devices<\/h3>\n<p>Traditional disposable vape devices usually have limited capacity and only offer a single flavor option. Many basic models do not include a screen to display battery or usage information, and their smaller batteries often require frequent recharging.<\/p>\n<h3>AVN MATE Power<\/h3>\n<p>The AVN MATE Power offers a significantly larger capacity with up to 120000 puffs, making it suitable for long-term use. It features a dual-option switching system that allows users to change between different options easily. The device also includes a smart HD screen to display status information and is powered by a 1000mAh battery for extended performance.<\/p>\n<\/div>\n<h3 style=\"color: #2d3436;border-bottom: 4px solid #6c5ce7;padding-bottom: 5px\">\u0160pi\u010dkov\u00e9 technick\u00e9 funkce<\/h3>\n<p>AIVONO AVN MATE 120000 je vyroben pro v\u00edt\u011bze. Je vybaven syst\u00e9mem du\u00e1ln\u00ed m\u0159\u00ed\u017ekov\u00e9 c\u00edvky, kter\u00fd ka\u017edou oblaku \u010din\u00ed hustou, hladkou a plnou vzru\u0161en\u00ed. Ale nejchladn\u011bj\u0161\u00ed \u010d\u00e1st? HD inteligentn\u00ed displej! Vypad\u00e1 jako mal\u00e1 palubn\u00ed deska kosmick\u00e9 lodi, kter\u00e1 v\u00e1m p\u0159esn\u011b ukazuje, kolik baterie a kapacity v\u00e1m zb\u00fdv\u00e1. \u017d\u00e1dn\u00e9 dal\u0161\u00ed obrazovky \u201ehra je u konce\u201c!<\/p>\n<div style=\"background: linear-gradient(135deg, #6c5ce7, #a29bfe);color: white;border-radius: 15px;padding: 20px;margin: 25px 0\">\n<h4 style=\"margin-top: 0;font-size: 1.2em\">\u2b50 \u201cTajn\u00fd\u201d dvojit\u00fd tah<\/h4>\n<p style=\"margin-bottom: 0\"><span style=\"color: #00ffff\">Pro\u010d se spokojit s jedn\u00edm, kdy\u017e m\u016f\u017eete m\u00edt dva? Tento jednor\u00e1zov\u00fd vape v\u00e1m umo\u017e\u0148uje p\u0159epnout mezi dv\u011bma r\u016fzn\u00fdmi mo\u017enostmi jedn\u00edm kliknut\u00edm. Je ide\u00e1ln\u00ed pro fanou\u0161ky hromadn\u00fdch n\u00e1kup\u016f, kte\u0159\u00ed cht\u011bj\u00ed m\u00edt rozmanitost bez toho, \u017ee by nosili deset r\u016fzn\u00fdch v\u011bc\u00ed. Z\u00edskejte sv\u016fj vlastn\u00ed dnes na VapeXYZ!<\/span><\/p>\n<\/div>\n<h3 style=\"color: #2d3436\">Vyberte si sv\u00e9 v\u00edt\u011bzn\u00e9 dvojice p\u00e1r\u016f<\/h3>\n<p>Pod\u00edvejte se na t\u011bchto 10 legend\u00e1rn\u00edch kombinac\u00ed. Ka\u017ed\u00e1 z nich je dvojit\u00fdm v\u00edt\u011bzstv\u00edm:<\/p>\n<ol style=\"line-height: 1.9;font-weight: 500\">\n<li>T\u0158E\u0160\u0147OV\u00c1 KOLA + MELONOV\u00dd LED: Bublaj\u00edc\u00ed sladk\u00e1 soda se setk\u00e1v\u00e1 s mra\u017eenou melounovou vlnou.<\/li>\n<li>KIWI PASSION FRUIT GUAVA + BLUEBERRY ICE: Tropick\u00fd v\u00fdbuch a chladn\u00fd bobulov\u00fd v\u00fdbuch.<\/li>\n<li>DUHOV\u00c1 KANDY + PAN MODR\u00dd: Cukrov\u00e9 sn\u011bn\u00ed n\u00e1sledovan\u00e9 hlubokou modrou \u010darovnou bobul\u00ed.<\/li>\n<li>ENErgetick\u00fd n\u00e1poj + TROJIT\u00c9 MANGO:  Celkov\u00fd p\u0159\u00edval energie a trojit\u00e1 d\u00e1vka mango nas\u00e1kl\u00e9ho sluncem.<\/li>\n<li>JAHODOV\u00c1 BAN\u00c1NA + R\u016e\u017dOV\u00dd CITRON: Kr\u00e9mov\u00e1 ovocn\u00e1 dobrota a pikantn\u00ed, kysel\u00e1 citrusov\u00e1 v\u016fn\u011b.<\/li>\n<li>MODR\u00c1 \u0160PEN\u00c1TKA + MALINA A CITRONOV\u00c1 M\u011aTA: Dvojit\u00fd bobulov\u00fd t\u00fdm s super \u010derstv\u00fdm m\u00e1tov\u00fdm z\u00e1v\u011brem.<\/li>\n<li>JAHODOV\u00c1 MELONA + ANANASOV\u00dd LED: Nejlep\u0161\u00ed letn\u00ed duo a ostr\u00fd, ledov\u00fd ananas.<\/li>\n<li>ANANAS ORAN\u017dOV\u00c1 LIMETA + MENTA: Citrusov\u00e1 p\u00e1rty pro va\u0161e smysly a chladn\u00fd, \u010dist\u00fd v\u00e1nek.<\/li>\n<li>CITRONOV\u00c1 LIMETKOV\u00c1 + HROZNOV\u00c1 LED: Sv\u011btl\u00e9 kysel\u00e9 jiskry a sladk\u00e1, zmrazen\u00e1 fialov\u00e1 hroznov\u00e1 p\u0159\u00edchu\u0165.<\/li>\n<li>\u017dEL\u00c9OV\u00c9 MEDV\u011aDI + SM\u00cd\u0160EN\u00c9 OVOCE: \u017dv\u00fdkac\u00ed cukrovinky a les pln\u00fd sladk\u00fdch bobul\u00ed.<\/li>\n<\/ol>\n<h3 style=\"color: #2d3436\">List technick\u00fdch specifikac\u00ed (Specifikace)<\/h3>\n<table style=\"width: 100%;border-collapse: separate;border-spacing: 0;margin: 20px 0;border: 2px solid #6c5ce7;border-radius: 10px;overflow: hidden\">\n<thead>\n<tr style=\"background-color: #6c5ce7;color: white\">\n<th style=\"padding: 15px;text-align: left\">Power-Up<\/th>\n<th style=\"padding: 15px;text-align: left\">\u00darove\u0148 dovednost\u00ed<\/th>\n<\/tr>\n<\/thead>\n<tbody>\n<tr>\n<td style=\"padding: 12px;border-bottom: 1px solid #eee;font-weight: bold\">Total Puffs<\/td>\n<td style=\"padding: 12px;border-bottom: 1px solid #eee\">120 000 (maxim\u00e1ln\u00ed kapacita)<\/td>\n<\/tr>\n<tr style=\"background-color: #f9f9fb\">\n<td style=\"padding: 12px;border-bottom: 1px solid #eee;font-weight: bold\">Kapacita n\u00e1dr\u017ee<\/td>\n<td style=\"padding: 12px;border-bottom: 1px solid #eee\">28ml (Obrovsk\u00e1 rezerva)<\/td>\n<\/tr>\n<tr>\n<td style=\"padding: 12px;border-bottom: 1px solid #eee;font-weight: bold\">\u017divotnost baterie<\/td>\n<td style=\"padding: 12px;border-bottom: 1px solid #eee\">1000mAh (dob\u00edjec\u00ed)<\/td>\n<\/tr>\n<tr style=\"background-color: #f9f9fb\">\n<td style=\"padding: 12px;border-bottom: 1px solid #eee;font-weight: bold\">Nab\u00edjec\u00ed port<\/td>\n<td style=\"padding: 12px;border-bottom: 1px solid #eee\">Typ-C vysok\u00e1 rychlost<\/td>\n<\/tr>\n<tr>\n<td style=\"padding: 12px;font-weight: bold\">\u0158\u00edzen\u00ed letov\u00e9ho provozu<\/td>\n<td style=\"padding: 12px\">Nastaviteln\u00fd krou\u017eek pro pr\u016ftok vzduchu<\/td>\n<\/tr>\n<\/tbody>\n<\/table>\n<h3 style=\"color: #2d3436\">Podpora hr\u00e1\u010d\u016f (\u010casto kladen\u00e9 ot\u00e1zky)<\/h3>\n<div style=\"background-color: #dfe6e9;border-radius: 15px;padding: 20px;border: 2px solid #b2bec3\">\n<div style=\"margin-bottom: 15px;background: white;padding: 15px;border-radius: 10px;border-left: 5px solid #00cec9\">\n<p style=\"font-weight: bold;color: #2d3436;margin-bottom: 5px\">Jak dlouho to opravdu vydr\u017e\u00ed?<\/p>\n<p style=\"margin: 0\">S 120 000 n\u00e1dechy je tato jednor\u00e1zov\u00e1 vape navr\u017eena tak, aby vydr\u017eela mnohem d\u00e9le ne\u017e b\u011b\u017en\u00e9 vapey. Je to ultim\u00e1tn\u00ed dlouhodob\u00fd b\u011b\u017eec!<\/p>\n<\/div>\n<div style=\"margin-bottom: 15px;background: white;padding: 15px;border-radius: 10px;border-left: 5px solid #00cec9\">\n<p style=\"font-weight: bold;color: #2d3436;margin-bottom: 5px\">Mohu tyto objednat ve velk\u00e9m mno\u017estv\u00ed?<\/p>\n<p style=\"margin: 0\">Absolutn\u011b! VapeXYZ je #1 velkoobchodn\u00ed platforma v Evrop\u011b. R\u00e1di pom\u00e1h\u00e1me majitel\u016fm obchod\u016f a hromadn\u00fdm kupuj\u00edc\u00edm z\u00edskat nejlep\u0161\u00ed nab\u00eddky na jednor\u00e1zov\u00e9 vapech.<\/p>\n<\/div>\n<div style=\"background: white;padding: 15px;border-radius: 10px;border-left: 5px solid #00cec9\">\n<p style=\"font-weight: bold;color: #2d3436;margin-bottom: 5px\">Je obrazovka snadno \u010diteln\u00e1?<\/p>\n<p style=\"margin: 0\">Ano! Displej HD je jasn\u00fd a \u010dist\u00fd, tak\u017ee v\u017edy p\u0159esn\u011b budete v\u011bd\u011bt, kdy je pot\u0159eba nab\u00edt pomoc\u00ed kabelu Type-C.<\/p>\n<\/div>\n<\/div>\n<p style=\"text-align: center;margin-top: 40px;font-size: 1.3em;font-weight: bold;color: #6c5ce7\">Zvy\u0161te \u00farove\u0148 sv\u00e9 zku\u0161enosti! Nav\u0161tivte <a href=\"https:\/\/vapexyz.com\/cs\/\"><span style=\"text-decoration: underline\">VapeXYZ<\/span><\/a> Nyn\u00ed za nejlep\u0161\u00ed velkoobchodn\u00ed ceny na AIVONO AVN MATE 120K!<\/p>\n<\/article>\n<p>&nbsp;<\/p>\n<p><img loading=\"lazy\" decoding=\"async\" class=\"aligncenter wp-image-69548 size-full\" src=\"https:\/\/vapexyz.com\/wp-content\/uploads\/2026\/03\/AIVONO-AVN-MATE-120000-Puffs-Disposable-Vapes-2-In-1-Taste-Wholesale-Bulk-Buy-120K-Smart-Screen-scaled.webp\" alt=\"AIVONO AVN MATE 120000 Puffs Jednor\u00e1zov\u00e9 Vapes 2 V 1 Chuti Velkoobchodn\u00ed Hromadn\u00fd N\u00e1kup 120K Inteligentn\u00ed Displej\" width=\"1380\" height=\"2560\" title=\"\" srcset=\"https:\/\/vapexyz.com\/wp-content\/uploads\/2026\/03\/AIVONO-AVN-MATE-120000-Puffs-Disposable-Vapes-2-In-1-Taste-Wholesale-Bulk-Buy-120K-Smart-Screen-scaled.webp 1380w, https:\/\/vapexyz.com\/wp-content\/uploads\/2026\/03\/AIVONO-AVN-MATE-120000-Puffs-Disposable-Vapes-2-In-1-Taste-Wholesale-Bulk-Buy-120K-Smart-Screen-269x500.webp 269w, https:\/\/vapexyz.com\/wp-content\/uploads\/2026\/03\/AIVONO-AVN-MATE-120000-Puffs-Disposable-Vapes-2-In-1-Taste-Wholesale-Bulk-Buy-120K-Smart-Screen-552x1024.webp 552w, https:\/\/vapexyz.com\/wp-content\/uploads\/2026\/03\/AIVONO-AVN-MATE-120000-Puffs-Disposable-Vapes-2-In-1-Taste-Wholesale-Bulk-Buy-120K-Smart-Screen-768x1425.webp 768w, https:\/\/vapexyz.com\/wp-content\/uploads\/2026\/03\/AIVONO-AVN-MATE-120000-Puffs-Disposable-Vapes-2-In-1-Taste-Wholesale-Bulk-Buy-120K-Smart-Screen-828x1536.webp 828w, https:\/\/vapexyz.com\/wp-content\/uploads\/2026\/03\/AIVONO-AVN-MATE-120000-Puffs-Disposable-Vapes-2-In-1-Taste-Wholesale-Bulk-Buy-120K-Smart-Screen-1104x2048.webp 1104w, https:\/\/vapexyz.com\/wp-content\/uploads\/2026\/03\/AIVONO-AVN-MATE-120000-Puffs-Disposable-Vapes-2-In-1-Taste-Wholesale-Bulk-Buy-120K-Smart-Screen-6x12.webp 6w, https:\/\/vapexyz.com\/wp-content\/uploads\/2026\/03\/AIVONO-AVN-MATE-120000-Puffs-Disposable-Vapes-2-In-1-Taste-Wholesale-Bulk-Buy-120K-Smart-Screen-510x946.webp 510w\" sizes=\"auto, (max-width: 1380px) 100vw, 1380px\" \/><\/p>","protected":false},"excerpt":{"rendered":"<div id=\"model-response-message-contentr_cfe23e6a8f768e3b\" class=\"markdown markdown-main-panel tutor-markdown-rendering stronger enable-updated-hr-color\" dir=\"ltr\" aria-live=\"polite\">\n<p data-path-to-node=\"0\">Za\u017eijte dokonalou dlouhov\u011bkost s AIVONO AVN MATE 120000 Puffs, v\u00fdkonn\u00fdm jednor\u00e1zov\u00fdm vape s dvojitou volbou p\u0159\u00edchut\u00ed a chytr\u00fdm HD displejem, nyn\u00ed dostupn\u00fdm pro velkoobchodn\u00ed n\u00e1kup v bulk na VapeXYZ.<\/p>\n<\/div>","protected":false},"featured_media":69560,"comment_status":"open","ping_status":"closed","template":"","meta":{"_lmt_disableupdate":"no","_lmt_disable":""},"product_brand":[],"product_cat":[944,1087,947,935,934,927,929,928,930,933,939,932,938,931,936,937,1017,949,946,1083,950,951,953,820,987],"product_tag":[],"class_list":{"0":"post-69449","1":"product","2":"type-product","3":"status-publish","4":"has-post-thumbnail","6":"product_cat-aivono","7":"product_cat-120000-puff-vapes","8":"product_cat-big-puffs-vapes","9":"product_cat-bulk-buy-disposable-vapes-in-austria","10":"product_cat-bulk-buy-disposable-vapes-in-belgium","11":"product_cat-bulk-buy-disposable-vapes-in-europe","12":"product_cat-bulk-buy-disposable-vapes-in-france","13":"product_cat-bulk-buy-disposable-vapes-in-germany","14":"product_cat-bulk-buy-disposable-vapes-in-italy","15":"product_cat-bulk-buy-disposable-vapes-in-netherlands","16":"product_cat-bulk-buy-disposable-vapes-in-norway","17":"product_cat-bulk-buy-disposable-vapes-in-poland","18":"product_cat-bulk-buy-disposable-vapes-in-portugal","19":"product_cat-bulk-buy-disposable-vapes-in-spain","20":"product_cat-bulk-buy-disposable-vapes-in-sweden","21":"product_cat-bulk-buy-disposable-vapes-in-switzerland","22":"product_cat-buy-best-disposable-vape-flavors","23":"product_cat-digital-box-vapes","24":"product_cat-disposable-vapes-series","25":"product_cat-double-flavor-vapes","26":"product_cat-dual-mesh-vapes","27":"product_cat-lower-nicotine-vapes","28":"product_cat-rechargeable-vapes","29":"product_cat-vape","30":"product_cat-vape-shop-by-puffs","32":"first","33":"instock","34":"shipping-taxable","35":"purchasable","36":"product-type-variable","37":"has-default-attributes"},"jetpack_sharing_enabled":true,"tiered_pricing_type":"fixed","tiered_pricing_fixed_rules":[],"tiered_pricing_product_settings":{"layout":"default","base_unit_name":{"singular":null,"plural":null},"default_variation":null},"tiered_pricing_minimum_quantity":null,"tiered_pricing_roles_data":[],"tiered_pricing_percentage_rules":[],"tiered_pricing_maximum_quantity":null,"tiered_pricing_quantity_step":null,"_links":{"self":[{"href":"https:\/\/vapexyz.com\/cs\/wp-json\/wp\/v2\/product\/69449","targetHints":{"allow":["GET"]}}],"collection":[{"href":"https:\/\/vapexyz.com\/cs\/wp-json\/wp\/v2\/product"}],"about":[{"href":"https:\/\/vapexyz.com\/cs\/wp-json\/wp\/v2\/types\/product"}],"replies":[{"embeddable":true,"href":"https:\/\/vapexyz.com\/cs\/wp-json\/wp\/v2\/comments?post=69449"}],"wp:featuredmedia":[{"embeddable":true,"href":"https:\/\/vapexyz.com\/cs\/wp-json\/wp\/v2\/media\/69560"}],"wp:attachment":[{"href":"https:\/\/vapexyz.com\/cs\/wp-json\/wp\/v2\/media?parent=69449"}],"wp:term":[{"taxonomy":"product_brand","embeddable":true,"href":"https:\/\/vapexyz.com\/cs\/wp-json\/wp\/v2\/product_brand?post=69449"},{"taxonomy":"product_cat","embeddable":true,"href":"https:\/\/vapexyz.com\/cs\/wp-json\/wp\/v2\/product_cat?post=69449"},{"taxonomy":"product_tag","embeddable":true,"href":"https:\/\/vapexyz.com\/cs\/wp-json\/wp\/v2\/product_tag?post=69449"}],"curies":[{"name":"wp","href":"https:\/\/api.w.org\/{rel}","templated":true}]}}