{"id":69406,"date":"2026-03-13T09:03:56","date_gmt":"2026-03-13T09:03:56","guid":{"rendered":"https:\/\/vapexyz.com\/?post_type=product&#038;p=69406"},"modified":"2026-03-15T14:42:30","modified_gmt":"2026-03-15T14:42:30","slug":"bang-blaze-200k-dsk069-jednorazove-vapech-velkoobchodni-nakup-200000-nadechu-6-v-1-prepinatelna-dualni-mesh","status":"publish","type":"product","link":"https:\/\/vapexyz.com\/cs\/product\/bang-blaze-200k-dsk069-disposable-vapes-wholesale-bulk-buy-200000-puffs-6-in-1-switchable-dual-mesh\/","title":{"rendered":"BANG BLAZE 200K DSK069 Jednor\u00e1zov\u00e9 Vapes Velkoobchodn\u00ed Hromadn\u00fd N\u00e1kup 200000 N\u00e1dech\u016f 6 V 1 P\u0159ep\u00ednateln\u00e9 Du\u00e1ln\u00ed S\u00ed\u0165ov\u00e9"},"content":{"rendered":"<article>\n<h2 style=\"color: #2c3e50;text-align: center\"><a href=\"https:\/\/vapexyz.com\/cs\/kategorie-produktu\/prask\/\">BANG BLAZE<\/a> 200K DSK069: Nejv\u011bt\u0161\u00ed gigant v jednor\u00e1zov\u00fdch vapech \ud83d\ude80<\/h2>\n<p>Jste p\u0159ipraveni na z\u00e1\u017eitek z vapov\u00e1n\u00ed, kter\u00fd prost\u011b nekon\u010d\u00ed? BANG BLAZE 200K DSK069 je tu, aby zm\u011bnil v\u0161echno! S ohromnou kapacitou 200 000 potah\u016f je toto za\u0159\u00edzen\u00ed stvo\u0159eno pro dlouhotrvaj\u00edc\u00ed z\u00e1bavu. Je barevn\u00fd, chytr\u00fd a ide\u00e1ln\u00ed pro ka\u017ed\u00e9ho, kdo chce spolehliv\u00fd jednor\u00e1zov\u00fd vape, kter\u00fd ho doprov\u00e1z\u00ed po t\u00fddny.<\/p>\n<p>VapeXYZ je v\u00e1\u0161 spolehliv\u00fd evropsk\u00fd velkoobchodn\u00ed d\u016fm pro tyto neuv\u011b\u0159iteln\u00e9 jednor\u00e1zov\u00e9 vapech. A\u0165 u\u017e nakupujete pro sebe nebo pro v\u00e1\u0161 obchod, zaji\u0161\u0165ujeme v\u00e1m nejlep\u0161\u00ed ceny ve velk\u00e9m v cel\u00e9m oboru!<\/p>\n<div style=\"margin: 20px 0;font-family: sans-serif;line-height: 1.6;color: #444\">\n<h3 style=\"color: #2980b9;margin-bottom: 12px\">Pro\u010d je BANG BLAZE 200K revolu\u010dn\u00ed zm\u011bnou \ud83d\udc8e<\/h3>\n<p style=\"font-size: 1em;margin: 0\">Za\u017eijte budoucnost vapingu s BANG BLAZE 200K. Navr\u017eeno pro maxim\u00e1ln\u00ed dlouhov\u011bkost, nab\u00edz\u00ed pr\u016fmyslov\u011b vedouc\u00ed 200 000+ n\u00e1dech\u016f, co\u017e zaji\u0161\u0165uje, \u017ee va\u0161e za\u0159\u00edzen\u00ed vydr\u017e\u00ed tak dlouho, jak vy\u017eaduje v\u00e1\u0161 \u017eivotn\u00ed styl. Z\u016fsta\u0148te v \u00fapln\u00e9 kontrole d\u00edky integrovan\u00e9mu Smart LED displeji pro sledov\u00e1n\u00ed stavu baterie v re\u00e1ln\u00e9m \u010dase, zat\u00edmco na\u0161e pokro\u010dil\u00e1 technologie Dual Mesh zaji\u0161\u0165uje konzistentn\u011b hladk\u00fd, vyv\u00e1\u017een\u00fd a aromatick\u00fd n\u00e1dech od prvn\u00edho po posledn\u00ed n\u00e1dech.<\/p>\n<\/div>\n<h3 style=\"color: #2c3e50\">Prozkoumejte sv\u00e9 mo\u017enosti 6 v 1<\/h3>\n<p>Ka\u017ed\u00e9 za\u0159\u00edzen\u00ed je jako pokladnice se 6 r\u016fzn\u00fdmi variantami uvnit\u0159! Pod\u00edvejte se na \u00fa\u017easn\u00e9 mo\u017enosti dostupn\u00e9 pro hromadn\u00fd n\u00e1kup:<\/p>\n<table style=\"width: 100%;border-collapse: collapse;margin: 20px 0;border: 1px solid #ddd;font-family: Arial, sans-serif\">\n<thead>\n<tr style=\"background-color: #34495e;color: white;text-align: left\">\n<th style=\"padding: 12px;border: 1px solid #ddd;width: 30%\">N\u00e1zev mo\u017enosti<\/th>\n<th style=\"padding: 12px;border: 1px solid #ddd\">Zahrnut\u00e9 odr\u016fdy (6 v 1)<\/th>\n<\/tr>\n<\/thead>\n<tbody>\n<tr>\n<td style=\"padding: 10px;border: 1px solid #ddd;font-weight: bold;color: #e67e22\">1. Slunn\u00e1 sm\u011bs<\/td>\n<td style=\"padding: 10px;border: 1px solid #ddd\">Broskvov\u00fd led, Citron Lime, Jahodov\u00fd meloun, Malinov\u00e1 hroznov\u00e1, Jahodov\u00e1 Mamba, T\u0159e\u0161\u0148ov\u00fd gran\u00e1t<\/td>\n<\/tr>\n<tr style=\"background-color: #f9f9f9\">\n<td style=\"padding: 10px;border: 1px solid #ddd;font-weight: bold;color: #e67e22\">2. Tropick\u00fd sad<\/td>\n<td style=\"padding: 10px;border: 1px solid #ddd\">Melounov\u00fd led, Jablko Hrozno, Bor\u016fvka Malina, Mango broskev, Ananasov\u00e1 pomeran\u010d, Bor\u016fvka broskev<\/td>\n<\/tr>\n<tr>\n<td style=\"padding: 10px;border: 1px solid #ddd;font-weight: bold;color: #e67e22\">3. Skv\u011bl\u00e9 Dobrodru\u017estv\u00ed<\/td>\n<td style=\"padding: 10px;border: 1px solid #ddd\">Hroznov\u00fd led, Malinov\u00fd citron, Bor\u016fvkov\u00fd Red Bull, Ananasov\u00fd kokos, Jahodov\u00fd li\u010di, \u010cern\u00fd drak led<\/td>\n<\/tr>\n<tr style=\"background-color: #f9f9f9\">\n<td style=\"padding: 10px;border: 1px solid #ddd;font-weight: bold;color: #e67e22\">4. Berry Garden<\/td>\n<td style=\"padding: 10px;border: 1px solid #ddd\">Modr\u00e1 bor\u016fvka led, Malinov\u00e1 vodn\u00ed meloun, Aloe vera hroznov\u00e1, Jahodov\u00e1 ban\u00e1n, L\u00e1ska 66, Modr\u00e1 bor\u016fvka t\u0159e\u0161e\u0148<\/td>\n<\/tr>\n<tr>\n<td style=\"padding: 10px;border: 1px solid #ddd;font-weight: bold;color: #e67e22\">Sladk\u00e9 dobroty<\/td>\n<td style=\"padding: 10px;border: 1px solid #ddd\">Jablko Led, Sm\u011bs Bobul\u00ed, Vodn\u00ed Meloun Bublinkov\u00e1 Guma, Bor\u016fvka Vodn\u00ed Meloun, Jahoda Mango, Aloe Mango Kantalup<\/td>\n<\/tr>\n<tr style=\"background-color: #f9f9f9\">\n<td style=\"padding: 10px;border: 1px solid #ddd;font-weight: bold;color: #e67e22\">6. Ostrovn\u00ed p\u00e1rty<\/td>\n<td style=\"padding: 10px;border: 1px solid #ddd\">Ananasov\u00fd led, Kiwi Passion Fruit Guava, \u017del\u00edkov\u00e9 medv\u011b\u010f, Vodn\u00ed meloun Dragon Fruit, Broskvov\u00fd Mango Vodn\u00ed meloun, Bor\u016fvkov\u00fd Cranberry T\u0159e\u0161e\u0148<\/td>\n<\/tr>\n<tr>\n<td style=\"padding: 10px;border: 1px solid #ddd;font-weight: bold;color: #e67e22\">7. \u010cist\u00e9 Ovocn\u00e9 Bliss<\/td>\n<td style=\"padding: 10px;border: 1px solid #ddd\">Jahoda, \u010cern\u00fd ryb\u00edz, Ananasov\u00e1 zmrzlina, Tropick\u00e9 ovoce, Hroznov\u00e1 \u017ev\u00fdka\u010dka, Bor\u016fvka a hroznov\u00e9 v\u00edno, Mango a mu\u010denka<\/td>\n<\/tr>\n<tr style=\"background-color: #f9f9f9\">\n<td style=\"padding: 10px;border: 1px solid #ddd;font-weight: bold;color: #e67e22\">8. Zlat\u00e1 \u00faroda<\/td>\n<td style=\"padding: 10px;border: 1px solid #ddd\">Trojit\u00fd Mango, Hroznov\u00e1 broskev, Jahodov\u00e1 zmrzlina, Jahodov\u00fd kiwi, Hroznov\u00e1 energie, \u010cerven\u00e1 cola<\/td>\n<\/tr>\n<tr>\n<td style=\"padding: 10px;border: 1px solid #ddd;font-weight: bold;color: #e67e22\">9. Osv\u011b\u017euj\u00edc\u00ed z\u00e1van v\u011btru<\/td>\n<td style=\"padding: 10px;border: 1px solid #ddd\">Ban\u00e1nov\u00fd led, Aloe Vera Jablko, Mu\u010denka Grep, Jahodov\u00e1 kokosov\u00e1, Jahodov\u00e1 vodn\u00ed melounov\u00e1 \u017ev\u00fdka\u010dka, Vodn\u00ed melounov\u00fd limetkov\u00fd led<\/td>\n<\/tr>\n<tr style=\"background-color: #f9f9f9\">\n<td style=\"padding: 10px;border: 1px solid #ddd;font-weight: bold;color: #e67e22\">10. Kr\u00e9mov\u00e9 a kysel\u00e9<\/td>\n<td style=\"padding: 10px;border: 1px solid #ddd\">T\u0159e\u0161\u0148ov\u00fd led, R\u016f\u017eov\u00fd citron, Bor\u016fvkov\u00e1 m\u00e1ta, Ban\u00e1nov\u00fd zmrzlina, Guavov\u00fd ananasov\u00fd led, Zelen\u00e9 jablko kiwi<\/td>\n<\/tr>\n<tr>\n<td style=\"padding: 10px;border: 1px solid #ddd;font-weight: bold;color: #e67e22\">11. Sladk\u00e9 sny<\/td>\n<td style=\"padding: 10px;border: 1px solid #ddd\">Duha Candy, Broskev Hru\u0161ka Led, Cappuccino, \u010cerstv\u00e1 M\u00e1tov\u00e1 Mojito, Jahoda Mango \u010cern\u00fd ryb\u00edz, Nad\u00fdchan\u00e1 Marshmallow<\/td>\n<\/tr>\n<tr style=\"background-color: #f9f9f9\">\n<td style=\"padding: 10px;border: 1px solid #ddd;font-weight: bold;color: #e67e22\">12. Super Berry Blast<\/td>\n<td style=\"padding: 10px;border: 1px solid #ddd\">\u010cern\u00fd ryb\u00edz, Trojit\u00fd melon, Jahoda malina, Super bobule, Bor\u016fvka ostru\u017eina jahoda, Broskvov\u00e1 citronov\u00e1 voda<\/td>\n<\/tr>\n<\/tbody>\n<\/table>\n<div style=\"background-color: #e8f6f3;border-left: 10px solid #1abc9c;padding: 20px;margin: 30px 0;border-radius: 5px\">\n<h3 style=\"color: #16a085;margin-top: 0\">\ud83d\udca1 Znalostn\u00ed Box: Chytr\u00fd zp\u016fsob vapov\u00e1n\u00ed<\/h3>\n<p>BANG BLAZE 200K je navr\u017een tak, aby byl snadno pou\u017eiteln\u00fd. M\u00edsto toho, abyste nosili mnoho mal\u00fdch jednor\u00e1zov\u00fdch vapek, toto jedno za\u0159\u00edzen\u00ed je v\u0161echny nahrad\u00ed. Je vybaven dob\u00edjec\u00ed bateri\u00ed 600mAh, tak\u017ee sta\u010d\u00ed p\u0159ipojit pomoc\u00ed kabelu Type-C a pokra\u010dovat a\u017e do posledn\u00ed d\u00e1vky. Je chytr\u00fd pro va\u0161i pen\u011b\u017eenku a lep\u0161\u00ed pro sv\u011bt kolem n\u00e1s!<\/p>\n<\/div>\n<h3 style=\"color: #2c3e50\">Technick\u00e9 fakty \ud83d\udcca<\/h3>\n<table style=\"width: 100%;border-collapse: collapse;margin-bottom: 20px\">\n<thead>\n<tr style=\"background-color: #2c3e50;color: white\">\n<th style=\"padding: 12px;border: 1px solid #ddd\">Specifikace<\/th>\n<th style=\"padding: 12px;border: 1px solid #ddd\">Podrobnosti<\/th>\n<\/tr>\n<\/thead>\n<tbody>\n<tr>\n<td style=\"padding: 10px;border: 1px solid #ddd;font-weight: bold\">Puff Count<\/td>\n<td style=\"padding: 10px;border: 1px solid #ddd\">200 000 Puffs<\/td>\n<\/tr>\n<tr>\n<td style=\"padding: 10px;border: 1px solid #ddd;font-weight: bold\">baterie<\/td>\n<td style=\"padding: 10px;border: 1px solid #ddd\">600mAh (nab\u00edjec\u00ed Type-C)<\/td>\n<\/tr>\n<tr>\n<td style=\"padding: 10px;border: 1px solid #ddd;font-weight: bold\">Syst\u00e9m c\u00edvky<\/td>\n<td style=\"padding: 10px;border: 1px solid #ddd\">1,2\u03a9 du\u00e1ln\u00ed mesh c\u00edvka<\/td>\n<\/tr>\n<tr>\n<td style=\"padding: 10px;border: 1px solid #ddd;font-weight: bold\">Obrazovka<\/td>\n<td style=\"padding: 10px;border: 1px solid #ddd\">Digit\u00e1ln\u00ed inteligentn\u00ed monitor<\/td>\n<\/tr>\n<tr>\n<td style=\"padding: 10px;border: 1px solid #ddd;font-weight: bold\">Za\u017e\u00edt<\/td>\n<td style=\"padding: 10px;border: 1px solid #ddd\">6 v 1 p\u0159ep\u00ednateln\u00e9 mo\u017enosti<\/td>\n<\/tr>\n<\/tbody>\n<\/table>\n<div style=\"background-color: #fff9e6;border: 2px dashed #f39c12;border-radius: 15px;padding: 25px;margin-top: 30px\">\n<h3 style=\"color: #d35400;margin-top: 0;text-align: center\">\u010casto kladen\u00e9 ot\u00e1zky (FAQ)<\/h3>\n<div style=\"margin-bottom: 15px\">\n<p style=\"font-weight: bold;color: #2980b9;margin-bottom: 5px\">Jak nabiju sv\u016fj BANG BLAZE?<\/p>\n<p style=\"margin-top: 0;color: #444\">Jednodu\u0161e pou\u017eijte kabel Type-C (stejn\u011b jako v\u011bt\u0161ina modern\u00edch telefon\u016f) a zapojte jej do spodn\u00ed \u010d\u00e1sti za\u0159\u00edzen\u00ed. Chytr\u00e1 obrazovka v\u00e1m zobraz\u00ed stav baterie!<\/p>\n<\/div>\n<hr style=\"border: 0;border-top: 1px solid #f39c12;margin: 15px 0\" \/>\n<div style=\"margin-bottom: 15px\">\n<p style=\"font-weight: bold;color: #2980b9;margin-bottom: 5px\">Mohu tyto v\u011bci nakoupit ve velk\u00fdch mno\u017estv\u00edch pro m\u016fj obchod?<\/p>\n<p style=\"margin-top: 0;color: #444\">Ano! VapeXYZ je p\u0159edn\u00ed velkoobchodn\u00ed platforma. Specializujeme se na hromadn\u00e9 objedn\u00e1vky jednor\u00e1zov\u00fdch e-cigaret po cel\u00e9 Evrop\u011b a nab\u00edz\u00edme nejkonkurenceschopn\u011bj\u0161\u00ed ceny.<\/p>\n<\/div>\n<hr style=\"border: 0;border-top: 1px solid #f39c12;margin: 15px 0\" \/>\n<div style=\"margin-bottom: 0\">\n<p style=\"font-weight: bold;color: #2980b9;margin-bottom: 5px\">Kolik mo\u017enost\u00ed je v jednom za\u0159\u00edzen\u00ed?<\/p>\n<p style=\"margin-top: 0;color: #444\">Ka\u017ed\u00e9 za\u0159\u00edzen\u00ed BANG BLAZE 200K je dod\u00e1v\u00e1no s nastaven\u00edm \u201c6 v 1\u201d, co\u017e znamen\u00e1, \u017ee z\u00edsk\u00e1te r\u016fzn\u00e9 6 r\u016fzn\u00fdch z\u00e1\u017eitk\u016f v ka\u017ed\u00e9 jednotce!<\/p>\n<\/div>\n<\/div>\n<p><img loading=\"lazy\" decoding=\"async\" class=\"size-full wp-image-69550 aligncenter\" src=\"https:\/\/vapexyz.com\/wp-content\/uploads\/2026\/03\/BANG-BLAZE-200K-DSK069-Disposable-Vapes-Wholesale-Bulk-Buy-200000-Puffs-6-In-1-Switchable-Dual-Mesh-scaled.webp\" alt=\"BANG BLAZE 200K DSK069 Jednor\u00e1zov\u00e9 Vapes Velkoobchodn\u00ed Hromadn\u00fd N\u00e1kup 200000 N\u00e1dech\u016f 6 V 1 P\u0159ep\u00ednateln\u00e9 Du\u00e1ln\u00ed S\u00ed\u0165ov\u00e9\" width=\"1129\" height=\"2560\" title=\"\" srcset=\"https:\/\/vapexyz.com\/wp-content\/uploads\/2026\/03\/BANG-BLAZE-200K-DSK069-Disposable-Vapes-Wholesale-Bulk-Buy-200000-Puffs-6-In-1-Switchable-Dual-Mesh-scaled.webp 1129w, https:\/\/vapexyz.com\/wp-content\/uploads\/2026\/03\/BANG-BLAZE-200K-DSK069-Disposable-Vapes-Wholesale-Bulk-Buy-200000-Puffs-6-In-1-Switchable-Dual-Mesh-221x500.webp 221w, https:\/\/vapexyz.com\/wp-content\/uploads\/2026\/03\/BANG-BLAZE-200K-DSK069-Disposable-Vapes-Wholesale-Bulk-Buy-200000-Puffs-6-In-1-Switchable-Dual-Mesh-452x1024.webp 452w, https:\/\/vapexyz.com\/wp-content\/uploads\/2026\/03\/BANG-BLAZE-200K-DSK069-Disposable-Vapes-Wholesale-Bulk-Buy-200000-Puffs-6-In-1-Switchable-Dual-Mesh-768x1741.webp 768w, https:\/\/vapexyz.com\/wp-content\/uploads\/2026\/03\/BANG-BLAZE-200K-DSK069-Disposable-Vapes-Wholesale-Bulk-Buy-200000-Puffs-6-In-1-Switchable-Dual-Mesh-677x1536.webp 677w, https:\/\/vapexyz.com\/wp-content\/uploads\/2026\/03\/BANG-BLAZE-200K-DSK069-Disposable-Vapes-Wholesale-Bulk-Buy-200000-Puffs-6-In-1-Switchable-Dual-Mesh-903x2048.webp 903w, https:\/\/vapexyz.com\/wp-content\/uploads\/2026\/03\/BANG-BLAZE-200K-DSK069-Disposable-Vapes-Wholesale-Bulk-Buy-200000-Puffs-6-In-1-Switchable-Dual-Mesh-5x12.webp 5w, https:\/\/vapexyz.com\/wp-content\/uploads\/2026\/03\/BANG-BLAZE-200K-DSK069-Disposable-Vapes-Wholesale-Bulk-Buy-200000-Puffs-6-In-1-Switchable-Dual-Mesh-510x1156.webp 510w\" sizes=\"auto, (max-width: 1129px) 100vw, 1129px\" \/><\/p>\n<p style=\"text-align: center;margin-top: 40px;font-size: 1.3em;color: #2ecc71;font-weight: bold\">\u2728 P\u0159ipraveni za\u017e\u00edt ten nejlep\u0161\u00ed z\u00e1\u017eitek? Nav\u0161tivte <a href=\"https:\/\/vapexyz.com\/cs\/\">VapeXYZ<\/a> a z\u00edskat sv\u016fj BANG BLAZE 200K je\u0161t\u011b dnes! \ud83d\uded2<\/p>\n<\/article>","protected":false},"excerpt":{"rendered":"<div id=\"model-response-message-contentr_001ec7cad91754b3\" class=\"markdown markdown-main-panel tutor-markdown-rendering stronger enable-updated-hr-color\" dir=\"ltr\" aria-live=\"polite\">\n<p data-path-to-node=\"0\">Zvedn\u011bte sv\u016fj invent\u00e1\u0159 s BANG BLAZE 200K DSK069, v\u00fdkonn\u00fdm jednor\u00e1zov\u00fdm vapem s neuv\u011b\u0159iteln\u00fdmi 200 000 n\u00e1dechy, technologi\u00ed chytr\u00e9 obrazovky a v\u0161estrann\u00fdmi 6v1 mo\u017enostmi, dostupn\u00fdm pro velkoobchodn\u00ed n\u00e1kup v\u00fdhradn\u011b u VapeXYZ.<\/p>\n<\/div>","protected":false},"featured_media":69552,"comment_status":"open","ping_status":"closed","template":"","meta":{"_lmt_disableupdate":"no","_lmt_disable":""},"product_brand":[],"product_cat":[821,1106,947,935,934,927,929,928,930,933,939,932,938,931,936,937,1017,949,946,950,951,953,1105,987],"product_tag":[],"class_list":{"0":"post-69406","1":"product","2":"type-product","3":"status-publish","4":"has-post-thumbnail","6":"product_cat-bang","7":"product_cat-200000-puffs-vapes","8":"product_cat-big-puffs-vapes","9":"product_cat-bulk-buy-disposable-vapes-in-austria","10":"product_cat-bulk-buy-disposable-vapes-in-belgium","11":"product_cat-bulk-buy-disposable-vapes-in-europe","12":"product_cat-bulk-buy-disposable-vapes-in-france","13":"product_cat-bulk-buy-disposable-vapes-in-germany","14":"product_cat-bulk-buy-disposable-vapes-in-italy","15":"product_cat-bulk-buy-disposable-vapes-in-netherlands","16":"product_cat-bulk-buy-disposable-vapes-in-norway","17":"product_cat-bulk-buy-disposable-vapes-in-poland","18":"product_cat-bulk-buy-disposable-vapes-in-portugal","19":"product_cat-bulk-buy-disposable-vapes-in-spain","20":"product_cat-bulk-buy-disposable-vapes-in-sweden","21":"product_cat-bulk-buy-disposable-vapes-in-switzerland","22":"product_cat-buy-best-disposable-vape-flavors","23":"product_cat-digital-box-vapes","24":"product_cat-disposable-vapes-series","25":"product_cat-dual-mesh-vapes","26":"product_cat-lower-nicotine-vapes","27":"product_cat-rechargeable-vapes","28":"product_cat-six-flavor-vapes","29":"product_cat-vape-shop-by-puffs","31":"first","32":"instock","33":"shipping-taxable","34":"purchasable","35":"product-type-variable","36":"has-default-attributes"},"jetpack_sharing_enabled":true,"tiered_pricing_type":"fixed","tiered_pricing_fixed_rules":[],"tiered_pricing_product_settings":{"layout":"default","base_unit_name":{"singular":null,"plural":null},"default_variation":null},"tiered_pricing_minimum_quantity":null,"tiered_pricing_roles_data":[],"tiered_pricing_percentage_rules":[],"tiered_pricing_maximum_quantity":null,"tiered_pricing_quantity_step":null,"_links":{"self":[{"href":"https:\/\/vapexyz.com\/cs\/wp-json\/wp\/v2\/product\/69406","targetHints":{"allow":["GET"]}}],"collection":[{"href":"https:\/\/vapexyz.com\/cs\/wp-json\/wp\/v2\/product"}],"about":[{"href":"https:\/\/vapexyz.com\/cs\/wp-json\/wp\/v2\/types\/product"}],"replies":[{"embeddable":true,"href":"https:\/\/vapexyz.com\/cs\/wp-json\/wp\/v2\/comments?post=69406"}],"wp:featuredmedia":[{"embeddable":true,"href":"https:\/\/vapexyz.com\/cs\/wp-json\/wp\/v2\/media\/69552"}],"wp:attachment":[{"href":"https:\/\/vapexyz.com\/cs\/wp-json\/wp\/v2\/media?parent=69406"}],"wp:term":[{"taxonomy":"product_brand","embeddable":true,"href":"https:\/\/vapexyz.com\/cs\/wp-json\/wp\/v2\/product_brand?post=69406"},{"taxonomy":"product_cat","embeddable":true,"href":"https:\/\/vapexyz.com\/cs\/wp-json\/wp\/v2\/product_cat?post=69406"},{"taxonomy":"product_tag","embeddable":true,"href":"https:\/\/vapexyz.com\/cs\/wp-json\/wp\/v2\/product_tag?post=69406"}],"curies":[{"name":"wp","href":"https:\/\/api.w.org\/{rel}","templated":true}]}}