{"id":62546,"date":"2026-01-09T09:55:57","date_gmt":"2026-01-09T09:55:57","guid":{"rendered":"https:\/\/vapexyz.com\/?post_type=product&#038;p=62546"},"modified":"2026-01-09T10:10:09","modified_gmt":"2026-01-09T10:10:09","slug":"fumot-eco-2v1-50-000-vyfuku-50k-jednorazove-vapey-velkoobchodni-hromadny-nakup-chytra-obrazovka-dualni-chut","status":"publish","type":"product","link":"https:\/\/vapexyz.com\/cs\/product\/fumot-eco-2in1-50000-puffs-50k-disposable-vapes-wholesale-bulk-buy-smart-display-screen-dual-taste\/","title":{"rendered":"FUMOT ECO 2V1 50 000 v\u00fdfuk\u016f 50K jednor\u00e1zov\u00e9 vapey velkoobchodn\u00ed hromadn\u00fd n\u00e1kup inteligentn\u00ed zobrazovac\u00ed obrazovka du\u00e1ln\u00ed chu\u0165"},"content":{"rendered":"<article>\n<h2 style=\"color: #2c3e50; text-align: center;\">Zdvojn\u00e1sobte svou radost s <a href=\"https:\/\/vapexyz.com\/cs\/kategorie-produktu\/fumot-jednorazova-vape\/\">FUMOT ECO<\/a> 2v1 50 000 v\u00fddech\u016f!<\/h2>\n<p style=\"font-size: 1.1em; line-height: 1.6; color: #333;\">Ahoj! Hled\u00e1te jednor\u00e1zovou vape, kter\u00e1 nikdy nekon\u010d\u00ed? P\u0159edstavujeme v\u00e1m FUMOT ECO 2IN1 50000 Puffs! To nen\u00ed jen b\u011b\u017en\u00e9 za\u0159\u00edzen\u00ed; je to jako m\u00edt dva r\u016fzn\u00e9 sv\u011bty v jedn\u00e9 ruce. Je velk\u00e9, je barevn\u00e9 a je vyrobeno tak, aby v\u00e1m poskytlo nej\u0161\u0165astn\u011bj\u0161\u00ed zku\u0161enost v\u016fbec.<\/p>\n<p style=\"font-size: 1.1em; line-height: 1.6; color: #333;\">A\u0165 u\u017e jste v tomto oboru nov\u00e1\u010dkem nebo hled\u00e1te skv\u011blou nab\u00eddku, toto za\u0159\u00edzen\u00ed je kr\u00e1lem jednor\u00e1zov\u00fdch vap\u016f. Vydr\u017e\u00ed ohromuj\u00edc\u00edch 50 000 potah\u016f! To je spousta \u00fasm\u011bv\u016f. Nav\u00edc ho m\u016f\u017eete naj\u00edt pr\u00e1v\u011b te\u010f u VapeXYZ, va\u0161eho obl\u00edben\u00e9ho evropsk\u00e9ho velkoobchodn\u00edho domu pro v\u0161e, co se t\u00fdk\u00e1 vap\u016f.<\/p>\n<div style=\"flex-wrap: wrap; justify-content: space-around; margin: 20px 0;\">\n<div style=\"border: 2px solid #e67e22; border-radius: 15px; padding: 20px; width: 45%; background-color: #fffaf0; margin-bottom: 20px;\">\n<h3 style=\"color: #e67e22; margin-top: 0;\">Old Style Vapes<\/h3>\n<ul style=\"list-style-type: '\u274c '; padding-left: 20px;\">\n<li>Jen jeden vkus najednou.<\/li>\n<li>Baterie se vyb\u00edj\u00ed p\u0159\u00edli\u0161 rychle.<\/li>\n<li>Nikdy nev\u00edte, kdy je pr\u00e1zdn\u00ed.<\/li>\n<li>Zd\u00e1 se trochu nudn\u00e9.<\/li>\n<\/ul>\n<\/div>\n<div style=\"border: 2px solid #27ae60; border-radius: 15px; padding: 20px; width: 45%; background-color: #f0fff4; margin-bottom: 20px;\">\n<h3 style=\"color: #27ae60; margin-top: 0;\">FUMOT ECO 2V1 50 000 n\u00e1dech\u016f<\/h3>\n<ul style=\"list-style-type: '\u2705 '; padding-left: 20px;\">\n<li>Dv\u011b \u00fa\u017easn\u00e9 chuti v jednom za\u0159\u00edzen\u00ed!<\/li>\n<li>Obrovsk\u00e1 kapacita 50 000 v\u00fddech\u016f.<\/li>\n<li>Chytr\u00e1 obrazovka zobrazuje v\u0161e.<\/li>\n<li>Chladic\u00ed sv\u011btla, kter\u00e1 sv\u00edt\u00ed p\u0159i pou\u017eit\u00ed.<\/li>\n<\/ul>\n<\/div>\n<\/div>\n<h2 style=\"color: #2980b9;\">Pro\u010d v\u0161ichni miluj\u00ed FUMOT ECO 2IN1 50000 Puffs <a href=\"https:\/\/vapexyz.com\/cs\/\">Vape na jedno pou\u017eit\u00ed<\/a><\/h2>\n<h3 style=\"color: #8e44ad;\">1. Dv\u011b chuti, jedno tla\u010d\u00edtko!<\/h3>\n<p style=\"line-height: 1.6;\">Pro\u010d vyb\u00edrat jen jednu mo\u017enost, kdy\u017e m\u016f\u017eete m\u00edt dv\u011b? Toto za\u0159\u00edzen\u00ed m\u00e1 speci\u00e1ln\u00ed syst\u00e9m, kde m\u016f\u017eete kdykoli p\u0159epnout mezi dv\u011bma r\u016fzn\u00fdmi mo\u017enostmi. Je to jako m\u00edt jahodovou pochoutku r\u00e1no a chladnou m\u00e1tovou odpoledne, to v\u0161e bez v\u00fdm\u011bny va\u0161eho jednor\u00e1zov\u00e9ho vape!<\/p>\n<h3 style=\"color: #8e44ad;\">2. Chytr\u00fd obrazovkov\u00fd kamar\u00e1d<\/h3>\n<p style=\"line-height: 1.6;\">P\u0159em\u00fd\u0161leli jste n\u011bkdy, kolik energie zb\u00fdv\u00e1? Nyn\u00ed u\u017e nemus\u00edte h\u00e1dat! FUMOT ECO m\u00e1 chytr\u00fd mal\u00fd displej, kter\u00fd v\u00e1m p\u0159esn\u011b \u0159\u00edk\u00e1, kolik baterie a kapacity v\u00e1m zb\u00fdv\u00e1. Je to jako mal\u00fd po\u010d\u00edta\u010d, kter\u00fd v\u00e1m pom\u00e1h\u00e1.<\/p>\n<div style=\"background-color: #ecf0f1; border-left: 10px solid #3498db; padding: 20px; margin: 25px 0; border-radius: 5px;\">\n<h3 style=\"margin-top: 0; color: #2980b9;\">V\u011bd\u011bli jste?<\/h3>\n<p style=\"margin-bottom: 0;\">Tento vape pou\u017e\u00edv\u00e1 n\u011bco, \u010demu se \u0159\u00edk\u00e1 \u201cMesh Coil\u201d.  Jedn\u00e1 se o speci\u00e1ln\u00ed kus kovu uvnit\u0159, kter\u00fd se velmi rovnom\u011brn\u011b zah\u0159\u00edv\u00e1.  To zaji\u0161\u0165uje, \u017ee ka\u017ed\u00fd tah bude velmi hladk\u00fd a pln\u00fd \u201cchuti\u201d a \u017ee z\u00edsk\u00e1te nejlep\u0161\u00ed z\u00e1\u017eitek od prvn\u00edho tahu po 50 000.!<\/p>\n<\/div>\n<h3 style=\"color: #8e44ad;\">3. S\u00edla, kter\u00e1 neust\u00e1le pokra\u010duje<\/h3>\n<p style=\"line-height: 1.6;\">S velkou bateri\u00ed 950mAh nebudete muset ka\u017edou hodinu b\u011bhat k nab\u00edje\u010dce. A kdy\u017e se opravdu unav\u00ed, sta\u010d\u00ed ji p\u0159ipojit pomoc\u00ed kabelu Type-C (stejn\u011b jako u modern\u00edho telefonu) a bude op\u011bt p\u0159ipravena k pou\u017eit\u00ed za okam\u017eik!<\/p>\n<h2 style=\"color: #2c3e50;\">Vyberte si sv\u00e9 obl\u00edben\u00e9 mo\u017enosti chuti!<\/h2>\n<p>Zde jsou 24 \u00fa\u017easn\u00fdch dvojit\u00fdch mo\u017enost\u00ed, ze kter\u00fdch si m\u016f\u017eete vybrat:<\/p>\n<ol style=\"line-height: 1.8; color: #444;\">\n<li>\u010cern\u00e1 Mamba &amp; Pan Modr\u00fd<\/li>\n<li>\u010cern\u00fd led &amp; Hroznov\u00fd led<\/li>\n<li>Broskev led &amp; B\u00edl\u00e1 Mamba<\/li>\n<li>Lady Killer &amp; Love 66<\/li>\n<li>Blueberry Hubba Bubba &amp; Watermelon Hubba Bubba<\/li>\n<li>Hrozn\u00fd gumov\u00fd medv\u011bd a jahodov\u00fd gumov\u00fd medv\u011bd<\/li>\n<li>Kysel\u00e1 jablko a \u0161\u0165avnat\u00e1 broskev<\/li>\n<li>Fanta &amp; Cola Ice<\/li>\n<li>Gummy Bear &amp; Skittles \n\n \u017del\u00e1tov\u00fd medv\u00eddek &amp; Skittles<\/li>\n<li>Kaktusov\u00fd led &amp; Kaktusov\u00fd kiwi<\/li>\n<li>Broskev Mango Meloun &amp; Pina Colada<\/li>\n<li>T\u0159e\u0161\u0148ov\u00fd led &amp; modr\u00fd malinov\u00fd t\u0159e\u0161\u0148ov\u00fd<\/li>\n<li>Chladiv\u00e1 m\u00e1ta a vodn\u00ed melounov\u00e1 zmrzlina<\/li>\n<li>Citron &amp; Lime &amp; Jahodov\u00e1 Vodn\u00ed Meloun<\/li>\n<li>R\u016f\u017eov\u00fd citron\u00e1d a kysel\u00e9 bonbony<\/li>\n<li>Vimto &amp; Vodn\u00ed Melounov\u00e1 \u017dv\u00fdka\u010dka<\/li>\n<li>Ban\u00e1nov\u00fd led &amp; \u010cern\u00fd drak led<\/li>\n<li>Modr\u00fd Razz \u017del\u00edkov\u00e9 Medv\u00eddek &amp; Modr\u00fd Razz Ledov\u00fd Pop<\/li>\n<li>Ledov\u00fd Pop &amp; Kiwi Mu\u0161katov\u00e1 Guava<\/li>\n<li>jahodov\u00fd led &amp; bor\u016fvka<\/li>\n<li>Sm\u011bs lesn\u00edch plod\u016f a modr\u00e1 malina s citron\u00e1dou<\/li>\n<li>Redbull Led &amp; Bor\u016fvkov\u00e9 Broskvov\u00e9 Led<\/li>\n<li>Jahodov\u00fd Kiwi &amp; Bor\u016fvkov\u00fd Kysel\u00fd Malinov\u00fd<\/li>\n<li>Kola Citron a Ananas Citron Zelen\u00e9 Jablko<\/li>\n<\/ol>\n<h2 style=\"color: #c0392b;\">Chladn\u00e9 technologick\u00e9 v\u011bci (Detaily)<\/h2>\n<table style=\"width: 100%; border-collapse: collapse; margin: 20px 0; font-family: sans-serif;\">\n<thead>\n<tr style=\"background-color: #34495e; color: white;\">\n<th style=\"padding: 12px; border: 1px solid #ddd; text-align: left;\">Vlastnosti<\/th>\n<th style=\"padding: 12px; border: 1px solid #ddd; text-align: left;\">Co z\u00edsk\u00e1te<\/th>\n<\/tr>\n<\/thead>\n<tbody>\n<tr>\n<td style=\"padding: 12px; border: 1px solid #ddd; background-color: #f9f9f9;\">Total Puffs<\/td>\n<td style=\"padding: 12px; border: 1px solid #ddd;\">A\u017e 50 000 Puffs<\/td>\n<\/tr>\n<tr style=\"background-color: #f2f2f2;\">\n<td style=\"padding: 12px; border: 1px solid #ddd; background-color: #f9f9f9;\">Kapacita<\/td>\n<td style=\"padding: 12px; border: 1px solid #ddd;\">10ml + 10ml (Dvojit\u00e1 n\u00e1dr\u017e!)<\/td>\n<\/tr>\n<tr>\n<td style=\"padding: 12px; border: 1px solid #ddd; background-color: #f9f9f9;\">baterie<\/td>\n<td style=\"padding: 12px; border: 1px solid #ddd;\">950mAh (dob\u00edjec\u00ed)<\/td>\n<\/tr>\n<tr style=\"background-color: #f2f2f2;\">\n<td style=\"padding: 12px; border: 1px solid #ddd; background-color: #f9f9f9;\">Obrazovka<\/td>\n<td style=\"padding: 12px; border: 1px solid #ddd;\">Chytr\u00fd displej pro v\u00fdkon a kapacitu<\/td>\n<\/tr>\n<tr>\n<td style=\"padding: 12px; border: 1px solid #ddd; background-color: #f9f9f9;\">Nab\u00edjen\u00ed<\/td>\n<td style=\"padding: 12px; border: 1px solid #ddd;\">Rychl\u00fd port typu C<\/td>\n<\/tr>\n<tr style=\"background-color: #f2f2f2;\">\n<td style=\"padding: 12px; border: 1px solid #ddd; background-color: #f9f9f9;\">Speci\u00e1ln\u00ed c\u00edvka<\/td>\n<td style=\"padding: 12px; border: 1px solid #ddd;\">0,9\u03a9 Mesh C\u00edvka pro nejlep\u0161\u00ed chu\u0165<\/td>\n<\/tr>\n<\/tbody>\n<\/table>\n<h2 style=\"color: #2c3e50;\">\u010casto kladen\u00e9 ot\u00e1zky (FAQ)<\/h2>\n<div style=\"background-color: #fdfefe; border: 1px solid #dcdde1; border-radius: 10px; padding: 15px;\">\n<p style=\"margin-bottom: 10px;\">Ot\u00e1zka: Jak p\u0159ep\u00edn\u00e1m mezi dv\u011bma chut\u011bmi?<\/p>\n<p>A: Je to super snadn\u00e9! Na jednor\u00e1zov\u00e9 vape existuje jednoduch\u00fd p\u0159ep\u00edna\u010d nebo tla\u010d\u00edtkov\u00fd syst\u00e9m, kter\u00fd umo\u017e\u0148uje p\u0159epnout mezi dv\u011bma 10ml n\u00e1dr\u017ekami.<\/p>\n<hr style=\"border: 0; border-top: 1px solid #eee;\" \/>\n<p style=\"margin-bottom: 10px; margin-top: 10px;\">Ot\u00e1zka: Kdy bych m\u011bl nab\u00edjet FUMOT ECO 2IN1 50000 Puffs?<br \/>\nA: Sta\u010d\u00ed se pod\u00edvat na chytr\u00e9 displej! Kdy\u017e je \u010d\u00edslo baterie n\u00edzk\u00e9, p\u0159ipojte ho k libovoln\u00e9mu nab\u00edje\u010dce typu Type-C.<\/p>\n<hr style=\"border: 0; border-top: 1px solid #eee;\" \/>\n<p style=\"margin-bottom: 10px; margin-top: 10px;\">Kde mohu koupit FUMOT ECO 2IN1 50000 Puffs pro m\u016fj obchod?<br \/>\nA: M\u011bli byste n\u00e1s nav\u0161t\u00edvit v VapeXYZ! Jsme nejv\u011bt\u0161\u00ed velkoobchodn\u00ed platforma v Evrop\u011b. R\u00e1di pom\u00e1h\u00e1me podnik\u016fm z\u00edskat nejlep\u0161\u00ed vapech za hromadn\u00e9 ceny.<\/p>\n<\/div>\n<div style=\"text-align: center; margin-top: 40px; padding: 30px; background-color: #2c3e50; color: white; border-radius: 20px;\">\n<h2 style=\"margin-top: 0;\">P\u0159ipraveni na hromadn\u00fd n\u00e1kup? \ud83d\uded2<\/h2>\n<p style=\"font-size: 1.2em;\"><span style=\"color: #ff9900;\">P\u0159ipojte se k rodin\u011b VapeXYZ je\u0161t\u011b dnes! Nab\u00edz\u00edme nejlep\u0161\u00ed nab\u00eddky pro jednor\u00e1zov\u00e9 vapech po cel\u00e9 Evrop\u011b. Rychl\u00e9 dod\u00e1n\u00ed a spokojen\u00ed z\u00e1kazn\u00edci jsou to, co d\u011bl\u00e1me nejl\u00e9pe!<\/span><\/p>\n<p style=\"font-weight: bold; font-size: 1.3em;\"><span style=\"color: #ff9900;\">Nav\u0161tivte VapeXYZ nyn\u00ed a z\u00edskajte sv\u00e9 FUMOT ECO 2IN1 50000 Puffs bal\u00ed\u010dky!<\/span><\/p>\n<\/div>\n<p><img loading=\"lazy\" decoding=\"async\" class=\"alignnone size-full wp-image-62570\" src=\"https:\/\/vapexyz.com\/wp-content\/uploads\/2026\/01\/FUMOT-ECO-2IN1-50000-Puffs-50K-Disposable-Vapes-Wholesale-Bulk-Buy-Smart-Display-Screen-Dual-Taste-System-5.webp\" alt=\"\" width=\"2481\" height=\"1754\" title=\"\" srcset=\"https:\/\/vapexyz.com\/wp-content\/uploads\/2026\/01\/FUMOT-ECO-2IN1-50000-Puffs-50K-Disposable-Vapes-Wholesale-Bulk-Buy-Smart-Display-Screen-Dual-Taste-System-5.webp 2481w, https:\/\/vapexyz.com\/wp-content\/uploads\/2026\/01\/FUMOT-ECO-2IN1-50000-Puffs-50K-Disposable-Vapes-Wholesale-Bulk-Buy-Smart-Display-Screen-Dual-Taste-System-5-500x353.webp 500w, https:\/\/vapexyz.com\/wp-content\/uploads\/2026\/01\/FUMOT-ECO-2IN1-50000-Puffs-50K-Disposable-Vapes-Wholesale-Bulk-Buy-Smart-Display-Screen-Dual-Taste-System-5-1024x724.webp 1024w, https:\/\/vapexyz.com\/wp-content\/uploads\/2026\/01\/FUMOT-ECO-2IN1-50000-Puffs-50K-Disposable-Vapes-Wholesale-Bulk-Buy-Smart-Display-Screen-Dual-Taste-System-5-768x543.webp 768w, https:\/\/vapexyz.com\/wp-content\/uploads\/2026\/01\/FUMOT-ECO-2IN1-50000-Puffs-50K-Disposable-Vapes-Wholesale-Bulk-Buy-Smart-Display-Screen-Dual-Taste-System-5-1536x1086.webp 1536w, https:\/\/vapexyz.com\/wp-content\/uploads\/2026\/01\/FUMOT-ECO-2IN1-50000-Puffs-50K-Disposable-Vapes-Wholesale-Bulk-Buy-Smart-Display-Screen-Dual-Taste-System-5-2048x1448.webp 2048w, https:\/\/vapexyz.com\/wp-content\/uploads\/2026\/01\/FUMOT-ECO-2IN1-50000-Puffs-50K-Disposable-Vapes-Wholesale-Bulk-Buy-Smart-Display-Screen-Dual-Taste-System-5-18x12.webp 18w, https:\/\/vapexyz.com\/wp-content\/uploads\/2026\/01\/FUMOT-ECO-2IN1-50000-Puffs-50K-Disposable-Vapes-Wholesale-Bulk-Buy-Smart-Display-Screen-Dual-Taste-System-5-510x361.webp 510w\" sizes=\"auto, (max-width: 2481px) 100vw, 2481px\" \/><\/p>\n<\/article>","protected":false},"excerpt":{"rendered":"<div id=\"model-response-message-contentr_9630aac63e6c93ad\" class=\"markdown markdown-main-panel tutor-markdown-rendering stronger enable-updated-hr-color\" dir=\"ltr\" aria-live=\"polite\">\n<p data-path-to-node=\"0\">FUMOT ECO 2IN1 50000 Puffs je dlouhotrvaj\u00edc\u00ed, dob\u00edjec\u00ed jednor\u00e1zov\u00e1 vape s inteligentn\u00edm displejem a unik\u00e1tn\u00edm du\u00e1ln\u00edm n\u00e1dr\u017e\u00ed, kter\u00fd v\u00e1m umo\u017e\u0148uje p\u0159epnout mezi dv\u011bma lahodn\u00fdmi mo\u017enostmi chuti v jednom za\u0159\u00edzen\u00ed.<\/p>\n<\/div>","protected":false},"featured_media":62565,"comment_status":"open","ping_status":"closed","template":"","meta":{"_lmt_disableupdate":"no","_lmt_disable":""},"product_brand":[],"product_cat":[1075,1012,947,935,934,927,929,928,930,933,939,932,938,931,936,937,1017,948,949,946,1083,950,951,953,820,987],"product_tag":[],"class_list":{"0":"post-62546","1":"product","2":"type-product","3":"status-publish","4":"has-post-thumbnail","6":"product_cat-fumot-disposable-vape","7":"product_cat-50000-puff-vapes","8":"product_cat-big-puffs-vapes","9":"product_cat-bulk-buy-disposable-vapes-in-austria","10":"product_cat-bulk-buy-disposable-vapes-in-belgium","11":"product_cat-bulk-buy-disposable-vapes-in-europe","12":"product_cat-bulk-buy-disposable-vapes-in-france","13":"product_cat-bulk-buy-disposable-vapes-in-germany","14":"product_cat-bulk-buy-disposable-vapes-in-italy","15":"product_cat-bulk-buy-disposable-vapes-in-netherlands","16":"product_cat-bulk-buy-disposable-vapes-in-norway","17":"product_cat-bulk-buy-disposable-vapes-in-poland","18":"product_cat-bulk-buy-disposable-vapes-in-portugal","19":"product_cat-bulk-buy-disposable-vapes-in-spain","20":"product_cat-bulk-buy-disposable-vapes-in-sweden","21":"product_cat-bulk-buy-disposable-vapes-in-switzerland","22":"product_cat-buy-best-disposable-vape-flavors","23":"product_cat-crystal-vapes","24":"product_cat-digital-box-vapes","25":"product_cat-disposable-vapes-series","26":"product_cat-double-flavor-vapes","27":"product_cat-dual-mesh-vapes","28":"product_cat-lower-nicotine-vapes","29":"product_cat-rechargeable-vapes","30":"product_cat-vape","31":"product_cat-vape-shop-by-puffs","33":"first","34":"instock","35":"shipping-taxable","36":"purchasable","37":"product-type-variable","38":"has-default-attributes"},"jetpack_sharing_enabled":true,"tiered_pricing_type":"fixed","tiered_pricing_fixed_rules":[],"tiered_pricing_product_settings":{"layout":"default","base_unit_name":{"singular":null,"plural":null},"default_variation":null},"tiered_pricing_minimum_quantity":null,"tiered_pricing_roles_data":[],"tiered_pricing_percentage_rules":[],"tiered_pricing_maximum_quantity":null,"tiered_pricing_quantity_step":null,"_links":{"self":[{"href":"https:\/\/vapexyz.com\/cs\/wp-json\/wp\/v2\/product\/62546","targetHints":{"allow":["GET"]}}],"collection":[{"href":"https:\/\/vapexyz.com\/cs\/wp-json\/wp\/v2\/product"}],"about":[{"href":"https:\/\/vapexyz.com\/cs\/wp-json\/wp\/v2\/types\/product"}],"replies":[{"embeddable":true,"href":"https:\/\/vapexyz.com\/cs\/wp-json\/wp\/v2\/comments?post=62546"}],"wp:featuredmedia":[{"embeddable":true,"href":"https:\/\/vapexyz.com\/cs\/wp-json\/wp\/v2\/media\/62565"}],"wp:attachment":[{"href":"https:\/\/vapexyz.com\/cs\/wp-json\/wp\/v2\/media?parent=62546"}],"wp:term":[{"taxonomy":"product_brand","embeddable":true,"href":"https:\/\/vapexyz.com\/cs\/wp-json\/wp\/v2\/product_brand?post=62546"},{"taxonomy":"product_cat","embeddable":true,"href":"https:\/\/vapexyz.com\/cs\/wp-json\/wp\/v2\/product_cat?post=62546"},{"taxonomy":"product_tag","embeddable":true,"href":"https:\/\/vapexyz.com\/cs\/wp-json\/wp\/v2\/product_tag?post=62546"}],"curies":[{"name":"wp","href":"https:\/\/api.w.org\/{rel}","templated":true}]}}