{"id":61910,"date":"2025-12-24T09:30:59","date_gmt":"2025-12-24T09:30:59","guid":{"rendered":"https:\/\/vapexyz.com\/?post_type=product&#038;p=61910"},"modified":"2026-01-13T10:01:55","modified_gmt":"2026-01-13T10:01:55","slug":"bang-legend-140k-140000-nadechu-masivni-kapacita-sada-jednorazova-vape-velkoobchodni-hromadny-nakup-dlouhotrvajici-velka-nadrz","status":"publish","type":"product","link":"https:\/\/vapexyz.com\/cs\/product\/bang-legend-140k-140000-puffs-massive-capacity-kit-disposable-vape-wholesale-bulk-buy-long-lasting-big-tank\/","title":{"rendered":"BANG LEGEND 140K 140000 n\u00e1dech\u016f Masivn\u00ed kapacita sada Jednor\u00e1zov\u00e1 vape velkoobchodn\u00ed hromadn\u00fd n\u00e1kup dlouhotrvaj\u00edc\u00ed velk\u00e1 n\u00e1dr\u017e"},"content":{"rendered":"<h2 style=\"text-align: center; font-size: 28px; margin-bottom: 30px; background: linear-gradient(to right, #ff7e5f, #feb47b, #8e44ad); padding-bottom: 15px; border-bottom: 3px solid;\">\u2728 <a href=\"https:\/\/vapexyz.com\/cs\/kategorie-produktu\/prask\/\">BANG<\/a> LEGEND 140K 140000 Puffs Masivn\u00ed Kapacita Kit Jednor\u00e1zov\u00e1 Vape Velkoobchodn\u00ed Hromadn\u00fd N\u00e1kup<\/h2>\n<p style=\"font-size: 17px; margin-bottom: 25px; text-align: center;\">Ahoj v\u0161ichni! V\u00edtejte v \u017eiv\u00e9m sv\u011bt\u011b <span style=\"background: linear-gradient(to right, #ff7e5f, #8e44ad); font-weight: bold;\">VapeXYZ<\/span>. Jsme nad\u0161eni, \u017ee v\u00e1m dnes m\u016f\u017eeme uk\u00e1zat n\u011bco opravdu \u00fa\u017easn\u00e9ho. Toto je BANG LEGEND 140K. Pokud hled\u00e1te jednor\u00e1zovou vape, kter\u00e1 vydr\u017e\u00ed velmi, velmi dlouho a vypad\u00e1 fantasticky, je to perfektn\u00ed volba pro v\u00e1s. Jsme va\u0161\u00ed hlavn\u00ed platformou pro velkoobchod v Evrop\u011b, p\u0159ipraveni uspokojit v\u0161echny va\u0161e pot\u0159eby hromadn\u00e9ho n\u00e1kupu.<\/p>\n<div style=\"flex-wrap: wrap; gap: 20px; justify-content: center; margin-bottom: 40px;\">\n<div style=\"background: #fff; border-radius: 25px; padding: 25px; width: 100%; max-width: 350px; border: 2px solid transparent;\">\n<h3 style=\"margin-top: 0; font-size: 22px; background: linear-gradient(to right, #ff7e5f, #feb47b);\">\ud83c\udfc6 Kone\u010dn\u00e1 legenda<\/h3>\n<p>Toto nen\u00ed jen b\u011b\u017en\u00e9 za\u0159\u00edzen\u00ed. BANG LEGEND poskytuje neuv\u011b\u0159iteln\u00fdch 140 000 n\u00e1dech\u016f! Je navr\u017eeno tak, aby vydr\u017eelo t\u00fddny nebo dokonce m\u011bs\u00edce. Je to masivn\u00ed kapacitn\u00ed sada, kter\u00e1 pokra\u010duje, kdy\u017e ostatn\u00ed skon\u010d\u00ed.<\/p>\n<\/div>\n<div style=\"background: #fff; border-radius: 25px; padding: 25px; width: 100%; max-width: 350px; border: 2px solid transparent;\">\n<h3 style=\"margin-top: 0; font-size: 22px; background: linear-gradient(to right, #8e44ad, #c0392b);\">Syst\u00e9m trojn\u00e1sobn\u00e9 z\u00e1bavy<\/h3>\n<p>Nejp\u016fsobiv\u011bj\u0161\u00ed vlastnost je uvnit\u0159.  Obsahuje t\u0159i samostatn\u00e9 sekce v jednom t\u011ble. To znamen\u00e1, \u017ee z\u00edsk\u00e1te t\u0159i r\u016fzn\u00e9 mo\u017enosti, jak si u\u017e\u00edt, ani\u017e byste museli nosit dal\u0161\u00ed za\u0159\u00edzen\u00ed. M\u016f\u017eete mezi nimi snadno p\u0159epnout!<\/p>\n<\/div>\n<div style=\"background: #fff; border-radius: 25px; padding: 25px; width: 100%; max-width: 350px; border: 2px solid transparent;\">\n<h3 style=\"margin-top: 0; font-size: 22px; background: linear-gradient(to right, #11998e, #38ef7d);\">\ud83d\udd0b V\u017edy p\u0159ipraven\u00fd v\u00fdkon<\/h3>\n<p>S bateri\u00ed 550mAh je v\u00fdkonn\u00fd. Nejlep\u0161\u00ed \u010d\u00e1st je, \u017ee je dob\u00edjec\u00ed s portem Type-C. M\u016f\u017eete si v\u017edy b\u00fdt jisti, \u017ee vyu\u017eijete ka\u017ed\u00fd kousek obrovsk\u00e9 kapacity uvnit\u0159.<\/p>\n<\/div>\n<\/div>\n<h3 style=\"text-align: center; font-size: 24px; margin-bottom: 25px; background: linear-gradient(to right, #ff512f, #dd2476);\">\ud83c\udf08 Va\u0161e \u017div\u00e1 Mo\u017enost\u00ed Seznam (3-v-1 V\u00fdb\u011bry) \ud83c\udf08<\/h3>\n<p style=\"text-align: center; margin-bottom: 20px;\">Ka\u017ed\u00e9 \u010d\u00edslo je jedno \u00fa\u017easn\u00e9 za\u0159\u00edzen\u00ed obsahuj\u00edc\u00ed t\u0159i vzru\u0161uj\u00edc\u00ed mo\u017enosti!<\/p>\n<div style=\"background: linear-gradient(135deg, #fff5f7 0%, #f0f4ff 100%); padding: 25px; border-radius: 25px; margin-bottom: 40px; border: 3px dotted #ffb6c1; color: #555; font-size: 15px;\">\n<p style=\"margin: 10px 0;\">1. Vodn\u00ed melounov\u00e9 led &amp; jahodov\u00fd li\u010di &amp; \u017eel\u00e9 medv\u011bdi<\/p>\n<p style=\"margin: 10px 0;\">2. Broskvov\u00fd led &amp; Bor\u016fvkov\u00fd meloun &amp; Jahodov\u00fd citronov\u00fd led<\/p>\n<p style=\"margin: 10px 0;\">3. Hroznov\u00fd led &amp; Jahodov\u00fd Mango &amp; Sm\u011bs bobul\u00ed<\/p>\n<p style=\"margin: 10px 0;\">4. Bor\u016fvkov\u00fd led &amp; broskvov\u00fd mango vodn\u00ed meloun &amp; L\u00e1ska 66<\/p>\n<p style=\"margin: 10px 0;\">5. Bor\u016fvka Malina &amp; Kiwi Mu\u010denka Guava &amp; Ananas Kokos<\/p>\n<p style=\"margin: 10px 0;\">6. Jahodov\u00e1 Vodn\u00ed Meloun &amp; Bor\u016fvkov\u00e1 Broskvov\u00e1 &amp; \u010cern\u00fd ryb\u00edz Ananasov\u00fd led<\/p>\n<p style=\"margin: 10px 0;\">7. Jahoda Kiwi &amp; Vodn\u00ed meloun Bubblegum &amp; Bor\u016fvka T\u0159e\u0161e\u0148<\/p>\n<p style=\"margin: 10px 0;\">8. \u010cern\u00fd drak led &amp; jahodov\u00e1 Mamba &amp; malinov\u00e1 hroznov\u00e1<\/p>\n<p style=\"margin: 10px 0;\">9. Mango broskev &amp; bor\u016fvka Red Bull &amp; jablko hroznov\u00e9<\/p>\n<p style=\"margin: 10px 0;\">10. Trojit\u00fd Mango &amp; Raspberry Lemon &amp; Blueberry Grape<\/p>\n<p style=\"margin: 10px 0;\">11. Citron Lime &amp; Aloe Mango Melon &amp; Vodn\u00ed meloun Dra\u010d\u00ed ovoce<\/p>\n<p style=\"margin: 10px 0;\">12. Ban\u00e1nov\u00fd led &amp; Jahodov\u00fd zmrzlina &amp; Vodn\u00ed meloun Berry<\/p>\n<\/div>\n<h3 style=\"text-align: center; font-size: 24px; margin-bottom: 25px; background: linear-gradient(to right, #00c6ff, #0072ff);\">Barevn\u00e9 srovn\u00e1n\u00ed<\/h3>\n<div style=\"border-radius: 20px;\">\n<table style=\"width: 100%; border-collapse: separate; border-spacing: 0; margin-bottom: 0; font-size: 16px; background-color: #fff;\">\n<thead>\n<tr style=\"background: linear-gradient(to right, #00c6ff, #0072ff); color: white;\">\n<th style=\"padding: 18px; text-align: left; border-top-left-radius: 20px;\">Vlastnosti<\/th>\n<th style=\"padding: 18px; text-align: left;\">BANG LEGEND 140K<\/th>\n<th style=\"padding: 18px; text-align: left; border-top-right-radius: 20px;\">B\u011b\u017en\u00e1 jednor\u00e1zov\u00e1 vape<\/th>\n<\/tr>\n<\/thead>\n<tbody>\n<tr style=\"background-color: #f0faff;\">\n<td style=\"padding: 15px; border-bottom: 1px solid #e0e0e0;\">Celkov\u00e1 spot\u0159eba<\/td>\n<td style=\"padding: 15px; border-bottom: 1px solid #e0e0e0; color: #0072ff; font-weight: bold;\">140 000 Puffs (Wow!)<\/td>\n<td style=\"padding: 15px; border-bottom: 1px solid #e0e0e0;\">5 000 \u2013 10 000 v\u00fddech\u016f<\/td>\n<\/tr>\n<tr>\n<td style=\"padding: 15px; border-bottom: 1px solid #e0e0e0;\">Intern\u00ed syst\u00e9m<\/td>\n<td style=\"padding: 15px; border-bottom: 1px solid #e0e0e0; color: #0072ff; font-weight: bold;\">3 samostatn\u00e9 n\u00e1dr\u017ee v 1<\/td>\n<td style=\"padding: 15px; border-bottom: 1px solid #e0e0e0;\">Jen 1 Tank<\/td>\n<\/tr>\n<tr style=\"background-color: #f0faff;\">\n<td style=\"padding: 15px; border-bottom: 1px solid #e0e0e0;\">Typ c\u00edvky<\/td>\n<td style=\"padding: 15px; border-bottom: 1px solid #e0e0e0;\">1,0ohm Mesh C\u00edvka<\/td>\n<td style=\"padding: 15px; border-bottom: 1px solid #e0e0e0;\">Standardn\u00ed dr\u00e1t<\/td>\n<\/tr>\n<tr>\n<td style=\"padding: 15px;\">Dob\u00edjec\u00ed<\/td>\n<td style=\"padding: 15px; color: #0072ff; font-weight: bold;\">Ano (typ C)<\/td>\n<td style=\"padding: 15px;\">N\u011bkdy ne<\/td>\n<\/tr>\n<\/tbody>\n<\/table>\n<\/div>\n<h3 style=\"font-size: 24px; margin-bottom: 25px; margin-top: 40px; background: linear-gradient(to right, #ff00cc, #333399);\">\u2753 \u010casto kladen\u00e9 ot\u00e1zky (FAQ)<\/h3>\n<div style=\"margin-bottom: 15px; background: #fff; padding: 20px; border-radius: 20px; border-left: 5px solid;\">\n<p style=\"font-size: 18px; margin-bottom: 10px; background: linear-gradient(to right, #ff00cc, #333399); font-weight: bold;\">Kde mohu koupit tuto \u00fa\u017easnou jednor\u00e1zovou vape?<\/p>\n<p style=\"margin-top: 0; color: #666;\">M\u016f\u017eete si ji koupit pr\u00e1v\u011b zde u VapeXYZ! Jsme va\u0161\u00ed d\u016fv\u011bryhodnou online velkoobchodn\u00ed platformou pro Evropu.<\/p>\n<\/div>\n<div style=\"margin-bottom: 15px; background: #fff; padding: 20px; border-radius: 20px; border-left: 5px solid;\">\n<p style=\"font-size: 18px; margin-bottom: 10px; background: linear-gradient(to right, #ff9966, #ff5e62); font-weight: bold;\">Existuje minim\u00e1ln\u00ed mno\u017estv\u00ed objedn\u00e1vky?<\/p>\n<p style=\"margin-top: 0; color: #666;\">Ne! Nem\u00e1me \u017e\u00e1dnou minim\u00e1ln\u00ed objedn\u00e1vkovou kvantitu (MOQ). M\u016f\u017eete objednat n\u011bkolik kus\u016f na zkou\u0161ku nebo hromadn\u011b zakoupit velk\u00e9 mno\u017estv\u00ed pro v\u00e1\u0161 obchod. Jsme r\u00e1di, \u017ee v\u00e1m m\u016f\u017eeme pomoci.<\/p>\n<\/div>\n<div style=\"margin-bottom: 15px; background: #fff; padding: 20px; border-radius: 20px; border-left: 5px solid;\">\n<p style=\"font-size: 18px; margin-bottom: 10px; background: linear-gradient(to right, #4facfe, #00f2fe); font-weight: bold;\">Jak rychl\u00e9 je dod\u00e1n\u00ed?<\/p>\n<p style=\"margin-top: 0; color: #666;\">Je to velmi rychl\u00e9! Expedujeme z na\u0161eho evropsk\u00e9ho skladu a v\u00e1\u0161 bal\u00edk obvykle doraz\u00ed za 2 a\u017e 7 dn\u00ed.<\/p>\n<\/div>\n<p style=\"text-align: center; margin-top: 50px; font-size: 20px; color: #555;\">P\u0159ipraveni za\u017e\u00edt legendu? Nav\u0161tivte <a href=\"https:\/\/vapexyz.com\/cs\/\"><span style=\"background: linear-gradient(to right, #ff7e5f, #8e44ad); font-weight: bold;\">VapeXYZ<\/span><\/a> a z\u00edsk\u00e1te sv\u016fj BANG LEGEND 140K je\u0161t\u011b dnes! \ud83d\uded2\ud83d\udca8<\/p>\n<p><img loading=\"lazy\" decoding=\"async\" class=\"aligncenter wp-image-61963 size-full\" src=\"https:\/\/vapexyz.com\/wp-content\/uploads\/2025\/12\/BANG-LEGEND-140K-140000-Puffs-Massive-Capacity-Kit-Disposable-Vape-Wholesale-Bulk-Buy-Long-Lasting-Big-Tank-1-scaled.webp\" alt=\"BANG LEGEND 140K 140000 n\u00e1dech\u016f Masivn\u00ed kapacita sada Jednor\u00e1zov\u00e1 vape velkoobchodn\u00ed hromadn\u00fd n\u00e1kup dlouhotrvaj\u00edc\u00ed velk\u00e1 n\u00e1dr\u017e\" width=\"1595\" height=\"2560\" title=\"\" srcset=\"https:\/\/vapexyz.com\/wp-content\/uploads\/2025\/12\/BANG-LEGEND-140K-140000-Puffs-Massive-Capacity-Kit-Disposable-Vape-Wholesale-Bulk-Buy-Long-Lasting-Big-Tank-1-scaled.webp 1595w, https:\/\/vapexyz.com\/wp-content\/uploads\/2025\/12\/BANG-LEGEND-140K-140000-Puffs-Massive-Capacity-Kit-Disposable-Vape-Wholesale-Bulk-Buy-Long-Lasting-Big-Tank-1-scaled-312x500.webp 312w, https:\/\/vapexyz.com\/wp-content\/uploads\/2025\/12\/BANG-LEGEND-140K-140000-Puffs-Massive-Capacity-Kit-Disposable-Vape-Wholesale-Bulk-Buy-Long-Lasting-Big-Tank-1-scaled-638x1024.webp 638w, https:\/\/vapexyz.com\/wp-content\/uploads\/2025\/12\/BANG-LEGEND-140K-140000-Puffs-Massive-Capacity-Kit-Disposable-Vape-Wholesale-Bulk-Buy-Long-Lasting-Big-Tank-1-scaled-768x1233.webp 768w, https:\/\/vapexyz.com\/wp-content\/uploads\/2025\/12\/BANG-LEGEND-140K-140000-Puffs-Massive-Capacity-Kit-Disposable-Vape-Wholesale-Bulk-Buy-Long-Lasting-Big-Tank-1-scaled-957x1536.webp 957w, https:\/\/vapexyz.com\/wp-content\/uploads\/2025\/12\/BANG-LEGEND-140K-140000-Puffs-Massive-Capacity-Kit-Disposable-Vape-Wholesale-Bulk-Buy-Long-Lasting-Big-Tank-1-scaled-1276x2048.webp 1276w, https:\/\/vapexyz.com\/wp-content\/uploads\/2025\/12\/BANG-LEGEND-140K-140000-Puffs-Massive-Capacity-Kit-Disposable-Vape-Wholesale-Bulk-Buy-Long-Lasting-Big-Tank-1-scaled-7x12.webp 7w, https:\/\/vapexyz.com\/wp-content\/uploads\/2025\/12\/BANG-LEGEND-140K-140000-Puffs-Massive-Capacity-Kit-Disposable-Vape-Wholesale-Bulk-Buy-Long-Lasting-Big-Tank-1-scaled-510x819.webp 510w\" sizes=\"auto, (max-width: 1595px) 100vw, 1595px\" \/><\/p>","protected":false},"excerpt":{"rendered":"<p>BANG LEGEND 140K je masivn\u00ed kapacitn\u00ed jednor\u00e1zov\u00e1 vape nab\u00edzej\u00edc\u00ed neuv\u011b\u0159iteln\u00fdch 140 000 potah\u016f a unik\u00e1tn\u00ed design 3 v 1, kter\u00fd v\u00e1m umo\u017e\u0148uje p\u0159epnout mezi t\u0159emi r\u016fzn\u00fdmi mo\u017enostmi v jedin\u00e9m dob\u00edjec\u00edm za\u0159\u00edzen\u00ed.<\/p>","protected":false},"featured_media":61965,"comment_status":"open","ping_status":"closed","template":"","meta":{"_lmt_disableupdate":"no","_lmt_disable":""},"product_brand":[],"product_cat":[821,1100,947,935,934,927,929,928,930,933,939,932,938,931,936,937,1017,948,949,946,950,951,953,1084,820,987],"product_tag":[],"class_list":{"0":"post-61910","1":"product","2":"type-product","3":"status-publish","4":"has-post-thumbnail","6":"product_cat-bang","7":"product_cat-140000-puff-vapes","8":"product_cat-big-puffs-vapes","9":"product_cat-bulk-buy-disposable-vapes-in-austria","10":"product_cat-bulk-buy-disposable-vapes-in-belgium","11":"product_cat-bulk-buy-disposable-vapes-in-europe","12":"product_cat-bulk-buy-disposable-vapes-in-france","13":"product_cat-bulk-buy-disposable-vapes-in-germany","14":"product_cat-bulk-buy-disposable-vapes-in-italy","15":"product_cat-bulk-buy-disposable-vapes-in-netherlands","16":"product_cat-bulk-buy-disposable-vapes-in-norway","17":"product_cat-bulk-buy-disposable-vapes-in-poland","18":"product_cat-bulk-buy-disposable-vapes-in-portugal","19":"product_cat-bulk-buy-disposable-vapes-in-spain","20":"product_cat-bulk-buy-disposable-vapes-in-sweden","21":"product_cat-bulk-buy-disposable-vapes-in-switzerland","22":"product_cat-buy-best-disposable-vape-flavors","23":"product_cat-crystal-vapes","24":"product_cat-digital-box-vapes","25":"product_cat-disposable-vapes-series","26":"product_cat-dual-mesh-vapes","27":"product_cat-lower-nicotine-vapes","28":"product_cat-rechargeable-vapes","29":"product_cat-three-flavor-vapes","30":"product_cat-vape","31":"product_cat-vape-shop-by-puffs","33":"first","34":"instock","35":"shipping-taxable","36":"purchasable","37":"product-type-variable","38":"has-default-attributes"},"jetpack_sharing_enabled":true,"tiered_pricing_type":"fixed","tiered_pricing_fixed_rules":[],"tiered_pricing_product_settings":{"layout":"default","base_unit_name":{"singular":null,"plural":null},"default_variation":null},"tiered_pricing_minimum_quantity":null,"tiered_pricing_roles_data":[],"tiered_pricing_percentage_rules":[],"tiered_pricing_maximum_quantity":null,"tiered_pricing_quantity_step":null,"_links":{"self":[{"href":"https:\/\/vapexyz.com\/cs\/wp-json\/wp\/v2\/product\/61910","targetHints":{"allow":["GET"]}}],"collection":[{"href":"https:\/\/vapexyz.com\/cs\/wp-json\/wp\/v2\/product"}],"about":[{"href":"https:\/\/vapexyz.com\/cs\/wp-json\/wp\/v2\/types\/product"}],"replies":[{"embeddable":true,"href":"https:\/\/vapexyz.com\/cs\/wp-json\/wp\/v2\/comments?post=61910"}],"wp:featuredmedia":[{"embeddable":true,"href":"https:\/\/vapexyz.com\/cs\/wp-json\/wp\/v2\/media\/61965"}],"wp:attachment":[{"href":"https:\/\/vapexyz.com\/cs\/wp-json\/wp\/v2\/media?parent=61910"}],"wp:term":[{"taxonomy":"product_brand","embeddable":true,"href":"https:\/\/vapexyz.com\/cs\/wp-json\/wp\/v2\/product_brand?post=61910"},{"taxonomy":"product_cat","embeddable":true,"href":"https:\/\/vapexyz.com\/cs\/wp-json\/wp\/v2\/product_cat?post=61910"},{"taxonomy":"product_tag","embeddable":true,"href":"https:\/\/vapexyz.com\/cs\/wp-json\/wp\/v2\/product_tag?post=61910"}],"curies":[{"name":"wp","href":"https:\/\/api.w.org\/{rel}","templated":true}]}}