{"id":60488,"date":"2025-12-19T09:10:34","date_gmt":"2025-12-19T09:10:34","guid":{"rendered":"https:\/\/vapexyz.com\/?post_type=product&#038;p=60488"},"modified":"2026-03-05T03:54:46","modified_gmt":"2026-03-05T03:54:46","slug":"fumot-tornado-9000-9k-nadechy-jednorazova-vape-rychle-dodani-evropsky-sklad-nakup-bez-minimalniho-mnozstvi-objednavky","status":"publish","type":"product","link":"https:\/\/vapexyz.com\/cs\/product\/fumot-tornado-9000-9k-puffs-disposable-vape-fast-shipping-european-warehouse-buy-no-moq\/","title":{"rendered":"FUMOT TORNADO 9000 9K Puffs Jednor\u00e1zov\u00e1 Vape Rychl\u00e9 Doru\u010den\u00ed Evropsk\u00fd Sklad Koupit Bez MOQ"},"content":{"rendered":"<article style=\"font-family: 'Comic Sans MS', 'Comic Sans', cursive, sans-serif; max-width: 900px; margin: 0 auto; background-color: #fff; color: #555; font-weight: 400; line-height: 1.8;\">\n<h2 style=\"font-size: 26px; text-align: center; color: #ff9aa2; margin-bottom: 30px; font-weight: 400;\">\u2728 Rychl\u00e9 Doru\u010den\u00ed Evropsk\u00fd Sklad Koupit<a href=\"https:\/\/vapexyz.com\/cs\/kategorie-produktu\/fumot-jednorazova-vape\/\"> FUMOT TORNADO<\/a> 9000 9K Puffs Jednor\u00e1zov\u00e1 Vape Bez MOQ<\/h2>\n<div style=\"background-color: #e2f0cb; padding: 25px; border-radius: 25px; border: 3px dashed #B5EAD7; margin-bottom: 30px; box-shadow: 5px 5px 0px #F0F8FF;\">\n<p style=\"font-size: 18px; margin: 0; text-align: center;\">Ahoj p\u0159\u00edteli! \ud83d\udc4b V\u00edtejte ve VapeXYZ. Hled\u00e1te super chladn\u00fd jednor\u00e1zov\u00fd vape? Na\u0161li jste ho! Jsme velkoobchodn\u00ed platforma v Evrop\u011b a nakupov\u00e1n\u00ed u n\u00e1s je velmi snadn\u00e9. Bal\u00ed\u010dky pos\u00edl\u00e1me p\u0159\u00edmo z na\u0161eho evropsk\u00e9ho skladu, tak\u017ee na sv\u00e9 zbo\u017e\u00ed \u010dek\u00e1te pouze 2-7 dn\u00ed. A h\u00e1dejte co? Neexistuje \u017e\u00e1dn\u00e1 MOQ (minim\u00e1ln\u00ed objednan\u00e9 mno\u017estv\u00ed), tak\u017ee si m\u016f\u017eete koupit jen jeden nebo sto!<\/p>\n<\/div>\n<h3 style=\"color: #ffb7b2; font-size: 22px; text-align: center; font-weight: 400; margin-top: 40px;\">\ud83c\udf08 Pro\u010d v\u0161ichni miluj\u00ed toto jednor\u00e1zov\u00e9 vape?<\/h3>\n<p style=\"font-size: 16px; text-align: center; max-width: 800px; margin: 0 auto 30px auto;\">P\u0159edstavte si mal\u00e9ho barevn\u00e9ho robota v kapse! \ud83e\udd16 FUMOT TORNADO 9000 9K Puffs Disposable Vape nen\u00ed jen oby\u010dejn\u00fd vape; je jako kouzeln\u00e9 h\u016flka. M\u00e1 super chladn\u00fd design se sv\u00edt\u00edc\u00edmi sv\u011btly, kter\u00e1 z\u00e1\u0159\u00ed, kdy\u017e ho pou\u017e\u00edv\u00e1te. Je velmi snadn\u00e9 dr\u017eet a vypad\u00e1 \u00fa\u017easn\u011b.<\/p>\n<div style=\"flex-wrap: wrap; gap: 20px; justify-content: center; margin-bottom: 40px;\">\n<div style=\"background-color: #fff5ba; border: 2px dashed #FFDFBA; border-radius: 20px; padding: 20px; width: 45%; min-width: 280px;\">\n<p style=\"font-size: 20px; margin: 0 0 10px 0; color: #ffb347;\">\ud83d\udd0b Neust\u00e1l\u00fd v\u00fdkon<\/p>\n<p style=\"font-size: 15px; margin: 0;\">Uvnit\u0159 m\u00e1 velkou baterii s kapacitou 850mAh. Pokud dojde k vybit\u00ed, nebojte se! M\u016f\u017eete jej zapojit pomoc\u00ed kabelu Type-C (jako nab\u00edje\u010dka telefonu) a bude op\u011bt p\u0159ipraven k pou\u017eit\u00ed.<\/p>\n<\/div>\n<div style=\"background-color: #ffdac1; border: 2px dashed #FFB7B2; border-radius: 20px; padding: 20px; width: 45%; min-width: 280px;\">\n<p style=\"font-size: 20px; margin: 0 0 10px 0; color: #ff6961;\">\u2601\ufe0f 9000 \u0160\u0165astn\u00fdch Puf\u016f<\/p>\n<p style=\"font-size: 15px; margin: 0;\">Toto mal\u00e9 za\u0159\u00edzen\u00ed je velmi siln\u00e9! M\u016f\u017ee v\u00e1m poskytnout a\u017e 9000 n\u00e1dech\u016f. To znamen\u00e1, \u017ee ho m\u016f\u017eete pou\u017e\u00edvat velmi dlouho, ne\u017e budete pot\u0159ebovat nov\u00e9.<\/p>\n<\/div>\n<div style=\"background-color: #e0bbe4; border: 2px dashed #957DAD; border-radius: 20px; padding: 20px; width: 45%; min-width: 280px;\">\n<p style=\"font-size: 20px; margin: 0 0 10px 0; color: #8e44ad;\">\ud83d\udd78\ufe0f Kouzeln\u00e1 s\u00ed\u0165ov\u00e1 c\u00edvka<\/p>\n<p style=\"font-size: 15px; margin: 0;\">Uvnit\u0159 se nach\u00e1z\u00ed speci\u00e1ln\u00ed s\u00ed\u0165ka naz\u00fdvan\u00e1 Mesh Coil. Rovnom\u011brn\u011b se zah\u0159\u00edv\u00e1, tak\u017ee ka\u017ed\u00fd n\u00e1dech je hladk\u00fd a chutn\u00e1 p\u0159esn\u011b tak, jak m\u00e1. \u017d\u00e1dn\u00e1 sp\u00e1len\u00e1 chu\u0165!<\/p>\n<\/div>\n<div style=\"background-color: #b5ead7; border: 2px dashed #68C3A3; border-radius: 20px; padding: 20px; width: 45%; min-width: 280px;\">\n<p style=\"font-size: 20px; margin: 0 0 10px 0; color: #27ae60;\">\ud83d\udca7 Velk\u00e1 kapacita<\/p>\n<p style=\"font-size: 15px; margin: 0;\">M\u00e1 obrovskou kapacitu 18 ml. To je d\u016fvod, pro\u010d vydr\u017e\u00ed tak dlouho. Nav\u00edc m\u016f\u017eete upravit pr\u016ftok vzduchu ve spodn\u00ed \u010d\u00e1sti, abyste si ho mohli upravit p\u0159esn\u011b podle sv\u00fdch p\u0159edstav.<\/p>\n<\/div>\n<\/div>\n<h3 style=\"color: #6eb5ff; font-size: 22px; text-align: center; font-weight: 400; margin-bottom: 20px;\">\ud83c\udf6d Vyberte si sv\u00e9 obl\u00edben\u00e9 \u010d\u00edslo (Mo\u017enosti)<\/h3>\n<div style=\"background-color: #f0f8ff; padding: 20px; border-radius: 20px; border: 2px dashed #ADD8E6; margin-bottom: 40px;\">\n<p style=\"font-size: 16px; line-height: 2; text-align: justify;\">M\u00e1me pro v\u00e1s tolik mo\u017enost\u00ed! Pod\u00edvejte se na tento seznam a najd\u011bte tu, kter\u00e1 zn\u00ed nejl\u00e9pe:<\/p>\n<p style=\"font-size: 16px; line-height: 2; text-align: justify;\">1. broskvov\u00fd limon\u00e1d<\/p>\n<p style=\"font-size: 16px; line-height: 2; text-align: justify;\">2. pan Blue<\/p>\n<p style=\"font-size: 16px; line-height: 2; text-align: justify;\">3. jahodov\u00fd vodn\u00ed meloun<\/p>\n<p style=\"font-size: 16px; line-height: 2; text-align: justify;\">4. sl\u00e1mov\u00fd mango<\/p>\n<p style=\"font-size: 16px; line-height: 2; text-align: justify;\">5. perliv\u00e1 t\u0159e\u0161e\u0148<\/p>\n<p style=\"font-size: 16px; line-height: 2; text-align: justify;\">6. sm\u011bs lesn\u00edch plod\u016f<\/p>\n<p style=\"font-size: 16px; line-height: 2; text-align: justify;\">7. bor\u016fvkov\u00fd kysel\u00fd malinov\u00fd<\/p>\n<p style=\"font-size: 16px; line-height: 2; text-align: justify;\">8. broskvov\u00fd mango ananas<\/p>\n<p style=\"font-size: 16px; line-height: 2; text-align: justify;\">9. broskev bobule<\/p>\n<p style=\"font-size: 16px; line-height: 2; text-align: justify;\">10. jahodov\u00fd led<\/p>\n<p style=\"font-size: 16px; line-height: 2; text-align: justify;\">11. jahodov\u00e1 malinov\u00e1 zmrzlina<\/p>\n<p style=\"font-size: 16px; line-height: 2; text-align: justify;\">\u010dern\u00fd led<\/p>\n<p style=\"font-size: 16px; line-height: 2; text-align: justify;\">13. bor\u016fvka malina<\/p>\n<p style=\"font-size: 16px; line-height: 2; text-align: justify;\">miner\u00e1ln\u00ed voda<\/p>\n<p style=\"font-size: 16px; line-height: 2; text-align: justify;\">15. kiwi mu\u010denka guava<\/p>\n<p style=\"font-size: 16px; line-height: 2; text-align: justify;\">16. jahoda malina<\/p>\n<p style=\"font-size: 16px; line-height: 2; text-align: justify;\">17. trojit\u00fd mango<\/p>\n<p style=\"font-size: 16px; line-height: 2; text-align: justify;\">18. vodn\u00ed melounov\u00e9 led<\/p>\n<p style=\"font-size: 16px; line-height: 2; text-align: justify;\">19. malina vodn\u00ed meloun<\/p>\n<p style=\"font-size: 16px; line-height: 2; text-align: justify;\">20. jahodov\u00fd ban\u00e1n<\/p>\n<p style=\"font-size: 16px; line-height: 2; text-align: justify;\">21. vodn\u00ed meloun<\/p>\n<p style=\"font-size: 16px; line-height: 2; text-align: justify;\">22. hroznov\u00e9 v\u00edno<\/p>\n<p style=\"font-size: 16px; line-height: 2; text-align: justify;\">23. bujn\u00fd led<\/p>\n<p style=\"font-size: 16px; line-height: 2; text-align: justify;\">24. vodn\u00ed melounov\u00e1 \u017ev\u00fdka\u010dka<\/p>\n<\/div>\n<h3 style=\"color: #ff9aa2; font-size: 22px; text-align: center; font-weight: 400; margin-bottom: 20px;\">\ud83e\uddd0 Pro\u010d si vybrat VapeXYZ?<\/h3>\n<div style=\"margin-bottom: 40px; border-radius: 15px; border: 2px solid #FFDAC1;\">\n<table style=\"width: 100%; border-collapse: collapse; min-width: 500px; font-size: 16px;\">\n<thead style=\"background-color: #ffdac1;\">\n<tr>\n<th style=\"padding: 15px; text-align: left; color: #fff; font-weight: 400;\">Ot\u00e1zka<\/th>\n<th style=\"padding: 15px; text-align: left; color: #fff; font-weight: 400;\">N\u00e1kupy u VapeXYZ \ud83c\udfc6<\/th>\n<th style=\"padding: 15px; text-align: left; color: #fff; font-weight: 400;\">Jin\u00e9 m\u00edsta \ud83d\ude15<\/th>\n<\/tr>\n<\/thead>\n<tbody>\n<tr style=\"background-color: #fff9f0;\">\n<td style=\"padding: 15px; border-bottom: 1px dashed #FFDAC1;\">\u010cas doru\u010den\u00ed<\/td>\n<td style=\"padding: 15px; border-bottom: 1px dashed #FFDAC1; color: #27ae60;\">Rychle! 2-7 dn\u00ed (sklad EU)<\/td>\n<td style=\"padding: 15px; border-bottom: 1px dashed #FFDAC1; color: #999;\">Pomal\u00e9\u2026 15+ dn\u00ed<\/td>\n<\/tr>\n<tr style=\"background-color: #fff;\">\n<td style=\"padding: 15px; border-bottom: 1px dashed #FFDAC1;\">Minim\u00e1ln\u00ed objedn\u00e1vka<\/td>\n<td style=\"padding: 15px; border-bottom: 1px dashed #FFDAC1; color: #27ae60;\">\u017d\u00e1dn\u00e9! Minim\u00e1ln\u00ed objednan\u00e9 mno\u017estv\u00ed nen\u00ed vy\u017eadov\u00e1no.<\/td>\n<td style=\"padding: 15px; border-bottom: 1px dashed #FFDAC1; color: #999;\">Mus\u00ed nakoupit hodn\u011b najednou.<\/td>\n<\/tr>\n<tr style=\"background-color: #fff9f0;\">\n<td style=\"padding: 15px;\">Kvalita produktu<\/td>\n<td style=\"padding: 15px; color: #27ae60;\">Origin\u00e1ln\u00ed FUMOT TORNADO 9000<\/td>\n<td style=\"padding: 15px; color: #999;\">Mo\u017en\u00e1 ne skute\u010dn\u00e9\u2026<\/td>\n<\/tr>\n<\/tbody>\n<\/table>\n<\/div>\n<h3 style=\"color: #b5ead7; font-size: 22px; text-align: center; font-weight: 400; margin-bottom: 20px;\">\ud83d\ude4b\u200d\u2640\ufe0f Ot\u00e1zky a odpov\u011bdi (FAQ)<\/h3>\n<div style=\"margin-bottom: 40px;\">\n<div style=\"background-color: #fdfd96; padding: 20px; border-radius: 20px; margin-bottom: 15px; border: 2px dashed #F0E68C;\">\n<p style=\"margin: 0; color: #555;\">Ot\u00e1zka: \u017diji v Evrop\u011b. Kdy dostanu sv\u00e9 jednor\u00e1zov\u00e9 vape za\u0159\u00edzen\u00ed?<\/p>\n<p style=\"margin-top: 10px; color: #777;\">A: Super rychl\u00e9! Proto\u017ee m\u00e1me evropsk\u00fd sklad, expedujeme to p\u0159\u00edmo v\u00e1m. Obvykle to trv\u00e1 mezi 2 a\u017e 7 dny.<\/p>\n<\/div>\n<div style=\"background-color: #e6e6fa; padding: 20px; border-radius: 20px; margin-bottom: 15px; border: 2px dashed #D8BFD8;\">\n<p style=\"margin: 0; color: #555;\">Ot\u00e1zka: Mus\u00edm si koupit mnoho vape\u016f najednou?<\/p>\n<p style=\"margin-top: 10px; color: #777;\">A: Ani n\u00e1hodou! Nem\u00e1me \u017e\u00e1dnou minim\u00e1ln\u00ed objedn\u00e1vkovou kvantitu (MOQ). M\u016f\u017eete koupit 1 nebo 10, cokoliv v\u00e1s pot\u011b\u0161\u00ed!<\/p>\n<\/div>\n<div style=\"background-color: #ffc0cb; padding: 20px; border-radius: 20px; margin-bottom: 15px; border: 2px dashed #FF6961;\">\n<p style=\"margin: 0; color: #555;\">Ot\u00e1zka: Je toto za\u0159\u00edzen\u00ed nab\u00edzej\u00edc\u00ed se?<\/p>\n<p style=\"margin-top: 10px; color: #777;\">A: Ano! Na spodn\u00ed stran\u011b je port Type-C. Sta\u010d\u00ed jej nab\u00edt a pokra\u010dovat v u\u017e\u00edv\u00e1n\u00ed va\u0161ich 9000 n\u00e1dech\u016f.<\/p>\n<\/div>\n<\/div>\n<div style=\"text-align: center; padding: 20px; background-color: #f9f9f9; border-radius: 20px; border: 1px solid #eee;\">\n<p style=\"font-size: 16px; color: #888;\">Jste p\u0159ipraveni se bavit? P\u0159ij\u010fte a koup\u00edte FUMOT TORNADO 9000 9K Puffs Disposable Vape za <a href=\"https:\/\/vapexyz.com\/cs\/\">VapeXYZ<\/a> Dnes! \u010cek\u00e1me na v\u00e1s!<\/p>\n<\/div>\n<p><img loading=\"lazy\" decoding=\"async\" class=\"aligncenter wp-image-60599 size-full\" src=\"https:\/\/vapexyz.com\/wp-content\/uploads\/2025\/12\/Fast-Shipping-European-Warehouse-Buy-FUMOT-TORNADO-9000-9K-Puffs-Disposable-Vape-No-MOQ-4.webp\" alt=\"Rychl\u00e9 Doru\u010den\u00ed Evropsk\u00fd Sklad Koupit FUMOT TORNADO 9000 9K N\u00e1dechy Jednor\u00e1zov\u00e1 Vape Bez Minim\u00e1ln\u00edho Objedn\u00e1vkov\u00e9ho Mno\u017estv\u00ed\" width=\"1000\" height=\"1000\" title=\"\" srcset=\"https:\/\/vapexyz.com\/wp-content\/uploads\/2025\/12\/Fast-Shipping-European-Warehouse-Buy-FUMOT-TORNADO-9000-9K-Puffs-Disposable-Vape-No-MOQ-4.webp 1000w, https:\/\/vapexyz.com\/wp-content\/uploads\/2025\/12\/Fast-Shipping-European-Warehouse-Buy-FUMOT-TORNADO-9000-9K-Puffs-Disposable-Vape-No-MOQ-4-500x500.webp 500w, https:\/\/vapexyz.com\/wp-content\/uploads\/2025\/12\/Fast-Shipping-European-Warehouse-Buy-FUMOT-TORNADO-9000-9K-Puffs-Disposable-Vape-No-MOQ-4-300x300.webp 300w, https:\/\/vapexyz.com\/wp-content\/uploads\/2025\/12\/Fast-Shipping-European-Warehouse-Buy-FUMOT-TORNADO-9000-9K-Puffs-Disposable-Vape-No-MOQ-4-768x768.webp 768w, https:\/\/vapexyz.com\/wp-content\/uploads\/2025\/12\/Fast-Shipping-European-Warehouse-Buy-FUMOT-TORNADO-9000-9K-Puffs-Disposable-Vape-No-MOQ-4-12x12.webp 12w, https:\/\/vapexyz.com\/wp-content\/uploads\/2025\/12\/Fast-Shipping-European-Warehouse-Buy-FUMOT-TORNADO-9000-9K-Puffs-Disposable-Vape-No-MOQ-4-247x247.webp 247w, https:\/\/vapexyz.com\/wp-content\/uploads\/2025\/12\/Fast-Shipping-European-Warehouse-Buy-FUMOT-TORNADO-9000-9K-Puffs-Disposable-Vape-No-MOQ-4-510x510.webp 510w, https:\/\/vapexyz.com\/wp-content\/uploads\/2025\/12\/Fast-Shipping-European-Warehouse-Buy-FUMOT-TORNADO-9000-9K-Puffs-Disposable-Vape-No-MOQ-4-100x100.webp 100w\" sizes=\"auto, (max-width: 1000px) 100vw, 1000px\" \/><\/p>\n<\/article>\n<p>&nbsp;<\/p>","protected":false},"excerpt":{"rendered":"<p>VapeXYZ nab\u00edz\u00ed FUMOT TORNADO 9000 9K Puffs Disposable Vape,  nab\u00edzej\u00edc\u00ed  dob\u00edjec\u00ed za\u0159\u00edzen\u00ed s technologi\u00ed mesh coil a \u017eiv\u00fdmi RGB sv\u011btly,  rychle doru\u010deno z na\u0161eho evropsk\u00e9ho skladu bez minim\u00e1ln\u00ed objedn\u00e1vkov\u00e9 quantities.<\/p>","protected":false},"featured_media":60591,"comment_status":"open","ping_status":"closed","template":"","meta":{"_lmt_disableupdate":"no","_lmt_disable":""},"product_brand":[],"product_cat":[1009,947,935,934,927,929,928,930,933,939,932,938,931,936,937,1017,948,949,946,950,1016,1075,951,1099,953,954,820,987],"product_tag":[],"class_list":{"0":"post-60488","1":"product","2":"type-product","3":"status-publish","4":"has-post-thumbnail","6":"product_cat-9000-puff-vapes","7":"product_cat-big-puffs-vapes","8":"product_cat-bulk-buy-disposable-vapes-in-austria","9":"product_cat-bulk-buy-disposable-vapes-in-belgium","10":"product_cat-bulk-buy-disposable-vapes-in-europe","11":"product_cat-bulk-buy-disposable-vapes-in-france","12":"product_cat-bulk-buy-disposable-vapes-in-germany","13":"product_cat-bulk-buy-disposable-vapes-in-italy","14":"product_cat-bulk-buy-disposable-vapes-in-netherlands","15":"product_cat-bulk-buy-disposable-vapes-in-norway","16":"product_cat-bulk-buy-disposable-vapes-in-poland","17":"product_cat-bulk-buy-disposable-vapes-in-portugal","18":"product_cat-bulk-buy-disposable-vapes-in-spain","19":"product_cat-bulk-buy-disposable-vapes-in-sweden","20":"product_cat-bulk-buy-disposable-vapes-in-switzerland","21":"product_cat-buy-best-disposable-vape-flavors","22":"product_cat-crystal-vapes","23":"product_cat-digital-box-vapes","24":"product_cat-disposable-vapes-series","25":"product_cat-dual-mesh-vapes","26":"product_cat-european-vape-warehouse","27":"product_cat-fumot-disposable-vape","28":"product_cat-lower-nicotine-vapes","29":"product_cat-purchase-disposable-vape-no-moq","30":"product_cat-rechargeable-vapes","31":"product_cat-shisha-hookah-vapes","32":"product_cat-vape","33":"product_cat-vape-shop-by-puffs","35":"first","36":"outofstock","37":"shipping-taxable","38":"purchasable","39":"product-type-variable","40":"has-default-attributes"},"jetpack_sharing_enabled":true,"tiered_pricing_type":"fixed","tiered_pricing_fixed_rules":[],"tiered_pricing_product_settings":{"layout":"default","base_unit_name":{"singular":null,"plural":null},"default_variation":null},"tiered_pricing_minimum_quantity":null,"tiered_pricing_roles_data":[],"tiered_pricing_percentage_rules":[],"tiered_pricing_maximum_quantity":null,"tiered_pricing_quantity_step":null,"_links":{"self":[{"href":"https:\/\/vapexyz.com\/cs\/wp-json\/wp\/v2\/product\/60488","targetHints":{"allow":["GET"]}}],"collection":[{"href":"https:\/\/vapexyz.com\/cs\/wp-json\/wp\/v2\/product"}],"about":[{"href":"https:\/\/vapexyz.com\/cs\/wp-json\/wp\/v2\/types\/product"}],"replies":[{"embeddable":true,"href":"https:\/\/vapexyz.com\/cs\/wp-json\/wp\/v2\/comments?post=60488"}],"wp:featuredmedia":[{"embeddable":true,"href":"https:\/\/vapexyz.com\/cs\/wp-json\/wp\/v2\/media\/60591"}],"wp:attachment":[{"href":"https:\/\/vapexyz.com\/cs\/wp-json\/wp\/v2\/media?parent=60488"}],"wp:term":[{"taxonomy":"product_brand","embeddable":true,"href":"https:\/\/vapexyz.com\/cs\/wp-json\/wp\/v2\/product_brand?post=60488"},{"taxonomy":"product_cat","embeddable":true,"href":"https:\/\/vapexyz.com\/cs\/wp-json\/wp\/v2\/product_cat?post=60488"},{"taxonomy":"product_tag","embeddable":true,"href":"https:\/\/vapexyz.com\/cs\/wp-json\/wp\/v2\/product_tag?post=60488"}],"curies":[{"name":"wp","href":"https:\/\/api.w.org\/{rel}","templated":true}]}}