{"id":60279,"date":"2025-12-08T06:39:14","date_gmt":"2025-12-08T06:39:14","guid":{"rendered":"https:\/\/vapexyz.com\/?post_type=product&#038;p=60279"},"modified":"2026-04-15T01:42:27","modified_gmt":"2026-04-15T01:42:27","slug":"moje-8-v-1-150k-150000-nadechu-hromadny-nakup-jednorazova-vape-evropske-skladove-dodani-velkoobchod","status":"publish","type":"product","link":"https:\/\/vapexyz.com\/cs\/product\/myde-8-in-1-150k-150000-puffs-bulk-buy-disposable-vape-european-warehouse-delivery-wholesale\/","title":{"rendered":"MYDE 8 V 1 150K 150000 Puffs Hromadn\u00fd n\u00e1kup Jednor\u00e1zov\u00e1 Vape Evropsk\u00e9 Skladov\u00e9 Dod\u00e1n\u00ed Velkoobchod"},"content":{"rendered":"<p>&nbsp;<\/p>\n<article style=\"font-family: 'Comic Sans MS', 'Chalkboard SE', sans-serif; max-width: 100%; margin: 0 auto; padding: 20px; background-color: #f9fdf9; color: #444; line-height: 1.6; border-radius: 20px;\">\n<div style=\"text-align: center; margin-bottom: 30px;\">\n<h2 style=\"color: #ff6b6b; font-size: 2.2em; font-weight: normal; margin-bottom: 10px;\">\ud83c\udf08 V\u00edtejte v ob\u0159\u00edm sv\u011bt\u011b <a href=\"https:\/\/vapexyz.com\/cs\/kategorie-produktu\/myde\/\">MYDE<\/a> 8 V 1 150K!<\/h2>\n<p style=\"font-size: 1.2em; color: #666; font-weight: normal;\">Nejv\u011bt\u0161\u00ed jednor\u00e1zov\u00e1 vape, jakou jste kdy vid\u011bli!<\/p>\n<\/div>\n<section style=\"background: linear-gradient(135deg, #fff5f5 0%, #fff 100%); padding: 20px; border-radius: 15px; border: 2px dashed #ffb7b2; margin-bottom: 30px;\">\n<h3 style=\"color: #ff9f43; font-size: 1.6em; border-bottom: 3px dotted #ff9f43; padding-bottom: 10px; margin-top: 0; font-weight: normal;\">Ahoj P\u0159\u00edteli! Objev Kouzlo v <a href=\"https:\/\/vapexyz.com\/cs\/\">VapeXYZ<\/a><\/h3>\n<p style=\"font-weight: normal;\">Ahoj! Hled\u00e1te jednor\u00e1zovou vape, kter\u00e1 nikdy nekon\u010d\u00ed? Na\u0161li jste ji! Jsme VapeXYZ a jsme moc r\u00e1di, \u017ee v\u00e1m m\u016f\u017eeme p\u0159in\u00e9st \u00fa\u017easnou MYDE 8 V 1 150K. Jsme nejlep\u0161\u00ed m\u00edsto v Evrop\u011b, kde m\u016f\u017eete koupit jednor\u00e1zov\u00e9 vapey ve velk\u00e9m mno\u017estv\u00ed.<\/p>\n<p style=\"font-weight: normal;\">To nen\u00ed jen norm\u00e1ln\u00ed za\u0159\u00edzen\u00ed; je to monstr\u00f3zn\u00ed stroj se 150 000 v\u00fdfuky! \ud83d\ude32 P\u0159edstavte si, \u017ee m\u00e1te krabici hra\u010dek plnou 8 r\u016fzn\u00fdch mo\u017enost\u00ed v kapse. Je navr\u017eeno pro velkoobchodn\u00ed kupuj\u00edc\u00ed, kte\u0159\u00ed cht\u011bj\u00ed u\u0161et\u0159it spoustu pen\u011bz a z\u00edskat nejlep\u0161\u00ed kvalitu. S obrovskou kapacitou 58ml si m\u016f\u017eete u\u017e\u00edvat velmi, velmi dlouho bez vy\u010derp\u00e1n\u00ed. Je ide\u00e1ln\u00ed pro sd\u00edlen\u00ed nebo pro vlastn\u00ed pot\u0159ebu!<\/p>\n<\/section>\n<section style=\"margin-bottom: 30px;\">\n<h3 style=\"color: #48dbfb; font-size: 1.6em; text-align: center; margin-bottom: 20px; font-weight: normal;\">\u2728 Super chladn\u00e9 funkce \u2728<\/h3>\n<div style=\"flex-wrap: wrap; gap: 15px; justify-content: center;\">\n<div style=\"background-color: #eaf6ff; border: 2px solid #a3cbff; border-radius: 15px; padding: 15px; width: 45%; min-width: 250px;\">\n<p style=\"font-size: 1.1em; color: #2e86de; margin: 0px; font-weight: normal;\">Po\u010det vdech\u016f<\/p>\n<p style=\"margin: 5px 0px 0px; font-weight: normal;\">A\u017e 150 000 n\u00e1dech\u016f! To je super obrovsk\u00e9!<\/p>\n<\/div>\n<div style=\"background-color: #fff0f6; border: 2px solid #ffadd2; border-radius: 15px; padding: 15px; width: 45%; min-width: 250px;\">\n<p style=\"font-size: 1.1em; color: #e84393; margin: 0px; font-weight: normal;\">\ud83d\udca7 Obrovsk\u00e1 kapacita<\/p>\n<p style=\"margin: 5px 0px 0px; font-weight: normal;\">Obsahuje 58 ml. Nen\u00ed t\u0159eba dopl\u0148ovat!<\/p>\n<\/div>\n<div style=\"background-color: #f0fff4; border: 2px solid #95d5b2; border-radius: 15px; padding: 15px; width: 45%; min-width: 250px;\">\n<p style=\"font-size: 1.1em; color: #27ae60; margin: 0px; font-weight: normal;\">\ud83d\udd0b Siln\u00e1 baterie<\/p>\n<p style=\"margin: 5px 0px 0px; font-weight: normal;\">Baterie 850mAh s nab\u00edjen\u00edm Type-C.<\/p>\n<\/div>\n<div style=\"background-color: #fff7e6; border: 2px solid #ffeaa7; border-radius: 15px; padding: 15px; width: 45%; min-width: 250px;\">\n<p style=\"font-size: 1.1em; color: #e1b12c; margin: 0px; font-weight: normal;\">\u2699\ufe0f \u010ctvercov\u00e1 s\u00ed\u0165ov\u00e1 c\u00edvka<\/p>\n<p style=\"margin: 5px 0px 0px; font-weight: normal;\">4 x 1,2\u03a9 meshov\u00e9 c\u00edvky pro hladk\u00e9 mraky.<\/p>\n<\/div>\n<div style=\"background-color: #f3e5f5; border: 2px solid #e1bee7; border-radius: 15px; padding: 15px; width: 45%; min-width: 250px;\">\n<p style=\"font-size: 1.1em; color: #8e44ad; margin: 0px; font-weight: normal;\">\ud83d\udc40 Chytr\u00e1 obrazovka<\/p>\n<p style=\"margin: 5px 0px 0px; font-weight: normal;\">\u010cir\u00fd LED displej zobrazuje v\u00e1\u0161 stav.<\/p>\n<\/div>\n<div style=\"background-color: #ffffff; border: 2px solid #bdc3c7; border-radius: 15px; padding: 15px; width: 45%; min-width: 250px;\">\n<p style=\"font-size: 1.1em; color: #7f8c8d; margin: 0px; font-weight: normal;\">\ud83d\udccf Dokonal\u00e1 velikost<\/p>\n<p style=\"margin: 5px 0px 0px; font-weight: normal;\">P\u011bkn\u011b se vejde do ruky (39*39*118mm).<\/p>\n<\/div>\n<\/div>\n<\/section>\n<section style=\"background-color: #fffff0; padding: 25px; border-radius: 20px; border: 3px solid #f6e58d; margin-bottom: 30px;\">\n<h3 style=\"color: #f1c40f; font-size: 1.6em; text-align: center; font-weight: normal;\">\ud83c\udfa8 10 \u00da\u017easn\u00fdch Mo\u017enost\u00ed Seznam \ud83c\udfa8<\/h3>\n<p style=\"text-align: center; font-weight: normal;\">Vyberte si sv\u00e9 obl\u00edben\u00e9 mix! Ka\u017ed\u00e9 \u010d\u00edslo m\u00e1 na v\u00e1s \u010dekaj\u00edc\u00ed \u00fa\u017easnou kombinaci. Zde je seznam mo\u017enost\u00ed, ze kter\u00fdch si m\u016f\u017eete vybrat p\u0159i objedn\u00e1vce z VapeXYZ:<\/p>\n<div style=\"background: white; padding: 20px; border-radius: 15px; border: 1px solid #ddd;\">\n<p style=\"margin-bottom: 10px; font-weight: normal;\">1. Jahodov\u00fd led + melounov\u00fd led + brosky\u0148ov\u00fd led + led z mu\u010denky<\/p>\n<p style=\"margin-bottom: 10px; font-weight: normal;\">2. Jahodov\u00fd led + Bor\u016fvkov\u00fd led + Hroznov\u00fd led + Zelen\u00fd jablkov\u00fd led<\/p>\n<p style=\"margin-bottom: 10px; font-weight: normal;\">3. Jahodov\u00fd led + mango + ananas + zmrzlina<\/p>\n<p style=\"margin-bottom: 10px; font-weight: normal;\">4. Bor\u016fvkov\u00fd led + Malinov\u00fd citronov\u00fd led + Vodn\u00ed melounov\u00e1 \u017ev\u00fdka\u010dka + M\u00e1tov\u00fd<\/p>\n<p style=\"margin-bottom: 10px; font-weight: normal;\">5. Vodn\u00ed meloun + Ostru\u017eina + T\u0159e\u0161e\u0148 + Cola<\/p>\n<p style=\"margin-bottom: 10px; font-weight: normal;\">6. Hroznov\u00fd led + Mango broskev + Vodn\u00ed melounov\u00fd led + Bor\u016fvkov\u00fd led<\/p>\n<p style=\"margin-bottom: 10px; font-weight: normal;\">7. Jahoda Kiwi + Bor\u016fvka Kokos + Sm\u011bs \u0160vestka + Mango<\/p>\n<p style=\"margin-bottom: 10px; font-weight: normal;\">8. Ban\u00e1nov\u00fd led + jahodov\u00fd led + mel\u00f3nov\u00fd led + citronov\u00fd led<\/p>\n<p style=\"margin-bottom: 10px; font-weight: normal;\">9. Jahodov\u00fd led + ananasov\u00fd kokosov\u00fd led + mangov\u00fd led + led z mu\u010denky \ud83c\udf4d\ud83e\udd65<\/p>\n<p style=\"margin-bottom: 0; font-weight: normal;\">10. Ananas kokos + citronov\u00e1 zmrzlina + bor\u016fvkov\u00e1 zmrzlina + energetick\u00fd n\u00e1poj \u26a1\ud83e\udd65<\/p>\n<\/div>\n<\/section>\n<section style=\"margin-bottom: 30px;\">\n<h3 style=\"color: #6c5ce7; font-size: 1.6em; text-align: center; margin-bottom: 20px; font-weight: normal;\">\ud83d\udcca Velk\u00e9 srovn\u00e1n\u00ed<\/h3>\n<p style=\"text-align: center; margin-bottom: 15px; font-weight: normal;\">Pro\u010d je MYDE 8 V 1 lep\u0161\u00ed ne\u017e mal\u00fd vape? Pod\u00edvejme se!<\/p>\n<div>\n<table style=\"width: 100%; border-collapse: collapse; background-color: white; border-radius: 10px; overflow: hidden;\">\n<thead>\n<tr style=\"background-color: #a29bfe; color: white;\">\n<th style=\"padding: 15px; text-align: left; font-weight: normal; border-bottom: 2px solid #fff;\">Vlastnosti<\/th>\n<th style=\"padding: 15px; text-align: left; font-weight: normal; border-bottom: 2px solid #fff;\">Mal\u00fd Vape<\/th>\n<th style=\"padding: 15px; text-align: left; font-weight: normal; border-bottom: 2px solid #fff;\">MYDE 8 V 1 150K<\/th>\n<\/tr>\n<\/thead>\n<tbody>\n<tr style=\"border-bottom: 1px solid #eee;\">\n<td style=\"padding: 12px; color: #555; font-weight: normal;\">Total Puffs<\/td>\n<td style=\"padding: 12px; color: #888; font-weight: normal;\">5 000 \u2013 10 000<\/td>\n<td style=\"padding: 12px; color: #6c5ce7; font-weight: normal;\">150 000 (V\u00edt\u011bz!)<\/td>\n<\/tr>\n<tr style=\"border-bottom: 1px solid #eee;\">\n<td style=\"padding: 12px; color: #555; font-weight: normal;\">Kapacita<\/td>\n<td style=\"padding: 12px; color: #888; font-weight: normal;\">10ml \u2013 15ml<\/td>\n<td style=\"padding: 12px; color: #6c5ce7; font-weight: normal;\">58ml (Ob\u0159\u00ed!)<\/td>\n<\/tr>\n<tr style=\"border-bottom: 1px solid #eee;\">\n<td style=\"padding: 12px; color: #555; font-weight: normal;\">Typ c\u00edvky<\/td>\n<td style=\"padding: 12px; color: #888; font-weight: normal;\">Single Coil<\/td>\n<td style=\"padding: 12px; color: #6c5ce7; font-weight: normal;\">\u010ctvercov\u00e1 s\u00ed\u0165ov\u00e1 c\u00edvka (x4)<\/td>\n<\/tr>\n<tr>\n<td style=\"padding: 12px; color: #555; font-weight: normal;\">Odr\u016fda<\/td>\n<td style=\"padding: 12px; color: #888; font-weight: normal;\">1 mo\u017enost<\/td>\n<td style=\"padding: 12px; color: #6c5ce7; font-weight: normal;\">8v1 Design<\/td>\n<\/tr>\n<\/tbody>\n<\/table>\n<\/div>\n<\/section>\n<section style=\"background: #fdf2f8; padding: 25px; border-radius: 20px; border: 2px solid #faa2c1;\">\n<h3 style=\"color: #d63384; font-size: 1.6em; text-align: center; margin-bottom: 20px; font-weight: normal;\">\u2753 \u010cast\u00e9 ot\u00e1zky (FAQ)<\/h3>\n<div style=\"background: white; padding: 15px; border-radius: 10px; margin-bottom: 10px; border-left: 5px solid #d63384;\">\n<p style=\"color: #c2185b; margin: 0 0 5px 0; font-size: 1.1em; font-weight: normal;\">Ot\u00e1zka: Mohu zakoupit jednor\u00e1zov\u00e9 vapey ve velk\u00e9m mno\u017estv\u00ed od VapeXYZ?<\/p>\n<p style=\"margin: 0; color: #555; font-weight: normal;\">A: Ano! Jsme p\u0159edn\u00ed velkoobchodn\u00ed platformou v Evrop\u011b. MYDE 8 IN 1 150K je ide\u00e1ln\u00ed pro obchody a velk\u00e9 kupce.<\/p>\n<\/div>\n<div style=\"background: white; padding: 15px; border-radius: 10px; margin-bottom: 10px; border-left: 5px solid #d63384;\">\n<p style=\"color: #c2185b; margin: 0 0 5px 0; font-size: 1.1em; font-weight: normal;\">Ot\u00e1zka: Jak nabiju baterii?<\/p>\n<p style=\"margin: 0; color: #555; font-weight: normal;\">A: Je to super snadn\u00e9! Sta\u010d\u00ed pou\u017e\u00edt kabel Type-C k dobit\u00ed baterie o kapacit\u011b 850mAh. Obrazovka v\u00e1m \u0159ekne, kdy je p\u0159ipraveno.<\/p>\n<\/div>\n<div style=\"background: white; padding: 15px; border-radius: 10px; margin-bottom: 10px; border-left: 5px solid #d63384;\">\n<p style=\"color: #c2185b; margin: 0 0 5px 0; font-size: 1.1em; font-weight: normal;\">Ot\u00e1zka: Pro\u010d m\u00e1 4 c\u00edvky?<\/p>\n<p style=\"margin: 0; color: #555; font-weight: normal;\">A: 4 meshov\u00e9 c\u00edvky spolupracuj\u00ed, aby zajistily, \u017ee ka\u017ed\u00e9 pot\u00e1hnut\u00ed je hladk\u00e9 a konzistentn\u00ed a\u017e do posledn\u00ed kapky kapacity.<\/p>\n<\/div>\n<\/section>\n<div style=\"text-align: center; margin-top: 30px; font-size: 1.2em;\">\n<p style=\"font-weight: normal;\">P\u0159ipraveni na dlouhotrvaj\u00edc\u00ed z\u00e1bavu?<\/p>\n<p style=\"font-weight: normal;\">Objednejte MYDE 8 IN 1 150K na VapeXYZ je\u0161t\u011b dnes!<\/p>\n<p style=\"font-size: 1.5em; font-weight: normal;\">\ud83d\uded2 \u0160\u0165astn\u00e9 nakupov\u00e1n\u00ed! \ud83c\udfc3\u200d\u2642\ufe0f<\/p>\n<\/div>\n<\/article>\n<p>&nbsp;<\/p>","protected":false},"excerpt":{"rendered":"<p>S chytr\u00fdm displejem a nab\u00edjen\u00edm Type-C nab\u00edz\u00ed tato vysokokapacitn\u00ed jednor\u00e1zov\u00e1 vape MYDE neuv\u011b\u0159iteln\u00fdch 150 000 potah\u016f a osm unik\u00e1tn\u00edch mo\u017enost\u00ed, co\u017e z n\u00ed \u010din\u00ed nejlep\u0161\u00ed volbu pro z\u00e1kazn\u00edky, kte\u0159\u00ed nakupuj\u00ed ve velk\u00e9m a hledaj\u00ed kvalitu a dlouhou \u017eivotnost.<\/p>","protected":false},"featured_media":63555,"comment_status":"open","ping_status":"closed","template":"","meta":{"_lmt_disableupdate":"no","_lmt_disable":""},"product_brand":[],"product_cat":[959,1093,947,935,934,927,929,928,930,933,939,932,938,931,936,937,1017,948,949,946,950,1016,951,1099,953,1084,820,987],"product_tag":[],"class_list":{"0":"post-60279","1":"product","2":"type-product","3":"status-publish","4":"has-post-thumbnail","6":"product_cat-myde","7":"product_cat-150000-puffs-vapes","8":"product_cat-big-puffs-vapes","9":"product_cat-bulk-buy-disposable-vapes-in-austria","10":"product_cat-bulk-buy-disposable-vapes-in-belgium","11":"product_cat-bulk-buy-disposable-vapes-in-europe","12":"product_cat-bulk-buy-disposable-vapes-in-france","13":"product_cat-bulk-buy-disposable-vapes-in-germany","14":"product_cat-bulk-buy-disposable-vapes-in-italy","15":"product_cat-bulk-buy-disposable-vapes-in-netherlands","16":"product_cat-bulk-buy-disposable-vapes-in-norway","17":"product_cat-bulk-buy-disposable-vapes-in-poland","18":"product_cat-bulk-buy-disposable-vapes-in-portugal","19":"product_cat-bulk-buy-disposable-vapes-in-spain","20":"product_cat-bulk-buy-disposable-vapes-in-sweden","21":"product_cat-bulk-buy-disposable-vapes-in-switzerland","22":"product_cat-buy-best-disposable-vape-flavors","23":"product_cat-crystal-vapes","24":"product_cat-digital-box-vapes","25":"product_cat-disposable-vapes-series","26":"product_cat-dual-mesh-vapes","27":"product_cat-european-vape-warehouse","28":"product_cat-lower-nicotine-vapes","29":"product_cat-purchase-disposable-vape-no-moq","30":"product_cat-rechargeable-vapes","31":"product_cat-three-flavor-vapes","32":"product_cat-vape","33":"product_cat-vape-shop-by-puffs","35":"first","36":"instock","37":"shipping-taxable","38":"purchasable","39":"product-type-variable","40":"has-default-attributes"},"jetpack_sharing_enabled":true,"tiered_pricing_type":"fixed","tiered_pricing_fixed_rules":[],"tiered_pricing_product_settings":{"layout":"default","base_unit_name":{"singular":null,"plural":null},"default_variation":null},"tiered_pricing_minimum_quantity":null,"tiered_pricing_roles_data":[],"tiered_pricing_percentage_rules":[],"tiered_pricing_maximum_quantity":null,"tiered_pricing_quantity_step":null,"_links":{"self":[{"href":"https:\/\/vapexyz.com\/cs\/wp-json\/wp\/v2\/product\/60279","targetHints":{"allow":["GET"]}}],"collection":[{"href":"https:\/\/vapexyz.com\/cs\/wp-json\/wp\/v2\/product"}],"about":[{"href":"https:\/\/vapexyz.com\/cs\/wp-json\/wp\/v2\/types\/product"}],"replies":[{"embeddable":true,"href":"https:\/\/vapexyz.com\/cs\/wp-json\/wp\/v2\/comments?post=60279"}],"wp:featuredmedia":[{"embeddable":true,"href":"https:\/\/vapexyz.com\/cs\/wp-json\/wp\/v2\/media\/63555"}],"wp:attachment":[{"href":"https:\/\/vapexyz.com\/cs\/wp-json\/wp\/v2\/media?parent=60279"}],"wp:term":[{"taxonomy":"product_brand","embeddable":true,"href":"https:\/\/vapexyz.com\/cs\/wp-json\/wp\/v2\/product_brand?post=60279"},{"taxonomy":"product_cat","embeddable":true,"href":"https:\/\/vapexyz.com\/cs\/wp-json\/wp\/v2\/product_cat?post=60279"},{"taxonomy":"product_tag","embeddable":true,"href":"https:\/\/vapexyz.com\/cs\/wp-json\/wp\/v2\/product_tag?post=60279"}],"curies":[{"name":"wp","href":"https:\/\/api.w.org\/{rel}","templated":true}]}}