{"id":56661,"date":"2025-09-19T03:12:42","date_gmt":"2025-09-19T03:12:42","guid":{"rendered":"https:\/\/vapexyz.com\/?post_type=product&#038;p=56661"},"modified":"2026-03-02T12:47:49","modified_gmt":"2026-03-02T12:47:49","slug":"bang-king-60000-puffu-dsk048-ice-cool-nizky-nikotin-velkoobchodni-nakup-originalni-dobijeci-jednorazove-vape-zarizeni","status":"publish","type":"product","link":"https:\/\/vapexyz.com\/cs\/product\/bang-king-60000-puffs-dsk048-ice-cool-low-nicotine-bulk-buy-original-rechargeable-disposable-vapes-wholesale\/","title":{"rendered":"BANG KING 60000 Puffs DSK048 Ice Cool Hromadn\u00fd n\u00e1kup 60K Dob\u00edjec\u00ed Jednor\u00e1zov\u00e9 Vapes Velkoobchod"},"content":{"rendered":"<article style=\"font-family: 'Segoe UI', Roboto, Helvetica, Arial, sans-serif;line-height: 1.8;color: #2c3e50;max-width: 100%;margin: 0 auto;padding: 20px\">\n<h2 style=\"color: #1a252f;border-bottom: 2px solid #3498db;padding-bottom: 10px;margin-top: 30px\">Komplexn\u00ed technick\u00fd p\u0159ehled: BANG KING 60000 Puffs DSK048<\/h2>\n<p style=\"font-size: 1.1em;color: #4a5568\">V\u00edtejte ve VapeXYZ, va\u0161em p\u0159edn\u00edm mezin\u00e1rodn\u00edm distribu\u010dn\u00edm centru pro vysoce kapacitn\u00ed jednor\u00e1zov\u00e9 vapech. S v\u00edce ne\u017e osmi lety dokumentovan\u00e9 opera\u010dn\u00ed excelence v glob\u00e1ln\u00ed B2B dodavatelsk\u00e9m \u0159et\u011bzci jsme vytvo\u0159ili p\u0159\u00edsn\u00fd r\u00e1mec pro dod\u00e1v\u00e1n\u00ed pr\u00e9miov\u00e9 technologie vapov\u00e1n\u00ed na glob\u00e1ln\u00ed trh. Jsme hrd\u00ed na to, \u017ee p\u0159edstavujeme BANG KING 60000 Puffs DSK048 - za\u0159\u00edzen\u00ed navr\u017een\u00e9 pro prodlou\u017eenou \u017eivotnost i optim\u00e1ln\u00ed senzorick\u00e9 pod\u00e1v\u00e1n\u00ed. Jako profesion\u00e1ln\u00ed velkoobchodn\u00ed distributor se specializujeme na \u0161k\u00e1lov\u00e1n\u00ed invent\u00e1rn\u00edch \u0159e\u0161en\u00ed pro maloobchodn\u00edky a nab\u00edz\u00edme dostupn\u00e9 minim\u00e1ln\u00ed objedn\u00e1vkov\u00e9 mno\u017estv\u00ed (MOQ) od pouh\u00fdch 10 kus\u016f, co\u017e zaji\u0161\u0165uje, \u017ee podniky v\u0161ech velikost\u00ed mohou vyu\u017e\u00edt na\u0161i konkurenceschopnou velkoobchodn\u00ed cenovou strukturu.<\/p>\n<h3 style=\"color: #2980b9;margin-top: 35px\">In\u017een\u00fdrsk\u00e1 dokonalost a technick\u00e9 specifikace (expertiza)<\/h3>\n<p>BANG KING DSK048 p\u0159edstavuje v\u00fdznamn\u00fd skok v technologii jednor\u00e1zov\u00fdch vape\u016f. Nam\u00edsto spol\u00e9h\u00e1n\u00ed se na standardn\u00ed komponenty tento p\u0159\u00edstroj integruje sofistikovan\u00fd mikroelektronick\u00fd ekosyst\u00e9m navr\u017een\u00fd tak, aby udr\u017eoval konzistentn\u00ed v\u00fdstupn\u00ed v\u00fdkon od prvn\u00edho tahu a\u017e po posledn\u00ed. J\u00e1drem tohoto syst\u00e9mu je vysoce kapacitn\u00ed 850 mAh dob\u00edjec\u00ed zdroj energie, kter\u00fd vyu\u017e\u00edv\u00e1 pokro\u010dilou lithium-iontovou chemii pro zaji\u0161t\u011bn\u00ed stabiln\u00edho dod\u00e1v\u00e1n\u00ed nap\u011bt\u00ed. To je d\u016fle\u017eit\u00e9, proto\u017ee standardn\u00ed jednor\u00e1zov\u00e9 vapy \u010dasto trp\u00ed poklesem nap\u011bt\u00ed, co\u017e vede k nekonzistentn\u00edmu v\u00fdkonu.<\/p>\n<p>Teplotn\u00ed management je zaji\u0161\u0165ov\u00e1n p\u0159esn\u011b navr\u017een\u00fdm 1,0ohmov\u00fdm m\u0159\u00ed\u017ekov\u00fdm topn\u00fdm prvkem. Na rozd\u00edl od tradi\u010dn\u00edho vinut\u00e9ho dr\u00e1tu m\u0159\u00ed\u017ekov\u00e1 architektura exponenci\u00e1ln\u011b zvy\u0161uje povrchovou plochu v kontaktu s vnit\u0159n\u00ed formulac\u00ed. To umo\u017e\u0148uje rovnom\u011brn\u011bj\u0161\u00ed rozlo\u017een\u00ed tepla, minimalizuje lokalizovan\u00e9 hork\u00e9 body, kter\u00e9 mohou zhor\u0161it profil chuti, a zaji\u0161\u0165uje dokonale hladk\u00fd proces aerosolizace. Za\u0159\u00edzen\u00ed tak\u00e9 disponuje modern\u00edm rozhran\u00edm pro nab\u00edjen\u00ed typu C, kter\u00e9 zahrnuje ochranu proti p\u0159ebit\u00ed, prevenci zkratu a tepeln\u00fd monitoring, aby spl\u0148ovalo mezin\u00e1rodn\u00ed bezpe\u010dnostn\u00ed standardy pro spot\u0159ebn\u00ed elektroniku.<\/p>\n<div style=\"margin: 25px 0\">\n<table style=\"width: 100%;border-collapse: collapse;text-align: left;font-family: sans-serif\">\n<thead>\n<tr style=\"background-color: #f4f6f7;border-bottom: 2px solid #cbd5e0\">\n<th style=\"padding: 15px;border: 1px solid #e2e8f0;font-weight: 600;color: #2d3748\">Specifika\u010dn\u00ed parametr<\/th>\n<th style=\"padding: 15px;border: 1px solid #e2e8f0;font-weight: 600;color: #2d3748\">Technick\u00e9 podrobnosti a metriky<\/th>\n<\/tr>\n<\/thead>\n<tbody>\n<tr style=\"background-color: #ffffff\">\n<td style=\"padding: 12px 15px;border: 1px solid #e2e8f0;font-weight: 500\">Maxim\u00e1ln\u00ed kapacita<\/td>\n<td style=\"padding: 12px 15px;border: 1px solid #e2e8f0\">A\u017e 60 000 aktivac\u00ed (v z\u00e1vislosti na d\u00e9lce tahu)<\/td>\n<\/tr>\n<tr style=\"background-color: #f8fafc\">\n<td style=\"padding: 12px 15px;border: 1px solid #e2e8f0;font-weight: 500\">Vnit\u0159n\u00ed rezervo\u00e1r<\/td>\n<td style=\"padding: 12px 15px;border: 1px solid #e2e8f0\">25 ml kapacity pr\u00e9miov\u00e9 formulace<\/td>\n<\/tr>\n<tr style=\"background-color: #ffffff\">\n<td style=\"padding: 12px 15px;border: 1px solid #e2e8f0;font-weight: 500\">Architektura Power<\/td>\n<td style=\"padding: 12px 15px;border: 1px solid #e2e8f0\">Konfigurace 850 mAh lithium-ion, dob\u00edjec\u00ed<\/td>\n<\/tr>\n<tr style=\"background-color: #f8fafc\">\n<td style=\"padding: 12px 15px;border: 1px solid #e2e8f0;font-weight: 500\">Tepeln\u00e1 sou\u010d\u00e1st<\/td>\n<td style=\"padding: 12px 15px;border: 1px solid #e2e8f0\">1,0ohm optimalizovan\u00e1 odporov\u00e1 spir\u00e1la s mesh strukturou<\/td>\n<\/tr>\n<tr style=\"background-color: #ffffff\">\n<td style=\"padding: 12px 15px;border: 1px solid #e2e8f0;font-weight: 500\">Rozhran\u00ed nap\u00e1jen\u00ed<\/td>\n<td style=\"padding: 12px 15px;border: 1px solid #e2e8f0\">Port rychlonab\u00edjen\u00ed typu C s integrovan\u00fdmi bezpe\u010dnostn\u00edmi protokoly<\/td>\n<\/tr>\n<tr style=\"background-color: #f8fafc\">\n<td style=\"padding: 12px 15px;border: 1px solid #e2e8f0;font-weight: 500\">Senzorick\u00e1 p\u0159izp\u016fsoben\u00ed<\/td>\n<td style=\"padding: 12px 15px;border: 1px solid #e2e8f0\">5 r\u016fzn\u00fdch \u00farovn\u00ed nastaviteln\u00e9 intenzity chlazen\u00ed<\/td>\n<\/tr>\n<tr style=\"background-color: #ffffff\">\n<td style=\"padding: 12px 15px;border: 1px solid #e2e8f0;font-weight: 500\">Aktivn\u00ed koncentrace<\/td>\n<td style=\"padding: 12px 15px;border: 1px solid #e2e8f0\">Dostupn\u00e9 v proveden\u00edch 0%, 2%, 3% a 5%<\/td>\n<\/tr>\n<tr style=\"background-color: #f8fafc\">\n<td style=\"padding: 12px 15px;border: 1px solid #e2e8f0;font-weight: 500\">\u0158e\u0161en\u00ed B2B<\/td>\n<td style=\"padding: 12px 15px;border: 1px solid #e2e8f0\">Pln\u00e1 podpora v\u00fdroby OEM\/ODM pro certifikovan\u00e9 partnery<\/td>\n<\/tr>\n<\/tbody>\n<\/table>\n<\/div>\n<h3 style=\"color: #2980b9;margin-top: 35px\">Empirick\u00e9 testov\u00e1n\u00ed a metriky v\u00fdkonu (Empirick\u00e9)<\/h3>\n<p>V odv\u011btv\u00ed jednor\u00e1zov\u00fdch vape\u016f je transparentnost ohledn\u011b provozn\u00edch metrik prvo\u0159ad\u00e1. Inzerovan\u00fdch 60 000 aktivac\u00ed nen\u00ed libovoln\u00e9 \u010d\u00edslo; vych\u00e1z\u00ed z rigor\u00f3zn\u00edho empirick\u00e9ho laboratorn\u00edho testov\u00e1n\u00ed. Za pou\u017eit\u00ed automatizovan\u00e9ho pneumatick\u00e9ho za\u0159\u00edzen\u00ed pro testov\u00e1n\u00ed tahu je za\u0159\u00edzen\u00ed vystaveno standardn\u00edm 1,5 sekundov\u00fdm interval\u016fm vdechov\u00e1n\u00ed pod kontrolovan\u00fdmi atmosf\u00e9rick\u00fdmi podm\u00ednkami. To zaji\u0161\u0165uje, \u017ee 25 ml vnit\u0159n\u00ed z\u00e1sobn\u00edk je vypu\u0161t\u011bn matematicky konzistentn\u00ed rychlost\u00ed, co\u017e ov\u011b\u0159uje tvrzen\u00ed o dlouh\u00e9 \u017eivotnosti.<\/p>\n<p>Krom\u011b toho je 850 mAh baterie podrobov\u00e1na rozs\u00e1hl\u00e9mu cyklick\u00e9mu testov\u00e1n\u00ed degradace. In\u017een\u00fd\u0159i m\u011b\u0159\u00ed zachov\u00e1n\u00ed n\u00e1boje b\u011bhem n\u011bkolika cykl\u016f nab\u00edjen\u00ed Type-C, aby zaru\u010dili, \u017ee v\u00fdkonnostn\u00ed bu\u0148ka si udr\u017euje alespo\u0148 85 % sv\u00e9 p\u016fvodn\u00ed kapacity po celou dobu \u017eivotnosti 25ml formulace. Jedine\u010dn\u00fd 5-stup\u0148ov\u00fd nastaviteln\u00e9 chladic\u00ed mechanismus byl tak\u00e9 empiricky vylad\u011bn pomoc\u00ed senzor\u016f pr\u016ftoku vzduchu, aby poskytoval v\u00fdrazn\u00e9, m\u011b\u0159iteln\u00e9 variace v tepeln\u00e9m sn\u00ed\u017een\u00ed aerosolu, co\u017e umo\u017e\u0148uje u\u017eivatel\u016fm p\u0159esn\u011b kalibrovat jejich senzorick\u00fd z\u00e1\u017eitek.<\/p>\n<h3 style=\"color: #2980b9;margin-top: 35px\">Kuratovan\u00e9 senzorick\u00e9 profily<\/h3>\n<p>Vzhledem k tomu, \u017ee preference spot\u0159ebitel\u016f jsou vysoce subjektivn\u00ed, nab\u00edz\u00ed BANG KING DSK048 pe\u010dliv\u011b vytvo\u0159enou \u0159adu profil\u016f chut\u00ed. Ka\u017ed\u00e1 mo\u017enost je formulov\u00e1na pomoc\u00ed potravin\u00e1\u0159sk\u00fdch aromatick\u00fdch l\u00e1tek a podl\u00e9h\u00e1 p\u0159\u00edsn\u00e9 kontrole kvality, aby byla zaji\u0161t\u011bna konzistence mezi jednotliv\u00fdmi \u0161ar\u017eemi. Sou\u010dasn\u00e9 portfolio zahrnuje:<\/p>\n<ul style=\"list-style-type: none;padding-left: 0\">\n<li style=\"margin-bottom: 15px;padding-left: 20px;border-left: 3px solid #3498db\">Modr\u00fd Razz Ice: Komplexn\u00ed synt\u00e9za kysel\u00fdch aromat modr\u00e9 maliny, stabilizovan\u00e1 kryogenn\u00edm chladic\u00edm \u010dinidlem pro ost\u0159e osv\u011b\u017euj\u00edc\u00ed z\u00e1v\u011br.<\/li>\n<li style=\"margin-bottom: 15px;padding-left: 20px;border-left: 3px solid #3498db\">Jahodov\u00e1 Vodn\u00ed Meloun: Odborn\u011b vyv\u00e1\u017een\u00e1 sm\u011bs, kter\u00e1 spojuje hlubokou botanickou sladkost zral\u00fdch jahod se sv\u011b\u017e\u00edmi, k\u0159upav\u00fdmi t\u00f3ny \u010derstv\u00e9ho vodn\u00edho melounu.<\/li>\n<li style=\"margin-bottom: 15px;padding-left: 20px;border-left: 3px solid #3498db\">Melonov\u00fd led: Zam\u011b\u0159uje se v\u00fdhradn\u011b na \u010distou, nefal\u0161ovanou esenci melonu, v\u00fdrazn\u011b vylep\u0161enou podnulov\u00fdm chladic\u00edm efektem pro maxim\u00e1ln\u00ed osv\u011b\u017een\u00ed.<\/li>\n<li style=\"margin-bottom: 15px;padding-left: 20px;border-left: 3px solid #3498db\">Broskvov\u00fd led: Zachycuje bohatou, hedv\u00e1bnou sladkost broskv\u00ed vyp\u011bstovan\u00fdch v sadu, dopln\u011bnou p\u0159esn\u00fdm tepeln\u00fdm chladiv\u00fdm pocitem.<\/li>\n<li style=\"margin-bottom: 15px;padding-left: 20px;border-left: 3px solid #3498db\">Hroznov\u00fd led: Vyu\u017e\u00edv\u00e1 robustn\u00ed, tmav\u00fd extrakt Concordov\u00e9ho hroznu, charakterizovan\u00fd hlubok\u00fdm a rezonan\u010dn\u00edm profilem chuti, kter\u00fd kon\u010d\u00ed \u010dist\u00fdm, ledov\u00fdm v\u00fddechem.<\/li>\n<li style=\"margin-bottom: 15px;padding-left: 20px;border-left: 3px solid #3498db\">Scary Berry: Sofistikovan\u00e1 a komplexn\u00ed sm\u011bs r\u016fzn\u00fdch tmav\u00fdch bobul\u00ed, navr\u017een\u00e1 tak, aby zas\u00e1hla dokonalou rovnov\u00e1hu mezi p\u0159\u00edrodn\u00ed kyselost\u00ed a p\u0159etrv\u00e1vaj\u00edc\u00ed sladkost\u00ed.<\/li>\n<li style=\"margin-bottom: 15px;padding-left: 20px;border-left: 3px solid #3498db\">Cherry Strazz: Kombinuje hust\u00e9, bohat\u00e9 t\u0159e\u0161\u0148ov\u00e9 extrakty s jemn\u00fdm jahodov\u00fdm podt\u00f3nem, v\u00fdsledkem \u010deho\u017e je mnohostrann\u00e1 a vysoce uspokojuj\u00edc\u00ed senzorick\u00e1 cesta.<\/li>\n<li style=\"margin-bottom: 15px;padding-left: 20px;border-left: 3px solid #3498db\">Mango Magic: Tropick\u00e1 formulace v\u011bnovan\u00e1 poskytov\u00e1n\u00ed hust\u00e9, aromatick\u00e9 a sirupov\u00e9 sladkosti spojen\u00e9 s dokonale vyzr\u00e1l\u00fdmi mangy.<\/li>\n<li style=\"margin-bottom: 15px;padding-left: 20px;border-left: 3px solid #3498db\">Jahodov\u00fd dra\u010d\u00ed ovoce: Vysoce sofistikovan\u00e1 kombinace, kter\u00e1 povy\u0161uje tradi\u010dn\u00ed jahodov\u00e9 t\u00f3ny s exotick\u00fdmi, m\u00edrn\u011b kysel\u00fdmi charakteristikami dra\u010d\u00edho ovoce.<\/li>\n<li style=\"margin-bottom: 15px;padding-left: 20px;border-left: 3px solid #3498db\">Krev tygra: Dynamick\u00e9 a \u017eiv\u00e9 tropick\u00e9 spojen\u00ed s v\u00fdrazn\u00fdmi kokosov\u00fdmi aromaty propleten\u00fdmi robustn\u00edm ovocn\u00fdm mixem.<\/li>\n<li style=\"margin-bottom: 15px;padding-left: 20px;border-left: 3px solid #3498db\">Summer Splash: \u017div\u011b osv\u011b\u017euj\u00edc\u00ed sm\u011bs pe\u010dliv\u011b navr\u017een\u00e1 k replikaci sortimentu jasn\u00fdch, ovocn\u00fdch profil\u016f vhodn\u00fdch pro tepl\u00e9 po\u010das\u00ed.<\/li>\n<li style=\"margin-bottom: 15px;padding-left: 20px;border-left: 3px solid #3498db\">Kysel\u00fd Lush Gummy: Integruje kysel\u00fd, cukr\u00e1\u0159sk\u00fd profil s sladkou z\u00e1kladn\u00ed chut\u00ed, napodobuj\u00edc\u00ed popul\u00e1rn\u00ed \u017ev\u00fdkac\u00ed pochoutky.<\/li>\n<\/ul>\n<h3 style=\"color: #2980b9;margin-top: 35px\">Pr\u016fmyslov\u00e1 autorita a d\u016fv\u011bra v dodavatelsk\u00fd \u0159et\u011bzec (Autorita a d\u016fv\u011bra)<\/h3>\n<p>P\u0159i z\u00edsk\u00e1v\u00e1n\u00ed jednor\u00e1zov\u00fdch vap\u016f pro maloobchodn\u00ed distribuci je spolehlivost dodavatelsk\u00e9ho \u0159et\u011bzce stejn\u011b d\u016fle\u017eit\u00e1 jako samotn\u00fd hardware. VapeXYZ funguje jako ov\u011b\u0159en\u00e1, d\u016fv\u011bryhodn\u00e1 velkoobchodn\u00ed platforma s hlubok\u00fdmi ko\u0159eny v evropsk\u00e9 distribu\u010dn\u00ed s\u00edti. Vyh\u00fdb\u00e1me se zbyte\u010dn\u00fdm prost\u0159edn\u00edk\u016fm, co\u017e n\u00e1m umo\u017e\u0148uje nab\u00edzet autentick\u00e9 produkty BANG KING za vysoce konkurenceschopn\u00e9 ceny p\u0159\u00edmo z tov\u00e1rny. Na\u0161e operace se \u0159\u00edd\u00ed p\u0159\u00edsn\u00fdmi komer\u010dn\u00edmi p\u0159edpisy, kter\u00e9 zaji\u0161\u0165uj\u00ed, \u017ee v\u0161echny produkty spl\u0148uj\u00ed nezbytn\u00e9 region\u00e1ln\u00ed bezpe\u010dnostn\u00ed a materi\u00e1lov\u00e9 normy (jako jsou sm\u011brnice CE a RoHS pro elektronick\u00e9 komponenty).<\/p>\n<p>Rozpozn\u00e1v\u00e1me r\u016fznorod\u00e9 regula\u010dn\u00ed prost\u0159ed\u00ed, ve kter\u00e9m se pohybuj\u00ed na\u0161i B2B partne\u0159i, a proto je DSK048 nab\u00edzen v komplexn\u00edm rozsahu koncentra\u010dn\u00edch mo\u017enost\u00ed (0%, 2%, 3% a 5%). Tato transparentnost a p\u0159izp\u016fsobivost umo\u017e\u0148uj\u00ed maloobchodn\u00edk\u016fm skladovat dod\u00e1vky, kter\u00e9 jsou v souladu s m\u00edstn\u00edmi tr\u017en\u00edmi demografick\u00fdmi \u00fadaji. Krom\u011b toho na\u0161e robustn\u00ed logistick\u00e1 infrastruktura garantuje rychl\u00e9, pln\u011b sledovan\u00e9 dod\u00e1n\u00ed po cel\u00e9 Evrop\u011b, minimalizuje okna nedostatku z\u00e1sob a maximalizuje maloobchodn\u00ed ziskovost.<\/p>\n<div style=\"background-color: #f0f7ff;border-left: 6px solid #007bff;padding: 20px;margin: 30px 0;border-radius: 0 8px 8px 0;font-family: sans-serif\">\n<h4 style=\"margin-top: 0;color: #0056b3;font-size: 1.2em\">Kl\u00ed\u010dov\u00e9 znalosti pro optim\u00e1ln\u00ed v\u00fdkon<\/h4>\n<ul style=\"margin-bottom: 0;padding-left: 20px;color: #333\">\n<li style=\"margin-bottom: 8px\">\u00dadr\u017eba baterie: Aby se maximalizovala \u017eivotnost baterie s kapacitou 850 mAh, vyhn\u011bte se tomu, abyste za\u0159\u00edzen\u00ed nechali zapojen\u00e9 p\u0159es noc. Odpojte za\u0159\u00edzen\u00ed, jakmile LED indik\u00e1tor signalizuje pln\u00e9 nabit\u00ed.<\/li>\n<li style=\"margin-bottom: 8px\">Ekologick\u00e9 skladov\u00e1n\u00ed: Skladujte neotev\u0159en\u00e9 a aktivn\u00ed jednor\u00e1zov\u00e9 vapery v chladn\u00e9m, such\u00e9m prost\u0159ed\u00ed. Extr\u00e9mn\u00ed teplo m\u016f\u017ee ohrozit vnit\u0159n\u00ed tlak baterie, zat\u00edmco extr\u00e9mn\u00ed chlad m\u016f\u017ee zm\u011bnit viskozitu formulace, co\u017e do\u010dasn\u011b ovlivn\u00ed \u00fa\u010dinnost kap\u00e1n\u00ed s\u00ed\u0165ov\u00e9ho spir\u00e1ly.<\/li>\n<li style=\"margin-bottom: 8px\">Mechanika \u00fapravy chlazen\u00ed: 5\u00farov\u0148ov\u00e1 \u00faprava chlazen\u00ed funguje tak, \u017ee mechanicky omezuje nebo otev\u00edr\u00e1 sekund\u00e1rn\u00ed vzduchov\u00e9 kan\u00e1ly, co\u017e p\u0159\u00edmo m\u011bn\u00ed pom\u011br vzduchu k p\u00e1\u0159e p\u0159ed vdechnut\u00edm a vytv\u00e1\u0159\u00ed v\u00fdrazn\u011bj\u0161\u00ed ledov\u00fd pocit, kdy\u017e je zcela otev\u0159eno.<\/li>\n<\/ul>\n<\/div>\n<h3 style=\"color: #2980b9;margin-top: 35px\">\u010casto kladen\u00e9 ot\u00e1zky (FAQ)<\/h3>\n<div style=\"margin-top: 20px\">\n<div style=\"border: 1px solid #e2e8f0;border-radius: 8px;margin-bottom: 15px;padding: 20px;background-color: #ffffff\">\n<h4 style=\"margin: 0 0 10px 0;color: #2c3e50\">Jak\u00e9 je minim\u00e1ln\u00ed mno\u017estv\u00ed objedn\u00e1vky (MOQ) pro velkoobchodn\u00ed n\u00e1kup?<\/h4>\n<p style=\"margin: 0;color: #555\">V VapeXYZ jsme navrhli n\u00e1\u0161 velkoobchodn\u00ed model tak, aby byl vysoce dostupn\u00fd. Minim\u00e1ln\u00ed objedn\u00e1vkov\u00e9 mno\u017estv\u00ed pro BANG KING DSK048 je p\u0159\u00edsn\u011b 10 kus\u016f. To umo\u017e\u0148uje men\u0161\u00edm maloobchodn\u00edk\u016fm otestovat reakci trhu bez z\u00e1vazku k masivn\u00edm kapit\u00e1lov\u00fdm v\u00fddaj\u016fm, p\u0159i\u010dem\u017e st\u00e1le odemykaj\u00ed konkuren\u010dn\u00ed \u00farovn\u011b hromadn\u00fdch cen.<\/p>\n<\/div>\n<div style=\"border: 1px solid #e2e8f0;border-radius: 8px;margin-bottom: 15px;padding: 20px;background-color: #ffffff\">\n<h4 style=\"margin: 0 0 10px 0;color: #2c3e50\">Jak pozn\u00e1m, \u017ee je produkt prav\u00fd?<\/h4>\n<p style=\"margin: 0;color: #555\">D\u016fv\u011bra a autorita jsou na\u0161e z\u00e1kladn\u00ed kameny. Ka\u017ed\u00e1 z\u00e1silka od VapeXYZ obsahuje ov\u011b\u0159iteln\u00e9 k\u00f3dy pro ov\u011b\u0159en\u00ed pravosti v\u00fdrobku p\u0159\u00edmo z v\u00fdrobn\u00edho z\u00e1vodu BANG KING. Na\u0161e 8let\u00e1 historie je postavena na nulov\u00e9 toleranci k pad\u011blan\u00e9mu zbo\u017e\u00ed.<\/p>\n<\/div>\n<div style=\"border: 1px solid #e2e8f0;border-radius: 8px;margin-bottom: 15px;padding: 20px;background-color: #ffffff\">\n<h4 style=\"margin: 0 0 10px 0;color: #2c3e50\">Jak\u00fd nab\u00edje\u010d by m\u011bl b\u00fdt pou\u017eit s t\u00edmto za\u0159\u00edzen\u00edm?<\/h4>\n<p style=\"margin: 0;color: #555\">Za\u0159\u00edzen\u00ed vyu\u017e\u00edv\u00e1 standardn\u00ed rozhran\u00ed Type-C. Pro empirickou bezpe\u010dnost a dlouhou \u017eivotnost baterie doporu\u010dujeme pou\u017e\u00edvat standardn\u00ed nab\u00edjec\u00ed blok 5V\/1A. Vyhn\u011bte se pou\u017e\u00edv\u00e1n\u00ed vysokov\u00fdkonn\u00fdch notebookov\u00fdch nebo rychlonab\u00edje\u010dek, proto\u017ee nadm\u011brn\u00e1 intenzita proudu m\u016f\u017ee p\u0159ed\u010dasn\u011b po\u0161kodit lithium-iontovou baterii.<\/p>\n<\/div>\n<div style=\"border: 1px solid #e2e8f0;border-radius: 8px;margin-bottom: 15px;padding: 20px;background-color: #ffffff\">\n<h4 style=\"margin: 0 0 10px 0;color: #2c3e50\">Jsou k dispozici r\u016fzn\u00e9 mo\u017enosti s\u00edly?<\/h4>\n<p style=\"margin: 0;color: #555\">Ano. Aby byly spln\u011bny r\u016fzn\u00e9 preference spot\u0159ebitel\u016f a region\u00e1ln\u00ed regula\u010dn\u00ed po\u017eadavky, je DSK048 vyr\u00e1b\u011bn ve \u010dty\u0159ech r\u016fzn\u00fdch profilech koncentrace: 0%, 2%, 3% a 5%. Velkoobchodn\u00ed partne\u0159i mohou tyto varianty kombinovat a tak splnit sv\u00e9 specifick\u00e9 pot\u0159eby v oblasti z\u00e1sob.<\/p>\n<\/div>\n<\/div>\n<p style=\"margin-top: 30px;font-weight: bold;font-size: 1.1em;color: #2c3e50;text-align: center\">Zvolte BANG KING 60000 PUFFS DSK048 Ice Cool pro jeho v\u00fdkonn\u00e9 zpracov\u00e1n\u00ed, rafinovan\u00e9 senzorick\u00e9 profily a na\u0161i bezkonkuren\u010dn\u00ed spolehlivost p\u0159i velkoobchod\u011b. Partnerstv\u00ed v\u00fdhradn\u011b s VapeXYZ, Evropou d\u016fv\u011bryhodn\u00fdm org\u00e1nem pro hromadn\u00e9 jednor\u00e1zov\u00e9 vapey.<\/p>\n<div style=\"text-align: center;margin-top: 40px\"><img loading=\"lazy\" decoding=\"async\" class=\"alignnone size-full wp-image-56723\" style=\"max-width: 100%;height: auto;border-radius: 8px\" src=\"https:\/\/vapexyz.com\/wp-content\/uploads\/2025\/09\/BANG-KING-60000-Puffs-DSK048-Ice-Cool-Low-Nicotine-Bulk-Buy-Original-Rechargeable-Disposable-Vapes-Wholesale-10.webp\" alt=\"BANG KING 60000 Puffs DSK048 Ice Cool N\u00edzk\u00fd Nikotin Hromadn\u00fd N\u00e1kup Origin\u00e1ln\u00ed Dob\u00edjec\u00ed Jednor\u00e1zov\u00e9 Vapes Velkoobchod\" width=\"1918\" height=\"1920\" title=\"\" srcset=\"https:\/\/vapexyz.com\/wp-content\/uploads\/2025\/09\/BANG-KING-60000-Puffs-DSK048-Ice-Cool-Low-Nicotine-Bulk-Buy-Original-Rechargeable-Disposable-Vapes-Wholesale-10.webp 1918w, https:\/\/vapexyz.com\/wp-content\/uploads\/2025\/09\/BANG-KING-60000-Puffs-DSK048-Ice-Cool-Low-Nicotine-Bulk-Buy-Original-Rechargeable-Disposable-Vapes-Wholesale-10-500x500.webp 500w, https:\/\/vapexyz.com\/wp-content\/uploads\/2025\/09\/BANG-KING-60000-Puffs-DSK048-Ice-Cool-Low-Nicotine-Bulk-Buy-Original-Rechargeable-Disposable-Vapes-Wholesale-10-1024x1024.webp 1024w, https:\/\/vapexyz.com\/wp-content\/uploads\/2025\/09\/BANG-KING-60000-Puffs-DSK048-Ice-Cool-Low-Nicotine-Bulk-Buy-Original-Rechargeable-Disposable-Vapes-Wholesale-10-300x300.webp 300w, https:\/\/vapexyz.com\/wp-content\/uploads\/2025\/09\/BANG-KING-60000-Puffs-DSK048-Ice-Cool-Low-Nicotine-Bulk-Buy-Original-Rechargeable-Disposable-Vapes-Wholesale-10-768x769.webp 768w, https:\/\/vapexyz.com\/wp-content\/uploads\/2025\/09\/BANG-KING-60000-Puffs-DSK048-Ice-Cool-Low-Nicotine-Bulk-Buy-Original-Rechargeable-Disposable-Vapes-Wholesale-10-1534x1536.webp 1534w, https:\/\/vapexyz.com\/wp-content\/uploads\/2025\/09\/BANG-KING-60000-Puffs-DSK048-Ice-Cool-Low-Nicotine-Bulk-Buy-Original-Rechargeable-Disposable-Vapes-Wholesale-10-12x12.webp 12w, https:\/\/vapexyz.com\/wp-content\/uploads\/2025\/09\/BANG-KING-60000-Puffs-DSK048-Ice-Cool-Low-Nicotine-Bulk-Buy-Original-Rechargeable-Disposable-Vapes-Wholesale-10-247x247.webp 247w, https:\/\/vapexyz.com\/wp-content\/uploads\/2025\/09\/BANG-KING-60000-Puffs-DSK048-Ice-Cool-Low-Nicotine-Bulk-Buy-Original-Rechargeable-Disposable-Vapes-Wholesale-10-510x511.webp 510w, https:\/\/vapexyz.com\/wp-content\/uploads\/2025\/09\/BANG-KING-60000-Puffs-DSK048-Ice-Cool-Low-Nicotine-Bulk-Buy-Original-Rechargeable-Disposable-Vapes-Wholesale-10-100x100.webp 100w\" sizes=\"auto, (max-width: 1918px) 100vw, 1918px\" \/><\/div>\n<\/article>","protected":false},"excerpt":{"rendered":"<p>BANG KING 60000 PUFFS DSK048 Ice Cool je dob\u00edjec\u00ed jednor\u00e1zov\u00e1 vape s kapacitou 25 ml, mesh c\u00edvkou, nastaviteln\u00fdm chlazen\u00edm, v\u00edce mo\u017enostmi s\u00edly a 12 chut\u011bmi, dostupn\u00e1 velkoobchodn\u011b u VapeXYZ.<\/p>","protected":false},"featured_media":56717,"comment_status":"open","ping_status":"closed","template":"","meta":{"_lmt_disableupdate":"no","_lmt_disable":""},"product_brand":[],"product_cat":[821,1072,947,935,934,927,929,928,930,933,939,932,938,931,936,937,1017,949,946,951,953,987],"product_tag":[],"class_list":{"0":"post-56661","1":"product","2":"type-product","3":"status-publish","4":"has-post-thumbnail","6":"product_cat-bang","7":"product_cat-60000-puff-vapes","8":"product_cat-big-puffs-vapes","9":"product_cat-bulk-buy-disposable-vapes-in-austria","10":"product_cat-bulk-buy-disposable-vapes-in-belgium","11":"product_cat-bulk-buy-disposable-vapes-in-europe","12":"product_cat-bulk-buy-disposable-vapes-in-france","13":"product_cat-bulk-buy-disposable-vapes-in-germany","14":"product_cat-bulk-buy-disposable-vapes-in-italy","15":"product_cat-bulk-buy-disposable-vapes-in-netherlands","16":"product_cat-bulk-buy-disposable-vapes-in-norway","17":"product_cat-bulk-buy-disposable-vapes-in-poland","18":"product_cat-bulk-buy-disposable-vapes-in-portugal","19":"product_cat-bulk-buy-disposable-vapes-in-spain","20":"product_cat-bulk-buy-disposable-vapes-in-sweden","21":"product_cat-bulk-buy-disposable-vapes-in-switzerland","22":"product_cat-buy-best-disposable-vape-flavors","23":"product_cat-digital-box-vapes","24":"product_cat-disposable-vapes-series","25":"product_cat-lower-nicotine-vapes","26":"product_cat-rechargeable-vapes","27":"product_cat-vape-shop-by-puffs","29":"first","30":"instock","31":"shipping-taxable","32":"purchasable","33":"product-type-variable","34":"has-default-attributes"},"jetpack_sharing_enabled":true,"tiered_pricing_type":"fixed","tiered_pricing_fixed_rules":[],"tiered_pricing_product_settings":{"layout":"default","base_unit_name":{"singular":null,"plural":null},"default_variation":null},"tiered_pricing_minimum_quantity":null,"tiered_pricing_roles_data":[],"tiered_pricing_percentage_rules":[],"tiered_pricing_maximum_quantity":null,"tiered_pricing_quantity_step":null,"_links":{"self":[{"href":"https:\/\/vapexyz.com\/cs\/wp-json\/wp\/v2\/product\/56661","targetHints":{"allow":["GET"]}}],"collection":[{"href":"https:\/\/vapexyz.com\/cs\/wp-json\/wp\/v2\/product"}],"about":[{"href":"https:\/\/vapexyz.com\/cs\/wp-json\/wp\/v2\/types\/product"}],"replies":[{"embeddable":true,"href":"https:\/\/vapexyz.com\/cs\/wp-json\/wp\/v2\/comments?post=56661"}],"wp:featuredmedia":[{"embeddable":true,"href":"https:\/\/vapexyz.com\/cs\/wp-json\/wp\/v2\/media\/56717"}],"wp:attachment":[{"href":"https:\/\/vapexyz.com\/cs\/wp-json\/wp\/v2\/media?parent=56661"}],"wp:term":[{"taxonomy":"product_brand","embeddable":true,"href":"https:\/\/vapexyz.com\/cs\/wp-json\/wp\/v2\/product_brand?post=56661"},{"taxonomy":"product_cat","embeddable":true,"href":"https:\/\/vapexyz.com\/cs\/wp-json\/wp\/v2\/product_cat?post=56661"},{"taxonomy":"product_tag","embeddable":true,"href":"https:\/\/vapexyz.com\/cs\/wp-json\/wp\/v2\/product_tag?post=56661"}],"curies":[{"name":"wp","href":"https:\/\/api.w.org\/{rel}","templated":true}]}}