{"id":54652,"date":"2025-08-07T03:50:55","date_gmt":"2025-08-07T03:50:55","guid":{"rendered":"https:\/\/vapexyz.com\/?post_type=product&#038;p=54652"},"modified":"2026-03-02T10:36:13","modified_gmt":"2026-03-02T10:36:13","slug":"bang-vudce-50-000-nadechu-dualni-prichute-lcd-displej-nizky-nikotin-hromadny-nakup-originalni-dobijeci-jednorazove-vape-zarizeni-velkoobchod","status":"publish","type":"product","link":"https:\/\/vapexyz.com\/cs\/product\/bang-leader-50000-puffs-dual-flavors-lcd-screen-low-nicotine-bulk-buy-original-rechargeable-disposable-vapes-wholesale\/","title":{"rendered":"BANG LEADER 50000 Puffs Dvojit\u00e9 Chuti LCD Displej Hromadn\u00fd N\u00e1kup Dob\u00edjec\u00ed Jednor\u00e1zov\u00e9 Vapes Velkoobchod"},"content":{"rendered":"<article style=\"font-family: system-ui, -apple-system, sans-serif;line-height: 1.7;color: #2d3748;max-width: 100%;margin: 0 auto;padding: 20px\">\n<h2 style=\"color: #1a202c;border-bottom: 2px solid #edf2f7;padding-bottom: 10px;margin-top: 30px\"><a style=\"color: #3182ce;text-decoration: none\" href=\"https:\/\/vapexyz.com\/cs\/kategorie-produktu\/prask\/\">BANG<\/a> LEADER 50000 Puffs: Komplexn\u00ed technick\u00fd p\u0159ehled<\/h2>\n<p>Trh spot\u0159ebn\u00ed elektroniky zaznamenal rychl\u00fd pokrok a nejnov\u011bj\u0161\u00ed generace osobn\u00ed technologie vypa\u0159ov\u00e1n\u00ed tento v\u00fdvoj odr\u00e1\u017e\u00ed. Odemkn\u011bte a\u017e 50 000 aktivac\u00ed v jedin\u00e9m jednor\u00e1zov\u00e9m vape za\u0159\u00edzen\u00ed s dvojitou profilovou schopnost\u00ed, integrovan\u00fdm chytr\u00fdm displejem a inteligentn\u00edm dob\u00edjec\u00edm pohodl\u00edm. Tento vape s variabiln\u00ed koncentrac\u00ed (dostupn\u00fd v formulac\u00edch 0%, 2%, 3% a 5%) poskytuje p\u0159esn\u011b navr\u017eenou v\u00fdkonnost navr\u017eenou pro n\u00e1ro\u010dn\u00e9 maloobchodn\u00edky a u\u017eivatele na evropsk\u00e9m trhu.<\/p>\n<p>Nam\u00edsto toho, abychom se spol\u00e9hali na neov\u011b\u0159en\u00e9 tvrzen\u00ed, se na\u0161e anal\u00fdza BANG LEADER 50000 zam\u011b\u0159uje na jeho konstruk\u010dn\u00ed in\u017een\u00fdrstv\u00ed, empirick\u00e9 \u00fadaje o v\u00fdkonu a soulad komponent. Za\u0159\u00edzen\u00ed spojuje pr\u00e9miov\u00e9 funkce do jedin\u00e9ho ergonomicky navr\u017een\u00e9ho \u0161asi vyroben\u00e9ho z odoln\u00e9ho, n\u00e1razuvzdorn\u00e9ho polykarbon\u00e1tu. Disponuje dvojit\u00fdmi vnit\u0159n\u00edmi n\u00e1dr\u017eemi obsahuj\u00edc\u00edmi p\u0159ibli\u017en\u011b 36\u202fmL propriet\u00e1rn\u00ed formule, konstruk\u010dn\u011b izolovan\u00fdmi, aby se zabr\u00e1nilo zk\u0159\u00ed\u017een\u00e9 kontaminaci mezi dv\u011bma odli\u0161n\u00fdmi profily. Nap\u00e1jen\u00ed tohoto syst\u00e9mu zaji\u0161\u0165uje pr\u016fmyslov\u00e1 dob\u00edjec\u00ed lithium-polymerov\u00e1 (Li-Po) baterie o kapacit\u011b 650\u202fmAh, integrovan\u00e1 s vlastn\u00edm mikrokontrol\u00e9rov\u00fdm jednotkou (MCU), kter\u00e1 \u0159\u00edd\u00ed dod\u00e1vku proudu a podporuje protokoly rychl\u00e9ho nab\u00edjen\u00ed typu C.<\/p>\n<p>V srdci jeho vypa\u0159ovac\u00edho motoru je pokro\u010dil\u00e1 architektura du\u00e1ln\u00ed m\u0159\u00ed\u017ekov\u00e9 c\u00edvky. Na rozd\u00edl od tradi\u010dn\u00edch dr\u00e1tov\u00fdch c\u00edvek zaji\u0161\u0165uje roz\u0161\u00ed\u0159en\u00e1 povrchov\u00e1 plocha m\u0159\u00ed\u017ekov\u00e9 s\u00edt\u011b rovnom\u011brn\u00e9 rozlo\u017een\u00ed tepla. To vede k konzistentn\u00edmu aromatick\u00e9mu v\u00fdstupu a hust\u00e9 aerosolov\u00e9 f\u00e1zi od prvn\u00edho spu\u0161t\u011bn\u00ed a\u017e po posledn\u00ed. Aby se zm\u00edrnila \u00fazkost u\u017eivatele t\u00fdkaj\u00edc\u00ed se stavu za\u0159\u00edzen\u00ed, vestav\u011bn\u00fd vysokokontrastn\u00ed LCD displej vyu\u017e\u00edv\u00e1 telemetrii v re\u00e1ln\u00e9m \u010dase, aby u\u017eivatele informoval jak o \u00farovn\u00edch degradace baterie, tak o zb\u00fdvaj\u00edc\u00ed kapacit\u011b formule. To p\u0159edstavuje vysoce v\u00fdnosn\u00e9, n\u00edzkou n\u00e1ro\u010dnost na \u00fadr\u017ebu hardwarov\u00e9 \u0159e\u0161en\u00ed dokonale optimalizovan\u00e9 pro logistiku hromadn\u00e9 distribuce.<\/p>\n<div style=\"background-color: #f8fafc;border-left: 6px solid #4299e1;padding: 20px;margin: 30px 0;border-radius: 0 8px 8px 0\">\n<h3 style=\"margin-top: 0;color: #2b6cb0;font-size: 1.25rem\">Technick\u00fd znalostn\u00ed bod: Dynamika dvojit\u00e9 s\u00edt\u011b vyt\u00e1p\u011bn\u00ed<\/h3>\n<p style=\"margin-bottom: 0\">Implementace du\u00e1ln\u00edch mesh topn\u00fdch prvk\u016f v\u00fdznamn\u011b m\u011bn\u00ed termodynamick\u00fd profil jednor\u00e1zov\u00e9 vape. Standardn\u00ed jednoduch\u00e9 c\u00edvky \u010dasto za\u017e\u00edvaj\u00ed lokalizovanou koncentraci tepla, kter\u00e1 m\u016f\u017ee p\u0159ed\u010dasn\u011b degradovat formuli. Vyu\u017eit\u00edm konfigurace du\u00e1ln\u00edho mesh distribuuje BANG LEADER 50000 elektrickou z\u00e1t\u011b\u017e p\u0159es \u0161ir\u0161\u00ed m\u0159\u00ed\u017ekovou plochu. Nez\u00e1visl\u00e9 term\u00e1ln\u00ed zobrazovac\u00ed testy ukazuj\u00ed 40% sn\u00ed\u017een\u00ed tepeln\u00fdch \u0161pi\u010dek nap\u0159\u00ed\u010d materi\u00e1lov\u00fdm knotem ve srovn\u00e1n\u00ed se standardn\u00edmi c\u00edvkami. Tento rovnom\u011brn\u00fd protokol oh\u0159evu nejen maximalizuje \u00fa\u010dinnost aerosolizace, ale tak\u00e9 zaji\u0161\u0165uje, \u017ee slo\u017eit\u00e9 molekul\u00e1rn\u00ed struktury aromatick\u00fdch profil\u016f z\u016fst\u00e1vaj\u00ed nedot\u010deny, poskytuj\u00edc\u00ed stabiln\u00ed v\u00fdstup nap\u0159\u00ed\u010d des\u00edtkami tis\u00edc aktivac\u00ed.<\/p>\n<\/div>\n<h2 style=\"color: #1a202c;border-bottom: 2px solid #edf2f7;padding-bottom: 10px;margin-top: 40px\">Empirick\u00e9 testov\u00e1n\u00ed a regula\u010dn\u00ed soulad<\/h2>\n<p>Aby byl zaji\u0161t\u011bn d\u016fv\u011bryhodnost a ov\u011b\u0159eny provozn\u00ed schopnosti, podrobuje se BANG LEADER 50000 p\u0159\u00edsn\u00fdm empirick\u00fdm test\u016fm p\u0159ed uveden\u00edm na trh. \u0160iroce inzerovan\u00fd po\u010det 50 000 n\u00e1dech\u016f nen\u00ed libovoln\u00fdm odhadem; je odvozen ze standardizovan\u00fdch laboratorn\u00edch anal\u00fdz pomoc\u00ed automatick\u00fdch stroj\u016f na n\u00e1dech. Tyto stroje jsou kalibrov\u00e1ny na specifick\u00e9 parametry n\u00e1dechu - obvykle 3 sekundy trvaj\u00edc\u00ed n\u00e1dech n\u00e1sledovan\u00fd 30 sekundov\u00fdm intervalem odpo\u010dinku, p\u0159i\u010dem\u017e se vyt\u00e1hne konzistentn\u00ed objem vzduchu 55 ml na aktivaci. Za t\u011bchto kontrolovan\u00fdch environment\u00e1ln\u00edch podm\u00ednek dvojit\u00e9 36 mL z\u00e1sobn\u00edky d\u016fsledn\u011b prokazuj\u00ed schopnost splnit stanovenou hranici dlouhodob\u00e9ho pou\u017e\u00edv\u00e1n\u00ed.<\/p>\n<p>Krom\u011b toho testov\u00e1n\u00ed cykl\u016f baterie potvrzuje, \u017ee 650mAh Li-Po \u010dl\u00e1nek si zachov\u00e1v\u00e1 v\u00edce ne\u017e 85 % sv\u00e9 p\u016fvodn\u00ed kapacity n\u00e1boje dokonce i po 300 \u00fapln\u00fdch cyklech nab\u00edjen\u00ed a vyb\u00edjen\u00ed, co\u017e zaji\u0161\u0165uje, \u017ee zdroj energie vydr\u017e\u00ed d\u00e9le ne\u017e zdroj kapaliny. Z hlediska autority a souladu vnit\u0159n\u00ed elektronick\u00e9 komponenty za\u0159\u00edzen\u00ed striktn\u011b dodr\u017euj\u00ed sm\u011brnice CE a RoHS. Testov\u00e1n\u00ed t\u011b\u017ek\u00fdch kov\u016f spir\u00e1lov\u00fdch m\u0159\u00ed\u017e\u00ed a plast\u016f PCTG vhodn\u00fdch pro potraviny pou\u017e\u00edvan\u00fdch v z\u00e1sobn\u00edc\u00edch zaji\u0161\u0165uje, \u017ee za\u0159\u00edzen\u00ed spl\u0148uje p\u0159\u00edsn\u00e9 bezpe\u010dnostn\u00ed sm\u011brnice, \u010d\u00edm\u017e se \u0159ad\u00ed jako vysoce spolehliv\u00e1 mo\u017enost v r\u00e1mci sektoru jednor\u00e1zov\u00fdch vaporiz\u00e9r\u016f.<\/p>\n<hr style=\"border: 0;height: 1px;background-image: linear-gradient(to right, rgba(0, 0, 0, 0), rgba(0, 0, 0, 0.15), rgba(0, 0, 0, 0));margin: 40px 0\" \/>\n<h2 style=\"color: #1a202c;border-bottom: 2px solid #edf2f7;padding-bottom: 10px;margin-top: 30px\"><a style=\"color: #3182ce;text-decoration: none\" href=\"https:\/\/vapexyz.com\/cs\/kategorie-produktu\/prask\/\">BANG LEADER<\/a> 50 000 Puffs Du\u00e1ln\u00ed Profil Kombinace<\/h2>\n<p>Dvou n\u00e1dr\u017ekov\u00fd syst\u00e9m umo\u017e\u0148uje p\u0159ep\u00edn\u00e1n\u00ed mezi komplement\u00e1rn\u00edmi aromatick\u00fdmi profily za b\u011bhu. Zde jsou v\u0161ech 12 p\u00e1r\u016f du\u00e1ln\u00edch profil\u016f, navr\u017een\u00fdch pro optim\u00e1ln\u00ed senzorick\u00fd v\u00fdstup a specifikovan\u00fdch v p\u0159esn\u00e9m v\u00fdrobn\u00edm po\u0159ad\u00ed:<\/p>\n<ol style=\"background: #fff;padding: 25px 25px 25px 45px;border-radius: 8px;margin-bottom: 30px;border: 1px solid #e2e8f0\">\n<li style=\"margin-bottom: 12px;padding-left: 10px\">jahodov\u00fd malinov\u00fd t\u0159e\u0161\u0148ov\u00fd led &amp; t\u0159e\u0161\u0148ov\u00fd<\/li>\n<li style=\"margin-bottom: 12px;padding-left: 10px\">Vodn\u00ed meloun jahoda &amp; Vodn\u00ed meloun Red Bull<\/li>\n<li style=\"margin-bottom: 12px;padding-left: 10px\">\u010cern\u00e1 Hrozna &amp; Zelen\u00e1 Hrozna Bonbony<\/li>\n<li style=\"margin-bottom: 12px;padding-left: 10px\">Apple Pear &amp; Kiwi Passion Fruit Guava<\/li>\n<li style=\"margin-bottom: 12px;padding-left: 10px\">Kysel\u00e1 Ananasov\u00e1 Limon\u00e1da &amp; Citron Lime Red Bull<\/li>\n<li style=\"margin-bottom: 12px;padding-left: 10px\">Ban\u00e1nov\u00fd led &amp; Mango Jahoda<\/li>\n<li style=\"margin-bottom: 12px;padding-left: 10px\">Modr\u00e1 Bor\u016fvkov\u00e1 T\u0159e\u0161e\u0148 &amp; Bor\u016fvkov\u00fd Led<\/li>\n<li style=\"margin-bottom: 12px;padding-left: 10px\">T\u0159e\u0161\u0148ov\u00e1 Cola &amp; R\u016f\u017eov\u00fd Citron\u00e1d<\/li>\n<li style=\"margin-bottom: 12px;padding-left: 10px\">Modr\u00e1 bor\u016fvkov\u00e1 malinov\u00e1 limon\u00e1da &amp; Jahodov\u00e1 malinov\u00e1 t\u0159e\u0161\u0148ov\u00fd led<\/li>\n<li style=\"margin-bottom: 12px;padding-left: 10px\">jahodov\u00fd kiwi a jahodov\u00fd led<\/li>\n<li style=\"margin-bottom: 12px;padding-left: 10px\">Ananasov\u00e1 Mu\u0161katov\u00e1 a Ananasov\u00e1 zmrzlina<\/li>\n<li style=\"margin-bottom: 12px;padding-left: 10px\">Raspberry Mojito &amp; Cherry Raspberry Lime \nse p\u0159elo\u017e\u00ed jako \n\nRaspberry Mojito &amp; Cherry Raspberry Lime \n\n \u017d\u00e1dn\u00e9 zm\u011bny nejsou pot\u0159eba. Pokud chcete p\u0159eklad, zde je: \nRaspberry Mojito a Cherry Raspberry Lime<\/li>\n<\/ol>\n<hr style=\"border: 0;height: 1px;background-image: linear-gradient(to right, rgba(0, 0, 0, 0), rgba(0, 0, 0, 0.15), rgba(0, 0, 0, 0));margin: 40px 0\" \/>\n<h2 style=\"color: #1a202c;border-bottom: 2px solid #edf2f7;padding-bottom: 10px\">Logistika, balen\u00ed a specifikace<\/h2>\n<p>Pro B2B operace a spr\u00e1vu z\u00e1sob je pochopen\u00ed p\u0159esn\u00fdch fyzick\u00fdch specifikac\u00ed va\u0161ich z\u00e1sob naprosto z\u00e1sadn\u00ed. BANG LEADER 50000 byl zabalen pomoc\u00ed robustn\u00edch, prostorov\u011b optimalizovan\u00fdch materi\u00e1l\u016f, aby se minimalizovalo po\u0161kozen\u00ed b\u011bhem p\u0159epravy a zefektivnilo skladov\u00e1n\u00ed ve skladu.<\/p>\n<ul style=\"list-style-type: none;padding: 0\">\n<li style=\"background: #f7fafc;margin-bottom: 10px;padding: 15px 20px;border-radius: 6px;border-left: 4px solid #a0aec0;align-items: center\"><span style=\"width: 120px\">M\u011brn\u00e1 hmotnost:<\/span> p\u0159ibli\u017en\u011b 100\u202fg (v\u010detn\u011b vnit\u0159n\u00ed baterie a pln\u00fdch n\u00e1dr\u017e\u00ed)<\/li>\n<li style=\"background: #f7fafc;margin-bottom: 10px;padding: 15px 20px;border-radius: 6px;border-left: 4px solid #a0aec0;align-items: center\"><span style=\"width: 120px\">Zobrazovac\u00ed sk\u0159\u00ed\u0148:<\/span> 10 za\u0159\u00edzen\u00ed na maloobchodn\u00ed hotovou krabici (p\u0159ibli\u017en\u011b 1 000 g hrub\u00e9 hmotnosti)<\/li>\n<li style=\"background: #f7fafc;margin-bottom: 10px;padding: 15px 20px;border-radius: 6px;border-left: 4px solid #a0aec0;align-items: center\"><span style=\"width: 120px\">Hlavn\u00ed karton:<\/span> 200 jednotek za karton, rozm\u011bry ~65 \u00d7 31 \u00d7 26 cm, celkov\u00e1 hmotnost p\u0159ibli\u017en\u011b 21,3 kg<\/li>\n<\/ul>\n<hr style=\"border: 0;height: 1px;background-image: linear-gradient(to right, rgba(0, 0, 0, 0), rgba(0, 0, 0, 0.15), rgba(0, 0, 0, 0));margin: 40px 0\" \/>\n<h2 style=\"color: #1a202c;border-bottom: 2px solid #edf2f7;padding-bottom: 10px\">Rychl\u00fd p\u0159ehled tabulky<\/h2>\n<div>\n<table style=\"width: 100%;border-collapse: collapse;margin: 20px 0;border-radius: 8px;overflow: hidden;background: #fff\">\n<thead style=\"background-color: #2d3748;color: #ffffff;text-align: left\">\n<tr>\n<th style=\"padding: 16px 20px;font-weight: 600;text-transform: uppercase;font-size: 0.85rem;letter-spacing: 0.05em\">Hardwarov\u00e1 funkce<\/th>\n<th style=\"padding: 16px 20px;font-weight: 600;text-transform: uppercase;font-size: 0.85rem;letter-spacing: 0.05em\">Technick\u00fd popis<\/th>\n<\/tr>\n<\/thead>\n<tbody style=\"font-size: 0.95rem\">\n<tr style=\"border-bottom: 1px solid #edf2f7\">\n<td style=\"padding: 16px 20px;font-weight: 500;color: #4a5568\">Maxim\u00e1ln\u00ed aktivace<\/td>\n<td style=\"padding: 16px 20px;color: #718096\">A\u017e 50 000 (Na z\u00e1klad\u011b laboratorn\u00edho testov\u00e1n\u00ed)<\/td>\n<\/tr>\n<tr style=\"border-bottom: 1px solid #edf2f7;background-color: #f8fafc\">\n<td style=\"padding: 16px 20px;font-weight: 500;color: #4a5568\">Kapacita n\u00e1dr\u017ee<\/td>\n<td style=\"padding: 16px 20px;color: #718096\">P\u0159ibli\u017en\u011b 36\u202fmL (Odd\u011blen\u00e9 du\u00e1ln\u00ed kapsle)<\/td>\n<\/tr>\n<tr style=\"border-bottom: 1px solid #edf2f7\">\n<td style=\"padding: 16px 20px;font-weight: 500;color: #4a5568\">Zdroj energie<\/td>\n<td style=\"padding: 16px 20px;color: #718096\">650 mAh dob\u00edjec\u00ed Li-Po (protokol Type-C)<\/td>\n<\/tr>\n<tr style=\"border-bottom: 1px solid #edf2f7;background-color: #f8fafc\">\n<td style=\"padding: 16px 20px;font-weight: 500;color: #4a5568\">Technologie atomizace<\/td>\n<td style=\"padding: 16px 20px;color: #718096\">Dvojit\u00e1 architektura s\u00edt\u011b pro optimalizovan\u00fd p\u0159enos tepla<\/td>\n<\/tr>\n<tr style=\"border-bottom: 1px solid #edf2f7\">\n<td style=\"padding: 16px 20px;font-weight: 500;color: #4a5568\">V\u00fdkon<\/td>\n<td style=\"padding: 16px 20px;color: #718096\">Dynamick\u00fd \/ Nastaviteln\u00fd v\u00fdkon \u0159\u00edzen\u00fd MCU<\/td>\n<\/tr>\n<tr style=\"border-bottom: 1px solid #edf2f7;background-color: #f8fafc\">\n<td style=\"padding: 16px 20px;font-weight: 500;color: #4a5568\">Zobrazen\u00ed telemetrie<\/td>\n<td style=\"padding: 16px 20px;color: #718096\">LCD matice indikuj\u00edc\u00ed stav nabit\u00ed a vy\u010derp\u00e1n\u00ed vzorce<\/td>\n<\/tr>\n<tr style=\"border-bottom: 1px solid #edf2f7\">\n<td style=\"padding: 16px 20px;font-weight: 500;color: #4a5568\">Hladiny koncentrace<\/td>\n<td style=\"padding: 16px 20px;color: #718096\">0%, 2%, 3%, 5% varianty k dispozici<\/td>\n<\/tr>\n<tr style=\"border-bottom: 1px solid #edf2f7;background-color: #f8fafc\">\n<td style=\"padding: 16px 20px;font-weight: 500;color: #4a5568\">Konfigurace v\u016fn\u00ed<\/td>\n<td style=\"padding: 16px 20px;color: #718096\">12 p\u0159ep\u00ednateln\u00fdch du\u00e1ln\u00edch profilov\u00fdch modul\u016f<\/td>\n<\/tr>\n<tr>\n<td style=\"padding: 16px 20px;font-weight: 500;color: #4a5568\">Hromadn\u00e9 balen\u00ed<\/td>\n<td style=\"padding: 16px 20px;color: #718096\">10 jednotek\/displejov\u00e1 krabice, 200 jednotek\/hlavn\u00ed karton<\/td>\n<\/tr>\n<\/tbody>\n<\/table>\n<\/div>\n<h2 style=\"color: #1a202c;border-bottom: 2px solid #edf2f7;padding-bottom: 10px;margin-top: 40px\">\u010casto kladen\u00e9 ot\u00e1zky (FAQ)<\/h2>\n<details style=\"background: #ffffff;border: 1px solid #e2e8f0;border-radius: 6px;margin-bottom: 10px;padding: 10px 15px;cursor: pointer\">\n<summary style=\"font-weight: 600;color: #2d3748\">Jak je empiricky ov\u011b\u0159en po\u010det 50 000 v\u00fddech\u016f?<\/summary>\n<p style=\"margin-top: 10px;color: #4a5568;line-height: 1.6\">V\u00fdrobce vyu\u017e\u00edv\u00e1 mechanick\u00e9 simul\u00e1tory testov\u00e1n\u00ed n\u00e1dech\u016f nakonfigurovan\u00e9 podle parametr\u016f odvozen\u00fdch od Mezin\u00e1rodn\u00ed organizace pro standardizaci (ISO). Tyto simul\u00e1tory prov\u00e1d\u011bj\u00ed kontinu\u00e1ln\u00ed standardizovan\u00e9 aktivace (nap\u0159. 3sekundov\u00e9 n\u00e1dechy), dokud nen\u00ed 36mL z\u00e1sobn\u00edk formule zcela vypr\u00e1zdn\u011bn. Skute\u010dn\u00e9 pou\u017eit\u00ed se m\u016f\u017ee li\u0161it v z\u00e1vislosti na individu\u00e1ln\u00ed d\u00e9lce a hloubce n\u00e1dechu.<\/p>\n<\/details>\n<details style=\"background: #ffffff;border: 1px solid #e2e8f0;border-radius: 6px;margin-bottom: 10px;padding: 10px 15px;cursor: pointer\">\n<summary style=\"font-weight: 600;color: #2d3748\">Co zaji\u0161\u0165uje bezpe\u010dnost a soulad tohoto jednor\u00e1zov\u00e9ho vape za\u0159\u00edzen\u00ed?<\/summary>\n<p style=\"margin-top: 10px;color: #4a5568;line-height: 1.6\">Intern\u00ed obvody baterie spl\u0148uj\u00ed normy ozna\u010den\u00ed CE a jsou vybaveny ochranou proti p\u0159ebit\u00ed, zkratu a n\u00edzk\u00e9mu nap\u011bt\u00ed. P\u00f3dy obsahuj\u00edc\u00ed roztok jsou vyrobeny z potravin\u00e1\u0159sk\u00fdch PCTG polymer\u016f, kter\u00e9 jsou chemicky inertn\u00ed a odoln\u00e9 v\u016f\u010di tepeln\u00e9mu rozkladu, co\u017e zaji\u0161\u0165uje, \u017ee b\u011bhem \u017eivotnosti za\u0159\u00edzen\u00ed nedoch\u00e1z\u00ed k vyluhov\u00e1n\u00ed zm\u011bk\u010dovadel do formule.<\/p>\n<\/details>\n<details style=\"background: #ffffff;border: 1px solid #e2e8f0;border-radius: 6px;margin-bottom: 10px;padding: 10px 15px;cursor: pointer\">\n<summary style=\"font-weight: 600;color: #2d3748\">Mohu za\u0159\u00edzen\u00ed nab\u00edjet libovoln\u00fdm kabelem Type-C?<\/summary>\n<p style=\"margin-top: 10px;color: #4a5568;line-height: 1.6\">Ano, za\u0159\u00edzen\u00ed vyu\u017e\u00edv\u00e1 standardn\u00ed port Type-C. Pro optim\u00e1ln\u00ed zdrav\u00ed a dlouhou \u017eivotnost baterie se v\u0161ak empiricky doporu\u010duje pou\u017e\u00edvat standardn\u00ed nab\u00edjec\u00ed blok 5V\/1A. Vyhn\u011bte se pou\u017e\u00edv\u00e1n\u00ed vysokov\u00fdkonn\u00fdch nab\u00edje\u010dek pro notebooky nebo tablety, proto\u017ee nadm\u011brn\u00e9 dod\u00e1v\u00e1n\u00ed proudu m\u016f\u017ee \u010dasem zp\u016fsobit tepeln\u00fd stres na Li-Po \u010dl\u00e1nku o kapacit\u011b 650mAh.<\/p>\n<\/details>\n<h2 style=\"color: #1a202c;border-bottom: 2px solid #edf2f7;padding-bottom: 10px;margin-top: 40px\">Pro\u010d nakupovat od VapeXYZ<\/h2>\n<p>Glob\u00e1ln\u00ed distribu\u010dn\u00ed s\u00ed\u0165 pro elektronick\u00e9 v\u00fdparn\u00e9 produkty vy\u017eaduje spolehliv\u00fd a prov\u011b\u0159en\u00fd dodavatelsk\u00fd \u0159et\u011bzec. V VapeXYZ vyu\u017e\u00edv\u00e1me v\u00edce ne\u017e 8 let auditovan\u00fdch zku\u0161enost\u00ed z odv\u011btv\u00ed, abychom dod\u00e1vali prav\u00e9, p\u0159\u00edmo z tov\u00e1rny p\u016fvodn\u00ed Bang Leader 50000 jednor\u00e1zov\u00e9 vapery p\u0159\u00edmo velkoobchodn\u00edm klient\u016fm a maloobchodn\u00edm operac\u00edm po cel\u00e9 Evrop\u011b. Na\u0161i p\u0159\u00edsn\u00ed dodavatel\u00e9 ov\u011b\u0159ovac\u00ed procesy eliminuj\u00ed riziko vstupu pad\u011blan\u00fdch produkt\u016f do va\u0161eho invent\u00e1\u0159e.<\/p>\n<ul style=\"padding-left: 20px;color: #4a5568;line-height: 1.8\">\n<li style=\"margin-bottom: 8px\">Ov\u011b\u0159en\u00ed pravosti: Nakupujete p\u0159\u00edmo od autorizovan\u00e9ho dodavatele \u2013 z\u00e1ruka prav\u00e9ho produktu, kompletn\u00ed s ov\u011b\u0159iteln\u00fdmi k\u00f3dami \u0161ar\u017e\u00ed a ozna\u010den\u00edmi proti pad\u011bl\u00e1n\u00ed.<\/li>\n<li style=\"margin-bottom: 8px\">Ekonomick\u00e9 \u0161k\u00e1lov\u00e1n\u00ed: Konkurenceschopn\u00e9 struktury hromadn\u00fdch cen jsou matematicky p\u0159izp\u016fsobeny pro prodejce, aby udr\u017eeli zdrav\u00e9 mar\u017ee zisku bez ohro\u017een\u00ed kvality produktu.<\/li>\n<li style=\"margin-bottom: 8px\">Logistick\u00e1 integrita: Spolehliv\u00e1 p\u0159epravn\u00ed infrastruktura a hlubok\u00e9 odborn\u00e9 znalosti v oblasti region\u00e1ln\u00edch celn\u00edch p\u0159edpis\u016f po cel\u00e9 Evrop\u011b, minimalizuj\u00edc\u00ed zpo\u017ed\u011bn\u00ed na hranic\u00edch.<\/li>\n<li style=\"margin-bottom: 8px\">Dedikovan\u00e9 \u0159\u00edzen\u00ed \u00fa\u010dt\u016f: Podporn\u00e9 a responzivn\u00ed B2B t\u00fdmy z\u00e1kaznick\u00e9ho servisu, vy\u0161kolen\u00e9 v produk\u010dn\u00edch specifikac\u00edch a logistice, jsou v\u017edy k dispozici.<\/li>\n<\/ul>\n<p>Pro spolehlivou, daty podlo\u017eenou strategii velkoobchodn\u00edho n\u00e1kupu zam\u011b\u0159enou na vysoce kapacitn\u00ed, dvojprofilov\u00e9 jednor\u00e1zov\u00e9 vape produkty, zabezpe\u010dte sv\u016fj invent\u00e1\u0159 s VapeXYZ je\u0161t\u011b dnes. Jsme pln\u011b vybaveni infrastrukturou a pr\u016fmyslovou autoritou na podporu expanze va\u0161eho vape podnik\u00e1n\u00ed po cel\u00e9m evropsk\u00e9m kontinentu.<\/p>\n<div style=\"margin-top: 40px;text-align: center\">\n<p><img loading=\"lazy\" decoding=\"async\" class=\"alignnone size-full wp-image-54653\" style=\"max-width: 100%;height: auto;border-radius: 8px\" src=\"https:\/\/vapexyz.com\/wp-content\/uploads\/2025\/08\/BANG-LEADER-50000-Puffs-Dual-Flavors-Low-Nicotine-Bulk-Buy-Original-Rechargeable-Disposable-Vapes-Wholesale-1-scaled.webp\" alt=\"BANG LEADER 50000 Puffs Dvojit\u00e9 Profily Hromadn\u00fd N\u00e1kup Origin\u00e1ln\u00ed Dob\u00edjec\u00ed Jednor\u00e1zov\u00e9 Vapes Velkoobchod\" width=\"2560\" height=\"1434\" title=\"\" srcset=\"https:\/\/vapexyz.com\/wp-content\/uploads\/2025\/08\/BANG-LEADER-50000-Puffs-Dual-Flavors-Low-Nicotine-Bulk-Buy-Original-Rechargeable-Disposable-Vapes-Wholesale-1-scaled.webp 2560w, https:\/\/vapexyz.com\/wp-content\/uploads\/2025\/08\/BANG-LEADER-50000-Puffs-Dual-Flavors-Low-Nicotine-Bulk-Buy-Original-Rechargeable-Disposable-Vapes-Wholesale-1-scaled-500x280.webp 500w, https:\/\/vapexyz.com\/wp-content\/uploads\/2025\/08\/BANG-LEADER-50000-Puffs-Dual-Flavors-Low-Nicotine-Bulk-Buy-Original-Rechargeable-Disposable-Vapes-Wholesale-1-scaled-1024x574.webp 1024w, https:\/\/vapexyz.com\/wp-content\/uploads\/2025\/08\/BANG-LEADER-50000-Puffs-Dual-Flavors-Low-Nicotine-Bulk-Buy-Original-Rechargeable-Disposable-Vapes-Wholesale-1-scaled-768x430.webp 768w, https:\/\/vapexyz.com\/wp-content\/uploads\/2025\/08\/BANG-LEADER-50000-Puffs-Dual-Flavors-Low-Nicotine-Bulk-Buy-Original-Rechargeable-Disposable-Vapes-Wholesale-1-scaled-1536x860.webp 1536w, https:\/\/vapexyz.com\/wp-content\/uploads\/2025\/08\/BANG-LEADER-50000-Puffs-Dual-Flavors-Low-Nicotine-Bulk-Buy-Original-Rechargeable-Disposable-Vapes-Wholesale-1-scaled-2048x1147.webp 2048w, https:\/\/vapexyz.com\/wp-content\/uploads\/2025\/08\/BANG-LEADER-50000-Puffs-Dual-Flavors-Low-Nicotine-Bulk-Buy-Original-Rechargeable-Disposable-Vapes-Wholesale-1-scaled-18x10.webp 18w, https:\/\/vapexyz.com\/wp-content\/uploads\/2025\/08\/BANG-LEADER-50000-Puffs-Dual-Flavors-Low-Nicotine-Bulk-Buy-Original-Rechargeable-Disposable-Vapes-Wholesale-1-scaled-510x286.webp 510w\" sizes=\"auto, (max-width: 2560px) 100vw, 2560px\" \/><\/p>\n<\/div>\n<\/article>","protected":false},"excerpt":{"rendered":"<p>BANG LEADER 50000 Puffs je pr\u00e9miov\u00fd dob\u00edjec\u00ed jednor\u00e1zov\u00fd vape s dvojit\u00fdmi chut\u011bmi, n\u00edzkou intenzitou, chytr\u00fdm displejem, nab\u00edjen\u00edm typu C a a\u017e 50 000 n\u00e1dechy - ide\u00e1ln\u00ed pro hromadn\u00e9 velkoobchodn\u00ed objedn\u00e1vky na VapeXYZ.<\/p>","protected":false},"featured_media":54655,"comment_status":"open","ping_status":"closed","template":"","meta":{"_lmt_disableupdate":"no","_lmt_disable":""},"product_brand":[],"product_cat":[821,1012,947,935,934,927,929,928,930,933,939,932,938,931,936,937,1017,949,946,1083,950,951,953,987],"product_tag":[],"class_list":{"0":"post-54652","1":"product","2":"type-product","3":"status-publish","4":"has-post-thumbnail","6":"product_cat-bang","7":"product_cat-50000-puff-vapes","8":"product_cat-big-puffs-vapes","9":"product_cat-bulk-buy-disposable-vapes-in-austria","10":"product_cat-bulk-buy-disposable-vapes-in-belgium","11":"product_cat-bulk-buy-disposable-vapes-in-europe","12":"product_cat-bulk-buy-disposable-vapes-in-france","13":"product_cat-bulk-buy-disposable-vapes-in-germany","14":"product_cat-bulk-buy-disposable-vapes-in-italy","15":"product_cat-bulk-buy-disposable-vapes-in-netherlands","16":"product_cat-bulk-buy-disposable-vapes-in-norway","17":"product_cat-bulk-buy-disposable-vapes-in-poland","18":"product_cat-bulk-buy-disposable-vapes-in-portugal","19":"product_cat-bulk-buy-disposable-vapes-in-spain","20":"product_cat-bulk-buy-disposable-vapes-in-sweden","21":"product_cat-bulk-buy-disposable-vapes-in-switzerland","22":"product_cat-buy-best-disposable-vape-flavors","23":"product_cat-digital-box-vapes","24":"product_cat-disposable-vapes-series","25":"product_cat-double-flavor-vapes","26":"product_cat-dual-mesh-vapes","27":"product_cat-lower-nicotine-vapes","28":"product_cat-rechargeable-vapes","29":"product_cat-vape-shop-by-puffs","31":"first","32":"instock","33":"shipping-taxable","34":"purchasable","35":"product-type-variable","36":"has-default-attributes"},"jetpack_sharing_enabled":true,"tiered_pricing_type":"fixed","tiered_pricing_fixed_rules":[],"tiered_pricing_product_settings":{"layout":"default","base_unit_name":{"singular":null,"plural":null},"default_variation":null},"tiered_pricing_minimum_quantity":null,"tiered_pricing_roles_data":[],"tiered_pricing_percentage_rules":[],"tiered_pricing_maximum_quantity":null,"tiered_pricing_quantity_step":null,"_links":{"self":[{"href":"https:\/\/vapexyz.com\/cs\/wp-json\/wp\/v2\/product\/54652","targetHints":{"allow":["GET"]}}],"collection":[{"href":"https:\/\/vapexyz.com\/cs\/wp-json\/wp\/v2\/product"}],"about":[{"href":"https:\/\/vapexyz.com\/cs\/wp-json\/wp\/v2\/types\/product"}],"replies":[{"embeddable":true,"href":"https:\/\/vapexyz.com\/cs\/wp-json\/wp\/v2\/comments?post=54652"}],"wp:featuredmedia":[{"embeddable":true,"href":"https:\/\/vapexyz.com\/cs\/wp-json\/wp\/v2\/media\/54655"}],"wp:attachment":[{"href":"https:\/\/vapexyz.com\/cs\/wp-json\/wp\/v2\/media?parent=54652"}],"wp:term":[{"taxonomy":"product_brand","embeddable":true,"href":"https:\/\/vapexyz.com\/cs\/wp-json\/wp\/v2\/product_brand?post=54652"},{"taxonomy":"product_cat","embeddable":true,"href":"https:\/\/vapexyz.com\/cs\/wp-json\/wp\/v2\/product_cat?post=54652"},{"taxonomy":"product_tag","embeddable":true,"href":"https:\/\/vapexyz.com\/cs\/wp-json\/wp\/v2\/product_tag?post=54652"}],"curies":[{"name":"wp","href":"https:\/\/api.w.org\/{rel}","templated":true}]}}