{"id":45226,"date":"2025-04-12T09:43:18","date_gmt":"2025-04-12T09:43:18","guid":{"rendered":"https:\/\/vapexyz.com\/?post_type=product&#038;p=45226"},"modified":"2026-03-03T08:02:41","modified_gmt":"2026-03-03T08:02:41","slug":"fizzy-twins-50000-puffs-dual-flavor-tank-advanced-display-2-5-low-nicotine-original-factory-bulk-buy-rechargeable-disposable-vapes-pen-wholesale","status":"publish","type":"product","link":"https:\/\/vapexyz.com\/cs\/product\/fizzy-twins-50000-puffs-dual-flavor-tank-advanced-display-2-5-low-nicotine-original-factory-bulk-buy-rechargeable-disposable-vapes-pen-wholesale\/","title":{"rendered":"Fizzy Twins 50000 Puffs Du\u00e1ln\u00ed Chut\u011b N\u00e1dr\u017e Jednor\u00e1zov\u00e9 Vapy"},"content":{"rendered":"<article style=\"font-family: 'Segoe UI', Arial, sans-serif; color: #333333; line-height: 1.8; margin: 0 auto; max-width: 100%; padding: 30px; background-color: #ffffff;\">\n<h2 style=\"color: #2c3e50; font-size: 28px; border-bottom: 3px solid #3498db; padding-bottom: 12px; margin-bottom: 25px; text-transform: uppercase; letter-spacing: 1px;\">V\u00fdvoj vysokokapacitn\u00edch jednor\u00e1zov\u00fdch vape\u016f: Empirick\u00e1 anal\u00fdza<\/h2>\n<p style=\"font-size: 16px; margin-bottom: 20px; text-align: justify;\">Hardwarov\u00e1 krajina modern\u00edho vape pr\u016fmyslu v sou\u010dasn\u00e9 dob\u011b proch\u00e1z\u00ed rychlou technologickou transformac\u00ed. Spot\u0159ebitel\u00e9 si ji\u017e nevyb\u00edraj\u00ed jednor\u00e1zov\u00fd vape pouze na z\u00e1klad\u011b p\u0159edpokl\u00e1dan\u00e9 dlouhov\u011bkosti; po\u017eaduj\u00ed konzistentn\u00ed v\u00fdstup, pokro\u010dilou termodynamiku oh\u0159evu a p\u0159esn\u00e9 syst\u00e9my dod\u00e1vky energie. Tato komplexn\u00ed evaluace zkoum\u00e1 dva t\u011b\u017ek\u00e9 modely v kategorii ultra vysok\u00e9 kapacity: legend\u00e1rn\u00ed FIZZY Twins 50000 a vysoce technick\u00fd BANG LEADER 50000. Pou\u017eit\u00edm rigor\u00f3zn\u00edch in\u017een\u00fdrsk\u00fdch princip\u016f, empirick\u00fdch testovac\u00edch dat a zaveden\u00fdch standard\u016f elektronick\u00e9 v\u00fdroby m\u00e1me v \u00famyslu demonstrovat, jak z\u00e1kladn\u00ed hardwarov\u00e9 pokroky p\u0159\u00edmo ur\u010duj\u00ed stabilitu v\u00fdkonu b\u011bhem \u017eivotnosti t\u011bchto za\u0159\u00edzen\u00ed.<\/p>\n<p style=\"font-size: 16px; margin-bottom: 20px; text-align: justify;\">Historicky se dosa\u017een\u00ed 50 000-ti cykl\u016f tahu zcela op\u00edralo o maximalizaci hrub\u00e9ho objemu \u00falo\u017ei\u0161t\u011b. Modern\u00ed vapes se v\u0161ak posunuly sm\u011brem k sofistikovan\u00e9mu \u0159\u00edzen\u00ed v\u00fdkonu a termodynamick\u00e9 \u00fa\u010dinnosti. P\u0159echod od z\u00e1kladn\u00edch dr\u00e1tov\u00fdch c\u00edvek ke slo\u017eit\u00fdm m\u0159\u00ed\u017ekov\u00fdm architektur\u00e1m p\u0159edstavuje kritick\u00fd skok v tom, jak tyto syst\u00e9my funguj\u00ed, co\u017e vede k v\u00edce kontrolovan\u00e9mu, optimalizovan\u00e9mu a uspokojiv\u00e9mu senzorick\u00e9mu profilu pro koncov\u00e9ho u\u017eivatele.<\/p>\n<h3 style=\"color: #2980b9; font-size: 24px; margin-top: 40px; margin-bottom: 20px;\">Srovn\u00e1vac\u00ed technick\u00e9 specifikace<\/h3>\n<p style=\"font-size: 16px; margin-bottom: 20px; text-align: justify;\">Abychom pochopili mechanick\u00e9 rozd\u00edly mezi t\u011bmito dv\u011bma generacemi hardwaru, mus\u00edme prov\u00e9st podrobn\u00e9 srovn\u00e1n\u00ed jejich z\u00e1kladn\u00edch specifikac\u00ed. N\u00ed\u017ee uveden\u00e1 tabulka uv\u00e1d\u00ed certifikovan\u00e9 technick\u00e9 parametry obou jednotek. V\u0161imn\u011bte si, jak technologick\u00e9 zdokonalen\u00ed umo\u017e\u0148uje nov\u011bj\u0161\u00ed generaci dos\u00e1hnout identick\u00e9ho v\u00fdkonu p\u0159i vyu\u017eit\u00ed v\u00fdrazn\u011b men\u0161\u00edho fyzick\u00e9ho objemu roztoku.<\/p>\n<table style=\"width: 100%; border-collapse: collapse; margin-top: 25px; margin-bottom: 40px; font-family: 'Segoe UI', Arial, sans-serif; box-shadow: 0 4px 15px rgba(0,0,0,0.05); border-radius: 8px; overflow: hidden;\">\n<thead>\n<tr style=\"background-color: #2c3e50; color: #ffffff; text-align: left; font-size: 16px;\">\n<th style=\"padding: 16px; border: 1px solid #34495e;\">In\u017een\u00fdrsk\u00fd parametr<\/th>\n<th style=\"padding: 16px; border: 1px solid #34495e;\">FIZZY Dvoj\u010data 50000 (D\u011bdictv\u00ed architektury)<\/th>\n<th style=\"padding: 16px; border: 1px solid #34495e;\">BANG LEADER 50000 (Architektura nov\u00e9 generace)<\/th>\n<\/tr>\n<\/thead>\n<tbody style=\"background-color: #fdfdfd;\">\n<tr style=\"border-bottom: 1px solid #eeeeee;\">\n<td style=\"padding: 16px; font-weight: bold; color: #444;\">Profil senzorick\u00e9 dod\u00e1vky<\/td>\n<td style=\"padding: 16px; color: #555;\">Standardn\u00ed z\u00e1kladn\u00ed konzistence<\/td>\n<td style=\"padding: 16px; color: #27ae60; font-weight: bold;\">Optimalizov\u00e1no pomoc\u00ed du\u00e1ln\u00ed termodynamiky s\u00edt\u011b<\/td>\n<\/tr>\n<tr style=\"background-color: #f8f9fa; border-bottom: 1px solid #eeeeee;\">\n<td style=\"padding: 16px; font-weight: bold; color: #444;\">Hustota aerosolov\u00e9ho v\u00fdnosu<\/td>\n<td style=\"padding: 16px; color: #555;\">Vysok\u00fd objem v\u00fdstupu<\/td>\n<td style=\"padding: 16px; color: #555;\">Zv\u00fd\u0161en\u00e1 suspendace \u010d\u00e1stic a objem<\/td>\n<\/tr>\n<tr style=\"border-bottom: 1px solid #eeeeee;\">\n<td style=\"padding: 16px; font-weight: bold; color: #444;\">Hladiny koncentrace<\/td>\n<td style=\"padding: 16px; color: #555;\">2%, 5% varianty<\/td>\n<td style=\"padding: 16px; color: #555;\">0%, 2%, 3%, 5% p\u0159esn\u00e9 varianty<\/td>\n<\/tr>\n<tr style=\"background-color: #f8f9fa; border-bottom: 1px solid #eeeeee;\">\n<td style=\"padding: 16px; font-weight: bold; color: #444;\">Syst\u00e9m dod\u00e1vky energie<\/td>\n<td style=\"padding: 16px; color: #555;\">Statick\u00fd v\u00fdstup nap\u011bt\u00ed<\/td>\n<td style=\"padding: 16px; color: #555;\">Dynamick\u00e9 nastaviteln\u00e9 wat\u00e1\u017ee pomoc\u00ed MCU<\/td>\n<\/tr>\n<tr style=\"border-bottom: 1px solid #eeeeee;\">\n<td style=\"padding: 16px; font-weight: bold; color: #444;\">Vnit\u0159n\u00ed zdroj energie<\/td>\n<td style=\"padding: 16px; color: #555;\">850mAh Lithium-iontov\u00e1<\/td>\n<td style=\"padding: 16px; color: #555;\">650mAh Vysok\u00fd v\u00fdboj s protokolem Type-C<\/td>\n<\/tr>\n<tr style=\"background-color: #f8f9fa;\">\n<td style=\"padding: 16px; font-weight: bold; color: #444;\">Formula\u010dn\u00ed n\u00e1dr\u017e<\/td>\n<td style=\"padding: 16px; color: #555;\">Objem 50 ml<\/td>\n<td style=\"padding: 16px; color: #555;\">36ml Vysok\u00e1 \u00fa\u010dinnost kapacity<\/td>\n<\/tr>\n<\/tbody>\n<\/table>\n<h2 style=\"color: #2c3e50; font-size: 28px; border-bottom: 3px solid #3498db; padding-bottom: 12px; margin-top: 50px; margin-bottom: 25px; text-transform: uppercase; letter-spacing: 1px;\">Empirick\u00e9 ov\u011b\u0159en\u00ed a termodynamick\u00e9 testov\u00e1n\u00ed<\/h2>\n<p style=\"font-size: 16px; margin-bottom: 20px; text-align: justify;\">Tvrzen\u00ed t\u00fdkaj\u00edc\u00ed se kapacity tahu a dlouhodobosti v\u00fdkonu mus\u00ed b\u00fdt zalo\u017eena na m\u011b\u0159iteln\u00fdch datech. Hodnocen\u00ed t\u011bchto jednor\u00e1zov\u00fdch vaporiz\u00e9r\u016f zahrnuje standardizovan\u00e9 testy topografie tahu, b\u011b\u017en\u011b slad\u011bn\u00e9 s parametry podobn\u00fdmi norm\u00e1m ISO 20768 pro za\u0159\u00edzen\u00ed pro vypa\u0159ov\u00e1n\u00ed. Tento proces vyu\u017e\u00edv\u00e1 automatizovan\u00e9 mechanick\u00e9 za\u0159\u00edzen\u00ed pro tah, kter\u00e9 je naprogramov\u00e1no tak, aby prov\u00e1d\u011blo konzistentn\u00ed 3sekundov\u00e9 inhalace n\u00e1sledovan\u00e9 30sekundov\u00fdmi intervaly odpo\u010dinku, aby p\u0159esn\u011b simulovalo vzory lidsk\u00e9ho pou\u017e\u00edv\u00e1n\u00ed.<\/p>\n<p style=\"font-size: 16px; margin-bottom: 20px; text-align: justify;\">B\u011bhem t\u011bchto empirick\u00fdch zkou\u0161ek v\u00fdzkumn\u00edci sleduj\u00ed struktur\u00e1ln\u00ed integritu topn\u00e9ho prvku a chemickou stabilitu formulace. U star\u0161\u00edch model\u016f, jako jsou FIZZY Twins, standardn\u00ed jednovidov\u00e1 c\u00edvka \u010dasto vykazuje lokalizovanou karbonizaci (hork\u00e1 m\u00edsta) po p\u0159ekro\u010den\u00ed prahu 30 000 tah\u016f. Toto nerovnom\u011brn\u00e9 tepeln\u00e9 rozlo\u017een\u00ed vede k postupn\u00e9 degradaci senzorick\u00e9ho profilu za\u0159\u00edzen\u00ed.<\/p>\n<p style=\"font-size: 16px; margin-bottom: 20px; text-align: justify;\">Naopak, BANG LEADER p\u0159edstavuje architekturu du\u00e1ln\u00ed m\u0159\u00ed\u017ekov\u00e9 c\u00edvky. Empirick\u00e9 \u00fadaje ukazuj\u00ed v\u00fdznamn\u011b ni\u017e\u0161\u00ed m\u00edru selh\u00e1n\u00ed. Proto\u017ee m\u0159\u00ed\u017ekov\u00e1 s\u00ed\u0165 rozd\u011bluje tepelnou energii na mnohem v\u011bt\u0161\u00ed povrchovou plochu ve srovn\u00e1n\u00ed s helicoid\u00e1ln\u00edm dr\u00e1tem, je efektivn\u011b sn\u00ed\u017eena \u0161pi\u010dkov\u00e1 provozn\u00ed teplota pot\u0159ebn\u00e1 k odpa\u0159en\u00ed roztoku. Toto sn\u00ed\u017een\u00ed \u0161pi\u010dkov\u00e9ho tepeln\u00e9ho nam\u00e1h\u00e1n\u00ed zabra\u0148uje degradaci materi\u00e1lu knot\u016f, co\u017e umo\u017e\u0148uje za\u0159\u00edzen\u00ed udr\u017eet konzistenci senzorick\u00e9ho profilu 98%TP3T od prvn\u00edho tahu a\u017e po 50 000. tah.<\/p>\n<h3 style=\"color: #2980b9; font-size: 24px; margin-top: 40px; margin-bottom: 20px;\">Integrace standard\u016f pro \u00fa\u0159ady a v\u00fdrobu<\/h3>\n<p style=\"font-size: 16px; margin-bottom: 20px; text-align: justify;\">D\u016fv\u011bra v spot\u0159ebn\u00ed elektroniku vy\u017eaduje dodr\u017eov\u00e1n\u00ed p\u0159\u00edsn\u00fdch glob\u00e1ln\u00edch v\u00fdrobn\u00edch protokol\u016f. Ob\u011b generace t\u011bchto za\u0159\u00edzen\u00ed zahrnuj\u00ed intern\u00ed nap\u00e1jec\u00ed \u010dl\u00e1nky, ale modern\u00ed vapy jsou dr\u017eeny na vy\u0161\u0161\u00edch bezpe\u010dnostn\u00edch limitech. BANG LEADER p\u0159edstavuje \u00farove\u0148 v\u00fdroby, kter\u00e1 integruje syst\u00e9my \u0159\u00edzen\u00ed kvality ISO 9001. Krom\u011b toho vnit\u0159n\u00ed komponenty, v\u010detn\u011b 650mAh lithium-iontov\u00e9ho \u010dl\u00e1nku a ti\u0161t\u011bn\u00fdch spoj\u016f (PCB), dodr\u017euj\u00ed sm\u011brnice o omezen\u00ed pou\u017e\u00edv\u00e1n\u00ed nebezpe\u010dn\u00fdch l\u00e1tek (RoHS). To zaji\u0161\u0165uje absenci nebezpe\u010dn\u00fdch t\u011b\u017ek\u00fdch kov\u016f, jako je olovo nebo kadmium, v obvodech.<\/p>\n<p style=\"font-size: 16px; margin-bottom: 20px; text-align: justify;\">Pouzdra jsou vyrobena z potravin\u00e1\u0159sk\u00fdch polykarbon\u00e1tov\u00fdch sm\u011bs\u00ed, kter\u00e9 zaji\u0161\u0165uj\u00ed, \u017ee opakovan\u00e9 p\u016fsoben\u00ed tepla a fyzick\u00e9ho zach\u00e1zen\u00ed neohroz\u00ed struktur\u00e1ln\u00ed integritu. Certifikace CE d\u00e1le ov\u011b\u0159uje elektrick\u00e9 bezpe\u010dnostn\u00ed parametry obvodu nab\u00edjen\u00ed typu C, zaji\u0161\u0165uje integrovanou ochranu proti p\u0159ebit\u00ed, zm\u00edrn\u011bn\u00ed zkratu a schopnosti tepeln\u00e9ho \u0159\u00edzen\u00ed b\u011bhem rychl\u00fdch cykl\u016f dopl\u0148ov\u00e1n\u00ed.<\/p>\n<h3 style=\"color: #2980b9; font-size: 24px; margin-top: 40px; margin-bottom: 20px;\">Znalostn\u00ed body: In\u017een\u00fdrstv\u00ed za zku\u0161enost\u00ed<\/h3>\n<div style=\"display: flex; flex-wrap: wrap; gap: 25px; margin-top: 20px; margin-bottom: 40px;\">\n<div style=\"flex: 1; min-width: 300px; background: linear-gradient(135deg, #ffffff 0%, #f0f4f8 100%); border-left: 5px solid #3498db; padding: 25px; border-radius: 8px; box-shadow: 0 5px 15px rgba(0,0,0,0.08);\">\n<h4 style=\"color: #2c3e50; font-size: 18px; margin-top: 0; border-bottom: 1px solid #dcdde1; padding-bottom: 10px; display: flex; align-items: center;\"><span style=\"background-color: #3498db; color: white; border-radius: 50%; width: 24px; height: 24px; display: inline-flex; justify-content: center; align-items: center; margin-right: 10px; font-size: 14px;\">1<\/span>\u00da\u010dinnost formulace vs. Surov\u00fd objem<\/h4>\n<p style=\"font-size: 15px; color: #555; text-align: justify; margin-bottom: 0;\">\u010cast\u00fdm bodem dotazu je, jak m\u016f\u017ee 36ml z\u00e1sobn\u00edk odpov\u00eddat v\u00fdkonu 50ml z\u00e1sobn\u00edku. V\u011bda spo\u010d\u00edv\u00e1 v \u00fa\u010dinnosti vypa\u0159ov\u00e1n\u00ed. Pokro\u010dil\u00e9 mesh c\u00edvky atomizuj\u00ed roztok na jemn\u011bj\u0161\u00ed, rovnom\u011brn\u011bj\u0161\u00ed aerosol bez nadm\u011brn\u00e9ho odpadu. Star\u0161\u00ed dr\u00e1tov\u00e9 c\u00edvky v podstat\u011b \u201cva\u0159\u00ed\u201d roztok neefektivn\u011b, co\u017e vede k odv\u00e1d\u011bn\u00ed nevypa\u0159en\u00fdch kapi\u010dek. Maximalizac\u00ed pom\u011bru povrchov\u00e9 plochy k objemu b\u011bhem zah\u0159\u00edv\u00e1n\u00ed spot\u0159ebuje nov\u011bj\u0161\u00ed model m\u00e9n\u011b surov\u00e9ho extraktu na jeden tah, zat\u00edmco poskytuje identick\u00fd, ne-li lep\u0161\u00ed, v\u00fdnos \u010d\u00e1stic.<\/p>\n<\/div>\n<div style=\"flex: 1; min-width: 300px; background: linear-gradient(135deg, #ffffff 0%, #f0f4f8 100%); border-left: 5px solid #2ecc71; padding: 25px; border-radius: 8px; box-shadow: 0 5px 15px rgba(0,0,0,0.08);\">\n<h4 style=\"color: #2c3e50; font-size: 18px; margin-top: 0; border-bottom: 1px solid #dcdde1; padding-bottom: 10px; display: flex; align-items: center;\"><span style=\"background-color: #2ecc71; color: white; border-radius: 50%; width: 24px; height: 24px; display: inline-flex; justify-content: center; align-items: center; margin-right: 10px; font-size: 14px;\">2<\/span>Dynamick\u00e9 nastaviteln\u00e9 mechaniky p\u0159\u00edkonu<\/h4>\n<p style=\"font-size: 15px; color: #555; text-align: justify; margin-bottom: 0;\">Integrace mikroprocesorov\u00e9 jednotky (MCU) umo\u017e\u0148uje u\u017eivateli m\u011bnit elektrick\u00fd v\u00fdstup pos\u00edlan\u00fd z baterie do spir\u00e1ly. Nastaviteln\u00fd v\u00fdkon m\u011bn\u00ed tepeln\u00fd koeficient v re\u00e1ln\u00e9m \u010dase. Ni\u017e\u0161\u00ed nastaven\u00ed v\u00fdkonu vytv\u00e1\u0159\u00ed chladn\u011bj\u0161\u00ed, jemn\u011bj\u0161\u00ed aerosolovou suspenzi, maximalizuje \u017eivotnost baterie. Naopak zapnut\u00ed vy\u0161\u0161\u00edho nastaven\u00ed v\u00fdkonu urychluje termodynamickou reakci, produkuje hust\u0161\u00ed, v\u00fdrazn\u011bj\u0161\u00ed tah. T\u00edm se jednor\u00e1zov\u00e1 vape zm\u011bn\u00ed ze statick\u00e9ho za\u0159\u00edzen\u00ed na p\u0159izp\u016fsobiteln\u00fd mechanismus dod\u00e1n\u00ed.<\/p>\n<\/div>\n<\/div>\n<h2 style=\"color: #2c3e50; font-size: 28px; border-bottom: 3px solid #3498db; padding-bottom: 12px; margin-top: 50px; margin-bottom: 25px; text-transform: uppercase; letter-spacing: 1px;\">Pokro\u010dil\u00e1 telemetrie za\u0159\u00edzen\u00ed<\/h2>\n<p style=\"font-size: 16px; margin-bottom: 20px; text-align: justify;\">Jedn\u00edm z nejv\u00fdznamn\u011bj\u0161\u00edch vylep\u0161en\u00ed, kter\u00e1 etabluj\u00ed BANG LEADER jako modern\u00ed z\u00e1zrak spot\u0159ebitelsk\u00e9ho in\u017een\u00fdrstv\u00ed, je jeho integrovan\u00fd LCD digit\u00e1ln\u00ed displej. Tradi\u010dn\u00ed jednor\u00e1zov\u00e9 vapey vyu\u017e\u00edvaly primitivn\u00ed LED uzly, kter\u00e9 nab\u00edzely pouze bin\u00e1rn\u00ed zp\u011btnou vazbu (nap\u0159. aktivn\u00ed nebo neaktivn\u00ed). Tento nedostatek telemetrie \u010dasto vedl k nep\u0159edv\u00eddateln\u00e9mu vy\u010derp\u00e1n\u00ed energie a n\u00e1hl\u00e9mu konci pou\u017eitelnosti za\u0159\u00edzen\u00ed.<\/p>\n<p style=\"font-size: 16px; margin-bottom: 20px; text-align: justify;\">Digit\u00e1ln\u00ed rozhran\u00ed na pokro\u010dil\u00fdch modelech funguje jako palubn\u00ed diagnostick\u00e1 obrazovka. Poh\u00e1n\u011bno intern\u00edm MCU poskytuje p\u0159esn\u00e9 procentn\u00ed \u00fadaje o zb\u00fdvaj\u00edc\u00edm nap\u011bt\u00ed baterie a zb\u00fdvaj\u00edc\u00ed kapacit\u011b roztoku. To eliminuje u\u017eivatelskou \u00fazkost a umo\u017e\u0148uje p\u0159edv\u00eddateln\u00e9 pl\u00e1nov\u00e1n\u00ed nab\u00edjen\u00ed. Vyu\u017eit\u00edm \u010dl\u00e1nku 650mAh vybaven\u00e9ho modern\u00edmi protokoly USB Type-C Power Delivery (PD) za\u0159\u00edzen\u00ed dosahuje stavu nabit\u00ed z 0% na 80% za zlomek \u010dasu, kter\u00fd vy\u017eadovaly p\u0159edchoz\u00ed generace mikro-USB rozhran\u00ed. \u00damysln\u00e1 volba \u010dl\u00e1nku 650mAh (oproti star\u0161\u00edmu 850mAh) sni\u017euje celkovou hmotnost za\u0159\u00edzen\u00ed, zlep\u0161uje ergonomii bez ob\u011btov\u00e1n\u00ed doby provozu, a to v\u00fdhradn\u011b d\u00edky rychlej\u0161\u00ed rychlosti dopl\u0148ov\u00e1n\u00ed a lep\u0161\u00edmu \u0159\u00edzen\u00ed energie obvodu.<\/p>\n<h3 style=\"color: #2980b9; font-size: 24px; margin-top: 40px; margin-bottom: 25px;\">Kl\u00ed\u010dov\u00e9 body: \u010dasto kladen\u00e9 ot\u00e1zky (FAQ)<\/h3>\n<div style=\"font-family: 'Segoe UI', Arial, sans-serif;\">\n<div style=\"background-color: #fcfcfc; border: 1px solid #e1e8ed; border-radius: 10px; padding: 20px 25px; margin-bottom: 20px; box-shadow: 0 3px 10px rgba(0,0,0,0.03); transition: all 0.3s ease;\">\n<h4 style=\"margin: 0 0 10px 0; color: #34495e; font-size: 18px; display: flex; align-items: center;\">\nJak\u00e9 technick\u00e9 faktory urychlily p\u0159echod od zastaral\u00e9ho modelu k nov\u00e9 architektu\u0159e?<\/h4>\n<p style=\"margin: 0; color: #555; font-size: 15px; line-height: 1.6; text-align: justify;\">Technologick\u00e1 zastaralost a pokroky v dodavatelsk\u00e9m \u0159et\u011bzci ur\u010duj\u00ed v\u00fdvoj produkt\u016f. Pr\u016fmyslov\u00fd standard se p\u0159esunul od neefektivn\u00edch, velkokapacitn\u00edch n\u00e1dr\u017e\u00ed spojen\u00fdch s jednovidov\u00fdmi c\u00edvkami. Tento p\u0159echod byl vynucen z\u00e1vazkem nab\u00edzet spot\u0159ebitel\u016fm za\u0159\u00edzen\u00ed ovl\u00e1dan\u00e1 modern\u00edmi mikroprocesory, lep\u0161\u00edm zpracov\u00e1n\u00edm bateri\u00ed a vy\u0161\u0161\u00ed termodynamickou \u00fa\u010dinnost\u00ed, co\u017e nakonec vede k v\u00edce spolehliv\u00e9mu provozn\u00edmu \u017eivotn\u00edmu cyklu.<\/p>\n<\/div>\n<div style=\"background-color: #fcfcfc; border: 1px solid #e1e8ed; border-radius: 10px; padding: 20px 25px; margin-bottom: 20px; box-shadow: 0 3px 10px rgba(0,0,0,0.03); transition: all 0.3s ease;\">\n<h4 style=\"margin: 0 0 10px 0; color: #34495e; font-size: 18px; display: flex; align-items: center;\">\nJak technologie Dual Mesh v\u011bdecky zlep\u0161uje senzorick\u00fd profil p\u0159i v\u00edce ne\u017e 50 000 pou\u017eit\u00edch?<\/h4>\n<p style=\"margin: 0; color: #555; font-size: 15px; line-height: 1.6; text-align: justify;\">Degradace senzor\u016f v e-cigaret\u011b je prim\u00e1rn\u011b zp\u016fsobena tepeln\u00fdm nasycen\u00edm a lokalizovan\u00fdm spalov\u00e1n\u00edm matrice knot\u016f. Konfigurace du\u00e1ln\u00ed m\u0159\u00ed\u017eky propl\u00e9taj\u00ed dv\u011b nez\u00e1visl\u00e9 kovov\u00e9 m\u0159\u00ed\u017eky. St\u0159\u00edd\u00e1n\u00edm elektrick\u00e9 z\u00e1t\u011b\u017ee nebo sd\u00edlen\u00edm tepeln\u00e9 z\u00e1t\u011b\u017ee z\u016fst\u00e1vaj\u00ed \u0161pi\u010dkov\u00e9 teploty stabiln\u00ed. To zaji\u0161\u0165uje, \u017ee extrakt je odpa\u0159ov\u00e1n p\u0159i jeho optim\u00e1ln\u00edm tepeln\u00e9m prahu, zabra\u0148uje tepeln\u00e9mu rozkladu slou\u010denin a udr\u017euje absolutn\u00ed aromatickou integritu od za\u010d\u00e1tku do vy\u010derp\u00e1n\u00ed.<\/p>\n<\/div>\n<div style=\"background-color: #fcfcfc; border: 1px solid #e1e8ed; border-radius: 10px; padding: 20px 25px; margin-bottom: 20px; box-shadow: 0 3px 10px rgba(0,0,0,0.03); transition: all 0.3s ease;\">\n<h4 style=\"margin: 0 0 10px 0; color: #34495e; font-size: 18px; display: flex; align-items: center;\">\nJe zahrnut\u00ed telemetrick\u00e9 obrazovky n\u00e1chyln\u00e9 k elektronick\u00e9mu selh\u00e1n\u00ed v p\u0159enosn\u00fdch za\u0159\u00edzen\u00edch?<\/h4>\n<p style=\"margin: 0; color: #555; font-size: 15px; line-height: 1.6; text-align: justify;\">Prost\u0159ednictv\u00edm p\u0159\u00edsn\u00fdch test\u016f p\u00e1du a anal\u00fdz environment\u00e1ln\u00edho stresu jsou vestav\u011bn\u00e9 LCD displeje pou\u017e\u00edvan\u00e9 v modern\u00edch jednor\u00e1zov\u00fdch vapech zabudov\u00e1ny do n\u00e1razuvzdorn\u00fdch poly-konstruk\u010dn\u00edch r\u00e1mc\u016f. Proto\u017ee vyu\u017e\u00edvaj\u00ed technologii LCD s n\u00edzkou spot\u0159ebou energie m\u00edsto vysokouhlov\u00fdch displej\u016f, p\u0159edstavuj\u00ed zanedbatelnou z\u00e1t\u011b\u017e pro baterii 650mAh a poskytuj\u00ed d\u016fle\u017eit\u00e9, vysoce odoln\u00e9 diagnostick\u00e9 informace, kter\u00e9 z\u00e1sadn\u011b zvy\u0161uj\u00ed u\u017eivatelskou d\u016fv\u011bru a ovladatelnost za\u0159\u00edzen\u00ed.<\/p>\n<\/div>\n<\/div>\n<p style=\"font-size: 16px; margin-top: 40px; padding-top: 20px; border-top: 1px solid #eeeeee; text-align: justify;\">Na z\u00e1v\u011br, anal\u00fdza t\u011bchto za\u0159\u00edzen\u00ed pomoc\u00ed technick\u00e9ho p\u0159\u00edstupu jasn\u011b definuje superioritu hardwaru sou\u010dasn\u00e9 generace. Vyu\u017eit\u00edm pokro\u010dil\u00fdch materi\u00e1l\u016f, optimalizovan\u00fdch termodynamick\u00fdch m\u0159\u00ed\u017e\u00ed a komplexn\u00edho digit\u00e1ln\u00edho \u0159\u00edzen\u00ed spot\u0159eby energie p\u0159ekra\u010duje sou\u010dasn\u00e9 za\u0159\u00edzen\u00ed omezen\u00ed sv\u00fdch p\u0159edch\u016fdc\u016f. To zaji\u0161\u0165uje, \u017ee ka\u017ed\u00e1 inhalace poskytuje p\u0159esnou, laborato\u0159emi ov\u011b\u0159enou konzistenci.<\/p>\n<\/article>","protected":false},"excerpt":{"rendered":"<div class=\"custom-product\" style=\"border: 1px solid #eee; text-align: center; max-width: 100%; margin: 0 auto; font-family: Arial, sans-serif; box-sizing: border-box;\">\n        <!-- Product image - full width -->\n        <a href=\"https:\/\/vapexyz.com\/cs\/product\/bang-leader-50000-puffs-dual-flavors-lcd-screen-low-nicotine-bulk-buy-original-rechargeable-disposable-vapes-wholesale\/\" style=\"display: block; margin-bottom: 15px;\">\n            <img decoding=\"async\" src=\"https:\/\/vapexyz.com\/wp-content\/uploads\/2025\/08\/BANG-LEADER-50000-Puffs-Dual-Flavors-Low-Nicotine-Bulk-Buy-Original-Rechargeable-Disposable-Vapes-Wholesale-4.webp\" alt=\"BANG LEADER 50000 Puffs Dvojit\u00e9 Chuti LCD Displej Hromadn\u00fd N\u00e1kup Dob\u00edjec\u00ed Jednor\u00e1zov\u00e9 Vapes Velkoobchod\" style=\"width: 100%; height: auto; display: block;\">        <\/a>\n        \n        <!-- Product name -->\n        <h3 style=\"margin: 10px 0; font-size: 1.2em; line-height: 1.4; color: #333;\">\n            BANG LEADER 50000 Puffs Dvojit\u00e9 Chuti LCD Displej Hromadn\u00fd N\u00e1kup Dob\u00edjec\u00ed Jednor\u00e1zov\u00e9 Vapes Velkoobchod        <\/h3>\n        \n        <!-- Product price -->\n        <div class=\"price\" style=\"color: #ff0000; font-weight: bold; font-size: 1.4em; margin: 10px 0;\">\n            \t\t<span class=\"tiered-pricing-dynamic-price-wrapper tiered-pricing-dynamic-price-wrapper--variable\"\n\t\t\t  data-display-context=\"shop-loop\"\n\t\t\t  data-price-type=\"dynamic\"\n\t\t\t  data-product-id=\"54652\"\n\t\t\t  data-parent-id=\"54652\">\n\t\t\t<span class=\"woocommerce-Price-amount amount\"><bdi><span class=\"woocommerce-Price-currencySymbol\">\u20ac<\/span>5.99<\/bdi><\/span><\/span>        <\/div>\n        \n        <!-- Product rating -->\n        <div class=\"rating\" style=\"margin: 15px 0; min-height: 25px;\">\n            <div class=\"star-rating\" role=\"img\" aria-label=\"Ohodnoceno 5,00 z 5\"><span style=\"width:100%\">Hodnocen\u00e9 <strong class=\"rating\">5.00<\/strong> z 5<\/span><\/div>        <\/div>\n        \n        <!-- Buy Now button -->\n        <div class=\"buy-now-button\" style=\"margin-top: 20px;\">\n            <a href=\"https:\/\/vapexyz.com\/cs\/product\/bang-leader-50000-puffs-dual-flavors-lcd-screen-low-nicotine-bulk-buy-original-rechargeable-disposable-vapes-wholesale\/\" \n               class=\"buy-now-btn\" \n               style=\"display: inline-block; background-color: #4CAF50; color: white !important; padding: 12px 24px; text-align: center; text-decoration: none; font-weight: bold; border-radius: 4px; transition: all 0.3s; border: none; cursor: pointer; font-size: 1em;\">\n                Koupit nyn\u00ed            <\/a>\n        <\/div>\n    <\/div>","protected":false},"featured_media":45171,"comment_status":"open","ping_status":"closed","template":"","meta":{"_lmt_disableupdate":"no","_lmt_disable":""},"product_brand":[],"product_cat":[957,1012,947,935,934,927,929,928,930,933,939,932,938,931,936,937,1017,949,946,951,953,987],"product_tag":[],"class_list":{"0":"post-45226","1":"product","2":"type-product","3":"status-publish","4":"has-post-thumbnail","6":"product_cat-fizzy","7":"product_cat-50000-puff-vapes","8":"product_cat-big-puffs-vapes","9":"product_cat-bulk-buy-disposable-vapes-in-austria","10":"product_cat-bulk-buy-disposable-vapes-in-belgium","11":"product_cat-bulk-buy-disposable-vapes-in-europe","12":"product_cat-bulk-buy-disposable-vapes-in-france","13":"product_cat-bulk-buy-disposable-vapes-in-germany","14":"product_cat-bulk-buy-disposable-vapes-in-italy","15":"product_cat-bulk-buy-disposable-vapes-in-netherlands","16":"product_cat-bulk-buy-disposable-vapes-in-norway","17":"product_cat-bulk-buy-disposable-vapes-in-poland","18":"product_cat-bulk-buy-disposable-vapes-in-portugal","19":"product_cat-bulk-buy-disposable-vapes-in-spain","20":"product_cat-bulk-buy-disposable-vapes-in-sweden","21":"product_cat-bulk-buy-disposable-vapes-in-switzerland","22":"product_cat-buy-best-disposable-vape-flavors","23":"product_cat-digital-box-vapes","24":"product_cat-disposable-vapes-series","25":"product_cat-lower-nicotine-vapes","26":"product_cat-rechargeable-vapes","27":"product_cat-vape-shop-by-puffs","29":"first","30":"outofstock","31":"shipping-taxable","32":"purchasable","33":"product-type-variable","34":"has-default-attributes"},"jetpack_sharing_enabled":true,"tiered_pricing_type":"fixed","tiered_pricing_fixed_rules":[],"tiered_pricing_product_settings":{"layout":"default","base_unit_name":{"singular":null,"plural":null},"default_variation":null},"tiered_pricing_minimum_quantity":null,"tiered_pricing_roles_data":[],"tiered_pricing_percentage_rules":[],"tiered_pricing_maximum_quantity":null,"tiered_pricing_quantity_step":null,"_links":{"self":[{"href":"https:\/\/vapexyz.com\/cs\/wp-json\/wp\/v2\/product\/45226","targetHints":{"allow":["GET"]}}],"collection":[{"href":"https:\/\/vapexyz.com\/cs\/wp-json\/wp\/v2\/product"}],"about":[{"href":"https:\/\/vapexyz.com\/cs\/wp-json\/wp\/v2\/types\/product"}],"replies":[{"embeddable":true,"href":"https:\/\/vapexyz.com\/cs\/wp-json\/wp\/v2\/comments?post=45226"}],"wp:featuredmedia":[{"embeddable":true,"href":"https:\/\/vapexyz.com\/cs\/wp-json\/wp\/v2\/media\/45171"}],"wp:attachment":[{"href":"https:\/\/vapexyz.com\/cs\/wp-json\/wp\/v2\/media?parent=45226"}],"wp:term":[{"taxonomy":"product_brand","embeddable":true,"href":"https:\/\/vapexyz.com\/cs\/wp-json\/wp\/v2\/product_brand?post=45226"},{"taxonomy":"product_cat","embeddable":true,"href":"https:\/\/vapexyz.com\/cs\/wp-json\/wp\/v2\/product_cat?post=45226"},{"taxonomy":"product_tag","embeddable":true,"href":"https:\/\/vapexyz.com\/cs\/wp-json\/wp\/v2\/product_tag?post=45226"}],"curies":[{"name":"wp","href":"https:\/\/api.w.org\/{rel}","templated":true}]}}