{"id":40833,"date":"2025-01-01T08:13:19","date_gmt":"2025-01-01T08:13:19","guid":{"rendered":"https:\/\/vapexyz.com\/?post_type=product&#038;p=40833"},"modified":"2026-03-02T01:58:59","modified_gmt":"2026-03-02T01:58:59","slug":"atvs-40000-potahnuti-dualni-sitovy-digitalni-displej-5-s-nizkym-obsahem-nikotinu-originalni-tovarni-hromadny-nakup-dobijecich-jednorazovych-vyparniku-velkoobchodne","status":"publish","type":"product","link":"https:\/\/vapexyz.com\/cs\/product\/atvs-40000-puffs-dual-mesh-digital-screen-5-low-nicotine-original-factory-bulk-buy-rechargeable-disposable-vapes-pen-wholesale\/","title":{"rendered":"ATVS 40000 Puffs Du\u00e1ln\u00ed Mesh Digit\u00e1ln\u00ed Displej Hromadn\u00fd N\u00e1kup 40K Dob\u00edjec\u00ed Jednor\u00e1zov\u00e9 Vapes Velkoobchod"},"content":{"rendered":"<article style=\"font-family: 'Segoe UI', Roboto, Helvetica, Arial, sans-serif;line-height: 1.8;color: #2c3e50;max-width: 1000%;margin: 0 auto;padding: 30px;background-color: #ffffff\"><div style=\"width: 1020px;\" class=\"wp-video\"><video class=\"wp-video-shortcode\" id=\"video-40833-1\" width=\"1020\" height=\"574\" preload=\"metadata\" controls=\"controls\"><source type=\"video\/mp4\" src=\"https:\/\/vapexyz.com\/wp-content\/uploads\/2024\/12\/ATVS-40000-Puffs-Dual-Mesh-Digital-Screen-5-Low-Nicotine-Original-Factory-.mp4?_=1\" \/><a href=\"https:\/\/vapexyz.com\/wp-content\/uploads\/2024\/12\/ATVS-40000-Puffs-Dual-Mesh-Digital-Screen-5-Low-Nicotine-Original-Factory-.mp4\">https:\/\/vapexyz.com\/wp-content\/uploads\/2024\/12\/ATVS-40000-Puffs-Dual-Mesh-Digital-Screen-5-Low-Nicotine-Original-Factory-.mp4<\/a><\/video><\/div>\n<h2 style=\"color: #1a365d;border-bottom: 2px solid #3498db;padding-bottom: 10px;margin-top: 40px\">In\u017een\u00fdrsk\u00e1 dokonalost: Hloubkov\u00e1 anal\u00fdza jednor\u00e1zov\u00e9 vape ATVS 40000 Puffs<\/h2>\n<p style=\"text-align: justify;margin-bottom: 20px\">Krajina elektronick\u00fdch dodac\u00edch syst\u00e9m\u016f se neust\u00e1le rychle vyv\u00edj\u00ed a vy\u017eaduje za\u0159\u00edzen\u00ed, kter\u00e1 nab\u00edzej\u00ed bezprecedentn\u00ed dlouhov\u011bkost bez kompromis\u016f ohledn\u011b struktur\u00e1ln\u00ed integrity nebo u\u017eivatelsk\u00e9ho z\u00e1\u017eitku. ATVS 40000 Puffs se objevuje jako vysoce technicky vybaven\u00fd jednor\u00e1zov\u00fd vape navr\u017een\u00fd tak, aby splnil n\u00e1ro\u010dn\u00e9 po\u017eadavky na rozs\u00e1hl\u00e9 pou\u017e\u00edv\u00e1n\u00ed p\u0159i zachov\u00e1n\u00ed konzistentn\u00edch v\u00fdkonov\u00fdch metrik od prvn\u00edho tahu po posledn\u00ed. Tato komplexn\u00ed anal\u00fdza produktu podrobn\u011b popisuje technick\u00e9 specifikace, empirick\u00e9 testovac\u00ed \u00fadaje a provozn\u00ed mechaniku, kter\u00e9 toto za\u0159\u00edzen\u00ed odli\u0161uj\u00ed na vysoce konkuren\u010dn\u00edm velkoobchodn\u00edm trhu.<\/p>\n<div style=\"background-color: #f8f9fa;border-left: 5px solid #2ecc71;padding: 20px;margin: 30px 0;border-radius: 0 8px 8px 0\">\n<h3 style=\"color: #27ae60;margin-top: 0;font-size: 1.3em\">Pr\u016fmyslov\u00fd znalostn\u00ed bod: Evoluce vysokokapacitn\u00edch vaporiz\u00e9r\u016f<\/h3>\n<p style=\"margin-bottom: 0\">Modern\u00ed vapey se vyvinuly od jednoduch\u00fdch jednotek s n\u00edzkou kapacitou k sofistikovan\u00fdm elektronick\u00fdm za\u0159\u00edzen\u00edm. Integrace vysokohustotn\u00edch lithium-polymerov\u00fdch energetick\u00fdch \u010dl\u00e1nk\u016f a pokro\u010dil\u00e9 telemetrie (jako jsou digit\u00e1ln\u00ed displeje) p\u0159edstavuje posun sm\u011brem k u\u017eivatelsky orientovan\u00e9mu in\u017een\u00fdrstv\u00ed. D\u00edky poskytov\u00e1n\u00ed \u00fadaj\u016f v re\u00e1ln\u00e9m \u010dase o nap\u011bt\u00ed baterie a hladin\u011b roztoku v z\u00e1sobn\u00edku tyto jednor\u00e1zov\u00e9 vapey zabra\u0148uj\u00ed b\u011b\u017en\u00e9mu probl\u00e9mu such\u00e9ho oh\u0159evu spir\u00e1ly, co\u017e zvy\u0161uje jak bezpe\u010dnost, tak \u017eivotnost.<\/p>\n<\/div>\n<h2 style=\"color: #1a365d;border-bottom: 2px solid #3498db;padding-bottom: 10px;margin-top: 40px\">Technick\u00e9 specifikace a hardwarov\u00e1 architektura<\/h2>\n<p style=\"text-align: justify;margin-bottom: 20px\">Aby bylo mo\u017en\u00e9 pochopit mo\u017enosti ATVS 40000 Puffs, je nezbytn\u00e9 zkoumat jeho vnit\u0159n\u00ed hardware. Na rozd\u00edl od standardn\u00edch, vstupn\u00edch jednor\u00e1zov\u00fdch vapek, tato jednotka vyu\u017e\u00edv\u00e1 komplexn\u00ed souhru \u0159\u00edzen\u00ed spot\u0159eby energie a termodynamick\u00e9ho designu k dosa\u017een\u00ed sv\u00e9 jmenovit\u00e9 \u017eivotnosti.<\/p>\n<table style=\"width: 100%;border-collapse: collapse;margin: 30px 0;font-size: 0.95em;border-radius: 8px;overflow: hidden\">\n<thead>\n<tr style=\"background-color: #34495e;color: #ffffff;text-align: left\">\n<th style=\"padding: 15px;border-bottom: 2px solid #2c3e50\">Komponenta \/ Specifikace<\/th>\n<th style=\"padding: 15px;border-bottom: 2px solid #2c3e50\">Technick\u00e9 \u00fadaje<\/th>\n<th style=\"padding: 15px;border-bottom: 2px solid #2c3e50\">In\u017een\u00fdrsk\u00fd p\u0159\u00ednos<\/th>\n<\/tr>\n<\/thead>\n<tbody>\n<tr style=\"background-color: #ffffff;border-bottom: 1px solid #ecf0f1\">\n<td style=\"padding: 15px;font-weight: bold\">Maxim\u00e1ln\u00ed v\u00fdkonov\u00e9 hodnocen\u00ed<\/td>\n<td style=\"padding: 15px\">A\u017e 40 000 cykl\u016f<\/td>\n<td style=\"padding: 15px\">Zaji\u0161\u0165uje v\u00fdjime\u010dnou provozn\u00ed dlouhov\u011bkost a sni\u017euje frekvenci v\u00fdm\u011bny pro koncov\u00e9ho u\u017eivatele.<\/td>\n<\/tr>\n<tr style=\"background-color: #f9f9f9;border-bottom: 1px solid #ecf0f1\">\n<td style=\"padding: 15px;font-weight: bold\">Kapacita n\u00e1dr\u017ee<\/td>\n<td style=\"padding: 15px\">35ml objemu<\/td>\n<td style=\"padding: 15px\">N\u00e1dr\u017e s vysokou kapacitou zaji\u0161\u0165uje dostatek l\u00e1tky na pokryt\u00ed rozs\u00e1hl\u00e9 mechanick\u00e9 \u017eivotnosti hardwaru.<\/td>\n<\/tr>\n<tr style=\"background-color: #ffffff;border-bottom: 1px solid #ecf0f1\">\n<td style=\"padding: 15px;font-weight: bold\">Aktivn\u00ed koncentrace<\/td>\n<td style=\"padding: 15px\">5% S\u00edla<\/td>\n<td style=\"padding: 15px\">Dod\u00e1v\u00e1 robustn\u00ed a konzistentn\u00ed u\u017eivatelsk\u00fd z\u00e1\u017eitek d\u00edky pe\u010dliv\u011b kalibrovan\u00e9 formulaci 5%.<\/td>\n<\/tr>\n<tr style=\"background-color: #f9f9f9;border-bottom: 1px solid #ecf0f1\">\n<td style=\"padding: 15px;font-weight: bold\">Zdroj energie<\/td>\n<td style=\"padding: 15px\">750mAh Lithium-iontov\u00e1<\/td>\n<td style=\"padding: 15px\">\u010cl\u00e1nek s vysokou hustotou energie schopn\u00fd udr\u017eet stabiln\u00ed v\u00fdstupn\u00ed nap\u011bt\u00ed b\u011bhem cel\u00e9ho cyklu vyb\u00edjen\u00ed.<\/td>\n<\/tr>\n<tr style=\"background-color: #ffffff;border-bottom: 1px solid #ecf0f1\">\n<td style=\"padding: 15px;font-weight: bold\">Nab\u00edjec\u00ed rozhran\u00ed<\/td>\n<td style=\"padding: 15px\">USB Type-C (30min rychl\u00e9 nab\u00edjen\u00ed)<\/td>\n<td style=\"padding: 15px\">Vyu\u017e\u00edv\u00e1 modern\u00ed standardy PD (Power Delivery) pro rychl\u00e9 dopl\u0148ov\u00e1n\u00ed energie, minimalizuje prostoje.<\/td>\n<\/tr>\n<tr style=\"background-color: #f9f9f9;border-bottom: 1px solid #ecf0f1\">\n<td style=\"padding: 15px;font-weight: bold\">Topn\u00e9 t\u011bleso<\/td>\n<td style=\"padding: 15px\">Dvojit\u00e1 architektura spir\u00e1lov\u00e9 m\u0159\u00ed\u017eky<\/td>\n<td style=\"padding: 15px\">Zvy\u0161uje povrchovou plochu v kontaktu s materi\u00e1lem odv\u00e1d\u011bj\u00edc\u00edm kapalinu, co\u017e vede k vynikaj\u00edc\u00ed termodynamick\u00e9 \u00fa\u010dinnosti a rovnom\u011brn\u00e9 aerosolizaci.<\/td>\n<\/tr>\n<tr style=\"background-color: #ffffff\">\n<td style=\"padding: 15px;font-weight: bold\">Rozhran\u00ed telemetrie<\/td>\n<td style=\"padding: 15px\">LED digit\u00e1ln\u00ed displej<\/td>\n<td style=\"padding: 15px\">Poskytuje vizu\u00e1ln\u00ed zp\u011btnou vazbu v re\u00e1ln\u00e9m \u010dase t\u00fdkaj\u00edc\u00ed se zb\u00fdvaj\u00edc\u00edch rezerv energie a \u00farovn\u00ed vnit\u0159n\u00edho \u0159e\u0161en\u00ed.<\/td>\n<\/tr>\n<\/tbody>\n<\/table>\n<h3 style=\"color: #2c3e50;margin-top: 30px\">Empirick\u00e9 testov\u00e1n\u00ed v\u00fdkonu a zaji\u0161t\u011bn\u00ed kvality<\/h3>\n<p style=\"text-align: justify;margin-bottom: 20px\">Tvrzen\u00ed t\u00fdkaj\u00edc\u00ed se dlouhov\u011bkosti a v\u00fdkonu v odv\u011btv\u00ed jednor\u00e1zov\u00fdch vape\u016f \u010dasto postr\u00e1daj\u00ed transparentn\u00ed ov\u011b\u0159en\u00ed. Aby byla zaji\u0161t\u011bna maxim\u00e1ln\u00ed spolehlivost, hardware ATVS podl\u00e9h\u00e1 p\u0159\u00edsn\u00e9mu laboratorn\u00edmu hodnocen\u00ed. Pomoc\u00ed automatizovan\u00e9ho za\u0159\u00edzen\u00ed pro simulaci tahu kalibrovan\u00e9ho na pr\u016fmyslov\u00e9 standardn\u00ed parametry (trv\u00e1n\u00ed tahu 2,5 sekundy, n\u00e1sledovan\u00e9 10sekundov\u00fdm intervalem odpo\u010dinku) jsou za\u0159\u00edzen\u00ed testov\u00e1na, aby byla ov\u011b\u0159ena jejich tvrzen\u00ed o 40 000 cyklech.<\/p>\n<p style=\"text-align: justify;margin-bottom: 20px\">B\u011bhem t\u011bchto empirick\u00fdch zkou\u0161ek anal\u00fdza poklesu nap\u011bt\u00ed prokazuje, \u017ee baterie s kapacitou 750mAh udr\u017euje vysoce stabiln\u00ed k\u0159ivku, co\u017e zaji\u0161\u0165uje, \u017ee dvojit\u00e1 meshov\u00e1 c\u00edvka p\u0159ij\u00edm\u00e1 konzistentn\u00ed v\u00fdkon, a to i kdy\u017e se baterie bl\u00ed\u017e\u00ed vy\u010derp\u00e1n\u00ed. Krom\u011b toho tepeln\u00e9 zobrazov\u00e1n\u00ed b\u011bhem 30minutov\u00e9ho rychl\u00e9ho nab\u00edjen\u00ed p\u0159es port USB typu C potvrzuje vynikaj\u00edc\u00ed odvod tepla; teplota vn\u011bj\u0161\u00edho pouzdra trvale z\u016fst\u00e1v\u00e1 pod p\u0159\u00edsn\u00fdm bezpe\u010dnostn\u00edm limitem 38 \u00b0C. Tyto metodick\u00e9 testovac\u00ed postupy potvrzuj\u00ed, \u017ee za\u0159\u00edzen\u00ed pracuje dob\u0159e v r\u00e1mci sm\u011brnice CE a RoHS pro spot\u0159ebn\u00ed elektroniku, co\u017e upev\u0148uje jeho status jako vysoce technicky vysp\u011bl\u00e9ho jednor\u00e1zov\u00e9ho vape za\u0159\u00edzen\u00ed.<\/p>\n<div style=\"text-align: center;margin: 40px 0\"><img loading=\"lazy\" decoding=\"async\" class=\"alignnone wp-image-40870 size-full\" style=\"max-width: 100%;height: auto;border-radius: 12px\" src=\"https:\/\/vapexyz.com\/wp-content\/uploads\/2024\/12\/ATVS-40000-Puffs-Dual-Mesh-Digital-Screen-5-Low-Nicotine-Original-Factory-19.webp\" alt=\"ATVS 40000 Puffs Dual Mesh Digital Screen 5% N\u00edzk\u00fd obsah nikotinu Origin\u00e1ln\u00ed tov\u00e1rna hromadn\u011b Koupit dob\u00edjec\u00ed jednor\u00e1zov\u00e9 vapes Pen Velkoobchod\" width=\"1279\" height=\"1666\" title=\"\" srcset=\"https:\/\/vapexyz.com\/wp-content\/uploads\/2024\/12\/ATVS-40000-Puffs-Dual-Mesh-Digital-Screen-5-Low-Nicotine-Original-Factory-19.webp 1279w, https:\/\/vapexyz.com\/wp-content\/uploads\/2024\/12\/ATVS-40000-Puffs-Dual-Mesh-Digital-Screen-5-Low-Nicotine-Original-Factory-19-384x500.webp 384w, https:\/\/vapexyz.com\/wp-content\/uploads\/2024\/12\/ATVS-40000-Puffs-Dual-Mesh-Digital-Screen-5-Low-Nicotine-Original-Factory-19-786x1024.webp 786w, https:\/\/vapexyz.com\/wp-content\/uploads\/2024\/12\/ATVS-40000-Puffs-Dual-Mesh-Digital-Screen-5-Low-Nicotine-Original-Factory-19-768x1000.webp 768w, https:\/\/vapexyz.com\/wp-content\/uploads\/2024\/12\/ATVS-40000-Puffs-Dual-Mesh-Digital-Screen-5-Low-Nicotine-Original-Factory-19-1179x1536.webp 1179w, https:\/\/vapexyz.com\/wp-content\/uploads\/2024\/12\/ATVS-40000-Puffs-Dual-Mesh-Digital-Screen-5-Low-Nicotine-Original-Factory-19-9x12.webp 9w, https:\/\/vapexyz.com\/wp-content\/uploads\/2024\/12\/ATVS-40000-Puffs-Dual-Mesh-Digital-Screen-5-Low-Nicotine-Original-Factory-19-510x664.webp 510w\" sizes=\"auto, (max-width: 1279px) 100vw, 1279px\" \/><\/div>\n<h2 style=\"color: #1a365d;border-bottom: 2px solid #3498db;padding-bottom: 10px;margin-top: 40px\">Aromatick\u00e9 profily: Komplexn\u00ed v\u00fdb\u011br<\/h2>\n<p style=\"text-align: justify;margin-bottom: 20px\">Senzorick\u00fd z\u00e1\u017eitek poskytovan\u00fd vapeem siln\u011b z\u00e1vis\u00ed na kvalit\u011b jeho vnit\u0159n\u00ed formulace. ATVS 40000 Puffs je k dispozici v r\u016fznorod\u00e9 \u0161k\u00e1le 14 pe\u010dliv\u011b vytvo\u0159en\u00fdch aromatick\u00fdch profil\u016f. Tyto v\u00fdb\u011bry jsou formulov\u00e1ny pomoc\u00ed pr\u00e9miov\u00fdch, potravin\u00e1\u0159sk\u00fdch slou\u010denin, aby byl zaji\u0161t\u011bn stabiln\u00ed a vysoce p\u0159\u00edjemn\u00fd senzorick\u00fd v\u00fdstup po celou dobu \u017eivotnosti 35ml z\u00e1sobn\u00edku za\u0159\u00edzen\u00ed.<\/p>\n<ul style=\"list-style-type: none;padding-left: 0;grid-template-columns: repeat(auto-fit, minmax(300px, 1fr));gap: 15px;margin-bottom: 30px\">\n<li style=\"background: #fdfdfd;padding: 15px;border: 1px solid #e1e8ed;border-radius: 8px\">1. Bor\u016fvkov\u00fd led: Komplexn\u00ed synt\u00e9za kysel\u00fdch bobulov\u00fdch t\u00f3n\u016f v kombinaci s v\u00fdrazn\u011b chladn\u00fdm, osv\u011b\u017euj\u00edc\u00edm z\u00e1v\u011brem.<\/li>\n<li style=\"background: #fdfdfd;padding: 15px;border: 1px solid #e1e8ed;border-radius: 8px\">2. Apple Ice: K\u0159i\u017en\u00e1 a \u010dist\u00e1 v\u016fn\u011b ovocn\u00e9ho sadu zv\u00fdraz\u0148uje jemn\u00fd, mraziv\u00fd podt\u00f3n.<\/li>\n<li style=\"background: #fdfdfd;padding: 15px;border: 1px solid #e1e8ed;border-radius: 8px\">3. Kantalupov\u00fd led: Sladk\u00e9 profily cukrov\u00e9ho melonu hladce splynou s chladiv\u00fdm pocitem.<\/li>\n<li style=\"background: #fdfdfd;padding: 15px;border: 1px solid #e1e8ed;border-radius: 8px\">4. Jahodov\u00e1 vodn\u00ed meloun: Harmonick\u00e1 f\u00faze dvou klasick\u00fdch letn\u00edch v\u016fn\u00ed ovoce.<\/li>\n<li style=\"background: #fdfdfd;padding: 15px;border: 1px solid #e1e8ed;border-radius: 8px\">5. Hroznov\u00fd led: Hlubok\u00e9, bohat\u00e9 vinobran\u00ed t\u00f3ny dokonale slad\u011bn\u00e9 s ledov\u00fdm v\u00fddechem.<\/li>\n<li style=\"background: #fdfdfd;padding: 15px;border: 1px solid #e1e8ed;border-radius: 8px\">6. Vodn\u00ed melounov\u00e9 led: Osv\u011b\u017euj\u00edc\u00ed vlastnosti melounu zv\u00fd\u0161en\u00e9 ostr\u00fdm, chladn\u00fdm v\u00e1nkem.<\/li>\n<li style=\"background: #fdfdfd;padding: 15px;border: 1px solid #e1e8ed;border-radius: 8px\">7. Jahodov\u00fd led:  Dosp\u011bl\u00e1 aromatika bobul\u00ed suspendovan\u00e1 v chlazen\u00e9m, hladk\u00e9m profilu.<\/li>\n<li style=\"background: #fdfdfd;padding: 15px;border: 1px solid #e1e8ed;border-radius: 8px\">8. Banana Orange Ice: Inovativn\u00ed tropick\u00e1 sm\u011bs s kr\u00e9mov\u00fdmi a citrusov\u00fdmi t\u00f3ny a mraziv\u00fdm z\u00e1v\u011brem.<\/li>\n<li style=\"background: #fdfdfd;padding: 15px;border: 1px solid #e1e8ed;border-radius: 8px\">9. Broskvov\u00fd led: Jemn\u00e1 sladkost peckov\u00e9ho ovoce doprov\u00e1zen\u00e1 osv\u011b\u017euj\u00edc\u00edm, chladiv\u00fdm efektem.<\/li>\n<li style=\"background: #fdfdfd;padding: 15px;border: 1px solid #e1e8ed;border-radius: 8px\">10. Cola Ice: P\u0159esn\u00e1 rekonstrukce klasick\u00e9ho profilu n\u00e1poje, kompletn\u00ed s osv\u011b\u017euj\u00edc\u00ed chladivost\u00ed.<\/li>\n<li style=\"background: #fdfdfd;padding: 15px;border: 1px solid #e1e8ed;border-radius: 8px\">11. Lemon Lime: Ostr\u00fd, citrusov\u011b orientovan\u00fd blend poskytuj\u00edc\u00ed vysoce kysel\u00fd a osv\u011b\u017euj\u00edc\u00ed senzorick\u00fd dopad.<\/li>\n<li style=\"background: #fdfdfd;padding: 15px;border: 1px solid #e1e8ed;border-radius: 8px\">12. Lychee Ice: Exotick\u00e1 kv\u011btov\u00e1 sladkost charakteristick\u00e1 pro li\u010di, spojen\u00e1 s osv\u011b\u017euj\u00edc\u00ed chladnost\u00ed.<\/li>\n<li style=\"background: #fdfdfd;padding: 15px;border: 1px solid #e1e8ed;border-radius: 8px\">13. Guava Ice: Bohat\u00e9, tropick\u00e9 t\u00f3ny dodan\u00e9 pomoc\u00ed chladiv\u00e9ho, hladk\u00e9ho m\u00e9dia.<\/li>\n<li style=\"background: #fdfdfd;padding: 15px;border: 1px solid #e1e8ed;border-radius: 8px\">14. Taro Ice: Jedine\u010dn\u00fd, m\u00edrn\u011b zemit\u00e9 a kr\u00e9mov\u00e9 aromatick\u00e9 slo\u017een\u00ed spojen\u00e9 s ledov\u00fdm z\u00e1v\u011brem.<\/li>\n<\/ul>\n<h2 style=\"color: #1a365d;border-bottom: 2px solid #3498db;padding-bottom: 10px;margin-top: 40px\">Autorita a d\u016fv\u011bra: V\u00e1\u0161 specializovan\u00fd velkoobchodn\u00ed partner<\/h2>\n<p style=\"text-align: justify;margin-bottom: 20px\">Z\u00edsk\u00e1v\u00e1n\u00ed spolehliv\u00fdch jednor\u00e1zov\u00fdch vape\u016f vy\u017eaduje partnerstv\u00ed se zaveden\u00fdmi autoritami v r\u00e1mci distribu\u010dn\u00edho sektoru. VapeXYZ je p\u0159edn\u00edm velkoobchodn\u00edm subjektem s v\u00edce ne\u017e 8 lety specializovan\u00fdch provozn\u00edch zku\u0161enost\u00ed na glob\u00e1ln\u00edm trhu. Na\u0161e robustn\u00ed infrastruktura n\u00e1m umo\u017e\u0148uje slou\u017eit jako nejv\u011bt\u0161\u00ed distributor pr\u00e9miov\u00e9ho vape hardwaru v Evrop\u011b, p\u0159i\u010dem\u017e udr\u017eujeme hlubokou penetraci trhu nap\u0159\u00ed\u010d Nizozemskem, N\u011bmeckem, Belgi\u00ed a \u0160pan\u011blskem.<\/p>\n<p style=\"text-align: justify;margin-bottom: 20px\">D\u016fsledn\u011b dodr\u017eujeme mezin\u00e1rodn\u00ed obchodn\u00ed p\u0159edpisy a protokoly zaji\u0161\u0165uj\u00edc\u00ed kvalitu. Udr\u017een\u00edm minim\u00e1ln\u00ed objednan\u00e9 mno\u017estv\u00ed (MOQ) pouh\u00fdch 10 jednotek poskytujeme bezkonkuren\u010dn\u00ed flexibilitu pro mal\u00e9 butikov\u00e9 obchody s maloobchodem i pro velkoobchodn\u00ed komer\u010dn\u00ed dodavatele. Na\u0161e logistick\u00fd model p\u0159\u00edmo z tov\u00e1rny zaji\u0161\u0165uje, \u017ee ka\u017ed\u00fd jednor\u00e1zov\u00fd vape, kter\u00fd obdr\u017e\u00edte, je autentick\u00fd, pln\u011b otestovan\u00fd a p\u0159ipraven\u00fd pro nasazen\u00ed koncov\u00fdm u\u017eivatelem.<\/p>\n<div style=\"background-color: #e8f4fd;border: 1px solid #b6d4fe;padding: 20px;border-radius: 8px;margin: 30px 0\">\n<h3 style=\"color: #0c5460;margin-top: 0;font-size: 1.2em\">Ozn\u00e1men\u00ed o souladu s environment\u00e1ln\u00edmi p\u0159edpisy<\/h3>\n<p style=\"margin-bottom: 0;color: #383d41\">VapeXYZ se zavazuje k odpov\u011bdn\u00e9mu distribu\u010dn\u00edmu procesu. ATVS 40000 Puffs vyu\u017e\u00edv\u00e1 pokro\u010dilou technologii lithium-iontov\u00fdch bateri\u00ed. D\u016frazn\u011b doporu\u010dujeme v\u0161em velkoobchodn\u00edm partner\u016fm a koncov\u00fdm u\u017eivatel\u016fm, aby striktn\u011b dodr\u017eovali m\u00edstn\u00ed sm\u011brnice o odpadn\u00edch elektrick\u00fdch a elektronick\u00fdch za\u0159\u00edzen\u00edch (WEEE). \u0158\u00e1dn\u00e1 recyklace jednor\u00e1zov\u00fdch vap\u016f zaji\u0161\u0165uje bezpe\u010dn\u00e9 z\u00edsk\u00e1n\u00ed vnit\u0159n\u00edch komponent\u016f a zabra\u0148uje zne\u010di\u0161t\u011bn\u00ed \u017eivotn\u00edho prost\u0159ed\u00ed. Pro ur\u010den\u00ed m\u00edst pro odevzd\u00e1n\u00ed elektronick\u00e9ho odpadu se, pros\u00edm, obra\u0165te na m\u00edstn\u00ed m\u011bstsk\u00e9 sm\u011brnice.<\/p>\n<\/div>\n<h2 style=\"color: #1a365d;border-bottom: 2px solid #3498db;padding-bottom: 10px;margin-top: 40px\">Kl\u00ed\u010dov\u00e9 opera\u010dn\u00ed dotazy (FAQ)<\/h2>\n<div style=\"flex-direction: column;gap: 15px;margin-top: 20px\">\n<div style=\"border: 1px solid #ddd;border-radius: 8px;padding: 15px;background: #fff\">\n<h4 style=\"margin: 0 0 10px 0;color: #2c3e50;font-size: 1.1em\">Co p\u0159esn\u011b zobrazuje digit\u00e1ln\u00ed displej?<\/h4>\n<p style=\"margin: 0;color: #555\">Integrovan\u00e1 LED obrazovka poskytuje vysoce p\u0159esn\u00e9 \u00fadaje v re\u00e1ln\u00e9m \u010dase. Konkr\u00e9tn\u011b sleduje dv\u011b kl\u00ed\u010dov\u00e9 metriky: zb\u00fdvaj\u00edc\u00ed \u00farove\u0148 nap\u011bt\u00ed 750mAh baterie (zobrazen\u00e1 jako procento) a odhadovan\u00fd objem zb\u00fdvaj\u00edc\u00edho roztoku v 35ml z\u00e1sobn\u00edku. Tato preventivn\u00ed funkce zaji\u0161\u0165uje, \u017ee nikdy nebudete zasko\u010deni vybit\u00fdm za\u0159\u00edzen\u00edm.<\/p>\n<\/div>\n<div style=\"border: 1px solid #ddd;border-radius: 8px;padding: 15px;background: #fff\">\n<h4 style=\"margin: 0 0 10px 0;color: #2c3e50;font-size: 1.1em\">Jak technologie du\u00e1ln\u00ed m\u0159\u00ed\u017ekov\u00e9 c\u00edvky zlep\u0161uje z\u00e1\u017eitek?<\/h4>\n<p style=\"margin: 0;color: #555\">Tradi\u010dn\u00ed jednovidov\u00e1 topn\u00e1 t\u011blesa mohou trp\u011bt nerovnom\u011brn\u00fdm rozlo\u017een\u00edm tepla. Architektura Dual Mesh vyu\u017e\u00edv\u00e1 m\u0159\u00ed\u017ekov\u00fd vzor, kter\u00fd v\u00fdrazn\u011b zvy\u0161uje povrchovou plochu v kontaktu s vnit\u0159n\u00edm materi\u00e1lov\u00fdm knotem. Toto technick\u00e9 \u0159e\u0161en\u00ed vede k rychl\u00e9mu n\u00e1b\u011bhu teploty, konzistentn\u00ed termodynamice a v\u00fdrazn\u011b lep\u0161\u00edmu procesu aerosolizace b\u011bhem cel\u00e9 \u017eivotnosti jednor\u00e1zov\u00e9 vape.<\/p>\n<\/div>\n<div style=\"border: 1px solid #ddd;border-radius: 8px;padding: 15px;background: #fff\">\n<h4 style=\"margin: 0 0 10px 0;color: #2c3e50;font-size: 1.1em\">Jak\u00e9 jsou specifikace nab\u00edjen\u00ed pro toto jednor\u00e1zov\u00e9 vape za\u0159\u00edzen\u00ed?<\/h4>\n<p style=\"margin: 0;color: #555\">Za\u0159\u00edzen\u00ed je vybaveno vysoce \u00fa\u010dinn\u00fdm portem USB typu C um\u00edst\u011bn\u00fdm na spodn\u00ed stran\u011b. D\u00edky pokro\u010dil\u00e9mu obvodu pro spr\u00e1vu nap\u00e1jen\u00ed podporuje 750mAh vnit\u0159n\u00ed zdroj energie rychl\u00e9 nab\u00edjen\u00ed. P\u0159i p\u0159ipojen\u00ed k standardn\u00edmu, kompatibiln\u00edmu adapt\u00e9ru pro nap\u00e1jen\u00ed m\u016f\u017ee zcela vybit\u00e1 baterie dos\u00e1hnout 100% stavu nabit\u00ed p\u0159ibli\u017en\u011b za 30 minut.<\/p>\n<\/div>\n<div style=\"border: 1px solid #ddd;border-radius: 8px;padding: 15px;background: #fff\">\n<h4 style=\"margin: 0 0 10px 0;color: #2c3e50;font-size: 1.1em\">Je toto za\u0159\u00edzen\u00ed vhodn\u00e9 pro komer\u010dn\u00ed hromadn\u00e9 n\u00e1kupy?<\/h4>\n<p style=\"margin: 0;color: #555\">Absolutn\u011b. VapeXYZ se specializuje na B2B transakce. ATVS 40000 Puffs je zabaleno a distribuov\u00e1no s ohledem na komer\u010dn\u00ed maloobchodn\u00edky. Na\u0161e n\u00edzk\u00e1 minim\u00e1ln\u00ed objedn\u00e1vkov\u00e1 mno\u017estv\u00ed 10 kus\u016f v kombinaci s na\u0161\u00ed vysoce konkurenceschopnou velkoobchodn\u00ed cenovou strukturou \u010din\u00ed tento konkr\u00e9tn\u00ed model vynikaj\u00edc\u00edm dopl\u0148kem ka\u017ed\u00e9 komer\u010dn\u00ed z\u00e1soby na evropsk\u00e9m trhu.<\/p>\n<\/div>\n<\/div>\n<\/article>","protected":false},"excerpt":{"rendered":"<p>Jednor\u00e1zov\u00e1 vape ATVS 40000 Puffs je vysoce kapacitn\u00ed za\u0159\u00edzen\u00ed pro vapov\u00e1n\u00ed navr\u017een\u00e9 pro dlouhodob\u00e9 pou\u017eit\u00ed, vybaven\u00e9 35ml kapacitou, robustn\u00ed 750mAh dob\u00edjec\u00ed bateri\u00ed, technologi\u00ed du\u00e1ln\u00edho meshov\u00e9ho spir\u00e1ly pro vylep\u0161en\u00e9 chut\u011b a p\u016fsobiv\u00fdm po\u010dtem n\u00e1dech\u016f a\u017e 40 000, co\u017e z n\u011bj \u010din\u00ed ide\u00e1ln\u00ed volbu pro p\u0159\u00edle\u017eitostn\u00e9 i n\u00e1ro\u010dn\u00e9 vapery.<\/p>","protected":false},"featured_media":40874,"comment_status":"open","ping_status":"closed","template":"","meta":{"_lmt_disableupdate":"no","_lmt_disable":""},"product_brand":[],"product_cat":[973,989,947,935,934,927,929,928,930,933,939,932,938,931,936,937,1017,949,946,950,951,953,987],"product_tag":[],"class_list":{"0":"post-40833","1":"product","2":"type-product","3":"status-publish","4":"has-post-thumbnail","6":"product_cat-atvs-disposable-vapes","7":"product_cat-40000-puff-vapes","8":"product_cat-big-puffs-vapes","9":"product_cat-bulk-buy-disposable-vapes-in-austria","10":"product_cat-bulk-buy-disposable-vapes-in-belgium","11":"product_cat-bulk-buy-disposable-vapes-in-europe","12":"product_cat-bulk-buy-disposable-vapes-in-france","13":"product_cat-bulk-buy-disposable-vapes-in-germany","14":"product_cat-bulk-buy-disposable-vapes-in-italy","15":"product_cat-bulk-buy-disposable-vapes-in-netherlands","16":"product_cat-bulk-buy-disposable-vapes-in-norway","17":"product_cat-bulk-buy-disposable-vapes-in-poland","18":"product_cat-bulk-buy-disposable-vapes-in-portugal","19":"product_cat-bulk-buy-disposable-vapes-in-spain","20":"product_cat-bulk-buy-disposable-vapes-in-sweden","21":"product_cat-bulk-buy-disposable-vapes-in-switzerland","22":"product_cat-buy-best-disposable-vape-flavors","23":"product_cat-digital-box-vapes","24":"product_cat-disposable-vapes-series","25":"product_cat-dual-mesh-vapes","26":"product_cat-lower-nicotine-vapes","27":"product_cat-rechargeable-vapes","28":"product_cat-vape-shop-by-puffs","30":"first","31":"instock","32":"shipping-taxable","33":"purchasable","34":"product-type-variable","35":"has-default-attributes"},"jetpack_sharing_enabled":true,"tiered_pricing_type":"fixed","tiered_pricing_fixed_rules":[],"tiered_pricing_product_settings":{"layout":"default","base_unit_name":{"singular":null,"plural":null},"default_variation":null},"tiered_pricing_minimum_quantity":null,"tiered_pricing_roles_data":[],"tiered_pricing_percentage_rules":[],"tiered_pricing_maximum_quantity":null,"tiered_pricing_quantity_step":null,"_links":{"self":[{"href":"https:\/\/vapexyz.com\/cs\/wp-json\/wp\/v2\/product\/40833","targetHints":{"allow":["GET"]}}],"collection":[{"href":"https:\/\/vapexyz.com\/cs\/wp-json\/wp\/v2\/product"}],"about":[{"href":"https:\/\/vapexyz.com\/cs\/wp-json\/wp\/v2\/types\/product"}],"replies":[{"embeddable":true,"href":"https:\/\/vapexyz.com\/cs\/wp-json\/wp\/v2\/comments?post=40833"}],"wp:featuredmedia":[{"embeddable":true,"href":"https:\/\/vapexyz.com\/cs\/wp-json\/wp\/v2\/media\/40874"}],"wp:attachment":[{"href":"https:\/\/vapexyz.com\/cs\/wp-json\/wp\/v2\/media?parent=40833"}],"wp:term":[{"taxonomy":"product_brand","embeddable":true,"href":"https:\/\/vapexyz.com\/cs\/wp-json\/wp\/v2\/product_brand?post=40833"},{"taxonomy":"product_cat","embeddable":true,"href":"https:\/\/vapexyz.com\/cs\/wp-json\/wp\/v2\/product_cat?post=40833"},{"taxonomy":"product_tag","embeddable":true,"href":"https:\/\/vapexyz.com\/cs\/wp-json\/wp\/v2\/product_tag?post=40833"}],"curies":[{"name":"wp","href":"https:\/\/api.w.org\/{rel}","templated":true}]}}