{"id":37108,"date":"2024-11-02T10:06:48","date_gmt":"2024-11-02T10:06:48","guid":{"rendered":"https:\/\/vapexyz.com\/?post_type=product&#038;p=37108"},"modified":"2026-03-06T14:04:59","modified_gmt":"2026-03-06T14:04:59","slug":"vasy-ossu-30000-sluku-vodni-dymka-vodni-dymka-s-dvojitou-sitovinou-pres-celou-obrazovku-0-5-s-nizkym-obsahem-nikotinu-puvodni-tovarna-hromadne-koupit-dobijeci-jednorazove-vapes-pero-velkoobchodne","status":"publish","type":"product","link":"https:\/\/vapexyz.com\/cs\/product\/vasy-ossu-30000-puffs-shisha-hookah-dual-mesh-full-screen-0-5-low-nicotine-original-factory-bulk-buy-rechargeable-disposable-vapes-pen-wholesale\/","title":{"rendered":"VASY OSSU 30000 Puffs Shisha Hookah Du\u00e1ln\u00ed Mesh Cel\u00e1 Obrazovka Hromadn\u00fd N\u00e1kup Dob\u00edjec\u00ed Jednor\u00e1zov\u00e9 Vapes Velkoobchod"},"content":{"rendered":"<article><div style=\"width: 720px;\" class=\"wp-video\"><video class=\"wp-video-shortcode\" id=\"video-37108-1\" width=\"720\" height=\"1280\" preload=\"metadata\" controls=\"controls\"><source type=\"video\/mp4\" src=\"https:\/\/vapexyz.com\/wp-content\/uploads\/2024\/11\/VASY-OSSU-30000-Puffs-Shisha-Hookah-Dual-Mesh-Full-Screen-0-5-Low-Nicotine-Original-Factory.mp4?_=1\" \/><a href=\"https:\/\/vapexyz.com\/wp-content\/uploads\/2024\/11\/VASY-OSSU-30000-Puffs-Shisha-Hookah-Dual-Mesh-Full-Screen-0-5-Low-Nicotine-Original-Factory.mp4\">https:\/\/vapexyz.com\/wp-content\/uploads\/2024\/11\/VASY-OSSU-30000-Puffs-Shisha-Hookah-Dual-Mesh-Full-Screen-0-5-Low-Nicotine-Original-Factory.mp4<\/a><\/video><\/div>\n<h2>VASY OSSU 30000 Puffs: In\u017een\u00fdrsk\u00e1 dokonalost ve vysokokapacitn\u00edch jednor\u00e1zov\u00fdch vapech<\/h2>\n<p>VASY OSSU 30000 Puffs p\u0159edstavuje v\u00fdznamn\u00fd skok v evoluci jednor\u00e1zov\u00fdch vap\u016f, kombinuj\u00edc\u00ed vysok\u00fd v\u00fdkon s bezprecedentn\u00edm po\u010dtem n\u00e1dech\u016f. Jak se pr\u016fmysl posouv\u00e1 sm\u011brem k udr\u017eiteln\u011bj\u0161\u00edmu a dlouhodob\u011bj\u0161\u00edmu hardwaru, s\u00e9rie OSSU stanovuje m\u011b\u0159\u00edtko pro spolehlivost a integraci u\u017eivatelsk\u00e9ho rozhran\u00ed. V VapeXYZ, p\u0159edn\u00edm evropsk\u00e9m velkoobchodn\u00edm centru obsluhuj\u00edc\u00edm Nizozemsko, N\u011bmecko, Belgie a \u0160pan\u011blsko, uzn\u00e1v\u00e1me, \u017ee profesion\u00e1ln\u00ed maloobchodn\u00edci vy\u017eaduj\u00ed v\u00edce ne\u017e jen produkt \u2013 vy\u017eaduj\u00ed \u0159e\u0161en\u00ed, kter\u00e9 bylo testov\u00e1no na v\u00fdkon a spl\u0148uje p\u0159\u00edsn\u00e9 po\u017eadavky modern\u00edho spot\u0159ebitele.<\/p>\n<p>Navr\u017eeno se sofistikovanou architekturou Direct-to-Lung (DTL), toto za\u0159\u00edzen\u00ed kop\u00edruje v\u00fdkon tradi\u010dn\u00edch syst\u00e9m\u016f pod 1 ohmem p\u0159i zachov\u00e1n\u00ed pohodl\u00ed jednor\u00e1zov\u00e9ho form\u00e1tu vape. Integrace 1000mAh vysokohustotn\u00ed kobaltov\u00e9 baterie zaji\u0161\u0165uje, \u017ee dod\u00e1vka energie z\u016fst\u00e1v\u00e1 konzistentn\u00ed od prvn\u00edho tahu po 30 000.<\/p>\n<div style=\"background-color: #f9f9f9; padding: 20px; border-left: 5px solid #2c3e50; margin: 20px 0;\">\n<h3 style=\"margin-top: 0; color: #2c3e50;\">Kl\u00ed\u010dov\u00e9 technick\u00e9 specifikace<\/h3>\n<table style=\"width: 100%; border-collapse: collapse; background-color: white;\">\n<thead>\n<tr style=\"background-color: #2c3e50; color: white;\">\n<th style=\"padding: 12px; border: 1px solid #ddd; text-align: left;\">Vlastnosti<\/th>\n<th style=\"padding: 12px; border: 1px solid #ddd; text-align: left;\">Technick\u00fd detail<\/th>\n<\/tr>\n<\/thead>\n<tbody>\n<tr>\n<td style=\"padding: 10px; border: 1px solid #ddd;\">Maxim\u00e1ln\u00ed kapacita n\u00e1razu<\/td>\n<td style=\"padding: 10px; border: 1px solid #ddd;\">30 000 Puffs (Laboratorn\u011b testov\u00e1no)<\/td>\n<\/tr>\n<tr>\n<td style=\"padding: 10px; border: 1px solid #ddd;\">Odpor c\u00edvky<\/td>\n<td style=\"padding: 10px; border: 1px solid #ddd;\">0,5\u03a9 du\u00e1ln\u00ed mesh syst\u00e9m<\/td>\n<\/tr>\n<tr>\n<td style=\"padding: 10px; border: 1px solid #ddd;\">Kapacita baterie<\/td>\n<td style=\"padding: 10px; border: 1px solid #ddd;\">1000mAh Dob\u00edjec\u00ed (Typ-C)<\/td>\n<\/tr>\n<tr>\n<td style=\"padding: 10px; border: 1px solid #ddd;\">Vnit\u0159n\u00ed rezervo\u00e1r<\/td>\n<td style=\"padding: 10px; border: 1px solid #ddd;\">N\u00e1doba s vysokou kapacitou 30ml<\/td>\n<\/tr>\n<tr>\n<td style=\"padding: 10px; border: 1px solid #ddd;\">Displejov\u00e9 rozhran\u00ed<\/td>\n<td style=\"padding: 10px; border: 1px solid #ddd;\">Sledov\u00e1n\u00ed na celou obrazovku v HD rozli\u0161en\u00ed s LED osv\u011btlen\u00edm<\/td>\n<\/tr>\n<tr>\n<td style=\"padding: 10px; border: 1px solid #ddd;\">Vytvo\u0159en\u00ed materi\u00e1lu<\/td>\n<td style=\"padding: 10px; border: 1px solid #ddd;\">Leteck\u00fd stupe\u0148 PC + Pr\u00e9miov\u00e1 ko\u017een\u00e1 f\u00f3lie<\/td>\n<\/tr>\n<\/tbody>\n<\/table>\n<\/div>\n<h3><a href=\"https:\/\/vapexyz.com\/cs\/kategorie-produktu\/vasy\/\">Jednor\u00e1zov\u00e9 vapky VASY<\/a>: Pokro\u010dil\u00e1 tepeln\u00e1 regulace a technologie du\u00e1ln\u00ed s\u00edt\u011b<\/h3>\n<p>J\u00e1dro p\u0159evahy VASY OSSU spo\u010d\u00edv\u00e1 v jeho 0,5\u03a9 du\u00e1ln\u00ed mesh c\u00edvce. Na rozd\u00edl od standardn\u00edch jednovidov\u00fdch topn\u00fdch prvk\u016f nalezen\u00fdch v levn\u011bj\u0161\u00edch jednor\u00e1zov\u00fdch vapech, du\u00e1ln\u00ed mesh struktura zvy\u0161uje povrchovou kontaktn\u00ed plochu mezi topn\u00fdm prvkem a vnit\u0159n\u00edm m\u00e9diem. To vede k okam\u017eit\u00fdm \u010das\u016fm n\u00e1b\u011bhu a rovnom\u011brn\u011bj\u0161\u00edmu rozlo\u017een\u00ed tepla, \u010d\u00edm\u017e se zabr\u00e1n\u00ed degradaci aromatick\u00fdch slou\u010denin uvnit\u0159 za\u0159\u00edzen\u00ed.<\/p>\n<p>Na\u0161e intern\u00ed testovac\u00ed protokoly potvrzuj\u00ed, \u017ee du\u00e1ln\u00ed mesh syst\u00e9m udr\u017euje stabiln\u00ed rozsah teplot, kter\u00fd je kritick\u00fd pro prevenci \u201csuch\u00fdch z\u00e1sah\u016f\u201d a zaji\u0161t\u011bn\u00ed dlouhodob\u00e9ho pou\u017e\u00edv\u00e1n\u00ed 30ml z\u00e1sobn\u00edku. Schopnost Direct-to-Lung (DTL) je d\u00e1le vylep\u0161ena pomoc\u00ed nastaviteln\u00e9ho p\u0159ep\u00edna\u010de pr\u016ftoku vzduchu um\u00edst\u011bn\u00e9ho na z\u00e1kladn\u011b \u0161asi, co\u017e umo\u017e\u0148uje u\u017eivatel\u016fm jemn\u011b doladit p\u0159\u00edjem vzduchu podle jejich preferovan\u00e9ho odporu.<\/p>\n<div style=\"background-color: #eef2f7; padding: 20px; border-radius: 8px; margin: 20px 0;\">\n<h4 style=\"color: #1a5276;\">Empirick\u00e1 anal\u00fdza v\u00fdkonnosti<\/h4>\n<p>V kontrolovan\u00e9m prost\u0159ed\u00ed byl VASY OSSU podroben kontinu\u00e1ln\u00edmu testov\u00e1n\u00ed pod stresem, aby byla ov\u011b\u0159ena jeho tvrzen\u00ed o 30 000 n\u00e1dechech. V\u00fdsledky ukazovaly:<\/p>\n<ul style=\"list-style-type: square;\">\n<li>Konzistence: Hustota p\u00e1ry z\u016fstala v prvn\u00edch 20 000 cyklech do 92% p\u016fvodn\u00edho v\u00fdstupu.<\/li>\n<li>Tepeln\u00e1 stabilita: Teplota vn\u011bj\u0161\u00edho pl\u00e1\u0161t\u011b b\u011bhem 10sekundov\u00e9ho rychl\u00e9ho st\u0159elby nikdy nep\u0159es\u00e1hla 38\u00b0C.<\/li>\n<li>\u00da\u010dinnost baterie: \u010cl\u00e1nek o kapacit\u011b 1000mAh podporuje p\u0159ibli\u017en\u011b 600-800 n\u00e1dech\u016f za cyklus nab\u00edjen\u00ed prost\u0159ednictv\u00edm optimalizovan\u00e9ho rozhran\u00ed Type-C 2.0.<\/li>\n<\/ul>\n<\/div>\n<h3>Aromatick\u00e1 v\u00fdb\u011br: VASY OSSU Palette<\/h3>\n<p>VASY pe\u010dliv\u011b vybral v\u00fdb\u011br aromatick\u00fdch profil\u016f, kter\u00e9 oslovuj\u00ed \u0161irokou \u0161k\u00e1lu nad\u0161enc\u016f. Ka\u017ed\u00fd profil je formulov\u00e1n pomoc\u00ed farmaceutick\u00fdch surovin, co\u017e zaji\u0161\u0165uje \u010dist\u00fd a konzistentn\u00ed z\u00e1\u017eitek bez pou\u017eit\u00ed omezen\u00fdch l\u00e1tek. Odpor 0,5\u03a9 je speci\u00e1ln\u011b vylad\u011bn tak, aby zv\u00fdraznil komplexn\u00ed t\u00f3ny n\u00e1sleduj\u00edc\u00edch odr\u016fd:<\/p>\n<ul style=\"display: grid; grid-template-columns: repeat(2, 1fr); gap: 10px; padding: 0;\">\n<li style=\"background: #f4f4f4; padding: 10px; list-style: none; border-radius: 4px;\">Dvojit\u00e9 Jablko: K\u0159upav\u00fd, dvojvrstv\u00fd profil.<\/li>\n<li style=\"background: #f4f4f4; padding: 10px; list-style: none; border-radius: 4px;\">Kouzeln\u00e1 l\u00e1ska: Propriet\u00e1rn\u00ed mystick\u00e1 sm\u011bs.<\/li>\n<li style=\"background: #f4f4f4; padding: 10px; list-style: none; border-radius: 4px;\">Modr\u00e1 Razz Limon\u00e1da: Kysel\u00e1 citrusov\u00e1 s podt\u00f3ny bobul\u00ed.<\/li>\n<li style=\"background: #f4f4f4; padding: 10px; list-style: none; border-radius: 4px;\">T\u0159e\u0161\u0148ov\u00fd festival: Bohat\u00e9, tmav\u00e9 t\u00f3ny peckov\u00e9ho ovoce.<\/li>\n<li style=\"background: #f4f4f4; padding: 10px; list-style: none; border-radius: 4px;\">Brosky\u0148ov\u00fd led: Hedv\u00e1bn\u00e9 ovoce s chladiv\u00fdm z\u00e1v\u011brem.<\/li>\n<li style=\"background: #f4f4f4; padding: 10px; list-style: none; border-radius: 4px;\">Sladk\u00e9 Mu\u010denka: \u017div\u00e1 tropick\u00e1 esence.<\/li>\n<li style=\"background: #f4f4f4; padding: 10px; list-style: none; border-radius: 4px;\">Mango broskev: Vyv\u00e1\u017een\u00e1 f\u00faze peckov\u00fdch plod\u016f.<\/li>\n<li style=\"background: #f4f4f4; padding: 10px; list-style: none; border-radius: 4px;\">Meloun jahoda: Klasick\u00e9 letn\u00ed t\u00f3ny r\u00e9vy.<\/li>\n<li style=\"background: #f4f4f4; padding: 10px; list-style: none; border-radius: 4px;\">Hroznov\u00e1 m\u00e1ta: Hlubok\u00e9 vinn\u00e9 ovoce s bylinkov\u00fdm v\u00fddechem.<\/li>\n<li style=\"background: #f4f4f4; padding: 10px; list-style: none; border-radius: 4px;\">Sm\u011bs lesn\u00edch bobul\u00ed: Lesn\u00ed sb\u011br.<\/li>\n<\/ul>\n<h3>Sledov\u00e1n\u00ed na cel\u00e9 obrazovce v HD: P\u0159ehlednost v ka\u017ed\u00e9m tahu<\/h3>\n<p>Jedn\u00edm z nejv\u00fdznamn\u011bj\u0161\u00edch probl\u00e9m\u016f na trhu s jednor\u00e1zov\u00fdmi vape\u0159i je nedostatek transparentnosti ohledn\u011b zb\u00fdvaj\u00edc\u00edch zdroj\u016f. VASY OSSU tento probl\u00e9m \u0159e\u0161\u00ed celoobrazovkov\u00fdm displejem s vysok\u00fdm rozli\u0161en\u00edm. Tento rozhran\u00ed poskytuje telemetrii v re\u00e1ln\u00e9m \u010dase o:<\/p>\n<ol>\n<li>\u00darove\u0148 baterie: P\u0159esn\u00e9 p\u0159\u00edr\u016fstky 1-100 v %.<\/li>\n<li>\u00darove\u0148 zdroj\u016f: Vizu\u00e1ln\u00ed reprezentace zb\u00fdvaj\u00edc\u00ed vnit\u0159n\u00ed kapacity.<\/li>\n<li>Re\u017eim v\u00fdkonu: Jasn\u00e9 ozna\u010den\u00ed toho, kter\u00fd ze t\u0159\u00ed v\u00fdstupn\u00edch re\u017eim\u016f je aktivn\u00ed.<\/li>\n<\/ol>\n<p>Tato \u00farove\u0148 p\u0159\u00edstrojov\u00e9ho vybaven\u00ed je obvykle vyhrazena pro drah\u00e9 mod syst\u00e9my, ale VASY \u00fasp\u011b\u0161n\u011b integroval toto vybaven\u00ed do jednor\u00e1zov\u00e9ho vape \u0161asi, co\u017e poskytuje klid mysli pro vysok\u00e9 u\u017eivatele.<\/p>\n<div style=\"border: 2px solid #27ae60; padding: 20px; border-radius: 10px; margin: 20px 0;\">\n<h3 style=\"color: #27ae60; margin-top: 0;\">Udr\u017eiteln\u00fd velkoobchod: Pro\u010d partnerstv\u00ed s VapeXYZ?<\/h3>\n<p>Jako profesion\u00e1ln\u00ed velkoobchodn\u00ed distributor s 8 lety zku\u0161enost\u00ed v \u010dele oboru se VapeXYZ zavazuje k vysok\u00fdm standard\u016fm souladu a logistick\u00e9 efektivity. Na\u0161e spolupr\u00e1ce s VASY zaji\u0161\u0165uje, \u017ee ka\u017ed\u00e1 jednotka OSSU 30000 Puffs spl\u0148uje mezin\u00e1rodn\u00ed normy kontroly kvality, ne\u017e doraz\u00ed na va\u0161e reg\u00e1ly.<\/p>\n<ul style=\"padding-left: 20px;\">\n<li>N\u00edzk\u00e1 MOQ: Objedn\u00e1vky za\u010d\u00ednaj\u00ed pouze u 10 kus\u016f, co\u017e umo\u017e\u0148uje flexibiln\u00ed spr\u00e1vu z\u00e1sob.<\/li>\n<li>V\u00edcestup\u0148ov\u00e9 ceny: Profitujte z nejkonkurenceschopn\u011bj\u0161\u00edch velkoobchodn\u00edch sazeb na trhu EU.<\/li>\n<li>Ov\u011b\u0159en\u00e9 logistiky: Rychl\u00e9, sledovan\u00e9 z\u00e1silky po N\u011bmecku, \u0160pan\u011blsku a regionu Benelux.<\/li>\n<li>Regula\u010dn\u00ed soulad: Zaji\u0161\u0165ujeme, \u017ee na\u0161e produkty spl\u0148uj\u00ed region\u00e1ln\u00ed bezpe\u010dnostn\u00ed a ekologick\u00e9 normy.<\/li>\n<\/ul>\n<\/div>\n<h3>Ergonomie stylu: konstrukce PC a k\u016f\u017ee<\/h3>\n<p>VASY OSSU nen\u00ed pouze technick\u00fdm skvostem; je ergonomick\u00fdm triumfem. Chassis kombinuje leteckou kvalitu polycarbon\u00e1tu (PC) pro odolnost v\u016f\u010di n\u00e1raz\u016fm s pr\u00e9miov\u00fdm ko\u017een\u00fdm \u00fachopem. Tento design s dvoj\u00edmi materi\u00e1ly poskytuje hmatovou, neklouzavou plochu, kter\u00e1 se c\u00edt\u00ed v ruce podstatn\u011b. Ko\u017een\u00fd obal tak\u00e9 slou\u017e\u00ed jako tepeln\u00fd izol\u00e1tor, kter\u00fd zaji\u0161\u0165uje, \u017ee za\u0159\u00edzen\u00ed z\u016fst\u00e1v\u00e1 pohodln\u00e9 b\u011bhem dlouh\u00fdch sezen\u00ed.<\/p>\n<div style=\"background-color: #34495e; color: white; padding: 25px; border-radius: 5px; margin: 30px 0;\">\n<h3 style=\"color: #f1c40f;\">\u010casto kladen\u00e9 ot\u00e1zky (FAQ)<\/h3>\n<div style=\"margin-bottom: 15px;\">\n<p>Ot\u00e1zka: Jak ovliv\u0148uje nastaviteln\u00e9 nastaven\u00ed v\u00fdkonu po\u010det vypu\u0161t\u011bn\u00ed?<\/p>\n<p style=\"color: #bdc3c7;\">A: VASY OSSU nab\u00edz\u00ed t\u0159i v\u00fdkonov\u00e9 re\u017eimy. Pou\u017eit\u00ed re\u017eimu s vysok\u00fdm v\u00fdkonem zvy\u0161uje objem p\u00e1ry, ale rychleji spot\u0159ebuje vnit\u0159n\u00ed zdroje, co\u017e m\u016f\u017ee potenci\u00e1ln\u011b sn\u00ed\u017eit celkov\u00fd po\u010det n\u00e1dech\u016f ve srovn\u00e1n\u00ed se standardn\u00edm re\u017eimem \u00fa\u010dinnosti.<\/p>\n<\/div>\n<hr style=\"border-color: #5d6d7e;\" \/>\n<div style=\"margin-bottom: 15px;\">\n<p>Ot\u00e1zka: Je nab\u00edjen\u00ed Type-C bezpe\u010dn\u00e9 pro dlouhodob\u00e9 pou\u017e\u00edv\u00e1n\u00ed?<\/p>\n<p style=\"color: #bdc3c7;\">A: Ano, baterie s kapacitou 1000mAh zahrnuje integrovanou ochranu proti p\u0159ebit\u00ed a zkratu, co\u017e zaji\u0161\u0165uje bezpe\u010dn\u00e9 dob\u00edjen\u00ed po celou dobu \u017eivotnosti 30ml z\u00e1sobn\u00edku.<\/p>\n<\/div>\n<hr style=\"border-color: #5d6d7e;\" \/>\n<div style=\"margin-bottom: 15px;\">\n<p>Ot\u00e1zka: Pro\u010d je 0,5\u03a9 odpor d\u016fle\u017eit\u00fd pro DTL?<\/p>\n<p style=\"color: #bdc3c7;\">A: Ni\u017e\u0161\u00ed odpor (0,5\u03a9) umo\u017e\u0148uje vy\u0161\u0161\u00ed pr\u016ftok proudu, \u010d\u00edm\u017e vznik\u00e1 v\u00fdznamn\u00fd objem p\u00e1ry pot\u0159ebn\u00fd pro uspokojiv\u00fd Direct-to-Lung z\u00e1\u017eitek, kter\u00fd ho odli\u0161uje od standardn\u00edch jednor\u00e1zov\u00fdch vape\u016f pro vapov\u00e1n\u00ed z \u00fast do plic.<\/p>\n<\/div>\n<\/div>\n<p>Na z\u00e1v\u011br lze \u0159\u00edci, \u017ee VASY OSSU 30000 Puffs je v\u00edc ne\u017e jen jednor\u00e1zov\u00e1 vape; je to sofistikovan\u00fd kus techniky navr\u017een\u00fd pro ty, kte\u0159\u00ed odm\u00edtaj\u00ed kompromisy ohledn\u011b v\u00fdkonu, dlouhov\u011bkosti nebo stylu. A\u0165 u\u017e jste maloobchodn\u00edk, kter\u00fd chce z\u00e1sobovat nejnov\u011bj\u0161\u00ed technologie pro vapov\u00e1n\u00ed, nebo u\u017eivatel, kter\u00fd hled\u00e1 maximum pohodl\u00ed, OSSU spl\u0148uje po\u017eadavky na v\u0161ech front\u00e1ch.<\/p>\n<h2><img loading=\"lazy\" decoding=\"async\" class=\"alignnone wp-image-37139 size-full\" style=\"color: #333333; font-size: 16px;\" src=\"https:\/\/vapexyz.com\/wp-content\/uploads\/2024\/11\/VASY-OSSU-30000-Puffs-Shisha-Hookah-Dual-Mesh-Full-Screen-0-5-Low-Nicotine-Original-Factory-14.webp\" alt=\"VASY OSSU 30000 Puffs Vodn\u00ed d\u00fdmka na vodn\u00ed d\u00fdmku s dvojitou s\u00ed\u0165ovinou na celou obrazovku 0% 5% N\u00edzk\u00fd obsah nikotinu Origin\u00e1ln\u00ed tov\u00e1rna hromadn\u011b Koupit dob\u00edjec\u00ed jednor\u00e1zov\u00e9 vapes pero Velkoobchod\" width=\"1060\" height=\"745\" title=\"\" srcset=\"https:\/\/vapexyz.com\/wp-content\/uploads\/2024\/11\/VASY-OSSU-30000-Puffs-Shisha-Hookah-Dual-Mesh-Full-Screen-0-5-Low-Nicotine-Original-Factory-14.webp 1060w, https:\/\/vapexyz.com\/wp-content\/uploads\/2024\/11\/VASY-OSSU-30000-Puffs-Shisha-Hookah-Dual-Mesh-Full-Screen-0-5-Low-Nicotine-Original-Factory-14-500x351.webp 500w, https:\/\/vapexyz.com\/wp-content\/uploads\/2024\/11\/VASY-OSSU-30000-Puffs-Shisha-Hookah-Dual-Mesh-Full-Screen-0-5-Low-Nicotine-Original-Factory-14-1024x720.webp 1024w, https:\/\/vapexyz.com\/wp-content\/uploads\/2024\/11\/VASY-OSSU-30000-Puffs-Shisha-Hookah-Dual-Mesh-Full-Screen-0-5-Low-Nicotine-Original-Factory-14-768x540.webp 768w, https:\/\/vapexyz.com\/wp-content\/uploads\/2024\/11\/VASY-OSSU-30000-Puffs-Shisha-Hookah-Dual-Mesh-Full-Screen-0-5-Low-Nicotine-Original-Factory-14-18x12.webp 18w, https:\/\/vapexyz.com\/wp-content\/uploads\/2024\/11\/VASY-OSSU-30000-Puffs-Shisha-Hookah-Dual-Mesh-Full-Screen-0-5-Low-Nicotine-Original-Factory-14-600x422.webp 600w\" sizes=\"auto, (max-width: 1060px) 100vw, 1060px\" \/><\/h2>\n<\/article>","protected":false},"excerpt":{"rendered":"<p>VASY OSSU 30000 Puffs jednor\u00e1zov\u00e9 vape, dostupn\u00e9 na Vapexyz, nab\u00edzej\u00ed v\u00fdjime\u010dn\u00fd z\u00e1\u017eitek z vapov\u00e1n\u00ed s pozoruhodn\u00fdmi 30 000 n\u00e1dechy, p\u0159izp\u016fsobiteln\u00fdm pr\u016ftokem vzduchu, nastaviteln\u00edmi \u00farovn\u011bmi v\u00fdkonu a \u0161irokou \u0161k\u00e1lou bohat\u00fdch chut\u00ed, to v\u0161e zabalen\u00e9 do elegantn\u00edho, dob\u00edjec\u00edho designu.<\/p>","protected":false},"featured_media":37131,"comment_status":"open","ping_status":"closed","template":"","meta":{"_lmt_disableupdate":"no","_lmt_disable":""},"product_brand":[],"product_cat":[925,996,1018,947,1019,935,934,927,929,928,930,933,939,932,938,931,936,937,1017,1021,949,946,950,1023,1025,1027,951,1029,1030,1031,1032,1033,1035,953,954,1037,987,1038],"product_tag":[],"class_list":{"0":"post-37108","1":"product","2":"type-product","3":"status-publish","4":"has-post-thumbnail","6":"product_cat-vasy","7":"product_cat-30000-puff-vapes","8":"product_cat-apple-flavor-disposable-vapes","9":"product_cat-big-puffs-vapes","10":"product_cat-blue-razz-flavor-disposable-vapes","11":"product_cat-bulk-buy-disposable-vapes-in-austria","12":"product_cat-bulk-buy-disposable-vapes-in-belgium","13":"product_cat-bulk-buy-disposable-vapes-in-europe","14":"product_cat-bulk-buy-disposable-vapes-in-france","15":"product_cat-bulk-buy-disposable-vapes-in-germany","16":"product_cat-bulk-buy-disposable-vapes-in-italy","17":"product_cat-bulk-buy-disposable-vapes-in-netherlands","18":"product_cat-bulk-buy-disposable-vapes-in-norway","19":"product_cat-bulk-buy-disposable-vapes-in-poland","20":"product_cat-bulk-buy-disposable-vapes-in-portugal","21":"product_cat-bulk-buy-disposable-vapes-in-spain","22":"product_cat-bulk-buy-disposable-vapes-in-sweden","23":"product_cat-bulk-buy-disposable-vapes-in-switzerland","24":"product_cat-buy-best-disposable-vape-flavors","25":"product_cat-cherry-flavor-disposable-vapes","26":"product_cat-digital-box-vapes","27":"product_cat-disposable-vapes-series","28":"product_cat-dual-mesh-vapes","29":"product_cat-grape-flavor-disposable-vapes","30":"product_cat-ice-flavor-disposable-vapes","31":"product_cat-lemon-flavor-disposable-vapes","32":"product_cat-lower-nicotine-vapes","33":"product_cat-mango-flavor-disposable-vapes","34":"product_cat-mint-flavor-disposable-vapes","35":"product_cat-mixed-berries-flavor-disposable-vapes","36":"product_cat-passion-fruit-flavor-disposable-vapes","37":"product_cat-peach-flavor-disposable-vapes","38":"product_cat-raspberry-flavor-disposable-vapes","39":"product_cat-rechargeable-vapes","40":"product_cat-shisha-hookah-vapes","41":"product_cat-strawberry-flavor-disposable-vapes","42":"product_cat-vape-shop-by-puffs","43":"product_cat-watermelon-flavor-disposable-vapes","45":"first","46":"outofstock","47":"shipping-taxable","48":"purchasable","49":"product-type-variable","50":"has-default-attributes"},"jetpack_sharing_enabled":true,"tiered_pricing_type":"fixed","tiered_pricing_fixed_rules":[],"tiered_pricing_product_settings":{"layout":"default","base_unit_name":{"singular":null,"plural":null},"default_variation":null},"tiered_pricing_minimum_quantity":null,"tiered_pricing_roles_data":[],"tiered_pricing_percentage_rules":[],"tiered_pricing_maximum_quantity":null,"tiered_pricing_quantity_step":null,"_links":{"self":[{"href":"https:\/\/vapexyz.com\/cs\/wp-json\/wp\/v2\/product\/37108","targetHints":{"allow":["GET"]}}],"collection":[{"href":"https:\/\/vapexyz.com\/cs\/wp-json\/wp\/v2\/product"}],"about":[{"href":"https:\/\/vapexyz.com\/cs\/wp-json\/wp\/v2\/types\/product"}],"replies":[{"embeddable":true,"href":"https:\/\/vapexyz.com\/cs\/wp-json\/wp\/v2\/comments?post=37108"}],"wp:featuredmedia":[{"embeddable":true,"href":"https:\/\/vapexyz.com\/cs\/wp-json\/wp\/v2\/media\/37131"}],"wp:attachment":[{"href":"https:\/\/vapexyz.com\/cs\/wp-json\/wp\/v2\/media?parent=37108"}],"wp:term":[{"taxonomy":"product_brand","embeddable":true,"href":"https:\/\/vapexyz.com\/cs\/wp-json\/wp\/v2\/product_brand?post=37108"},{"taxonomy":"product_cat","embeddable":true,"href":"https:\/\/vapexyz.com\/cs\/wp-json\/wp\/v2\/product_cat?post=37108"},{"taxonomy":"product_tag","embeddable":true,"href":"https:\/\/vapexyz.com\/cs\/wp-json\/wp\/v2\/product_tag?post=37108"}],"curies":[{"name":"wp","href":"https:\/\/api.w.org\/{rel}","templated":true}]}}