{"id":36354,"date":"2024-10-28T14:06:29","date_gmt":"2024-10-28T14:06:29","guid":{"rendered":"https:\/\/vapexyz.com\/?post_type=product&#038;p=36354"},"modified":"2026-03-03T00:46:00","modified_gmt":"2026-03-03T00:46:00","slug":"mrvi-dragon-13000-sluku-dual-mesh-digitalni-obrazovka-2-5-s-nizkym-obsahem-nikotinu-originalni-tovarni-hromadny-nakup-dobijecich-jednorazovych-vapes-pera-velkoobchod","status":"publish","type":"product","link":"https:\/\/vapexyz.com\/cs\/product\/mrvi-dragon-13000-puffs-dual-mesh-digital-screen-2-5-low-nicotine-original-factory-bulk-buy-rechargeable-disposable-vapes-pen-wholesale\/","title":{"rendered":"MRVI Dragon 13000 Puffs Du\u00e1ln\u00ed Mesh Digit\u00e1ln\u00ed Displej Hromadn\u00fd N\u00e1kup Dob\u00edjec\u00ed Jednor\u00e1zov\u00e9 Vapes Velkoobchod"},"content":{"rendered":"<article style=\"font-family: 'Segoe UI', Roboto, Helvetica, Arial, sans-serif; line-height: 1.8; color: #2c3e50; max-width: 100%; margin: 0 auto; padding: 20px;\">\n<h2 style=\"color: #1a365d; border-bottom: 2px solid #3182ce; padding-bottom: 10px; margin-bottom: 24px;\">In\u017een\u00fdrsk\u00e1 dokonalost: Komplexn\u00ed technick\u00fd p\u0159ehled MRVI Dragon 13000 Puffs<\/h2>\n<p style=\"margin-bottom: 16px;\">V\u00edtejte ve VapeXYZ, va\u0161\u00ed p\u0159edn\u00ed glob\u00e1ln\u00ed distribu\u010dn\u00ed centrum pro pokro\u010dilou technologii inhalace. S v\u00edce ne\u017e osmi lety dokumentovan\u00e9 provozn\u00ed historie v mezin\u00e1rodn\u00edm velkoobchodn\u00edm \u0159et\u011bzci jsme vytvo\u0159ili p\u0159\u00edsn\u00fd r\u00e1mec pro prov\u011b\u0159ov\u00e1n\u00ed a distribuci \u0161pi\u010dkov\u00fdch jednor\u00e1zov\u00fdch vap\u016f. Na\u0161e portfolio zahrnuje pr\u016fmyslov\u011b p\u0159edn\u00ed hardware od v\u00fdrobc\u016f jako BANG BOX, WASPE, UWIN, BIMO, RandM, BANG, VOZOL, Elf Box a MYDE. Dnes p\u0159edstavujeme hloubkovou empirickou a technickou anal\u00fdzu vlajkov\u00e9 lodi na\u0161eho katalogu: MRVI Dragon 13000 Puffs.<\/p>\n<p style=\"margin-bottom: 24px;\">VapeXYZ funguje jako specializovan\u00fd obchodn\u00ed dodavatel (B2B) a poskytuje ceny p\u0159\u00edmo z tov\u00e1rny s vysoce optimalizovanou logistikou. Podporujeme lokalizovan\u00e9 maloobchodn\u00edky a region\u00e1ln\u00ed distributory t\u00edm, \u017ee nab\u00edz\u00edme strategicky n\u00edzk\u00e9 minim\u00e1ln\u00ed mno\u017estv\u00ed objedn\u00e1vky (MOQ) pouze 10 jednotek. D\u00edky partnerstv\u00ed s n\u00e1mi z\u00edsk\u00e1te p\u0159\u00edstup k nejv\u00edce technicky vysp\u011bl\u00fdm syst\u00e9m\u016fm jednor\u00e1zov\u00fdch vape\u016f na trhu, kter\u00e9 jsou podporov\u00e1ny na\u0161\u00ed rozs\u00e1hlou spolehlivost\u00ed dodavatelsk\u00e9ho \u0159et\u011bzce a protokoly zaji\u0161t\u011bn\u00ed kvality.<\/p>\n<h3 style=\"color: #2b6cb0; margin-top: 32px; margin-bottom: 16px;\">Technick\u00e9 specifikace a hardwarov\u00e1 architektura<\/h3>\n<p style=\"margin-bottom: 16px;\">MRVI Dragon 13000 Puffs p\u0159edstavuje v\u00fdznamn\u00fd krok vp\u0159ed v oblasti p\u0159enosn\u00fdch aerosoliza\u010dn\u00edch za\u0159\u00edzen\u00ed. Tento hardware nen\u00ed zdaleka standardn\u00edm jednor\u00e1zov\u00fdm vapeem, ale zahrnuje pokro\u010dilou telemetrii, sofistikovanou tepelnou dynamiku a vysoce kapacitn\u00ed z\u00e1sobn\u00edk. Aby bylo zaji\u0161t\u011bno, \u017ee na\u0161i maloobchodn\u00ed partne\u0159i pochop\u00ed z\u00e1kladn\u00ed mechaniku tohoto za\u0159\u00edzen\u00ed, n\u00e1\u0161 technick\u00fd t\u00fdm dokumentoval jeho z\u00e1kladn\u00ed parametry.<\/p>\n<table style=\"border-collapse: collapse; width: 100%; margin-bottom: 32px; font-size: 15px; box-shadow: 0 4px 6px rgba(0,0,0,0.1); border-radius: 8px; overflow: hidden;\">\n<thead>\n<tr style=\"background-color: #ebf8ff; color: #2b6cb0; text-align: left;\">\n<th style=\"padding: 12px 16px; border-bottom: 2px solid #bee3f8;\">Specifikace<\/th>\n<th style=\"padding: 12px 16px; border-bottom: 2px solid #bee3f8;\">In\u017een\u00fdrsk\u00e9 detaily \/ M\u011b\u0159en\u00ed<\/th>\n<\/tr>\n<\/thead>\n<tbody>\n<tr style=\"background-color: #ffffff; border-bottom: 1px solid #e2e8f0;\">\n<td style=\"padding: 12px 16px; font-weight: bold;\">Kapacita n\u00e1dr\u017ee<\/td>\n<td style=\"padding: 12px 16px;\">20mL vysokokapacitn\u00ed poly-syntetick\u00e1 skladovac\u00ed cela<\/td>\n<\/tr>\n<tr style=\"background-color: #f7fafc; border-bottom: 1px solid #e2e8f0;\">\n<td style=\"padding: 12px 16px; font-weight: bold;\">Dod\u00e1vka energie<\/td>\n<td style=\"padding: 12px 16px;\">650mAh lithium-polymerov\u00e1 (LiPo) dob\u00edjec\u00ed baterie<\/td>\n<\/tr>\n<tr style=\"background-color: #ffffff; border-bottom: 1px solid #e2e8f0;\">\n<td style=\"padding: 12px 16px; font-weight: bold;\">Nab\u00edjec\u00ed protokol<\/td>\n<td style=\"padding: 12px 16px;\">Vstup USB typu C (podporuje standardn\u00ed nab\u00edjen\u00ed 5 V\/1 A)<\/td>\n<\/tr>\n<tr style=\"background-color: #f7fafc; border-bottom: 1px solid #e2e8f0;\">\n<td style=\"padding: 12px 16px; font-weight: bold;\">Tepeln\u00e9 prvky<\/td>\n<td style=\"padding: 12px 16px;\">Pokro\u010dil\u00e1 architektura dvojit\u00e9 s\u00edt\u011b pro optimalizovan\u00fd tepeln\u00fd tok<\/td>\n<\/tr>\n<tr style=\"background-color: #ffffff; border-bottom: 1px solid #e2e8f0;\">\n<td style=\"padding: 12px 16px; font-weight: bold;\">Alkaloidn\u00ed s\u00edla<\/td>\n<td style=\"padding: 12px 16px;\">Dostupn\u00e9 v koncentrac\u00edch 20mg\/mL (2%) nebo 50mg\/mL (5%)<\/td>\n<\/tr>\n<tr style=\"background-color: #f7fafc; border-bottom: 1px solid #e2e8f0;\">\n<td style=\"padding: 12px 16px; font-weight: bold;\">U\u017eivatelsk\u00e9 rozhran\u00ed<\/td>\n<td style=\"padding: 12px 16px;\">Vysokokontrastn\u00ed LED digit\u00e1ln\u00ed telemetrick\u00e1 obrazovka (metriky baterie a kapacity)<\/td>\n<\/tr>\n<\/tbody>\n<\/table>\n<h3 style=\"color: #2b6cb0; margin-top: 32px; margin-bottom: 16px;\">Empirick\u00e1 anal\u00fdza v\u00fdkonu: Provoz v du\u00e1ln\u00edm re\u017eimu<\/h3>\n<p style=\"margin-bottom: 16px;\">B\u011bhem na\u0161ich intern\u00edch laboratorn\u00edch test\u016f a hodnocen\u00ed kontinu\u00e1ln\u00edho cyklu prok\u00e1zal MRVI Dragon v\u00fdjime\u010dnou tepelnou stabilitu. Integrace mikro\u0159adi\u010de umo\u017e\u0148uje za\u0159\u00edzen\u00ed nab\u00eddnout dv\u011b odli\u0161n\u00e1 nastaven\u00ed v\u00fdkonu, manipulaci s v\u00fdstupn\u00edm v\u00fdkonem a zapojen\u00edm odporu pro zm\u011bnu u\u017eivatelsk\u00e9ho z\u00e1\u017eitku.<\/p>\n<ul style=\"margin-bottom: 24px; padding-left: 20px;\">\n<li style=\"margin-bottom: 10px;\">Pulzn\u00ed re\u017eim (maximalizovan\u00fd v\u00fdstup): Sou\u010dasn\u00fdm zapnut\u00edm obou topn\u00fdch vrstev za\u0159\u00edzen\u00ed zvy\u0161uje celkov\u00fd tepeln\u00fd tok aplikovan\u00fd na formulaci. To vytv\u00e1\u0159\u00ed hust\u011bj\u0161\u00ed aerosolovou mrak a v\u00fdrazn\u011b zesiluje aromatickou intenzitu. V na\u0161ich testovac\u00edch parametrech vyu\u017eit\u00ed tohoto re\u017eimu s vysok\u00fdm tahem poskytuje p\u0159ibli\u017en\u011b 6 500 celkov\u00fdch cykl\u016f tahu.<\/li>\n<li style=\"margin-bottom: 10px;\">Re\u017eim Standard (Udr\u017eiteln\u00e1 \u00fa\u010dinnost): Toto nastaven\u00ed optimalizuje vyb\u00edjen\u00ed baterie a spot\u0159ebu roztoku modulac\u00ed dod\u00e1vky energie na jedin\u00fd mesh rozhran\u00ed nebo st\u0159\u00eddav\u00fdm tepeln\u00fdm zat\u00ed\u017een\u00edm. T\u00edm je zachov\u00e1na doba trv\u00e1n\u00ed nabit\u00ed \u010dl\u00e1nku 650 mAh, co\u017e \u00fa\u010dinn\u011b prodlu\u017euje provozn\u00ed \u017eivotnost za\u0159\u00edzen\u00ed na ov\u011b\u0159enou hranici 13 000 cykl\u016f \u010derp\u00e1n\u00ed.<\/li>\n<\/ul>\n<div style=\"background-color: #e6fffa; border-left: 5px solid #319795; padding: 20px; margin: 32px 0; border-radius: 0 8px 8px 0;\">\n<h4 style=\"color: #234e52; margin-top: 0; margin-bottom: 12px; font-size: 18px;\">\ud83d\udd2c Empirick\u00fd znalostn\u00ed bod: Fyzika technologie dvojit\u00e9 s\u00edt\u011b<\/h4>\n<p style=\"color: #285e61; margin: 0; font-size: 15px;\">Tradi\u010dn\u00ed jednovidov\u00e9 c\u00edvky trp\u00ed nerovnom\u011brn\u00fdm rozlo\u017een\u00edm tepla, co\u017e \u010dasto zp\u016fsobuje lokalizovan\u00e9 p\u0159eh\u0159\u00edv\u00e1n\u00ed, kter\u00e9 degraduje formulaci a produkuje ho\u0159k\u00e9 aromatick\u00e9 l\u00e1tky. MRVI Dragon vyu\u017e\u00edv\u00e1 p\u0159esnou mikro-perforovanou dvojitou s\u00ed\u0165ovou matrici. To zvy\u0161uje celkovou povrchovou plochu v kontaktu s materi\u00e1lem pro odvod tepla o t\u00e9m\u011b\u0159 40%. V\u00fdsledkem je ni\u017e\u0161\u00ed pot\u0159ebn\u00e1 provozn\u00ed teplota pro dosa\u017een\u00ed zm\u011bny f\u00e1ze (aerozolizace), co\u017e drasticky zlep\u0161uje \u017eivotnost topn\u00e9ho prvku a zaji\u0161\u0165uje absolutn\u00ed konzistenci chuti od prvn\u00edho cyklu do posledn\u00edho.<\/p>\n<\/div>\n<h3 style=\"color: #2b6cb0; margin-top: 32px; margin-bottom: 16px;\">Aromatick\u00e9 profily: Senzorick\u00e9 in\u017een\u00fdrstv\u00ed<\/h3>\n<p style=\"margin-bottom: 16px;\">J\u00e1drovou sou\u010d\u00e1st\u00ed tr\u017en\u00ed p\u0159ita\u017elivosti MRVI Dragon je jeho pe\u010dliv\u011b vyvinut\u00e9 menu formulac\u00ed. Nam\u00edsto z\u00e1kladn\u00edch, jednorozm\u011brn\u00fdch mo\u017enost\u00ed jsou tyto profily biochemicky konstruov\u00e1ny tak, aby poskytovaly mnohovrstv\u00e9 senzorick\u00e9 cestov\u00e1n\u00ed. N\u00ed\u017ee je empiricky katalogizovan\u00fd seznam dostupn\u00fdch v\u00fdb\u011br\u016f:<\/p>\n<div style=\"display: grid; grid-template-columns: repeat(auto-fit, minmax(300px, 1fr)); gap: 16px; margin-bottom: 32px;\">\n<div style=\"background: #f8fafc; border: 1px solid #e2e8f0; padding: 15px; border-radius: 8px;\">Bor\u016fvkov\u00e1 vodn\u00ed meloun: Komplexn\u00ed f\u00faze tmav\u00fdch, zemsk\u00fdch t\u00f3n\u016f bobul\u00ed dokonale stabilizovan\u00e1 k\u0159upav\u00fdm, osv\u011b\u017euj\u00edc\u00edm podt\u00f3nem melounu.<\/div>\n<div style=\"background: #f8fafc; border: 1px solid #e2e8f0; padding: 15px; border-radius: 8px;\">Brosky\u0148ov\u00fd Frost: Bohat\u00e9 aroma kamenn\u00e9ho ovoce spojen\u00e9 se syntetick\u00fdm chladic\u00edm \u010dinidlem, kter\u00e9 poskytuje ostr\u00fd, pod nulou se pohybuj\u00edc\u00ed senzorick\u00fd z\u00e1v\u011br.<\/div>\n<div style=\"background: #f8fafc; border: 1px solid #e2e8f0; padding: 15px; border-radius: 8px;\">Modr\u00e1 malinov\u00e1 mr\u00e1z: \u017div\u00fd, kysel\u00fd profil navr\u017een\u00fd tak, aby replikoval klasick\u00e9 cukr\u00e1\u0159sk\u00e9 chody, zakon\u010den\u00fd ledov\u00fdm botanick\u00fdm chladem.<\/div>\n<div style=\"background: #f8fafc; border: 1px solid #e2e8f0; padding: 15px; border-radius: 8px;\">Strawberry Frost: Zral\u00e9, botanick\u00e9 t\u00f3ny jahod pos\u00edlen\u00e9 endotermn\u00edm chladiv\u00fdm pocitem pro maxim\u00e1ln\u00ed osv\u011b\u017een\u00ed patra.<\/div>\n<div style=\"background: #f8fafc; border: 1px solid #e2e8f0; padding: 15px; border-radius: 8px;\">Melonov\u00fd Frost: \u010cist\u00e1, letn\u00ed esence melonu obohacen\u00e1 o k\u0159upavou chladic\u00ed slou\u010deninu, poskytuj\u00edc\u00ed hladk\u00fd z\u00e1\u017eitek z inhalace.<\/div>\n<div style=\"background: #f8fafc; border: 1px solid #e2e8f0; padding: 15px; border-radius: 8px;\">T\u0159e\u0161\u0148ov\u00fd Frost: Hlubok\u00e9, bohat\u00e9 profily t\u0159e\u0161\u0148ov\u00e9ho sadu pe\u010dliv\u011b vyv\u00e1\u017een\u00e9 proti vrstv\u011b sv\u011b\u017e\u00edho, mraziv\u00e9ho v\u00fddechu.<\/div>\n<div style=\"background: #f8fafc; border: 1px solid #e2e8f0; padding: 15px; border-radius: 8px;\">Blueberry Frost: Samostatn\u00fd extrakt tmav\u00fdch bobul\u00ed spojen\u00fd s chladivou mentolovou derivac\u00ed pro osv\u011b\u017euj\u00edc\u00ed pocit v krku.<\/div>\n<div style=\"background: #f8fafc; border: 1px solid #e2e8f0; padding: 15px; border-radius: 8px;\">Hroznov\u00e1 n\u00e1mraza: Robustn\u00ed, plnohodnotn\u00e9 vin\u00e1rsk\u00e9 t\u00f3ny, kter\u00e9 poskytuj\u00ed bohat\u00fd, sladk\u00fd po\u010d\u00e1te\u010dn\u00ed n\u00e1dech, n\u00e1sledovan\u00fd mraziv\u00fdm z\u00e1v\u011brem.<\/div>\n<div style=\"background: #f8fafc; border: 1px solid #e2e8f0; padding: 15px; border-radius: 8px;\">Sm\u011bs lesn\u00edch plod\u016f: Harmonick\u00fd souhrn jahod, malin a bor\u016fvek, vytvo\u0159en\u00fd pro dokonale vyv\u00e1\u017een\u00fd kysel\u00fd-sladk\u00fd pom\u011br.<\/div>\n<div style=\"background: #f8fafc; border: 1px solid #e2e8f0; padding: 15px; border-radius: 8px;\">Klub\u00edkov\u00e1 Mango: Tropick\u00e1 kombinace spojuj\u00edc\u00ed kyselost zahradn\u00edch jahod s hust\u00fdm, cukern\u00fdm profilem rovn\u00edkov\u00fdch mang.<\/div>\n<\/div>\n<h3 style=\"color: #2b6cb0; margin-top: 32px; margin-bottom: 16px;\">Ov\u011b\u0159en\u00ed telemetrie baterie a digit\u00e1ln\u00edho rozhran\u00ed<\/h3>\n<p style=\"margin-bottom: 24px;\">Jedn\u00edm z nej\u010dast\u011bj\u0161\u00edch probl\u00e9m\u016f spot\u0159ebitel\u016f na trhu s p\u0159enosn\u00fdmi aerosoliza\u010dn\u00edmi produkty je nep\u0159edv\u00eddatelnost vybit\u00ed baterie a spot\u0159eby formulace. MRVI Dragon tento probl\u00e9m zcela eliminuje d\u00edky integrovan\u00e9mu LED digit\u00e1ln\u00edmu displeji. Tento rozhran\u00ed vyu\u017e\u00edv\u00e1 kontinu\u00e1ln\u00ed v\u00fdpo\u010dty poklesu nap\u011bt\u00ed k poskytov\u00e1n\u00ed p\u0159esn\u00fdch procentn\u00edch hodnot 650mAh LiPo \u010dl\u00e1nku v re\u00e1ln\u00e9m \u010dase. Krom\u011b toho vyu\u017e\u00edv\u00e1 sofistikovan\u00fd algoritmick\u00fd sledovac\u00ed syst\u00e9m zalo\u017een\u00fd na dob\u011b aktivace a tepeln\u00e9m v\u00fdstupu k odhadu zb\u00fdvaj\u00edc\u00edho objemu 20mL z\u00e1sobn\u00edku, co\u017e zaji\u0161\u0165uje, \u017ee u\u017eivatel nen\u00ed nikdy zasko\u010den.<\/p>\n<h3 style=\"color: #2b6cb0; margin-top: 32px; margin-bottom: 16px;\">Bezpe\u010dnost materi\u00e1lu, soulad s p\u0159edpisy, a zaji\u0161t\u011bn\u00ed kvality<\/h3>\n<p style=\"margin-bottom: 16px;\">Jako profesion\u00e1ln\u00ed distributor VapeXYZ p\u0159ikl\u00e1d\u00e1 prvo\u0159ad\u00fd v\u00fdznam hardwaru, kter\u00fd odpov\u00edd\u00e1 glob\u00e1ln\u00edm parametr\u016fm bezpe\u010dnosti v\u00fdroby. MRVI Dragon je sestaven v modern\u00edch, prachov\u00fdch ISO-certifikovan\u00fdch za\u0159\u00edzen\u00edch. Intern\u00ed elektronika je navr\u017eena s bezpe\u010dnostn\u00edmi prvky, v\u010detn\u011b ochrany proti zkratu, ochrany proti p\u0159ebit\u00ed a 8sekundov\u00e9ho omezen\u00ed tahu, aby se zabr\u00e1nilo necht\u011bn\u00e9mu trval\u00e9mu aktivov\u00e1n\u00ed.<\/p>\n<p style=\"margin-bottom: 24px;\">Za\u0159\u00edzen\u00ed vyu\u017e\u00edv\u00e1 t\u011b\u017ek\u00fd, potravin\u00e1\u0159sk\u00fd polykarbon\u00e1tov\u00fd \u0161asi, kter\u00e9 odol\u00e1v\u00e1 prask\u00e1n\u00ed a zabra\u0148uje struktur\u00e1ln\u00ed deformaci p\u0159i standardn\u00edch tepeln\u00fdch z\u00e1t\u011b\u017e\u00edch. Proto\u017ee obsahuje lithium-iontovou baterii, d\u016frazn\u011b doporu\u010dujeme v\u0161em maloobchodn\u00edk\u016fm, aby vzd\u011bl\u00e1vali koncov\u00e9 u\u017eivatele o spr\u00e1vn\u00fdch protokolech likvidace elektronick\u00e9ho odpadu a zajistili, \u017ee hardware bude recyklov\u00e1n v ur\u010den\u00fdch za\u0159\u00edzen\u00edch pro zpracov\u00e1n\u00ed bateri\u00ed, aby byla zachov\u00e1na environment\u00e1ln\u00ed shoda.<\/p>\n<div style=\"margin: 40px 0; text-align: center;\"><img loading=\"lazy\" decoding=\"async\" class=\"alignnone wp-image-36366 size-full\" style=\"display: block; margin: 0 auto; max-width: 100%; height: auto; border-radius: 12px; box-shadow: 0 10px 15px -3px rgba(0, 0, 0, 0.1);\" src=\"https:\/\/vapexyz.com\/wp-content\/uploads\/2024\/10\/MRVI-Dragon-13000-Puffs-Dual-Mesh-Digital-Screen-2-5-Low-Nicotine-Original-Factory-14.webp\" alt=\"MRVI Dragon 13000 Puffs Dual Mesh Digital Screen 2% 5% N\u00edzk\u00fd obsah nikotinu Origin\u00e1ln\u00ed tov\u00e1rn\u00ed hromadn\u00fd n\u00e1kup dob\u00edjec\u00edch jednor\u00e1zov\u00fdch vapes pera velkoobchod\" width=\"1060\" height=\"2466\" title=\"\" srcset=\"https:\/\/vapexyz.com\/wp-content\/uploads\/2024\/10\/MRVI-Dragon-13000-Puffs-Dual-Mesh-Digital-Screen-2-5-Low-Nicotine-Original-Factory-14.webp 1060w, https:\/\/vapexyz.com\/wp-content\/uploads\/2024\/10\/MRVI-Dragon-13000-Puffs-Dual-Mesh-Digital-Screen-2-5-Low-Nicotine-Original-Factory-14-215x500.webp 215w, https:\/\/vapexyz.com\/wp-content\/uploads\/2024\/10\/MRVI-Dragon-13000-Puffs-Dual-Mesh-Digital-Screen-2-5-Low-Nicotine-Original-Factory-14-440x1024.webp 440w, https:\/\/vapexyz.com\/wp-content\/uploads\/2024\/10\/MRVI-Dragon-13000-Puffs-Dual-Mesh-Digital-Screen-2-5-Low-Nicotine-Original-Factory-14-768x1787.webp 768w, https:\/\/vapexyz.com\/wp-content\/uploads\/2024\/10\/MRVI-Dragon-13000-Puffs-Dual-Mesh-Digital-Screen-2-5-Low-Nicotine-Original-Factory-14-660x1536.webp 660w, https:\/\/vapexyz.com\/wp-content\/uploads\/2024\/10\/MRVI-Dragon-13000-Puffs-Dual-Mesh-Digital-Screen-2-5-Low-Nicotine-Original-Factory-14-880x2048.webp 880w, https:\/\/vapexyz.com\/wp-content\/uploads\/2024\/10\/MRVI-Dragon-13000-Puffs-Dual-Mesh-Digital-Screen-2-5-Low-Nicotine-Original-Factory-14-5x12.webp 5w, https:\/\/vapexyz.com\/wp-content\/uploads\/2024\/10\/MRVI-Dragon-13000-Puffs-Dual-Mesh-Digital-Screen-2-5-Low-Nicotine-Original-Factory-14-600x1396.webp 600w\" sizes=\"auto, (max-width: 1060px) 100vw, 1060px\" \/><\/div>\n<h3 style=\"color: #2b6cb0; margin-top: 32px; margin-bottom: 16px;\">Velkoobchodn\u00ed distribuce a logistika dodavatelsk\u00e9ho \u0159et\u011bzce<\/h3>\n<p style=\"margin-bottom: 16px;\">VapeXYZ je navr\u017een pro objem, \u0161k\u00e1lovatelnost a bezprobl\u00e9mov\u00e9 B2B transakce. P\u0159i integraci MRVI Dragon do va\u0161eho maloobchodn\u00edho katalogu je d\u016fle\u017eit\u00e9 porozum\u011bt fyzick\u00e9 logistice z\u00e1silky pro pl\u00e1nov\u00e1n\u00ed skladu a v\u00fdpo\u010det mar\u017ee. Optimalizovali jsme na\u0161e standardy balen\u00ed, abychom zajistili bezpe\u010dnou p\u0159epravu a n\u00e1kladov\u011b efektivn\u00ed p\u0159epravu.<\/p>\n<ul style=\"margin-bottom: 32px; padding-left: 20px;\">\n<li style=\"margin-bottom: 8px;\">Prodejn\u00ed p\u0159ipravenost: 10 jednotliv\u00fdch jednotek zabalen\u00fdch za display box.<\/li>\n<li style=\"margin-bottom: 8px;\">Hustota hlavn\u00ed krabice: 200 celkov\u00fdch kus\u016f na uzav\u0159enou hlavn\u00ed krabici.<\/li>\n<li style=\"margin-bottom: 8px;\">Hmotnost kartonu: 19kg (Hrub\u00e1 hmotnost optimalizovan\u00e1 pro mezin\u00e1rodn\u00ed leteck\u00e9 a n\u00e1mo\u0159n\u00ed p\u0159epravn\u00ed prahy).<\/li>\n<li style=\"margin-bottom: 8px;\">Rozm\u011bry kartonu: 60cm x 32cm x 23cm ( vypo\u010dteno pro standardn\u00ed \u00fa\u010dinnost stohov\u00e1n\u00ed palet ).<\/li>\n<\/ul>\n<div style=\"background-color: #f7fafc; border: 1px solid #cbd5e0; border-radius: 8px; padding: 24px; margin-bottom: 32px;\">\n<h3 style=\"color: #2d3748; margin-top: 0; margin-bottom: 20px; font-size: 20px; border-bottom: 2px solid #e2e8f0; padding-bottom: 10px;\"><a style=\"color: #3182ce; text-decoration: none; transition: color 0.2s ease;\" href=\"https:\/\/vapexyz.com\/cs\/kategorie-produktu\/mrvi-jednorazove-vapes\/\">Jednor\u00e1zov\u00e9 vapy MRVI<\/a>: Ov\u011b\u0159en\u00fd technick\u00fd FAQ<\/h3>\n<div style=\"margin-bottom: 16px;\">Ot\u00e1zka: Jak port Type-C reguluje vstup nab\u00edjen\u00ed?<\/p>\n<p style=\"margin: 0; color: #4a5568;\">A: Vestav\u011bn\u00fd nab\u00edjec\u00ed regul\u00e1tor p\u0159ij\u00edm\u00e1 standardn\u00ed vstup 5V\/1A. Pou\u017eit\u00ed rychlonab\u00edje\u010dky s vysok\u00fdm v\u00fdkonem nepo\u0161kod\u00ed za\u0159\u00edzen\u00ed, proto\u017ee intern\u00ed \u010dip omezuje proud, aby chr\u00e1nil 650mAh LiPo \u010dl\u00e1nek, co\u017e vede k \u00fapln\u00e9mu cyklu nab\u00edjen\u00ed za p\u0159ibli\u017en\u011b 45 a\u017e 60 minut.<\/p>\n<\/div>\n<div style=\"margin-bottom: 16px;\">Ot\u00e1zka: Existuje nez\u00e1visl\u00e9 ov\u011b\u0159en\u00ed tvrzen\u00ed o 13 000 cyklech?<\/p>\n<p style=\"margin: 0; color: #4a5568;\">A: \u010c\u00edslo 13 000 je odvozeno z automatick\u00e9ho laboratorn\u00edho testov\u00e1n\u00ed vyu\u017e\u00edvaj\u00edc\u00edho standardn\u00ed z\u00e1kladn\u00ed hodnotu odb\u011bru 1,5 sekundy a\u017e 2 sekundy v \u201cre\u017eimu Regular\u201d.  Rozd\u00edly v dob\u011b osobn\u00edho vdechnut\u00ed, okoln\u00ed teplot\u011b a v\u00fdb\u011bru re\u017eimu (nap\u0159. re\u017eim Pulse) empiricky zm\u011bn\u00ed kone\u010dn\u00fd v\u00fdnos.<\/p>\n<\/div>\n<div style=\"margin-bottom: 16px;\">Ot\u00e1zka: Vy\u017eaduje obrazovka aktivn\u00ed vstup u\u017eivatele pro fungov\u00e1n\u00ed?<\/p>\n<p style=\"margin: 0; color: #4a5568;\">A: Ne. Obrazovka pracuje na pasivn\u00edm telemetrick\u00e9m obvodu s aktivac\u00ed.  Sv\u00edt\u00ed pomoc\u00ed senzoru pr\u016ftoku vzduchu MEMS (Micro-Electro-Mechanical Systems), kdy\u017e je spu\u0161t\u011bn tah, dynamicky zobrazuje aktu\u00e1ln\u00ed metriky po n\u011bkolik sekund po aktivaci.<\/p>\n<\/div>\n<div style=\"margin-bottom: 0;\">Ot\u00e1zka: Jak VapeXYZ nakl\u00e1d\u00e1 s hromadnou shodou pro mezin\u00e1rodn\u00ed p\u0159epravu?<\/p>\n<p style=\"margin: 0; color: #4a5568;\">S 8 lety provozn\u00edch dat zpracov\u00e1v\u00e1me v\u0161echny pot\u0159ebn\u00e9 formul\u00e1\u0159e pro deklaraci bateri\u00ed (MSDS, UN38.3) vy\u017eadovan\u00e9 glob\u00e1ln\u00edmi p\u0159epravci, co\u017e zaji\u0161\u0165uje, \u017ee celn\u00ed odbaven\u00ed z\u00e1silek jednor\u00e1zov\u00fdch vape za\u0159\u00edzen\u00ed z\u016fst\u00e1v\u00e1 vysoce efektivn\u00ed a v souladu s p\u0159edpisy.<\/p>\n<\/div>\n<\/div>\n<p style=\"font-weight: bold; text-align: center; font-size: 18px; margin-top: 40px; color: #2c3e50;\">Zvy\u0161ujte sv\u016fj maloobchodn\u00ed invent\u00e1\u0159 v\u011bdecky podlo\u017een\u00fdm, p\u0159esn\u011b navr\u017een\u00fdm hardwarem. Kontaktujte VapeXYZ je\u0161t\u011b dnes, abyste si zajistili svou velkoobchodn\u00ed alokaci s\u00e9rie MRVI Dragon.<\/p>\n<\/article>","protected":false},"excerpt":{"rendered":"<p>MRVI Dragon 13000 Puffs Rechargeable Disposable Vape, dostupn\u00fd na Vapexyz, kombinuje vysokou kapacitu, du\u00e1ln\u00ed re\u017eim funk\u010dnosti a bohatou \u0161k\u00e1lu chut\u00ed s pokro\u010dilou technologi\u00ed mesh coil pro pr\u00e9miov\u00fd a dlouhotrvaj\u00edc\u00ed z\u00e1\u017eitek z vapov\u00e1n\u00ed.<\/p>","protected":false},"featured_media":36360,"comment_status":"open","ping_status":"closed","template":"","meta":{"_lmt_disableupdate":"no","_lmt_disable":""},"product_brand":[],"product_cat":[974,992,947,1019,1020,935,934,927,929,928,930,933,939,932,938,931,936,937,1017,1021,949,946,950,1023,1025,951,1029,1031,1033,1035,953,1037,987,1038],"product_tag":[],"class_list":{"0":"post-36354","1":"product","2":"type-product","3":"status-publish","4":"has-post-thumbnail","6":"product_cat-mrvi-disposable-vapes","7":"product_cat-13000-puff-vapes","8":"product_cat-big-puffs-vapes","9":"product_cat-blue-razz-flavor-disposable-vapes","10":"product_cat-blueberry-flavor-disposable-vapes","11":"product_cat-bulk-buy-disposable-vapes-in-austria","12":"product_cat-bulk-buy-disposable-vapes-in-belgium","13":"product_cat-bulk-buy-disposable-vapes-in-europe","14":"product_cat-bulk-buy-disposable-vapes-in-france","15":"product_cat-bulk-buy-disposable-vapes-in-germany","16":"product_cat-bulk-buy-disposable-vapes-in-italy","17":"product_cat-bulk-buy-disposable-vapes-in-netherlands","18":"product_cat-bulk-buy-disposable-vapes-in-norway","19":"product_cat-bulk-buy-disposable-vapes-in-poland","20":"product_cat-bulk-buy-disposable-vapes-in-portugal","21":"product_cat-bulk-buy-disposable-vapes-in-spain","22":"product_cat-bulk-buy-disposable-vapes-in-sweden","23":"product_cat-bulk-buy-disposable-vapes-in-switzerland","24":"product_cat-buy-best-disposable-vape-flavors","25":"product_cat-cherry-flavor-disposable-vapes","26":"product_cat-digital-box-vapes","27":"product_cat-disposable-vapes-series","28":"product_cat-dual-mesh-vapes","29":"product_cat-grape-flavor-disposable-vapes","30":"product_cat-ice-flavor-disposable-vapes","31":"product_cat-lower-nicotine-vapes","32":"product_cat-mango-flavor-disposable-vapes","33":"product_cat-mixed-berries-flavor-disposable-vapes","34":"product_cat-peach-flavor-disposable-vapes","35":"product_cat-raspberry-flavor-disposable-vapes","36":"product_cat-rechargeable-vapes","37":"product_cat-strawberry-flavor-disposable-vapes","38":"product_cat-vape-shop-by-puffs","39":"product_cat-watermelon-flavor-disposable-vapes","41":"first","42":"outofstock","43":"shipping-taxable","44":"purchasable","45":"product-type-variable","46":"has-default-attributes"},"jetpack_sharing_enabled":true,"tiered_pricing_type":"fixed","tiered_pricing_fixed_rules":[],"tiered_pricing_product_settings":{"layout":"default","base_unit_name":{"singular":null,"plural":null},"default_variation":null},"tiered_pricing_minimum_quantity":null,"tiered_pricing_roles_data":[],"tiered_pricing_percentage_rules":[],"tiered_pricing_maximum_quantity":null,"tiered_pricing_quantity_step":null,"_links":{"self":[{"href":"https:\/\/vapexyz.com\/cs\/wp-json\/wp\/v2\/product\/36354","targetHints":{"allow":["GET"]}}],"collection":[{"href":"https:\/\/vapexyz.com\/cs\/wp-json\/wp\/v2\/product"}],"about":[{"href":"https:\/\/vapexyz.com\/cs\/wp-json\/wp\/v2\/types\/product"}],"replies":[{"embeddable":true,"href":"https:\/\/vapexyz.com\/cs\/wp-json\/wp\/v2\/comments?post=36354"}],"wp:featuredmedia":[{"embeddable":true,"href":"https:\/\/vapexyz.com\/cs\/wp-json\/wp\/v2\/media\/36360"}],"wp:attachment":[{"href":"https:\/\/vapexyz.com\/cs\/wp-json\/wp\/v2\/media?parent=36354"}],"wp:term":[{"taxonomy":"product_brand","embeddable":true,"href":"https:\/\/vapexyz.com\/cs\/wp-json\/wp\/v2\/product_brand?post=36354"},{"taxonomy":"product_cat","embeddable":true,"href":"https:\/\/vapexyz.com\/cs\/wp-json\/wp\/v2\/product_cat?post=36354"},{"taxonomy":"product_tag","embeddable":true,"href":"https:\/\/vapexyz.com\/cs\/wp-json\/wp\/v2\/product_tag?post=36354"}],"curies":[{"name":"wp","href":"https:\/\/api.w.org\/{rel}","templated":true}]}}