{"id":36076,"date":"2024-10-26T08:35:59","date_gmt":"2024-10-26T08:35:59","guid":{"rendered":"https:\/\/vapexyz.com\/?post_type=product&#038;p=36076"},"modified":"2026-03-01T01:44:41","modified_gmt":"2026-03-01T01:44:41","slug":"atv-valecna-lod-18000-foukani-digitalni-obrazovka-s-dvojitou-sitovinou-5-s-nizkym-obsahem-nikotinu-originalni-tovarni-hromadny-nakup-dobijecich-jednorazovych-vyparniku-velkoobchodne","status":"publish","type":"product","link":"https:\/\/vapexyz.com\/cs\/product\/atvs-warship-18000-puffs-digital-screen-dual-mesh-5-low-nicotine-original-factory-bulk-buy-rechargeable-disposable-vapes-pen-wholesale\/","title":{"rendered":"ATVS v\u00e1le\u010dn\u00e1 lo\u010f 18000 n\u00e1dech\u016f Digit\u00e1ln\u00ed obrazovka Dvojit\u00e1 s\u00ed\u0165 Velkoobchodn\u00ed n\u00e1kup Dob\u00edjec\u00ed jednor\u00e1zov\u00e9 vaporiz\u00e9ry na velkoobchod"},"content":{"rendered":"<article style=\"font-family: system-ui, -apple-system, sans-serif; line-height: 1.6; color: #333; max-width: 100%; margin: 0 auto; padding: 20px;\">\n<h2 style=\"color: #1a202c; border-bottom: 2px solid #e2e8f0; padding-bottom: 10px; font-size: 2em;\">ATVS v\u00e1le\u010dn\u00e1 lo\u010f 18000 n\u00e1dech\u016f Digit\u00e1ln\u00ed obrazovka Dvojit\u00e1 s\u00ed\u0165 5% Koncentrace Origin\u00e1ln\u00ed tov\u00e1rn\u00ed hromadn\u00fd n\u00e1kup Dob\u00edjec\u00ed jednor\u00e1zov\u00e9 vape pero Velkoobchod<\/h2>\n<p>ATVS WARSHIP 18000 Puffs p\u0159edstavuje v\u00fdznamn\u00fd skok vp\u0159ed v konstrukci vysokokapacitn\u00edch jednor\u00e1zov\u00fdch vap\u016f. Navr\u017eeno tak, aby spl\u0148ovalo n\u00e1ro\u010dn\u00e9 po\u017eadavky jak koncov\u00fdch u\u017eivatel\u016f, tak velkoobchodn\u00edch distributor\u016f, toto konkr\u00e9tn\u00ed za\u0159\u00edzen\u00ed kombinuje prodlou\u017eenou provozn\u00ed \u017eivotnost s p\u0159esn\u00fdm elektronick\u00fdm monitorov\u00e1n\u00edm. VapeXYZ, \u010derpaje z v\u00edce ne\u017e osmi let zku\u0161enost\u00ed z odv\u011btv\u00ed v oblasti glob\u00e1ln\u00ed distribuce, hrd\u011b nab\u00edz\u00ed toto pr\u00e9miov\u00e9 hardwarov\u00e9 \u0159e\u0161en\u00ed evropsk\u00e9mu trhu a d\u00e1le. Zam\u011b\u0159en\u00edm se na ov\u011b\u0159iteln\u00e9 v\u00fdkonnostn\u00ed metriky, robustn\u00ed vnit\u0159n\u00ed architekturu a spolehlivou logistiku dodavatelsk\u00e9ho \u0159et\u011bzce poskytujeme maloobchodn\u00edm partner\u016fm vysoce spolehliv\u00fd produkt podlo\u017een\u00fd autentick\u00fdmi B2B znalostmi.<\/p>\n<p>A\u0165 u\u017e provozujete rozs\u00e1hlou distribu\u010dn\u00ed s\u00ed\u0165 nebo specializovan\u00fd butik, n\u00e1kup spolehliv\u00fdch jednor\u00e1zov\u00fdch vape za\u0159\u00edzen\u00ed vy\u017eaduje jasn\u00e9 pochopen\u00ed technick\u00fdch specifikac\u00ed hardwaru. ATVS WARSHIP je vyr\u00e1b\u011bn v nejmodern\u011bj\u0161\u00edch za\u0159\u00edzen\u00edch, dodr\u017euje p\u0159\u00edsn\u00e9 normy kontroly kvality, kter\u00e9 zaji\u0161\u0165uj\u00ed konzistenci nap\u0159\u00ed\u010d velk\u00fdmi v\u00fdrobn\u00edmi \u0161ar\u017eemi. Prost\u0159ednictv\u00edm VapeXYZ mohou komer\u010dn\u00ed kupuj\u00edc\u00ed z\u00edskat p\u0159\u00edstup k t\u011bmto vysoce kvalitn\u00edm za\u0159\u00edzen\u00edm s v\u00fdjime\u010dn\u011b dostupn\u00fdm minim\u00e1ln\u00edm mno\u017estv\u00edm objedn\u00e1vky (MOQ) pouh\u00fdch 10 kus\u016f, \u010d\u00edm\u017e se p\u0159ekon\u00e1v\u00e1 propast mezi masivn\u00edmi tov\u00e1rn\u00edmi v\u00fdstupy a flexibiln\u00edm \u0159\u00edzen\u00edm z\u00e1sob.<\/p>\n<h3 style=\"color: #2d3748; margin-top: 30px; font-size: 1.5em;\">Technick\u00e9 specifikace a hardwarov\u00e9 in\u017een\u00fdrstv\u00ed<\/h3>\n<p>V srdci v\u00fdkonu ATVS WARSHIP je jeho vysoce optimalizovan\u00e1 vnit\u0159n\u00ed architektura. Odklonem od primitivn\u00edch konfigurac\u00ed s jedin\u00fdm dr\u00e1tem toto za\u0159\u00edzen\u00ed vyu\u017e\u00edv\u00e1 pokro\u010dilou dvojitou s\u00ed\u0165ovou topnou matrici. S\u00ed\u0165ov\u00e9 prvky poskytuj\u00ed mnohem v\u011bt\u0161\u00ed povrchovou plochu ve srovn\u00e1n\u00ed s tradi\u010dn\u00edmi spir\u00e1lov\u00fdmi dr\u00e1ty. Z in\u017een\u00fdrsk\u00e9ho hlediska umo\u017e\u0148uje tato zv\u00fd\u0161en\u00e1 povrchov\u00e1 plocha rovnom\u011brn\u011bj\u0161\u00ed rozlo\u017een\u00ed tepeln\u00e9 energie. Minimalizac\u00ed lokalizovan\u00fdch hork\u00fdch m\u00edst syst\u00e9m dvojit\u00e9 s\u00edt\u011b zabra\u0148uje p\u0159ed\u010dasn\u00e9mu rozkladu vnit\u0159n\u00edho aerosoliza\u010dn\u00edho roztoku, co\u017e zaji\u0161\u0165uje, \u017ee strukturn\u00ed integrita p\u00e1ry z\u016fst\u00e1v\u00e1 konzistentn\u00ed od po\u010d\u00e1te\u010dn\u00ed aktivace po kone\u010dn\u00fd provoz za\u0159\u00edzen\u00ed.<\/p>\n<p>Nap\u00e1jen\u00ed tohoto slo\u017eit\u00e9ho termodynamick\u00e9ho procesu zaji\u0161\u0165uje vysoce kvalitn\u00ed 750mAh lithium-iontov\u00e1 baterie. Vybr\u00e1na byla pro svou vynikaj\u00edc\u00ed hustotu energie a stabiln\u00ed vyb\u00edjec\u00ed k\u0159ivku, tato dob\u00edjec\u00ed baterie zaji\u0161\u0165uje, \u017ee za\u0159\u00edzen\u00ed m\u016f\u017ee udr\u017eet pot\u0159ebn\u00fd v\u00fdstupn\u00ed nap\u011bt\u00ed pro \u00fa\u010dinn\u00e9 \u0159\u00edzen\u00ed du\u00e1ln\u00ed m\u0159\u00ed\u017ekov\u00e9 matrice. Zahrnut\u00ed nab\u00edjec\u00edho portu typu C uv\u00e1d\u00ed za\u0159\u00edzen\u00ed do souladu s modern\u00edmi elektronick\u00fdmi standardy a umo\u017e\u0148uje rychl\u00e9 dopln\u011bn\u00ed nap\u00e1jec\u00ed bu\u0148ky. Intern\u00ed syst\u00e9my spr\u00e1vy nap\u00e1jen\u00ed reguluj\u00ed p\u0159\u00edchoz\u00ed proud a chr\u00e1n\u00ed baterii p\u0159ed p\u0159ebit\u00edm, hlubok\u00fdm vybit\u00edm a tepov\u00fdm \u00fanikem, \u010d\u00edm\u017e prodlu\u017euj\u00ed \u017eivotnost hardwaru.<\/p>\n<p>Krom\u011b toho za\u0159\u00edzen\u00ed disponuje masivn\u00ed kapacitou z\u00e1sobn\u00edku 25 ml. Tento vnit\u0159n\u00ed n\u00e1dr\u017e je vyroben z vysoce kvalitn\u00edch, potravin\u00e1\u0159sk\u00fdch polymer\u016f PCTG, zvolen\u00fdch specificky pro jejich chemickou odolnost a tepelnou stabilitu. To zaji\u0161\u0165uje, \u017ee propriet\u00e1rn\u00ed formulace koncentrace 5% z\u016fst\u00e1v\u00e1 nezkontaminovan\u00e1 a bezpe\u010dn\u011b ulo\u017een\u00e1 uvnit\u0159 \u0161asi, co\u017e drasticky sni\u017euje riziko \u00faniku b\u011bhem p\u0159epravy nebo ka\u017edodenn\u00edho provozu.<\/p>\n<h3 style=\"color: #2d3748; margin-top: 30px; font-size: 1.5em;\">Empirick\u00e9 metriky v\u00fdkonu a telemetrie<\/h3>\n<p>Tvrzen\u00ed \u201c18 000 n\u00e1dech\u016f\u201d nen\u00ed sv\u00e9voln\u00fdm \u00fadaj\u016fm, ale vych\u00e1z\u00ed ze standardizovan\u00fdch metodologi\u00ed testov\u00e1n\u00ed. V kontrolovan\u00e9m laboratorn\u00edm prost\u0159ed\u00ed je ATVS WARSHIP podrobov\u00e1n d\u016fkladn\u00e9mu hodnocen\u00ed pomoc\u00ed automatick\u00fdch simul\u00e1tor\u016f n\u00e1dechu. Tyto mechanizovan\u00e9 syst\u00e9my jsou kalibrov\u00e1ny tak, aby replikovaly lidsk\u00e9 vzory n\u00e1dechu, p\u0159i\u010dem\u017e p\u0159\u00edsn\u011b reguluj\u00ed trv\u00e1n\u00ed ka\u017ed\u00e9 aktivace a intervaly odpo\u010dinku mezi nimi. Prost\u0159ednictv\u00edm tohoto empirick\u00e9ho testov\u00e1n\u00ed za\u0159\u00edzen\u00ed d\u016fsledn\u011b prokazuje svou schopnost \u00fa\u010dinn\u011b zpracovat 25ml vnit\u0159n\u00ed formulaci, co\u017e potvrzuje jeho dlouhodobou provozn\u00ed kapacitu.<\/p>\n<p>Jedn\u00edm z nejkriti\u010dt\u011bj\u0161\u00edch technologick\u00fdch dopl\u0148k\u016f tohoto jednor\u00e1zov\u00e9ho vape za\u0159\u00edzen\u00ed je integrovan\u00e1 LED digit\u00e1ln\u00ed obrazovka. Tradi\u010dn\u00ed jednor\u00e1zov\u00e9 vape za\u0159\u00edzen\u00ed \u010dasto ponech\u00e1vaj\u00ed u\u017eivatele v nev\u011bdomosti ohledn\u011b zb\u00fdvaj\u00edc\u00ed \u017eivotnosti za\u0159\u00edzen\u00ed, co\u017e vede k neo\u010dek\u00e1van\u00e9mu vy\u010derp\u00e1n\u00ed. ATVS WARSHIP tento probl\u00e9m \u0159e\u0161\u00ed vyu\u017eit\u00edm intern\u00edch mikrokontrol\u00e9r\u016f, kter\u00e9 m\u011b\u0159\u00ed poklesy nap\u011bt\u00ed a odhaduj\u00ed objem z\u00e1sobn\u00edku. Tyto telemetrick\u00e9 \u00fadaje jsou v re\u00e1ln\u00e9m \u010dase p\u0159ekl\u00e1d\u00e1ny na LED displej, co\u017e u\u017eivateli poskytuje p\u0159esn\u00e9, empirick\u00e9 \u00fadaje jak o aktu\u00e1ln\u00edm nabit\u00ed baterie, tak o zb\u00fdvaj\u00edc\u00ed kapacit\u011b aerosolizace. Tento p\u0159\u00edstup zalo\u017een\u00fd na datech zvy\u0161uje u\u017eivatelsk\u00fd z\u00e1\u017eitek t\u00edm, \u017ee up\u0159ednost\u0148uje p\u0159edv\u00eddatelnost a kontrolu.<\/p>\n<h3 style=\"color: #2d3748; margin-top: 30px; font-size: 1.5em;\">\u00da\u0159ad pro zaji\u0161t\u011bn\u00ed kvality a distribuci<\/h3>\n<p>Z\u00edsk\u00e1v\u00e1n\u00ed jednor\u00e1zov\u00fdch vap\u016f na dne\u0161n\u00edm trhu vy\u017eaduje partnerstv\u00ed s subjekty, kter\u00e9 prokazuj\u00ed nepopiratelnou provozn\u00ed autoritu. VapeXYZ funguje jako profesion\u00e1ln\u00ed velkoobchodn\u00ed distributor, kter\u00fd pe\u010dliv\u011b prov\u011b\u0159uje produkty za\u0159azen\u00e9 do na\u0161eho katalogu. ATVS WARSHIP je sestaven ve v\u00fdrobn\u00edm prost\u0159ed\u00ed, kter\u00e9 up\u0159ednost\u0148uje bezpe\u010dnost a soulad s p\u0159edpisy, obvykle v souladu se standardn\u00edmi certifikacemi spot\u0159ebn\u00ed elektroniky, jako jsou CE a RoHS. To zaji\u0161\u0165uje, \u017ee t\u011b\u017ek\u00e9 kovy a elektronick\u00e9 komponenty pou\u017e\u00edvan\u00e9 p\u0159i sestav\u011b spl\u0148uj\u00ed p\u0159\u00edsn\u00e9 mezin\u00e1rodn\u00ed bezpe\u010dnostn\u00ed standardy.<\/p>\n<p>Na\u0161e osm let provozn\u00ed historie n\u00e1m umo\u017enila zdokonalit na\u0161e logistick\u00e9 r\u00e1mce. VapeXYZ garantuje cenov\u00e9 modely p\u0159\u00edmo od velkoobchodu, co\u017e zaji\u0161\u0165uje, \u017ee na\u0161i partne\u0159i profituj\u00ed z optimalizovan\u00fdch mar\u017e\u00ed bez kompromis\u016f ohledn\u011b autenticity produktu. Na\u0161e pozoruhodn\u011b n\u00edzk\u00e1 minim\u00e1ln\u00ed objedn\u00e1vkov\u00e1 mno\u017estv\u00ed (MOQ) 10 jednotek je speci\u00e1ln\u011b navr\u017eena tak, aby umo\u017enila maloobchodn\u00edk\u016fm empiricky testovat reakci trhu p\u0159edt\u00edm, ne\u017e se zav\u00e1\u017eou k masivn\u00edm v\u00fddaj\u016fm na z\u00e1soby. Tento transparentn\u00ed, partner\u016fm zam\u011b\u0159en\u00fd p\u0159\u00edstup je t\u00edm, co etabluje VapeXYZ jako d\u016fv\u011bryhodn\u00fd pil\u00ed\u0159 v glob\u00e1ln\u00ed distribu\u010dn\u00ed krajin\u011b.<\/p>\n<h3 style=\"color: #2d3748; margin-top: 30px; font-size: 1.5em;\">Aromatick\u00e9 profily a senzorick\u00e9 mo\u017enosti<\/h3>\n<p>Aby bylo mo\u017en\u00e9 uspokojit r\u016fznorod\u00e9 preference spot\u0159ebitel\u016f, je ATVS WARSHIP formulov\u00e1n s \u0159adou pe\u010dliv\u011b vytvo\u0159en\u00fdch aromatick\u00fdch profil\u016f. Tyto sm\u011bsi jsou vyv\u00edjeny pomoc\u00ed vysoce \u010dist\u00fdch olfaktorn\u00edch slou\u010denin, aby poskytly stabiln\u00ed a vyv\u00e1\u017een\u00fd senzorick\u00fd z\u00e1\u017eitek.<\/p>\n<ul style=\"list-style-type: square; padding-left: 20px; color: #4a5568;\">\n<li>Jdouc\u00ed jahoda s zmrzlinou: Vyv\u00e1\u017een\u00e1 f\u00faze sladk\u00fdch letn\u00edch aromat bobul\u00ed s bohat\u00fdm, kr\u00e9mov\u00fdm chladiv\u00fdm pocitem.<\/li>\n<li>Jahoda a meloun:  K\u0159upav\u00e9, osv\u011b\u017euj\u00edc\u00ed spojen\u00ed dvou vysoce obl\u00edben\u00fdch botanick\u00fdch profil\u016f.<\/li>\n<li>Li\u010di s zmrzlinou: Sofistikovan\u00fd, exotick\u00fd profil dopln\u011bn\u00fd hladk\u00fdm, chlazen\u00fdm z\u00e1v\u011brem.<\/li>\n<li>M\u00e1ta: \u010cist\u011b osv\u011b\u017euj\u00edc\u00ed, k\u0159upav\u00fd a chladiv\u00fd botanick\u00fd extrakt.<\/li>\n<li>Ovocn\u00e1 sm\u011bs: Komplexn\u00ed slou\u010denina r\u016fzn\u00fdch ovocn\u00fdch a tropick\u00fdch aromat.<\/li>\n<li>Mango s zmrzlinou: Bohat\u00e9, tropick\u00e9 t\u00f3ny vrstven\u00e9 s hust\u00fdm, chladiv\u00fdm podtokem.<\/li>\n<li>Guava s zmrzlinou: Sv\u011b\u017e\u00ed, m\u00edrn\u011b kysel\u00e1 tropick\u00e1 esence dokon\u010den\u00e1 kr\u00e9mov\u00fdm chladem.<\/li>\n<li>Hrozno s zmrzlinou: Hlubok\u00e9, robustn\u00ed t\u00f3ny vinn\u00e9ho ovoce vyv\u00e1\u017een\u00e9 mrazivou, hladkou texturou.<\/li>\n<li>Bor\u016fvka na ledu: Ost\u0159e von\u00edc\u00ed, divok\u00e9 ovocn\u00e9 aroma bor\u016fvky v kombinaci s intenzivn\u00edm chladiv\u00fdm efektem.<\/li>\n<li>Broskev na ledu: M\u011bkk\u00e9, sladk\u00e9 podstaty peckov\u00e9ho ovoce zv\u00fdraz\u0148uj\u00ed k\u0159upav\u00fd, ledov\u00fd pocit.<\/li>\n<li>Cola s zmrzlinou: Nostalgick\u00fd, perliv\u00fd profil koly spojen\u00fd s hladkou kr\u00e9movost\u00ed.<\/li>\n<li>Meloun s ledem: Kv\u00edntesent\u00e1ln\u00ed letn\u00ed profil, nab\u00edzej\u00edc\u00ed k\u0159ehkou osv\u011b\u017een\u00ed a hlubok\u00e9 ochlazen\u00ed.<\/li>\n<\/ul>\n<h3 style=\"color: #2d3748; margin-top: 30px; font-size: 1.5em;\">Komplexn\u00ed anal\u00fdza produktu<\/h3>\n<p>N\u00e1sleduj\u00edc\u00ed tabulka uv\u00e1d\u00ed standardizovan\u00e9 specifikace ATVS WARSHIP, poskytuj\u00edc\u00ed jasn\u00fd, empirick\u00fd p\u0159ehled jeho hardwarov\u00fdch schopnost\u00ed pro velkoobchodn\u00ed hodnocen\u00ed.<\/p>\n<table style=\"width: 100%; border-collapse: collapse; margin: 25px 0; font-family: system-ui, -apple-system, sans-serif; box-shadow: 0 4px 6px rgba(0, 0, 0, 0.05); border-radius: 8px; overflow: hidden;\">\n<thead>\n<tr>\n<th style=\"background-color: #2c3e50; color: #ffffff; padding: 15px; text-align: left; font-weight: 600; border-bottom: 2px solid #1a252f;\">In\u017een\u00fdrsk\u00e1 funkce<\/th>\n<th style=\"background-color: #2c3e50; color: #ffffff; padding: 15px; text-align: left; font-weight: 600; border-bottom: 2px solid #1a252f;\">Technick\u00e1 specifikace<\/th>\n<\/tr>\n<\/thead>\n<tbody>\n<tr style=\"background-color: #f8fafc; border-bottom: 1px solid #e2e8f0;\">\n<td style=\"padding: 15px; color: #4a5568; font-weight: 500;\">Kapacita za\u0159\u00edzen\u00ed (po\u010det n\u00e1dech\u016f)<\/td>\n<td style=\"padding: 15px; color: #4a5568;\">18 000 (otestov\u00e1no pomoc\u00ed automatizovan\u00e9 simulace)<\/td>\n<\/tr>\n<tr style=\"background-color: #ffffff; border-bottom: 1px solid #e2e8f0;\">\n<td style=\"padding: 15px; color: #4a5568; font-weight: 500;\">Aktivn\u00ed koncentrace slou\u010deniny<\/td>\n<td style=\"padding: 15px; color: #4a5568;\">5% standardn\u00ed formulace<\/td>\n<\/tr>\n<tr style=\"background-color: #f8fafc; border-bottom: 1px solid #e2e8f0;\">\n<td style=\"padding: 15px; color: #4a5568; font-weight: 500;\">Architektura v\u00fdkonov\u00e9 bu\u0148ky<\/td>\n<td style=\"padding: 15px; color: #4a5568;\">750mAh dob\u00edjec\u00ed lithium-iontov\u00e1 baterie<\/td>\n<\/tr>\n<tr style=\"background-color: #ffffff; border-bottom: 1px solid #e2e8f0;\">\n<td style=\"padding: 15px; color: #4a5568; font-weight: 500;\">Vnit\u0159n\u00ed objem z\u00e1sobn\u00edku<\/td>\n<td style=\"padding: 15px; color: #4a5568;\">25ml (PCTG pouzdro)<\/td>\n<\/tr>\n<tr style=\"background-color: #f8fafc; border-bottom: 1px solid #e2e8f0;\">\n<td style=\"padding: 15px; color: #4a5568; font-weight: 500;\">Topn\u00e9 matice<\/td>\n<td style=\"padding: 15px; color: #4a5568;\">Pokro\u010dil\u00e1 konfigurace du\u00e1ln\u00ed s\u00edt\u011b<\/td>\n<\/tr>\n<tr style=\"background-color: #ffffff; border-bottom: 1px solid #e2e8f0;\">\n<td style=\"padding: 15px; color: #4a5568; font-weight: 500;\">Rozhran\u00ed telemetrie<\/td>\n<td style=\"padding: 15px; color: #4a5568;\">LED digit\u00e1ln\u00ed displej (\u00farovn\u011b nap\u00e1jen\u00ed a formulace)<\/td>\n<\/tr>\n<tr style=\"background-color: #f8fafc; border-bottom: 1px solid #e2e8f0;\">\n<td style=\"padding: 15px; color: #4a5568; font-weight: 500;\">Nab\u00edjec\u00ed protokol<\/td>\n<td style=\"padding: 15px; color: #4a5568;\">Rychl\u00e9 dod\u00e1n\u00ed typu C<\/td>\n<\/tr>\n<\/tbody>\n<\/table>\n<h3 style=\"color: #2d3748; margin-top: 30px; font-size: 1.5em;\">Kl\u00ed\u010dov\u00e9 opera\u010dn\u00ed z\u00e1v\u011bry<\/h3>\n<div style=\"background: linear-gradient(135deg, #f0f4f8 0%, #d9e2ec 100%); padding: 25px; border-radius: 10px; border-left: 6px solid #3182ce; margin: 25px 0; box-shadow: 0 2px 4px rgba(0,0,0,0.1);\">\n<h4 style=\"margin-top: 0; color: #2c5282; font-size: 1.2em;\">Pro\u010d ATVS WARSHIP vynik\u00e1 na trhu:<\/h4>\n<ul style=\"margin-bottom: 0; color: #2d3748; padding-left: 20px; line-height: 1.8;\">\n<li>\u0158\u00edzen\u00ed zalo\u017een\u00e9 na datech: Digit\u00e1ln\u00ed LED obrazovka odstra\u0148uje dohady z jednor\u00e1zov\u00fdch vapech a poskytuje p\u0159esn\u00e9 \u00fadaje v re\u00e1ln\u00e9m \u010dase o intern\u00edch zdroj\u00edch.<\/li>\n<li>Tepeln\u00e1 \u00fa\u010dinnost: Dvojit\u00e9 s\u00ed\u0165ov\u00e9 prvky zaji\u0161\u0165uj\u00ed rovnom\u011brn\u00e9 rozlo\u017een\u00ed tepeln\u00e9ho v\u00fdstupu, \u010d\u00edm\u017e je zachov\u00e1na chemick\u00e1 integrita roztoku p\u0159i v\u0161ech 18 000 aktivac\u00edch.<\/li>\n<li>Logistick\u00e1 flexibilita: D\u00edky robustn\u00ed distribu\u010dn\u00ed s\u00edti VapeXYZ je toto za\u0159\u00edzen\u00ed dostupn\u00e9 pro hromadn\u00fd n\u00e1kup s velmi zvl\u00e1dnuteln\u00fdm minim\u00e1ln\u00edm mno\u017estv\u00edm objedn\u00e1vky pouze 10 kus\u016f.<\/li>\n<li>Udr\u017eiteln\u00fd v\u00fdkon:  Baterie o kapacit\u011b 750 mAh  spolu s modern\u00edm nab\u00edjen\u00edm typu C zaji\u0161\u0165uje minim\u00e1ln\u00ed prostoje a \u00fa\u010dinn\u00e9 vyu\u017eit\u00ed energie.<\/li>\n<\/ul>\n<\/div>\n<h3 style=\"color: #2d3748; margin-top: 30px; font-size: 1.5em;\">\u010casto kladen\u00e9 ot\u00e1zky (FAQ)<\/h3>\n<div style=\"background-color: #ffffff; border: 1px solid #e2e8f0; border-radius: 10px; padding: 25px; margin-bottom: 25px; box-shadow: 0 4px 6px rgba(0,0,0,0.02);\">\n<h4 style=\"color: #2b6cb0; margin-top: 0; font-size: 1.1em;\">1. Jak\u00fd je ov\u011b\u0159en\u00e1 provozn\u00ed \u017eivotnost v\u00e1le\u010dn\u00e9 lodi ATVS?<\/h4>\n<p style=\"color: #4a5568; margin-bottom: 20px;\">Na z\u00e1klad\u011b laboratorn\u00edch test\u016f vyu\u017e\u00edvaj\u00edc\u00edch automatizovan\u00e9 inhal\u00e1tory je ATVS WARSHIP navr\u017een tak, aby vydr\u017eel a\u017e 18 000 r\u016fzn\u00fdch aktivac\u00ed. Skute\u010dn\u00e9 pou\u017eit\u00ed se m\u016f\u017ee m\u00edrn\u011b li\u0161it v z\u00e1vislosti na individu\u00e1ln\u00ed d\u00e9lce n\u00e1dechu a environment\u00e1ln\u00edch faktorech, ale 25ml z\u00e1sobn\u00edk zaji\u0161\u0165uje vysoce prodlou\u017eenou \u017eivotnost.<\/p>\n<h4 style=\"color: #2b6cb0; margin-top: 0; font-size: 1.1em;\">2. Vy\u017eaduje toto konkr\u00e9tn\u00ed hardwarov\u00e9 za\u0159\u00edzen\u00ed specializovan\u00e9 nab\u00edjec\u00ed za\u0159\u00edzen\u00ed?<\/h4>\n<p style=\"color: #4a5568; margin-bottom: 20px;\">Ne. Integrovan\u00e1 750mAh lithium-iontov\u00e1 baterie vyu\u017e\u00edv\u00e1 standardn\u00ed port Type-C pro dopln\u011bn\u00ed energie. Tento standardizovan\u00fd protokol nab\u00edjen\u00ed zaji\u0161\u0165uje kompatibilitu s v\u011bt\u0161inou modern\u00edch elektronick\u00fdch periferi\u00ed pro nab\u00edjen\u00ed, co\u017e umo\u017e\u0148uje rychl\u00e9 a bezpe\u010dn\u00e9 obnoven\u00ed energie.<\/p>\n<h4 style=\"color: #2b6cb0; margin-top: 0; font-size: 1.1em;\">3. Jak\u00e1 je aktivn\u00ed \u00farove\u0148 koncentrace v r\u00e1mci vnit\u0159n\u00ed formulace?<\/h4>\n<p style=\"color: #4a5568; margin-bottom: 20px;\">Vnit\u0159n\u00ed z\u00e1sobn\u00edk obsahuje standardizovan\u00e9 5% koncentra\u010dn\u00ed \u0159e\u0161en\u00ed. Tento specifick\u00fd pom\u011br je navr\u017een tak, aby poskytoval vyv\u00e1\u017een\u00fd a konzistentn\u00ed senzorick\u00fd z\u00e1\u017eitek, stabilizovan\u00fd konzistentn\u00edm tepeln\u00fdm v\u00fdstupem du\u00e1ln\u00edho mesh topn\u00e9ho syst\u00e9mu.<\/p>\n<h4 style=\"color: #2b6cb0; margin-top: 0; font-size: 1.1em;\">4. Jak mohou podniky z\u00edskat tento model pro maloobchodn\u00ed distribuci?<\/h4>\n<p style=\"color: #4a5568; margin-bottom: 0;\">Komer\u010dn\u00ed subjekty mohou zabezpe\u010dit hromadn\u00fd invent\u00e1\u0159 p\u0159\u00edmo prost\u0159ednictv\u00edm VapeXYZ. Jako zaveden\u00e1 autorita v oblasti velkoobchodu s v\u00edce ne\u017e osmi lety zku\u0161enost\u00ed poskytujeme konkuren\u010dn\u00ed cenov\u00e9 modely B2B, bezprobl\u00e9movou evropskou logistiku a vysoce dostupn\u00e9 minim\u00e1ln\u00ed mno\u017estv\u00ed objedn\u00e1vky (MOQ) pouze 10 kus\u016f.<\/p>\n<\/div>\n<p><img loading=\"lazy\" decoding=\"async\" class=\"alignnone wp-image-36093 size-full\" style=\"max-width: 100%; height: auto; border-radius: 8px; box-shadow: 0 4px 8px rgba(0,0,0,0.1); margin-top: 20px;\" src=\"https:\/\/vapexyz.com\/wp-content\/uploads\/2024\/10\/ATVS-Warship-18000-Puffs-Digital-Screen-5-Low-Nicotine-Original-Factory-34.webp\" alt=\"ATVS v\u00e1le\u010dn\u00e1 lo\u010f 18000 n\u00e1dech\u016f Digit\u00e1ln\u00ed obrazovka Dvojit\u00e1 s\u00ed\u0165 5% Koncentrace Origin\u00e1ln\u00ed tov\u00e1rn\u00ed hromadn\u00fd n\u00e1kup Dob\u00edjec\u00ed jednor\u00e1zov\u00e9 vape pero velkoobchod\" width=\"1000\" height=\"471\" title=\"\" srcset=\"https:\/\/vapexyz.com\/wp-content\/uploads\/2024\/10\/ATVS-Warship-18000-Puffs-Digital-Screen-5-Low-Nicotine-Original-Factory-34.webp 1000w, https:\/\/vapexyz.com\/wp-content\/uploads\/2024\/10\/ATVS-Warship-18000-Puffs-Digital-Screen-5-Low-Nicotine-Original-Factory-34-500x236.webp 500w, https:\/\/vapexyz.com\/wp-content\/uploads\/2024\/10\/ATVS-Warship-18000-Puffs-Digital-Screen-5-Low-Nicotine-Original-Factory-34-768x362.webp 768w, https:\/\/vapexyz.com\/wp-content\/uploads\/2024\/10\/ATVS-Warship-18000-Puffs-Digital-Screen-5-Low-Nicotine-Original-Factory-34-18x8.webp 18w, https:\/\/vapexyz.com\/wp-content\/uploads\/2024\/10\/ATVS-Warship-18000-Puffs-Digital-Screen-5-Low-Nicotine-Original-Factory-34-510x240.webp 510w\" sizes=\"auto, (max-width: 1000px) 100vw, 1000px\" \/><\/p>\n<\/article>","protected":false},"excerpt":{"rendered":"<p>ATVS WARSHIP 18000 Puffs je dlouhotrvaj\u00edc\u00ed, opakovan\u011b pou\u017eiteln\u00fd jednor\u00e1zov\u00fd vape s LED obrazovkou, v\u00fdkonnou 750mAh bateri\u00ed, du\u00e1ln\u00ed mesh spir\u00e1lou a \u0161t\u011bdr\u00fdm 25ml objemem.<\/p>","protected":false},"featured_media":36089,"comment_status":"open","ping_status":"closed","template":"","meta":{"_lmt_disableupdate":"no","_lmt_disable":""},"product_brand":[],"product_cat":[997,973,947,1020,935,934,927,929,928,930,933,939,932,938,931,936,937,1017,1022,948,949,946,950,1023,1024,1025,951,1029,1030,1031,1033,953,1037,987,1038],"product_tag":[],"class_list":{"0":"post-36076","1":"product","2":"type-product","3":"status-publish","4":"has-post-thumbnail","6":"product_cat-18000-puff-vapes","7":"product_cat-atvs-disposable-vapes","8":"product_cat-big-puffs-vapes","9":"product_cat-blueberry-flavor-disposable-vapes","10":"product_cat-bulk-buy-disposable-vapes-in-austria","11":"product_cat-bulk-buy-disposable-vapes-in-belgium","12":"product_cat-bulk-buy-disposable-vapes-in-europe","13":"product_cat-bulk-buy-disposable-vapes-in-france","14":"product_cat-bulk-buy-disposable-vapes-in-germany","15":"product_cat-bulk-buy-disposable-vapes-in-italy","16":"product_cat-bulk-buy-disposable-vapes-in-netherlands","17":"product_cat-bulk-buy-disposable-vapes-in-norway","18":"product_cat-bulk-buy-disposable-vapes-in-poland","19":"product_cat-bulk-buy-disposable-vapes-in-portugal","20":"product_cat-bulk-buy-disposable-vapes-in-spain","21":"product_cat-bulk-buy-disposable-vapes-in-sweden","22":"product_cat-bulk-buy-disposable-vapes-in-switzerland","23":"product_cat-buy-best-disposable-vape-flavors","24":"product_cat-cola-flavor-disposable-vapes","25":"product_cat-crystal-vapes","26":"product_cat-digital-box-vapes","27":"product_cat-disposable-vapes-series","28":"product_cat-dual-mesh-vapes","29":"product_cat-grape-flavor-disposable-vapes","30":"product_cat-guava-flavor-disposable-vapes","31":"product_cat-ice-flavor-disposable-vapes","32":"product_cat-lower-nicotine-vapes","33":"product_cat-mango-flavor-disposable-vapes","34":"product_cat-mint-flavor-disposable-vapes","35":"product_cat-mixed-berries-flavor-disposable-vapes","36":"product_cat-peach-flavor-disposable-vapes","37":"product_cat-rechargeable-vapes","38":"product_cat-strawberry-flavor-disposable-vapes","39":"product_cat-vape-shop-by-puffs","40":"product_cat-watermelon-flavor-disposable-vapes","42":"first","43":"instock","44":"shipping-taxable","45":"purchasable","46":"product-type-variable","47":"has-default-attributes"},"jetpack_sharing_enabled":true,"tiered_pricing_type":"fixed","tiered_pricing_fixed_rules":[],"tiered_pricing_product_settings":{"layout":"default","base_unit_name":{"singular":null,"plural":null},"default_variation":null},"tiered_pricing_minimum_quantity":null,"tiered_pricing_roles_data":[],"tiered_pricing_percentage_rules":[],"tiered_pricing_maximum_quantity":null,"tiered_pricing_quantity_step":null,"_links":{"self":[{"href":"https:\/\/vapexyz.com\/cs\/wp-json\/wp\/v2\/product\/36076","targetHints":{"allow":["GET"]}}],"collection":[{"href":"https:\/\/vapexyz.com\/cs\/wp-json\/wp\/v2\/product"}],"about":[{"href":"https:\/\/vapexyz.com\/cs\/wp-json\/wp\/v2\/types\/product"}],"replies":[{"embeddable":true,"href":"https:\/\/vapexyz.com\/cs\/wp-json\/wp\/v2\/comments?post=36076"}],"wp:featuredmedia":[{"embeddable":true,"href":"https:\/\/vapexyz.com\/cs\/wp-json\/wp\/v2\/media\/36089"}],"wp:attachment":[{"href":"https:\/\/vapexyz.com\/cs\/wp-json\/wp\/v2\/media?parent=36076"}],"wp:term":[{"taxonomy":"product_brand","embeddable":true,"href":"https:\/\/vapexyz.com\/cs\/wp-json\/wp\/v2\/product_brand?post=36076"},{"taxonomy":"product_cat","embeddable":true,"href":"https:\/\/vapexyz.com\/cs\/wp-json\/wp\/v2\/product_cat?post=36076"},{"taxonomy":"product_tag","embeddable":true,"href":"https:\/\/vapexyz.com\/cs\/wp-json\/wp\/v2\/product_tag?post=36076"}],"curies":[{"name":"wp","href":"https:\/\/api.w.org\/{rel}","templated":true}]}}