{"id":35671,"date":"2024-10-25T09:34:23","date_gmt":"2024-10-25T09:34:23","guid":{"rendered":"https:\/\/vapexyz.com\/?post_type=product&#038;p=35671"},"modified":"2026-03-03T00:44:37","modified_gmt":"2026-03-03T00:44:37","slug":"aupo-15000-puffs-pro-max-crystal-dual-mesh-2-s-nizkym-obsahem-nikotinu-originalni-tovarni-hromadny-nakup-dobijecich-jednorazovych-vapes-pera-velkoobchodne","status":"publish","type":"product","link":"https:\/\/vapexyz.com\/cs\/product\/aupo-15000-puffs-pro-max-crystal-dual-mesh-2-low-nicotine-original-factory-bulk-buy-rechargeable-disposable-vapes-pen-wholesale\/","title":{"rendered":"AUPO 15000 Puffs PRO MAX Crystal Dual Mesh Hromadn\u00fd n\u00e1kup Dob\u00edjec\u00ed Jednor\u00e1zov\u00e9 Vapes Velkoobchod"},"content":{"rendered":"<article><iframe loading=\"lazy\" title=\"AUPO 15000 Puffs PRO MAX Crystal #disposablevapepen becomes AUPO 15000 Puffs PRO MAX Crystal #disposablevapepen (no change, as it seems to be a product name and model)\" width=\"1020\" height=\"574\" src=\"https:\/\/www.youtube.com\/embed\/L9xkJMloxfg?feature=oembed\" frameborder=\"0\" allow=\"accelerometer; autoplay; clipboard-write; encrypted-media; gyroscope; picture-in-picture; web-share\" referrerpolicy=\"strict-origin-when-cross-origin\" allowfullscreen><\/iframe><\/p>\n<h2 style=\"color: #2c3e50; border-bottom: 2px solid #3498db; padding-bottom: 10px;\">In\u017een\u00fdrsk\u00e1 dokonalost: AUPO 15000 Puffs PRO MAX Crystal Dual Mesh anal\u00fdza<\/h2>\n<p>VapeXYZ, p\u0159edn\u00ed velkoobchodn\u00ed distributor s v\u00edce ne\u017e osmi lety zku\u0161enost\u00ed v oboru, hrd\u011b p\u0159edstavuje <strong>AUPO 15000 Puffs PRO MAX<\/strong>. Toto za\u0159\u00edzen\u00ed p\u0159edstavuje v\u00fdznamn\u00fd skok v technologii jednor\u00e1zov\u00fdch vape\u016f, speci\u00e1ln\u011b navr\u017een\u00fdch pro vysokou popt\u00e1vku na trz\u00edch v Nizozemsku, N\u011bmecku, Belgii a \u0160pan\u011blsku. D\u00edky integraci pokro\u010dil\u00fdch termodynamick\u00fdch princip\u016f a vysoce kvalitn\u00edch materi\u00e1l\u016f vytvo\u0159ila spole\u010dnost AUPO \u0159e\u0161en\u00ed, kter\u00e9 vyva\u017euje dlouhou \u017eivotnost s konzistentn\u00edm v\u00fdkonem.<\/p>\n<div style=\"background-color: #f8f9fa; border-left: 5px solid #3498db; padding: 20px; margin: 20px 0; border-radius: 5px;\">\n<h3 style=\"margin-top: 0; color: #2980b9;\">Strategick\u00e1 velkoobchodn\u00ed v\u00fdhoda<\/h3>\n<p>Pro maloobchodn\u00edky a hromadn\u00e9 kupuj\u00edc\u00ed nab\u00edz\u00ed AUPO 15000 Puffs PRO MAX konkuren\u010dn\u00ed v\u00fdhodu. D\u00edky n\u00edzk\u00e9mu minim\u00e1ln\u00edmu mno\u017estv\u00ed objedn\u00e1vky (MOQ) pouh\u00fdch 10 kus\u016f a cen\u00e1m p\u0159\u00edmo z tov\u00e1rny mohou podniky udr\u017eovat n\u00edzk\u00e9 z\u00e1soby a maximalizovat sv\u00e9 mar\u017ee u jednoho z nejodoln\u011bj\u0161\u00edch jednor\u00e1zov\u00fdch vap\u016f aktu\u00e1ln\u011b dostupn\u00fdch v evropsk\u00e9m sektoru.<\/p>\n<\/div>\n<h2 style=\"color: #2c3e50; border-bottom: 2px solid #3498db; padding-bottom: 10px;\">Technick\u00e9 specifikace a struktur\u00e1ln\u00ed integrita<\/h2>\n<p>AUPO 15000 Puffs PRO MAX nen\u00ed pouze za\u0159\u00edzen\u00ed s vysokou kapacitou; je to p\u0159esn\u011b konstruovan\u00fd p\u0159\u00edstroj. Na\u0161e empirick\u00e9 testov\u00e1n\u00ed a technick\u00e9 audity odhaluj\u00ed n\u011bkolik kl\u00ed\u010dov\u00fdch technick\u00fdch zv\u00fdraz\u0148uj\u00edc\u00edch prvk\u016f, kter\u00e9 tento model odli\u0161uj\u00ed od standardn\u00edch jednor\u00e1zov\u00fdch vap\u016f.<\/p>\n<table style=\"width: 100%; border-collapse: collapse; margin: 25px 0; font-family: sans-serif; box-shadow: 0 0 20px rgba(0,0,0,0.15); border-radius: 5px 5px 0 0; overflow: hidden;\">\n<thead>\n<tr style=\"background-color: #3498db; color: #ffffff; text-align: left; font-weight: bold;\">\n<th style=\"padding: 12px 15px;\">Specifikace<\/th>\n<th style=\"padding: 12px 15px;\">Technick\u00fd detail<\/th>\n<th style=\"padding: 12px 15px;\">Opera\u010dn\u00ed v\u00fdhoda<\/th>\n<\/tr>\n<\/thead>\n<tbody>\n<tr style=\"border-bottom: 1px solid #dddddd;\">\n<td style=\"padding: 12px 15px; font-weight: bold;\">J\u00e1dro atomizace<\/td>\n<td style=\"padding: 12px 15px;\">Dvojit\u00e1 architektura spir\u00e1lov\u00e9 m\u0159\u00ed\u017eky<\/td>\n<td style=\"padding: 12px 15px;\">Zv\u011bt\u0161en\u00e1 povrchov\u00e1 plocha pro rovnom\u011brn\u00e9 rozlo\u017een\u00ed tepla.<\/td>\n<\/tr>\n<tr style=\"background-color: #f3f3f3; border-bottom: 1px solid #dddddd;\">\n<td style=\"padding: 12px 15px; font-weight: bold;\">Kapacita<\/td>\n<td style=\"padding: 12px 15px;\">20ml vnit\u0159n\u00ed z\u00e1sobn\u00edk<\/td>\n<td style=\"padding: 12px 15px;\">Navr\u017eeno pro a\u017e 15 000 inhalac\u00ed.<\/td>\n<\/tr>\n<tr style=\"border-bottom: 1px solid #dddddd;\">\n<td style=\"padding: 12px 15px; font-weight: bold;\">Zdroj nap\u00e1jen\u00ed<\/td>\n<td style=\"padding: 12px 15px;\">600mAh \u010dist\u00e1 kobaltov\u00e1 baterie<\/td>\n<td style=\"padding: 12px 15px;\">Vysok\u00e1 hustota energie pro konzistentn\u00ed v\u00fdstupn\u00ed nap\u011bt\u00ed.<\/td>\n<\/tr>\n<tr style=\"background-color: #f3f3f3; border-bottom: 1px solid #dddddd;\">\n<td style=\"padding: 12px 15px; font-weight: bold;\">Nab\u00edjec\u00ed rozhran\u00ed<\/td>\n<td style=\"padding: 12px 15px;\">Rychl\u00e9 nab\u00edjen\u00ed USB typu C<\/td>\n<td style=\"padding: 12px 15px;\">Rychl\u00e9 dopln\u011bn\u00ed s ochranou proti p\u0159ebit\u00ed.<\/td>\n<\/tr>\n<tr style=\"border-bottom: 2px solid #3498db;\">\n<td style=\"padding: 12px 15px; font-weight: bold;\">Sledov\u00e1n\u00ed<\/td>\n<td style=\"padding: 12px 15px;\">Integrovan\u00fd digit\u00e1ln\u00ed inteligentn\u00ed displej<\/td>\n<td style=\"padding: 12px 15px;\">Sledov\u00e1n\u00ed \u00farovn\u011b zb\u00fdvaj\u00edc\u00ed energie v re\u00e1ln\u00e9m \u010dase.<\/td>\n<\/tr>\n<\/tbody>\n<\/table>\n<h3 style=\"color: #2c3e50;\">Empirick\u00e1 anal\u00fdza v\u00fdkonnosti<\/h3>\n<p>B\u011bhem na\u0161eho 30denn\u00edho cyklu zaji\u0161t\u011bn\u00ed kvality prok\u00e1zal AUPO 15000 Puffs PRO MAX v\u00fdjime\u010dnou stabilitu. Na rozd\u00edl od mnoha jednor\u00e1zov\u00fdch vape\u016f, kter\u00e9 trp\u00ed sn\u00ed\u017een\u00edm v\u00fdkonu, jak baterie sl\u00e1bne, vyu\u017e\u00edv\u00e1 AUPO regulovanou \u010dipovou sadu, kter\u00e1 udr\u017euje stabiln\u00ed v\u00fdstupn\u00ed v\u00fdkon. To zaji\u0161\u0165uje, \u017ee 1000. n\u00e1dech je identick\u00fd s 15 000., co\u017e je kritick\u00fd faktor pro udr\u017een\u00ed u\u017eivatele a d\u016fv\u011bru zna\u010dky.<\/p>\n<h2 style=\"color: #2c3e50; border-bottom: 2px solid #3498db; padding-bottom: 10px;\">Pro\u010d AUPO vede hromadn\u00fd trh v Evrop\u011b<\/h2>\n<p>V\u00fdb\u011br spolehliv\u00e9ho dodavatele pro jednor\u00e1zov\u00e9 vape za\u0159\u00edzen\u00ed vy\u017eaduje v\u00edce ne\u017e jen pohled na cenu. V VapeXYZ zd\u016fraz\u0148ujeme \u201ccelkov\u00e9 n\u00e1klady na vlastnictv\u00ed\u201d. S\u00e9rie AUPO minimalizuje m\u00edru vadn\u00fdch v\u00fdrobk\u016f d\u00edky rigor\u00f3zn\u00edm tov\u00e1rn\u00edm stresov\u00fdm test\u016fm, v\u010detn\u011b simulac\u00ed vakuov\u00fdch net\u011bsnost\u00ed a hodnocen\u00ed skladov\u00e1n\u00ed p\u0159i vysok\u00fdch teplot\u00e1ch.<\/p>\n<div style=\"display: flex; flex-wrap: wrap; gap: 20px; margin: 25px 0;\">\n<div style=\"flex: 1; min-width: 280px; background: #ffffff; border: 1px solid #e0e0e0; padding: 20px; border-radius: 8px; box-shadow: 0 4px 6px rgba(0,0,0,0.05);\">\n<h4 style=\"color: #3498db; margin-top: 0;\">Ov\u011b\u0159en\u00e1 spolehlivost<\/h4>\n<p style=\"font-size: 0.95em; color: #666;\">Ka\u017ed\u00e1 jednotka proch\u00e1z\u00ed v\u00edcestup\u0148ov\u00fdm procesem kontroly, aby byla zaji\u0161t\u011bna shoda s evropsk\u00fdmi bezpe\u010dnostn\u00edmi standardy (CE a RoHS). To v\u00fdrazn\u011b sni\u017euje m\u00edru n\u00e1vratnosti pro maloobchodn\u00edky.<\/p>\n<\/div>\n<div style=\"flex: 1; min-width: 280px; background: #ffffff; border: 1px solid #e0e0e0; padding: 20px; border-radius: 8px; box-shadow: 0 4px 6px rgba(0,0,0,0.05);\">\n<h4 style=\"color: #3498db; margin-top: 0;\">V\u0161estrannost trhu<\/h4>\n<p style=\"font-size: 0.95em; color: #666;\">S \u00farovn\u00ed koncentrace 2% tato za\u0159\u00edzen\u00ed vyhovuj\u00ed nej\u0161ir\u0161\u00ed demografick\u00e9 skupin\u011b dosp\u011bl\u00fdch u\u017eivatel\u016f v EU, vyva\u017euj\u00ed spokojenost s dodr\u017eov\u00e1n\u00edm p\u0159edpis\u016f.<\/p>\n<\/div>\n<div style=\"flex: 1; min-width: 280px; background: #ffffff; border: 1px solid #e0e0e0; padding: 20px; border-radius: 8px; box-shadow: 0 4px 6px rgba(0,0,0,0.05);\">\n<h4 style=\"color: #3498db; margin-top: 0;\">\u0160it\u00e9 zna\u010dky na m\u00edru<\/h4>\n<p style=\"font-size: 0.95em; color: #666;\">VapeXYZ nab\u00edz\u00ed slu\u017eby OEM\/ODM pro \u0159adu AUPO. Objedn\u00e1vky ve velk\u00fdch objemech lze p\u0159izp\u016fsobit konkr\u00e9tn\u00edmi logy, co\u017e podporuje jedine\u010dnou identitu va\u0161\u00ed zna\u010dky.<\/p>\n<\/div>\n<\/div>\n<h2 style=\"color: #2c3e50; border-bottom: 2px solid #3498db; padding-bottom: 10px;\">Komplexn\u00ed spektrum senzorick\u00fdch profil\u016f<\/h2>\n<p>AUPO 15000 Puffs PRO MAX je zn\u00e1m\u00fd pro svou \u0161irokou \u0161k\u00e1lu aromatick\u00fdch mo\u017enost\u00ed. Ka\u017ed\u00fd profil je vyvinut pomoc\u00ed potravin\u00e1\u0159sk\u00fdch surovin, co\u017e zaji\u0161\u0165uje \u010dist\u00fd a konzistentn\u00ed z\u00e1\u017eitek. Na\u0161e logistick\u00e9 \u00fadaje ukazuj\u00ed, \u017ee tyto profily jsou jedny z nejprod\u00e1van\u011bj\u0161\u00edch v kategorii jednor\u00e1zov\u00fdch vap\u016f ve v\u011bt\u0161\u00edch evropsk\u00fdch m\u011bstech.<\/p>\n<ul style=\"list-style-type: none; padding: 0; display: grid; grid-template-columns: repeat(auto-fill, minmax(200px, 1fr)); gap: 10px;\">\n<li style=\"background: #ecf0f1; padding: 10px; border-radius: 4px; border-left: 3px solid #3498db;\">Bor\u016fvka Kysel\u00e1 Malina<\/li>\n<li style=\"background: #ecf0f1; padding: 10px; border-radius: 4px; border-left: 3px solid #3498db;\">Limon\u00e1da Blue Razz<\/li>\n<li style=\"background: #ecf0f1; padding: 10px; border-radius: 4px; border-left: 3px solid #3498db;\">Peach Mango<\/li>\n<li style=\"background: #ecf0f1; padding: 10px; border-radius: 4px; border-left: 3px solid #3498db;\">Ananas Broskev Mango<\/li>\n<li style=\"background: #ecf0f1; padding: 10px; border-radius: 4px; border-left: 3px solid #3498db;\">\u017dv\u00fdka\u010dka<\/li>\n<li style=\"background: #ecf0f1; padding: 10px; border-radius: 4px; border-left: 3px solid #3498db;\">Bor\u016fvka Malina Gran\u00e1tov\u00e9 jablko<\/li>\n<li style=\"background: #ecf0f1; padding: 10px; border-radius: 4px; border-left: 3px solid #3498db;\">Meloun T\u0159e\u0161e\u0148<\/li>\n<li style=\"background: #ecf0f1; padding: 10px; border-radius: 4px; border-left: 3px solid #3498db;\">\u0160umiv\u00e1 t\u0159e\u0161e\u0148<\/li>\n<li style=\"background: #ecf0f1; padding: 10px; border-radius: 4px; border-left: 3px solid #3498db;\">Bor\u016fvkov\u00e1 \u017ev\u00fdka\u010dka<\/li>\n<li style=\"background: #ecf0f1; padding: 10px; border-radius: 4px; border-left: 3px solid #3498db;\">Kiwi Passionfruit Guava<\/li>\n<\/ul>\n<h2 style=\"color: #2c3e50; border-bottom: 2px solid #3498db; padding-bottom: 10px; margin-top: 40px;\">Logistika a podrobnosti velkoobchodn\u00edho balen\u00ed<\/h2>\n<p>\u00da\u010dinnost p\u0159i p\u0159eprav\u011b je pro velkoobchodn\u00ed operace prvo\u0159ad\u00e1. Optimalizovali jsme na\u0161e balen\u00ed, abychom zajistili bezpe\u010dnost a \u00fa\u010dinnost vyu\u017eit\u00ed prostoru b\u011bhem p\u0159epravy.<\/p>\n<div style=\"background-color: #fcfcfc; border: 1px solid #eee; padding: 25px; border-radius: 10px; margin: 20px 0;\">\n<p><strong>Hmotnost jednotliv\u00e9 jednotky:<\/strong> 110,75g \u2013 Indikuje robustn\u00ed baterii a n\u00e1dr\u017e s vysokou kapacitou.<\/p>\n<p><strong>Zobrazovac\u00ed sk\u0159\u00ed\u0148:<\/strong> 10 kus\u016f \u2013 Celkov\u00e1 hmotnost: 1086,70 g. Navr\u017eeno pro prezentaci p\u0159ipravenou na polici.<\/p>\n<p><strong>Velkoobjemov\u00e1 p\u0159epravn\u00ed krabice:<\/strong> 200 kus\u016f \u2013 Optimalizov\u00e1no pro mezin\u00e1rodn\u00ed p\u0159epravu, aby se minimalizovaly n\u00e1klady pro na\u0161e partnery v Nizozemsku a d\u00e1le.<\/p>\n<\/div>\n<h2 style=\"color: #2c3e50; border-bottom: 2px solid #3498db; padding-bottom: 10px;\">Odborn\u00fd pohled: Role technologie du\u00e1ln\u00ed s\u00edt\u011b<\/h2>\n<p>Standardn\u00ed jednor\u00e1zov\u00e9 vapes \u010dasto vyu\u017e\u00edvaj\u00ed jednovidov\u00e9 c\u00edvky, kter\u00e9 mohou v\u00e9st k \u201chork\u00fdm m\u00edst\u016fm\u201d a p\u0159ed\u010dasn\u00e9mu vyp\u00e1len\u00ed vnit\u0159n\u00edho knot\u016f. AUPO PRO MAX vyu\u017e\u00edv\u00e1 a <strong>Dvojit\u00e1 s\u00ed\u0165ov\u00e1 j\u00e1dra<\/strong>. Tato konstruk\u010dn\u00ed volba umo\u017e\u0148uje ni\u017e\u0161\u00ed odpor (styl sub-ohm) a z\u00e1rove\u0148 rozkl\u00e1d\u00e1 teplo na v\u011bt\u0161\u00ed povrchovou plochu. To zabra\u0148uje degradaci aromatick\u00fdch slou\u010denin a zaji\u0161\u0165uje, \u017ee p\u00e1ra z\u016fst\u00e1v\u00e1 hladk\u00e1 a hust\u00e1 po celou dobu \u017eivotnosti za\u0159\u00edzen\u00ed.<\/p>\n<h3 style=\"color: #2c3e50; margin-top: 30px;\">Kl\u00ed\u010dov\u00e9 znalosti<\/h3>\n<div style=\"background-color: #e8f4fd; padding: 20px; border-radius: 8px; border: 1px solid #b3d7f2; line-height: 1.6;\">\n<ul style=\"margin: 0; padding-left: 20px; color: #2c3e50;\">\n<li><strong>Tepeln\u00e1 stabilita:<\/strong> Pou\u017eit\u00ed mesh c\u00edvek sni\u017euje riziko \u201csuch\u00fdch z\u00e1sah\u016f\u201d udr\u017eov\u00e1n\u00edm optim\u00e1ln\u00edch rychlost\u00ed zvlh\u010dov\u00e1n\u00ed.<\/li>\n<li><strong>\u017divotn\u00ed cyklus baterie:<\/strong> Bu\u0148ka o kapacit\u011b 600mAh je hodnocena pro v\u00edce ne\u017e 50 nab\u00edjec\u00edch cykl\u016f, co\u017e zaji\u0161\u0165uje, \u017ee vydr\u017e\u00ed d\u00e9le ne\u017e obsah vnit\u0159n\u00edho z\u00e1sobn\u00edku.<\/li>\n<li><strong>Ekologick\u00e9 pov\u011bdom\u00ed:<\/strong> Jako odpov\u011bdn\u00fd distributor VapeXYZ podporuje \u0159\u00e1dn\u00e9 recyklov\u00e1n\u00ed pou\u017eit\u00fdch jednor\u00e1zov\u00fdch vapech prost\u0159ednictv\u00edm ur\u010den\u00fdch kan\u00e1l\u016f pro elektronick\u00fd odpad.<\/li>\n<li><strong>Ov\u011b\u0159en\u00ed pravosti:<\/strong> Ka\u017ed\u00fd produkt AUPO obsahuje ov\u011b\u0159iteln\u00fd bezpe\u010dnostn\u00ed k\u00f3d na ochranu proti pad\u011blan\u00fdm jednotk\u00e1m na trhu.<\/li>\n<\/ul>\n<\/div>\n<h2 style=\"color: #2c3e50; border-bottom: 2px solid #3498db; padding-bottom: 10px; margin-top: 40px;\">Velkoobchodn\u00ed FAQ: AUPO 15000 Puffs PRO MAX<\/h2>\n<div style=\"margin: 20px 0;\">\n<div style=\"margin-bottom: 15px; border: 1px solid #e0e0e0; border-radius: 5px; padding: 15px; background: #fff;\">\n<p style=\"font-weight: bold; color: #2980b9; margin-bottom: 5px;\">Ot\u00e1zka: Je AUPO 15000 Puffs PRO MAX v souladu s p\u0159edpisy EU?<\/p>\n<p style=\"margin: 0; color: #555;\">A: Ano, za\u0159\u00edzen\u00ed spl\u0148uje nezbytn\u00e9 v\u00fdrobn\u00ed normy vy\u017eadovan\u00e9 pro prodej v EU, v\u010detn\u011b certifikac\u00ed CE a RoHS. Zaji\u0161\u0165ujeme, \u017ee v\u0161echny jednor\u00e1zov\u00e9 vape za\u0159\u00edzen\u00ed v na\u0161em katalogu spl\u0148uj\u00ed p\u0159\u00edsn\u00e9 standardy kvality a bezpe\u010dnosti.<\/p>\n<\/div>\n<div style=\"margin-bottom: 15px; border: 1px solid #e0e0e0; border-radius: 5px; padding: 15px; background: #fff;\">\n<p style=\"font-weight: bold; color: #2980b9; margin-bottom: 5px;\">Ot\u00e1zka: Jak digit\u00e1ln\u00ed displej zlep\u0161uje u\u017eivatelsk\u00fd z\u00e1\u017eitek?<\/p>\n<p style=\"margin: 0; color: #555;\">A: Na rozd\u00edl od tradi\u010dn\u00edch jednor\u00e1zov\u00fdch vape\u016f, kter\u00e9 pou\u017e\u00edvaj\u00ed blikaj\u00edc\u00ed LED diodu k signalizaci vybit\u00e9 baterie, displej AUPO poskytuje p\u0159esn\u00e9 procento. To umo\u017e\u0148uje u\u017eivatel\u016fm nab\u00edjet za\u0159\u00edzen\u00ed, ne\u017e se stane nepou\u017eiteln\u00fdm, a zaji\u0161\u0165uje, \u017ee nikdy nejsou p\u0159isti\u017eeni bez energie.<\/p>\n<\/div>\n<div style=\"margin-bottom: 15px; border: 1px solid #e0e0e0; border-radius: 5px; padding: 15px; background: #fff;\">\n<p style=\"font-weight: bold; color: #2980b9; margin-bottom: 5px;\">Ot\u00e1zka: Jak\u00fd je p\u0159\u00ednos baterie Pure Cobalt?<\/p>\n<p style=\"margin: 0; color: #555;\">A: Baterie z \u010dist\u00e9ho kobaltu nab\u00edzej\u00ed vy\u0161\u0161\u00ed stabilitu a del\u0161\u00ed \u017eivotnost ve srovn\u00e1n\u00ed se standardn\u00edmi tern\u00e1rn\u00edmi lithium-iontov\u00fdmi bateriemi. To zaji\u0161\u0165uje, \u017ee i kdy\u017e jsou vapery skladov\u00e1ny ve skladu po m\u011bs\u00edce, zachovaj\u00ed si sv\u016fj n\u00e1boj a v\u00fdkonovou integritu.<\/p>\n<\/div>\n<div style=\"margin-bottom: 15px; border: 1px solid #e0e0e0; border-radius: 5px; padding: 15px; background: #fff;\">\n<p style=\"font-weight: bold; color: #2980b9; margin-bottom: 5px;\">Ot\u00e1zka: Pro\u010d si vybrat VapeXYZ pro hromadn\u00e9 objedn\u00e1vky?<\/p>\n<p style=\"margin: 0; color: #555;\">A: D\u00edky t\u00e9m\u011b\u0159 desetilet\u00fdm zku\u0161enostem poskytujeme v\u00edce ne\u017e jen produkty; poskytujeme robustn\u00ed dodavatelsk\u00fd \u0159et\u011bzec. Od sledov\u00e1n\u00ed v re\u00e1ln\u00e9m \u010dase a\u017e po podporu celn\u00edho odbaven\u00ed ve \u0160pan\u011blsku a N\u011bmecku se zab\u00fdv\u00e1me slo\u017eitostmi velkoobchodu, abyste se mohli soust\u0159edit na prodej.<\/p>\n<\/div>\n<\/div>\n<h2 style=\"color: #2c3e50; border-bottom: 2px solid #3498db; padding-bottom: 10px; margin-top: 40px;\">Z\u00e1v\u011br: Zabezpe\u010den\u00ed va\u0161\u00ed dodavatelsk\u00e9 \u0159et\u011bzec<\/h2>\n<p>The <strong>AUPO 15000 Puffs PRO MAX Crystal Dual Mesh<\/strong> je d\u016fkazem toho, \u010deho mohou modern\u00ed jednor\u00e1zov\u00e9 vapery dos\u00e1hnout d\u00edky p\u0159esn\u00e9mu in\u017een\u00fdrstv\u00ed a vysoce kvalitn\u00edm materi\u00e1l\u016fm. V VapeXYZ se zavazujeme poskytovat na\u0161im velkoobchodn\u00edm partner\u016fm produkty nejvy\u0161\u0161\u00ed kvality za nejni\u017e\u0161\u00ed mo\u017en\u00e9 ceny. A\u0165 u\u017e jste mal\u00fd butikov\u00fd obchod nebo velkoobchodn\u00ed prodejce, na\u0161e minim\u00e1ln\u00ed objedn\u00e1vkov\u00e1 mno\u017estv\u00ed 10 kus\u016f a hlubok\u00e9 znalosti pr\u016fmyslu z n\u00e1s d\u011blaj\u00ed ide\u00e1ln\u00edho partnera pro r\u016fst va\u0161eho podnik\u00e1n\u00ed.<\/p>\n<p>N\u00e1v\u0161t\u011bva <a style=\"color: #3498db; text-decoration: none; font-weight: bold;\" href=\"https:\/\/vapexyz.com\/cs\/kategorie-produktu\/aupo-jednorazove-vapky\/\">VapeXYZ.com<\/a> Dnes m\u016f\u017eete proch\u00e1zet na\u0161\u00ed kompletn\u00ed sb\u00edrkou a vyu\u017e\u00edt na\u0161e velkoobchodn\u00ed ceny na AUPO a dal\u0161\u00ed pr\u00e9miov\u00e9 zna\u010dky.<\/p>\n<h2><img loading=\"lazy\" decoding=\"async\" class=\"alignnone wp-image-35684 size-full\" style=\"color: #333333; font-size: 16px;\" src=\"https:\/\/vapexyz.com\/wp-content\/uploads\/2024\/10\/AUPO-15000-Puffs-PRO-MAX-Crystal-Dual-Mesh-2-Low-Nicotine-Original-Factory-18.webp\" alt=\"AUPO 15000 Puffs PRO MAX Crystal Dual Mesh 2% N\u00edzk\u00fd obsah nikotinu Origin\u00e1ln\u00ed tov\u00e1rn\u00ed hromadn\u00fd n\u00e1kup dob\u00edjec\u00edch jednor\u00e1zov\u00fdch vapes pera velkoobchod\" width=\"1024\" height=\"1024\" title=\"\" srcset=\"https:\/\/vapexyz.com\/wp-content\/uploads\/2024\/10\/AUPO-15000-Puffs-PRO-MAX-Crystal-Dual-Mesh-2-Low-Nicotine-Original-Factory-18.webp 1024w, https:\/\/vapexyz.com\/wp-content\/uploads\/2024\/10\/AUPO-15000-Puffs-PRO-MAX-Crystal-Dual-Mesh-2-Low-Nicotine-Original-Factory-18-500x500.webp 500w, https:\/\/vapexyz.com\/wp-content\/uploads\/2024\/10\/AUPO-15000-Puffs-PRO-MAX-Crystal-Dual-Mesh-2-Low-Nicotine-Original-Factory-18-300x300.webp 300w, https:\/\/vapexyz.com\/wp-content\/uploads\/2024\/10\/AUPO-15000-Puffs-PRO-MAX-Crystal-Dual-Mesh-2-Low-Nicotine-Original-Factory-18-768x768.webp 768w, https:\/\/vapexyz.com\/wp-content\/uploads\/2024\/10\/AUPO-15000-Puffs-PRO-MAX-Crystal-Dual-Mesh-2-Low-Nicotine-Original-Factory-18-12x12.webp 12w, https:\/\/vapexyz.com\/wp-content\/uploads\/2024\/10\/AUPO-15000-Puffs-PRO-MAX-Crystal-Dual-Mesh-2-Low-Nicotine-Original-Factory-18-247x247.webp 247w, https:\/\/vapexyz.com\/wp-content\/uploads\/2024\/10\/AUPO-15000-Puffs-PRO-MAX-Crystal-Dual-Mesh-2-Low-Nicotine-Original-Factory-18-600x600.webp 600w, https:\/\/vapexyz.com\/wp-content\/uploads\/2024\/10\/AUPO-15000-Puffs-PRO-MAX-Crystal-Dual-Mesh-2-Low-Nicotine-Original-Factory-18-148x148.webp 148w\" sizes=\"auto, (max-width: 1024px) 100vw, 1024px\" \/><\/h2>\n<\/article>","protected":false},"excerpt":{"rendered":"<p>AUPO 15000 Puffs PRO MAX je dob\u00edjec\u00ed jednor\u00e1zov\u00e1 vape s 2% pevnost\u00ed, technologi\u00ed du\u00e1ln\u00ed mesh c\u00edvky, a\u017e 15 000 n\u00e1dech\u016f a \u0159adou pr\u00e9miov\u00fdch chut\u00ed, ide\u00e1ln\u00ed pro hromadn\u00fd n\u00e1kup od Vapexyz.<\/p>","protected":false},"featured_media":35674,"comment_status":"open","ping_status":"closed","template":"","meta":{"_lmt_disableupdate":"no","_lmt_disable":""},"product_brand":[],"product_cat":[970,998,1018,947,1019,1020,935,934,927,929,928,930,933,939,932,938,931,936,937,1017,1021,948,949,946,950,1024,1025,1026,1027,951,1029,1032,1033,1034,1035,953,987,1038],"product_tag":[],"class_list":{"0":"post-35671","1":"product","2":"type-product","3":"status-publish","4":"has-post-thumbnail","6":"product_cat-aupo-disposable-vapes","7":"product_cat-15000-puff-vapes","8":"product_cat-apple-flavor-disposable-vapes","9":"product_cat-big-puffs-vapes","10":"product_cat-blue-razz-flavor-disposable-vapes","11":"product_cat-blueberry-flavor-disposable-vapes","12":"product_cat-bulk-buy-disposable-vapes-in-austria","13":"product_cat-bulk-buy-disposable-vapes-in-belgium","14":"product_cat-bulk-buy-disposable-vapes-in-europe","15":"product_cat-bulk-buy-disposable-vapes-in-france","16":"product_cat-bulk-buy-disposable-vapes-in-germany","17":"product_cat-bulk-buy-disposable-vapes-in-italy","18":"product_cat-bulk-buy-disposable-vapes-in-netherlands","19":"product_cat-bulk-buy-disposable-vapes-in-norway","20":"product_cat-bulk-buy-disposable-vapes-in-poland","21":"product_cat-bulk-buy-disposable-vapes-in-portugal","22":"product_cat-bulk-buy-disposable-vapes-in-spain","23":"product_cat-bulk-buy-disposable-vapes-in-sweden","24":"product_cat-bulk-buy-disposable-vapes-in-switzerland","25":"product_cat-buy-best-disposable-vape-flavors","26":"product_cat-cherry-flavor-disposable-vapes","27":"product_cat-crystal-vapes","28":"product_cat-digital-box-vapes","29":"product_cat-disposable-vapes-series","30":"product_cat-dual-mesh-vapes","31":"product_cat-guava-flavor-disposable-vapes","32":"product_cat-ice-flavor-disposable-vapes","33":"product_cat-kiwi-flavor-disposable-vapes","34":"product_cat-lemon-flavor-disposable-vapes","35":"product_cat-lower-nicotine-vapes","36":"product_cat-mango-flavor-disposable-vapes","37":"product_cat-passion-fruit-flavor-disposable-vapes","38":"product_cat-peach-flavor-disposable-vapes","39":"product_cat-pineapple-flavor-disposable-vapes","40":"product_cat-raspberry-flavor-disposable-vapes","41":"product_cat-rechargeable-vapes","42":"product_cat-vape-shop-by-puffs","43":"product_cat-watermelon-flavor-disposable-vapes","45":"first","46":"outofstock","47":"shipping-taxable","48":"purchasable","49":"product-type-variable","50":"has-default-attributes"},"jetpack_sharing_enabled":true,"tiered_pricing_type":"fixed","tiered_pricing_fixed_rules":[],"tiered_pricing_product_settings":{"layout":"default","base_unit_name":{"singular":null,"plural":null},"default_variation":null},"tiered_pricing_minimum_quantity":null,"tiered_pricing_roles_data":[],"tiered_pricing_percentage_rules":[],"tiered_pricing_maximum_quantity":null,"tiered_pricing_quantity_step":null,"_links":{"self":[{"href":"https:\/\/vapexyz.com\/cs\/wp-json\/wp\/v2\/product\/35671","targetHints":{"allow":["GET"]}}],"collection":[{"href":"https:\/\/vapexyz.com\/cs\/wp-json\/wp\/v2\/product"}],"about":[{"href":"https:\/\/vapexyz.com\/cs\/wp-json\/wp\/v2\/types\/product"}],"replies":[{"embeddable":true,"href":"https:\/\/vapexyz.com\/cs\/wp-json\/wp\/v2\/comments?post=35671"}],"wp:featuredmedia":[{"embeddable":true,"href":"https:\/\/vapexyz.com\/cs\/wp-json\/wp\/v2\/media\/35674"}],"wp:attachment":[{"href":"https:\/\/vapexyz.com\/cs\/wp-json\/wp\/v2\/media?parent=35671"}],"wp:term":[{"taxonomy":"product_brand","embeddable":true,"href":"https:\/\/vapexyz.com\/cs\/wp-json\/wp\/v2\/product_brand?post=35671"},{"taxonomy":"product_cat","embeddable":true,"href":"https:\/\/vapexyz.com\/cs\/wp-json\/wp\/v2\/product_cat?post=35671"},{"taxonomy":"product_tag","embeddable":true,"href":"https:\/\/vapexyz.com\/cs\/wp-json\/wp\/v2\/product_tag?post=35671"}],"curies":[{"name":"wp","href":"https:\/\/api.w.org\/{rel}","templated":true}]}}