{"id":33839,"date":"2024-09-30T08:43:12","date_gmt":"2024-09-30T08:43:12","guid":{"rendered":"https:\/\/vapexyz.com\/?post_type=product&#038;p=33839"},"modified":"2026-03-03T00:17:38","modified_gmt":"2026-03-03T00:17:38","slug":"vopk-shisha-bar-20-000-sluku-0-2-3-5-s-nizkym-obsahem-nikotinu-originalni-tovarni-hromadny-nakup-dobijecich-jednorazovych-vapes-pera-velkoobchodne","status":"publish","type":"product","link":"https:\/\/vapexyz.com\/cs\/product\/vopk-shisha-bar-20000-puffs-0-2-3-5-low-nicotine-original-factory-bulk-buy-rechargeable-disposable-vapes-pen-wholesale\/","title":{"rendered":"VOPK Shisha Bar 20000 Puffs Hromadn\u00fd n\u00e1kup Dob\u00edjec\u00ed Jednor\u00e1zov\u00e9 Vapes Velkoobchod"},"content":{"rendered":"<article style=\"font-family: 'Segoe UI', Roboto, Helvetica, Arial, sans-serif; color: #333; line-height: 1.8; max-width: 100%; margin: 0 auto; padding: 20px;\">\n<h2 style=\"color: #2c3e50; border-bottom: 2px solid #3498db; padding-bottom: 10px; margin-top: 30px;\">Pokro\u010dil\u00e9 in\u017een\u00fdrstv\u00ed a v\u00fdkon: VOPK Shisha Bar 20000 Puffs<\/h2>\n<p style=\"font-size: 16px; color: #555;\">V rychle se m\u011bn\u00edc\u00edm prost\u0159ed\u00ed osobn\u00edch vaporiz\u00e9r\u016f se VOPK Shisha Bar 20000 Puffs objevuje jako pr\u00e9miov\u00fd, vysoce kapacitn\u00ed jednor\u00e1zov\u00fd vape navr\u017een\u00fd pro dlouhodob\u00fd v\u00fdkon a spolehlivost. Navr\u017een\u00fd tak, aby splnil n\u00e1ro\u010dn\u00e9 po\u017eadavky \u010dast\u00fdch u\u017eivatel\u016f, toto za\u0159\u00edzen\u00ed integruje vysoce \u00fa\u010dinn\u00e9 dod\u00e1v\u00e1n\u00ed energie s obrovskou n\u00e1dr\u017e\u00ed, \u010d\u00edm\u017e eliminuje provozn\u00ed prostoje spojen\u00e9 s neust\u00e1l\u00fdm dob\u00edjen\u00edm nebo vy\u010derp\u00e1n\u00edm n\u00e1dr\u017ee. Pro podnikov\u00e9 kupce a n\u00e1ro\u010dn\u00e9 spot\u0159ebitele nap\u0159\u00ed\u010d Nizozemskem, N\u011bmeckem, Belgi\u00ed a \u0160pan\u011blskem je zaji\u0161t\u011bn\u00ed jednor\u00e1zov\u00e9ho vape, kter\u00fd spl\u0148uje p\u0159\u00edsn\u00e9 v\u00fdrobn\u00ed standardy, nanejv\u00fd\u0161 d\u016fle\u017eit\u00e9. Prost\u0159ednictv\u00edm d\u016fkladn\u00e9ho zaji\u0161t\u011bn\u00ed kvality a pokro\u010dil\u00e9 architektury komponent p\u0159edstavuje toto za\u0159\u00edzen\u00ed vrchol modern\u00ed technologie vapov\u00e1n\u00ed.<\/p>\n<div style=\"text-align: center; margin: 40px 0;\"><img loading=\"lazy\" decoding=\"async\" class=\"alignnone wp-image-33857 size-full\" style=\"max-width: 100%; height: auto; border-radius: 12px; box-shadow: 0 8px 24px rgba(0,0,0,0.15);\" src=\"https:\/\/vapexyz.com\/wp-content\/uploads\/2024\/09\/VOPK-Shisha-Bar-20000-Puffs-Original-Factory-34-scaled.webp\" alt=\"VOPK Shisha Bar 20000 Puffs 0% 2% 3% 5% Origin\u00e1ln\u00ed tov\u00e1rn\u00ed velkoobchodn\u00ed n\u00e1kup dob\u00edjec\u00ed jednor\u00e1zov\u00e9 vape pero na velkoobchod\" width=\"1599\" height=\"2560\" title=\"\" srcset=\"https:\/\/vapexyz.com\/wp-content\/uploads\/2024\/09\/VOPK-Shisha-Bar-20000-Puffs-Original-Factory-34-scaled.webp 1599w, https:\/\/vapexyz.com\/wp-content\/uploads\/2024\/09\/VOPK-Shisha-Bar-20000-Puffs-Original-Factory-34-312x500.webp 312w, https:\/\/vapexyz.com\/wp-content\/uploads\/2024\/09\/VOPK-Shisha-Bar-20000-Puffs-Original-Factory-34-639x1024.webp 639w, https:\/\/vapexyz.com\/wp-content\/uploads\/2024\/09\/VOPK-Shisha-Bar-20000-Puffs-Original-Factory-34-768x1230.webp 768w, https:\/\/vapexyz.com\/wp-content\/uploads\/2024\/09\/VOPK-Shisha-Bar-20000-Puffs-Original-Factory-34-959x1536.webp 959w, https:\/\/vapexyz.com\/wp-content\/uploads\/2024\/09\/VOPK-Shisha-Bar-20000-Puffs-Original-Factory-34-1279x2048.webp 1279w, https:\/\/vapexyz.com\/wp-content\/uploads\/2024\/09\/VOPK-Shisha-Bar-20000-Puffs-Original-Factory-34-7x12.webp 7w, https:\/\/vapexyz.com\/wp-content\/uploads\/2024\/09\/VOPK-Shisha-Bar-20000-Puffs-Original-Factory-34-600x961.webp 600w, https:\/\/vapexyz.com\/wp-content\/uploads\/2024\/09\/VOPK-Shisha-Bar-20000-Puffs-Original-Factory-34-148x237.webp 148w\" sizes=\"auto, (max-width: 1599px) 100vw, 1599px\" \/><\/div>\n<h3 style=\"color: #2c3e50; margin-top: 30px;\">Technick\u00e1 architektura a specifikace komponent<\/h3>\n<p style=\"font-size: 16px; color: #555;\">Intern\u00ed architektura VOPK Shisha Baru je postavena kolem robustn\u00ed 850mAh lithium-iontov\u00e9 baterie s vysokou spot\u0159ebou. Na rozd\u00edl od standardn\u00edch energetick\u00fdch \u010dl\u00e1nk\u016f nalezen\u00fdch v ni\u017e\u0161\u00edch jednor\u00e1zov\u00fdch vapech je tato specifick\u00e1 chemie baterie optimalizov\u00e1na pro konzistentn\u00ed rychlosti vyb\u00edjen\u00ed, co\u017e zaji\u0161\u0165uje, \u017ee posledn\u00ed tah pracuje na stejn\u00e9 tepeln\u00e9 hranici jako prvn\u00ed. Zahrnut\u00ed modern\u00edho rozhran\u00ed pro nab\u00edjen\u00ed typu C umo\u017e\u0148uje \u00fa\u010dinn\u00e9 dopl\u0148ov\u00e1n\u00ed energie, minimalizuje dobu obr\u00e1tky.<\/p>\n<p style=\"font-size: 16px; color: #555;\">Za\u0159\u00edzen\u00ed s p\u016fsobivou vnit\u0159n\u00ed kapacitou 28 ML je konstruov\u00e1no tak, aby vydr\u017eelo a\u017e 20 000 cykl\u016f vypa\u0159ov\u00e1n\u00ed. Tento velkokapacitn\u00ed vnit\u0159n\u00ed objem vy\u017eaduje p\u0159esn\u00e9 konstruk\u010dn\u00ed in\u017een\u00fdrstv\u00ed, aby se zabr\u00e1nilo \u00faniku a zachovala se integrita botanick\u00e9 formulace p\u0159i dlouhodob\u00e9m pou\u017e\u00edv\u00e1n\u00ed. Krom\u011b toho je za\u0159\u00edzen\u00ed vyr\u00e1b\u011bno v za\u0159\u00edzen\u00edch, kter\u00e1 se \u0159\u00edd\u00ed standardn\u00edmi protokoly kontroly kvality ISO, co\u017e poskytuje distributor\u016fm jistotu ohledn\u011b konzistence mezi \u0161ar\u017eemi. Distributo\u0159i a spot\u0159ebitel\u00e9 si mohou vybrat z r\u016fzn\u00fdch koncentrac\u00ed aktivn\u00edch slou\u010denin - konkr\u00e9tn\u011b 0%, 2%, 3% nebo 5% - co\u017e umo\u017e\u0148uje p\u0159esn\u00e9 c\u00edlen\u00ed na trh a dodr\u017eov\u00e1n\u00ed region\u00e1ln\u00edch spot\u0159ebitelsk\u00fdch preferenc\u00ed.<\/p>\n<table style=\"width: 100%; border-collapse: collapse; margin: 30px 0; font-family: sans-serif; box-shadow: 0 4px 15px rgba(0,0,0,0.08); background-color: #fff; border-radius: 8px; overflow: hidden;\">\n<thead>\n<tr style=\"background-color: #2c3e50; color: #ffffff; text-align: left;\">\n<th style=\"padding: 15px; font-weight: 600;\">Technick\u00e1 specifikace<\/th>\n<th style=\"padding: 15px; font-weight: 600;\">M\u011b\u0159en\u00ed \/ Detail<\/th>\n<\/tr>\n<\/thead>\n<tbody>\n<tr style=\"border-bottom: 1px solid #eee;\">\n<td style=\"padding: 15px; color: #333;\">Maxim\u00e1ln\u00ed v\u00fdstup cyklu<\/td>\n<td style=\"padding: 15px; color: #555;\">A\u017e 20 000 pot\u00e1hnut\u00ed<\/td>\n<\/tr>\n<tr style=\"border-bottom: 1px solid #eee; background-color: #f9f9f9;\">\n<td style=\"padding: 15px; color: #333;\">Vnit\u0159n\u00ed kapacita formulace<\/td>\n<td style=\"padding: 15px; color: #555;\">28ML Pr\u00e9miov\u00e1 sm\u011bs<\/td>\n<\/tr>\n<tr style=\"border-bottom: 1px solid #eee;\">\n<td style=\"padding: 15px; color: #333;\">Kapacita v\u00fdkonov\u00e9 bu\u0148ky<\/td>\n<td style=\"padding: 15px; color: #555;\">850mAh (dob\u00edjec\u00ed)<\/td>\n<\/tr>\n<tr style=\"border-bottom: 1px solid #eee; background-color: #f9f9f9;\">\n<td style=\"padding: 15px; color: #333;\">Tepeln\u00fd odpor<\/td>\n<td style=\"padding: 15px; color: #555;\">0,6\u03a9 Pokro\u010dil\u00e1 m\u0159\u00ed\u017ekov\u00e1 c\u00edvka<\/td>\n<\/tr>\n<tr style=\"border-bottom: 1px solid #eee;\">\n<td style=\"padding: 15px; color: #333;\">Nab\u00edjec\u00ed rozhran\u00ed<\/td>\n<td style=\"padding: 15px; color: #555;\">Port pro rychl\u00e9 nab\u00edjen\u00ed typu C<\/td>\n<\/tr>\n<tr style=\"background-color: #f9f9f9;\">\n<td style=\"padding: 15px; color: #333;\">Koncentra\u010dn\u00ed varianty<\/td>\n<td style=\"padding: 15px; color: #555;\">0%, 2%, 3%, 5%<\/td>\n<\/tr>\n<\/tbody>\n<\/table>\n<h3 style=\"color: #2c3e50; margin-top: 30px;\">Empirick\u00fd v\u00fdkon a hardwarov\u00e1 validace<\/h3>\n<p style=\"font-size: 16px; color: #555;\">P\u0159ekra\u010duj\u00edc\u00ed teoretick\u00e9 specifikace, VOPK Shisha Bar 20000 Puffs demonstruje v\u00fdjime\u010dnou empirickou spolehlivost. V anal\u00fdze standardn\u00edho objemov\u00e9ho tahu - vyu\u017e\u00edvaj\u00edc\u00ed mechanick\u00e9 p\u0159\u00edstroje kalibrovan\u00e9 na standardn\u00ed 2sekundov\u00e9 intervaly vdechnut\u00ed - za\u0159\u00edzen\u00ed v t\u00e9to hardwarov\u00e9 t\u0159\u00edd\u011b vykazuj\u00ed vysoce stabiln\u00ed v\u00fdstup. 850mAh nap\u00e1jec\u00ed jednotka udr\u017euje tepelnou odchylku men\u0161\u00ed ne\u017e 4 1% v cel\u00e9m rozsahu provozn\u00edho nap\u011bt\u00ed. To zaji\u0161\u0165uje, \u017ee produkce p\u00e1ry z\u016fst\u00e1v\u00e1 hust\u00e1 a konzistentn\u00ed, \u010d\u00edm\u017e se vyh\u00fdb\u00e1 b\u011b\u017en\u00e9mu \u00faskal\u00ed zhor\u0161en\u00ed v\u00fdkonu p\u0159i vybit\u00ed baterie. Udr\u017een\u00edm stabiln\u00edho v\u00fdkonu na topn\u00e9m prvku za\u0159\u00edzen\u00ed garantuje, \u017ee chemick\u00e1 struktura formulace je \u00fa\u010dinn\u011b vypa\u0159ov\u00e1na bez spalov\u00e1n\u00ed nebo tvorby uhl\u00edku.<\/p>\n<div style=\"background: linear-gradient(135deg, #f0f4f8 0%, #d9e2ec 100%); border-left: 6px solid #3498db; padding: 25px; margin: 35px 0; border-radius: 0 8px 8px 0; box-shadow: 0 4px 10px rgba(0,0,0,0.05);\">\n<h4 style=\"margin-top: 0; color: #102a43; font-size: 18px;\">Bod znalost\u00ed: Termodynamika technologie 0,6\u03a9 mesh c\u00edvky<\/h4>\n<p style=\"margin-bottom: 0; color: #334e68; font-size: 15px;\">Implementace 0,6ohmov\u00e9 m\u0159\u00ed\u017ekov\u00e9 c\u00edvky je kritick\u00fdm technick\u00fdm rozhodnut\u00edm, kter\u00e9 drasticky m\u011bn\u00ed termodynamickou \u00fa\u010dinnost. Tradi\u010dn\u00ed dr\u00e1tov\u00e9 c\u00edvky se zah\u0159\u00edvaj\u00ed sm\u011brem ven z centr\u00e1ln\u00edho hork\u00e9ho bodu, co\u017e m\u016f\u017ee zp\u016fsobit nerovnom\u011brnou vypa\u0159ov\u00e1n\u00ed. M\u0159\u00ed\u017ekov\u00e1 struktura naopak maximalizuje pom\u011br povrchov\u00e9 plochy k objemu. To umo\u017e\u0148uje okam\u017eit\u00e9 a rovnom\u011brn\u00e9 rozlo\u017een\u00ed tepla po materi\u00e1lu knot\u016f. V\u00fdsledkem je v\u00fdrazn\u011b vy\u0161\u0161\u00ed objem p\u00e1ry na kubick\u00fd milimetr pou\u017eit\u00e9 formulovan\u00e9 sm\u011bsi, provozovan\u00e9 p\u0159i ni\u017e\u0161\u00ed, bezpe\u010dn\u011bj\u0161\u00ed teplot\u011b, kter\u00e1 zachov\u00e1v\u00e1 slo\u017eit\u00e9 senzorick\u00e9 nuance extraktu.<\/p>\n<\/div>\n<h3 style=\"color: #2c3e50; margin-top: 30px;\">Senzorick\u00e9 profily a aromatick\u00e9 sm\u011bsi<\/h3>\n<p style=\"font-size: 16px; color: #555;\">Rozum\u011bj\u00edc, \u017ee udr\u017een\u00ed z\u00e1kazn\u00edk\u016f p\u0159\u00edmo souvis\u00ed s olfaktorickou a gustatorickou spokojenost\u00ed, vyu\u017e\u00edv\u00e1 VOPK Shisha Bar vysoce kvalitn\u00ed, potravin\u00e1\u0159sk\u00e9 aromatick\u00e9 extrakty. Nam\u00edsto spol\u00e9h\u00e1n\u00ed se na syntetick\u00e9 z\u00e1kladov\u00e9 t\u00f3ny jsou tyto senzorick\u00e9 profily formulov\u00e1ny tak, aby poskytovaly vyv\u00e1\u017een\u00fd, v\u00edcevrstv\u00fd z\u00e1\u017eitek. Dostupn\u00e9 konfigurace zahrnuj\u00ed:<\/p>\n<ul style=\"list-style-type: none; padding-left: 0; margin-top: 20px;\">\n<li style=\"margin-bottom: 15px; padding-left: 25px; position: relative;\"><span style=\"position: absolute; left: 0px; top: 2px; color: #3498db;\">\u2713<\/span>Bor\u016fvka s zmrzlinou: Komplexn\u00ed synt\u00e9za kysel\u00fdch divok\u00fdch bobul\u00ed vrstven\u00fdch p\u0159es hladkou, chladivou z\u00e1kladnu ze smetany.<\/li>\n<li style=\"margin-bottom: 15px; padding-left: 25px; position: relative;\"><span style=\"position: absolute; left: 0px; top: 2px; color: #3498db;\">\u2713<\/span>Jahoda a Kiwi: \u017div\u00fd, ovocn\u00fd profil vyva\u017euj\u00edc\u00ed sladkost letn\u00edch jahod s kysel\u00fdmi t\u00f3ny kiwi.<\/li>\n<li style=\"margin-bottom: 15px; padding-left: 25px; position: relative;\"><span style=\"position: absolute; left: 0px; top: 2px; color: #3498db;\">\u2713<\/span>Sm\u011bs lesn\u00edch plod\u016f: P\u0159esn\u011b vylad\u011bn\u00e1 sm\u011bs lesn\u00edch plod\u016f poskytuj\u00edc\u00ed dynamick\u00fd sladko-kysel\u00fd kontrast.<\/li>\n<li style=\"margin-bottom: 15px; padding-left: 25px; position: relative;\"><span style=\"position: absolute; left: 0px; top: 2px; color: #3498db;\">\u2713<\/span>Jahoda a meloun: Vysoce osv\u011b\u017euj\u00edc\u00ed, bohat\u00e1 botanick\u00e1 kombinace ide\u00e1ln\u00ed pro dlouhodob\u00e9 ka\u017edodenn\u00ed pou\u017eit\u00ed.<\/li>\n<li style=\"margin-bottom: 15px; padding-left: 25px; position: relative;\"><span style=\"position: absolute; left: 0px; top: 2px; color: #3498db;\">\u2713<\/span>Meloun s zmrzlinou: Kombinuje ostr\u00e9, osv\u011b\u017euj\u00edc\u00ed melounov\u00e9 t\u00f3ny s intenzivn\u00edm mraziv\u00fdm z\u00e1v\u011brem.<\/li>\n<li style=\"margin-bottom: 15px; padding-left: 25px; position: relative;\"><span style=\"position: absolute; left: 0px; top: 2px; color: #3498db;\">\u2713<\/span>Broskev, Mango a Ananas: Robustn\u00ed tropick\u00e1 sklize\u0148 z ovocn\u00e9ho sadu, obsahuj\u00edc\u00ed vysoce koncentrovan\u00e9 exotick\u00e9 ovocn\u00e9 extrakty.<\/li>\n<li style=\"margin-bottom: 15px; padding-left: 25px; position: relative;\"><span style=\"position: absolute; left: 0px; top: 2px; color: #3498db;\">\u2713<\/span>Bor\u016fvka a malina: Ostr\u00e1, \u0161tiplav\u00e1 a revitalizuj\u00edc\u00ed sm\u011bs, kter\u00e1 zv\u00fdraz\u0148uje sv\u011btlej\u0161\u00ed t\u00f3ny modr\u00fdch malin.<\/li>\n<li style=\"margin-bottom: 15px; padding-left: 25px; position: relative;\"><span style=\"position: absolute; left: 0px; top: 2px; color: #3498db;\">\u2713<\/span>Candy Jahodovo-Malinov\u00e1:  Sladk\u00e1 sm\u011bs inspirovan\u00e1 cukr\u00e1\u0159sk\u00fdmi v\u00fdrobky, formulovan\u00e1 tak, aby napodobovala sladk\u00fd profil \u0159emesln\u00fdch cukr\u00e1\u0159sk\u00fdch v\u00fdrobk\u016f.<\/li>\n<li style=\"margin-bottom: 15px; padding-left: 25px; position: relative;\"><span style=\"position: absolute; left: 0px; top: 2px; color: #3498db;\">\u2713<\/span>D\u00fdn\u011b a t\u0159e\u0161e\u0148: Unik\u00e1tn\u00ed, sofistikovan\u00e9 spojen\u00ed, kter\u00e9 kombinuje hlubok\u00e9 t\u00f3ny t\u0159e\u0161n\u00ed z ovocn\u00e9ho sadu s lehk\u00fdm mel\u00f3nov\u00fdm z\u00e1v\u011brem.<\/li>\n<li style=\"margin-bottom: 15px; padding-left: 25px; position: relative;\"><span style=\"position: absolute; left: 0px; top: 2px; color: #3498db;\">\u2713<\/span>\u010cern\u00fd ryb\u00edz s zmrzlinou: Siln\u00fd, bohat\u00fd profil bobul\u00ed vyv\u00e1\u017een\u00fd ostr\u00fdm, chladiv\u00fdm tepeln\u00fdm vjemem.<\/li>\n<\/ul>\n<h3 style=\"color: #2c3e50; margin-top: 30px;\">Inteligentn\u00ed telemetrie a integrace u\u017eivatelsk\u00e9ho rozhran\u00ed<\/h3>\n<p style=\"font-size: 16px; color: #555;\">V\u00fdznamn\u00fdm technick\u00fdm \u00fasp\u011bchem tohoto jednor\u00e1zov\u00e9ho vape za\u0159\u00edzen\u00ed je integrace bo\u010dn\u00edho chytr\u00e9ho displeje. Historicky byla hlavn\u00ed nev\u00fdhodou vape za\u0159\u00edzen\u00ed s vysokou kapacitou neschopnost odhadnout zb\u00fdvaj\u00edc\u00ed z\u00e1soby, co\u017e vedlo k nep\u0159edv\u00eddateln\u00fdm such\u00fdm z\u00e1sah\u016fm. VOPK Shisha Bar vyu\u017e\u00edv\u00e1 integrovan\u00fd \u010dip, kter\u00fd vypo\u010d\u00edt\u00e1v\u00e1 poklesy nap\u011bt\u00ed baterie a odhaduje spot\u0159ebu formulace na z\u00e1klad\u011b doby aktivace obvodu. Tato telemetrie je \u010dist\u011b zobrazena na bo\u010dn\u011b namontovan\u00e9m displeji, co\u017e umo\u017e\u0148uje u\u017eivatel\u016fm p\u0159esn\u011b sledovat zb\u00fdvaj\u00edc\u00ed z\u00e1soby energie i objem vnit\u0159n\u00ed formulace v re\u00e1ln\u00e9m \u010dase.<\/p>\n<h3 style=\"color: #2c3e50; margin-top: 30px;\">Velkoobchodn\u00ed logistika, autorita dodavatelsk\u00e9ho \u0159et\u011bzce a B2B dokonalost<\/h3>\n<p style=\"font-size: 16px; color: #555;\">VapeXYZ se za posledn\u00edch 8 let etablovala jako autoritativn\u00ed centrum v glob\u00e1ln\u00ed velkoobchodn\u00ed distribuci jednor\u00e1zov\u00fdch vap\u016f. Na\u0161e p\u0159\u00edsn\u00e9 protokoly dodavatelsk\u00e9ho \u0159et\u011bzce zaji\u0161\u0165uj\u00ed, \u017ee podnikov\u00ed klienti obdr\u017e\u00ed autentn\u00ed, nekompromisn\u00ed hardware. Pro velkoobchodn\u00ed prodejce, maloobchodn\u00ed prost\u0159ed\u00ed a region\u00e1ln\u00ed distributory jsme optimalizovali na\u0161e metriky balen\u00ed a p\u0159epravy, abychom sn\u00ed\u017eili tranzitn\u00ed tepeln\u00fd \u0161ok - kl\u00ed\u010dov\u00fd faktor pro zachov\u00e1n\u00ed chemick\u00e9 stability 28ML vnit\u0159n\u00ed formulace b\u011bhem p\u0159eshrani\u010dn\u00edho evropsk\u00e9ho tranzitu.<\/p>\n<p style=\"font-size: 16px; color: #555;\">B2B balen\u00ed a logistick\u00e9 \u00fadaje:<\/p>\n<p>Aby bylo umo\u017en\u011bno zefektivn\u011bn\u00e9 \u0159\u00edzen\u00ed z\u00e1sob, je VOPK Shisha Bar 20000 Puffs balen s maxim\u00e1ln\u00ed prostorovou \u00fa\u010dinnost\u00ed. Ka\u017ed\u00e1 maloobchodn\u00ed krabice obsahuje 10 jednotek. Standardn\u00ed hlavn\u00ed karton obsahuje 20 maloobchodn\u00edch krabic (celkem 200 jednotek). Fyzick\u00e9 rozm\u011bry hlavn\u00edho kartonu jsou pe\u010dliv\u011b standardizov\u00e1ny na 458 x 416 x 344 mm, s hrubou hmotnost\u00ed p\u0159esn\u011b 24 kg. Tato standardizovan\u00e1 objemov\u00e1 hmotnost umo\u017e\u0148uje na\u0161im B2B partner\u016fm p\u0159esn\u011b vypo\u010d\u00edtat logistiku p\u0159epravy a p\u0159id\u011blen\u00ed skladov\u00e9ho prostoru. Krom\u011b toho VapeXYZ podporuje agiln\u00ed \u0161k\u00e1lov\u00e1n\u00ed z\u00e1sob t\u00edm, \u017ee nab\u00edz\u00ed v\u00fdjime\u010dn\u011b n\u00edzk\u00e9 minim\u00e1ln\u00ed mno\u017estv\u00ed objedn\u00e1vky (MOQ) pouh\u00fdch 10 kus\u016f, co\u017e demokratizuje p\u0159\u00edstup k velkoobchodn\u00edm cen\u00e1m pro podniky v\u0161ech velikost\u00ed.<\/p>\n<h3 style=\"color: #2c3e50; margin-top: 40px; margin-bottom: 20px;\">\u010casto kladen\u00e9 ot\u00e1zky (FAQ)<\/h3>\n<div style=\"border: 1px solid #e2e8f0; border-radius: 8px; margin-bottom: 15px; overflow: hidden; background-color: #ffffff; box-shadow: 0 2px 5px rgba(0,0,0,0.02);\">\n<h4 style=\"background-color: #f8fafc; padding: 18px 20px; margin: 0; font-size: 16px; color: #0f172a; border-bottom: 1px solid #e2e8f0;\">Jak integrovan\u00e1 telemetrick\u00e1 obrazovka vypo\u010d\u00edt\u00e1v\u00e1 zb\u00fdvaj\u00edc\u00ed kapacitu?<\/h4>\n<div style=\"padding: 18px 20px; color: #475569; font-size: 15px; line-height: 1.6;\">Intern\u00ed mikroprocesor monitoruje celkovou dobu aktivace obvodu (\u010das n\u00e1dechu) a koreluje ji se zn\u00e1mou z\u00e1kladn\u00ed hodnotou 28ML. Sou\u010dasn\u011b m\u011b\u0159\u00ed v\u00fdstupn\u00ed nap\u011bt\u00ed baterie 850mAh, aby zobrazoval p\u0159esn\u00e9, aktu\u00e1ln\u00ed metriky pro \u017eivotnost hardwaru i \u00farovn\u011b formulace.<\/div>\n<\/div>\n<div style=\"border: 1px solid #e2e8f0; border-radius: 8px; margin-bottom: 15px; overflow: hidden; background-color: #ffffff; box-shadow: 0 2px 5px rgba(0,0,0,0.02);\">\n<h4 style=\"background-color: #f8fafc; padding: 18px 20px; margin: 0; font-size: 16px; color: #0f172a; border-bottom: 1px solid #e2e8f0;\">Jak\u00fd je doporu\u010den\u00fd protokol nab\u00edjen\u00ed pro baterii 850mAh?<\/h4>\n<div style=\"padding: 18px 20px; color: #475569; font-size: 15px; line-height: 1.6;\">Abyste zachovali chemickou integritu lithium-iontov\u00e9 bu\u0148ky, doporu\u010dujeme pou\u017e\u00edt standardn\u00ed kabel typu C p\u0159ipojen\u00fd k 1A nap\u00e1jec\u00edmu adapt\u00e9ru. Vyhn\u011bte se pou\u017e\u00edv\u00e1n\u00ed rychlonab\u00edje\u010dek s vysok\u00fdm v\u00fdkonem ur\u010den\u00fdch pro notebooky, proto\u017ee nadm\u011brn\u00e9 tepeln\u00e9 zv\u00fd\u0161en\u00ed b\u011bhem nab\u00edjen\u00ed m\u016f\u017ee p\u0159ed\u010dasn\u011b sn\u00ed\u017eit celkovou \u017eivotnost baterie.<\/div>\n<\/div>\n<div style=\"border: 1px solid #e2e8f0; border-radius: 8px; margin-bottom: 15px; overflow: hidden; background-color: #ffffff; box-shadow: 0 2px 5px rgba(0,0,0,0.02);\">\n<h4 style=\"background-color: #f8fafc; padding: 18px 20px; margin: 0; font-size: 16px; color: #0f172a; border-bottom: 1px solid #e2e8f0;\">Jak\u00e9 jsou dostupn\u00e9 koncentra\u010dn\u00ed varianty pro toto jednor\u00e1zov\u00e9 vape za\u0159\u00edzen\u00ed?<\/h4>\n<div style=\"padding: 18px 20px; color: #475569; font-size: 15px; line-height: 1.6;\">Aby bylo mo\u017en\u00e9 vyhov\u011bt r\u016fzn\u00fdm p\u0159edpis\u016fm trhu a individu\u00e1ln\u00edm preferenc\u00edm u\u017eivatel\u016f nap\u0159\u00ed\u010d Evropou, je VOPK Shisha Bar 20000 Puffs vyr\u00e1b\u011bn ve \u010dty\u0159ech p\u0159esn\u00fdch \u00farovn\u00edch koncentrace: 0%, 2%, 3% a 5%.<\/div>\n<\/div>\n<div style=\"border: 1px solid #e2e8f0; border-radius: 8px; margin-bottom: 15px; overflow: hidden; background-color: #ffffff; box-shadow: 0 2px 5px rgba(0,0,0,0.02);\">\n<h4 style=\"background-color: #f8fafc; padding: 18px 20px; margin: 0; font-size: 16px; color: #0f172a; border-bottom: 1px solid #e2e8f0;\">Pro\u010d z\u00edsk\u00e1vat sv\u00e9 jednor\u00e1zov\u00e9 vapey p\u0159es VapeXYZ?<\/h4>\n<div style=\"padding: 18px 20px; color: #475569; font-size: 15px; line-height: 1.6;\">S v\u00edce ne\u017e 8 lety zku\u0161enost\u00ed v odv\u011btv\u00ed slou\u017e\u00ed VapeXYZ jako vysoce autoritativn\u00ed prvek v glob\u00e1ln\u00edm dodavatelsk\u00e9m \u0159et\u011bzci. Nab\u00edz\u00edme bezkonkuren\u010dn\u00ed velkoobchodn\u00ed ceny, p\u0159\u00edsn\u00e9 zaji\u0161t\u011bn\u00ed kvality, bezpe\u010dnou p\u0159eshrani\u010dn\u00ed logistiku a vysoce dostupn\u00e9 minim\u00e1ln\u00ed mno\u017estv\u00ed objedn\u00e1vky pouh\u00fdch 10 jednotek, co\u017e zaji\u0161\u0165uje hladk\u00fd proces n\u00e1kupu pro na\u0161e partnery.<\/div>\n<\/div>\n<\/article>","protected":false},"excerpt":{"rendered":"<p><strong>\ud83d\udc4b<\/strong>VOPK Shisha BAR 20000 Puffs je mo\u017en\u00e9 zakoupit jako a<strong> <span style=\"color: #ed1c24;\">Vzorkov\u00e1 krabice (1 krabice obsahuj\u00edc\u00ed v\u0161ech 10 r\u016fzn\u00fdch chut\u00ed).<\/span><\/strong><\/p>\n<p>VOPK Shisha Bar 20000 Puffs Nab\u00edjec\u00ed Jednor\u00e1zov\u00e1 Vape, dostupn\u00e1 u Vapexyz, nab\u00edz\u00ed v\u00fdjime\u010dn\u00fd z\u00e1\u017eitek z vapov\u00e1n\u00ed s pokro\u010dilou technologi\u00ed mesh coil, p\u0159izp\u016fsobiteln\u00fdmi \u00farovn\u011bmi s\u00edly, kapacitou 28ml a a\u017e 20 000 n\u00e1dechy, co\u017e z n\u011bj \u010din\u00ed ide\u00e1ln\u00ed volbu jak pro p\u0159\u00edle\u017eitostn\u00e9 vap\u00e9ry, tak pro velkoobchodn\u00edky hledaj\u00edc\u00ed pr\u00e9miovou kvalitu.<\/p>","protected":false},"featured_media":33835,"comment_status":"open","ping_status":"closed","template":"","meta":{"_lmt_disableupdate":"no","_lmt_disable":""},"product_brand":[],"product_cat":[853,1002,1018,947,1020,935,934,927,929,928,930,933,939,932,938,931,936,937,1017,1021,949,946,1025,1026,951,1029,1031,1033,1034,1035,953,954,1037,987,1038],"product_tag":[],"class_list":{"0":"post-33839","1":"product","2":"type-product","3":"status-publish","4":"has-post-thumbnail","6":"product_cat-vopk","7":"product_cat-20000-puff-vapes","8":"product_cat-apple-flavor-disposable-vapes","9":"product_cat-big-puffs-vapes","10":"product_cat-blueberry-flavor-disposable-vapes","11":"product_cat-bulk-buy-disposable-vapes-in-austria","12":"product_cat-bulk-buy-disposable-vapes-in-belgium","13":"product_cat-bulk-buy-disposable-vapes-in-europe","14":"product_cat-bulk-buy-disposable-vapes-in-france","15":"product_cat-bulk-buy-disposable-vapes-in-germany","16":"product_cat-bulk-buy-disposable-vapes-in-italy","17":"product_cat-bulk-buy-disposable-vapes-in-netherlands","18":"product_cat-bulk-buy-disposable-vapes-in-norway","19":"product_cat-bulk-buy-disposable-vapes-in-poland","20":"product_cat-bulk-buy-disposable-vapes-in-portugal","21":"product_cat-bulk-buy-disposable-vapes-in-spain","22":"product_cat-bulk-buy-disposable-vapes-in-sweden","23":"product_cat-bulk-buy-disposable-vapes-in-switzerland","24":"product_cat-buy-best-disposable-vape-flavors","25":"product_cat-cherry-flavor-disposable-vapes","26":"product_cat-digital-box-vapes","27":"product_cat-disposable-vapes-series","28":"product_cat-ice-flavor-disposable-vapes","29":"product_cat-kiwi-flavor-disposable-vapes","30":"product_cat-lower-nicotine-vapes","31":"product_cat-mango-flavor-disposable-vapes","32":"product_cat-mixed-berries-flavor-disposable-vapes","33":"product_cat-peach-flavor-disposable-vapes","34":"product_cat-pineapple-flavor-disposable-vapes","35":"product_cat-raspberry-flavor-disposable-vapes","36":"product_cat-rechargeable-vapes","37":"product_cat-shisha-hookah-vapes","38":"product_cat-strawberry-flavor-disposable-vapes","39":"product_cat-vape-shop-by-puffs","40":"product_cat-watermelon-flavor-disposable-vapes","42":"first","43":"outofstock","44":"shipping-taxable","45":"purchasable","46":"product-type-variable","47":"has-default-attributes"},"jetpack_sharing_enabled":true,"tiered_pricing_type":"fixed","tiered_pricing_fixed_rules":[],"tiered_pricing_product_settings":{"layout":"default","base_unit_name":{"singular":null,"plural":null},"default_variation":null},"tiered_pricing_minimum_quantity":null,"tiered_pricing_roles_data":[],"tiered_pricing_percentage_rules":[],"tiered_pricing_maximum_quantity":null,"tiered_pricing_quantity_step":null,"_links":{"self":[{"href":"https:\/\/vapexyz.com\/cs\/wp-json\/wp\/v2\/product\/33839","targetHints":{"allow":["GET"]}}],"collection":[{"href":"https:\/\/vapexyz.com\/cs\/wp-json\/wp\/v2\/product"}],"about":[{"href":"https:\/\/vapexyz.com\/cs\/wp-json\/wp\/v2\/types\/product"}],"replies":[{"embeddable":true,"href":"https:\/\/vapexyz.com\/cs\/wp-json\/wp\/v2\/comments?post=33839"}],"wp:featuredmedia":[{"embeddable":true,"href":"https:\/\/vapexyz.com\/cs\/wp-json\/wp\/v2\/media\/33835"}],"wp:attachment":[{"href":"https:\/\/vapexyz.com\/cs\/wp-json\/wp\/v2\/media?parent=33839"}],"wp:term":[{"taxonomy":"product_brand","embeddable":true,"href":"https:\/\/vapexyz.com\/cs\/wp-json\/wp\/v2\/product_brand?post=33839"},{"taxonomy":"product_cat","embeddable":true,"href":"https:\/\/vapexyz.com\/cs\/wp-json\/wp\/v2\/product_cat?post=33839"},{"taxonomy":"product_tag","embeddable":true,"href":"https:\/\/vapexyz.com\/cs\/wp-json\/wp\/v2\/product_tag?post=33839"}],"curies":[{"name":"wp","href":"https:\/\/api.w.org\/{rel}","templated":true}]}}