{"id":33767,"date":"2024-09-29T13:59:50","date_gmt":"2024-09-29T13:59:50","guid":{"rendered":"https:\/\/vapexyz.com\/?post_type=product&#038;p=33767"},"modified":"2026-03-03T00:34:26","modified_gmt":"2026-03-03T00:34:26","slug":"vopk-tornado-15000-sluku-0-2-3-5-s-nizkym-obsahem-nikotinu-originalni-tovarni-hromadny-nakup-dobijecich-jednorazovych-vapes-pera-velkoobchodne","status":"publish","type":"product","link":"https:\/\/vapexyz.com\/cs\/product\/vopk-tornado-15000-puffs-0-2-3-5-low-nicotine-original-factory-bulk-buy-rechargeable-disposable-vapes-pen-wholesale\/","title":{"rendered":"VOPK Tornado 15000 Puffs Jednor\u00e1zov\u00e9 Vapes"},"content":{"rendered":"<article style=\"font-family: 'Segoe UI', Roboto, Helvetica, Arial, sans-serif; line-height: 1.8; color: #2c3e50; max-width: 100%; margin: 0 auto; padding: 30px; background-color: #ffffff;\">\n<h2 style=\"color: #1a365d; border-bottom: 2px solid #e2e8f0; padding-bottom: 10px; margin-top: 0;\">Strategick\u00fd v\u00fdvoj produkt\u016f: In\u017een\u00fdrsk\u00e1 dokonalost v jednor\u00e1zov\u00fdch vapech<\/h2>\n<p style=\"font-size: 1.1rem; margin-bottom: 20px;\">V\u00edtejte ve VapeXYZ, va\u0161\u00ed p\u0159edn\u00ed glob\u00e1ln\u00ed autorit\u011b a p\u0159edn\u00edm velkoobchodn\u00edm distributorem vysoce v\u00fdkonn\u00fdch jednor\u00e1zov\u00fdch vape\u016f. S v\u00edce ne\u017e osmi lety dokumentovan\u00fdch zku\u0161enost\u00ed v pr\u016fmyslu a d\u016fkladn\u011b prov\u011b\u0159en\u00fdm dodavatelsk\u00fdm \u0159et\u011bzcem jsme se etablovali jako definitivn\u00ed centrum pro \u0161pi\u010dkov\u00e9 zna\u010dky hardwaru v\u010detn\u011b BANG BOX, WASPE, UWIN, BIMO, RandM, BANG, VOZOL, Elf Box a MYDE. N\u00e1\u0161 opera\u010dn\u00ed model je zalo\u017een na empirick\u00fdch tr\u017en\u00edch datech a p\u0159\u00edsn\u00e9 kontrole kvality, co\u017e n\u00e1m umo\u017e\u0148uje nab\u00edzet nejspolehliv\u011bj\u0161\u00ed jednor\u00e1zov\u00e9 vape za\u0159\u00edzen\u00ed s dostupn\u00fdm minim\u00e1ln\u00edm mno\u017estv\u00edm objedn\u00e1vky (MOQ) pouh\u00fdch deseti kus\u016f. P\u0159eklenut\u00edm propasti mezi pokro\u010dilou v\u00fdrobou a maloobchodn\u00ed dostupnost\u00ed umo\u017e\u0148ujeme podnik\u016fm z\u00edskat pr\u00e9miov\u00fd hardware p\u0159\u00edmo za velkoobchodn\u00ed ceny.<\/p>\n<p style=\"font-size: 1.1rem; margin-bottom: 20px;\">V na\u0161em neust\u00e1l\u00e9m \u00fasil\u00ed o dokonalost v maloobchod\u011b a spolehlivost hardwaru se spol\u00e9h\u00e1me na rozs\u00e1hlou telemetrii u\u017eivatel\u016f a testov\u00e1n\u00ed v\u00fdkonu. Na z\u00e1klad\u011b komplexn\u00edch empirick\u00fdch dat a zp\u011btn\u00e9 vazby od klient\u016f jsme provedli strategick\u00fd p\u0159echod invent\u00e1\u0159e. Postupn\u011b jsme vy\u0159adili VOPK TORNADO 15000 ve prosp\u011bch matematicky a empiricky lep\u0161\u00edho za\u0159\u00edzen\u00ed: <a style=\"color: #2b6cb0; text-decoration: none; font-weight: bold;\" href=\"https:\/\/vapexyz.com\/cs\/produkt\/randm-tornado-15000-sluku-0-2-3-5-nikotin-hromadny-nakup-dobijecich-jednorazovych-vapu-velkoobchodne\/\">RANDM TORNADO 15000 Puffs<\/a>. Zat\u00edmco ob\u011b za\u0159\u00edzen\u00ed sd\u00edlej\u00ed podobn\u00fd ergonomick\u00fd siluet, vnit\u0159n\u00ed architektura a senzorick\u00e9 portfolio modelu RANDM demonstruj\u00ed v\u00fdznamn\u00fd upgrade technologie vypa\u0159ov\u00e1n\u00ed.<\/p>\n<h3 style=\"color: #2b6cb0; margin-top: 30px;\">Empirick\u00e9 metriky v\u00fdkonu a vylep\u0161en\u00ed komponent<\/h3>\n<p style=\"margin-bottom: 20px;\">Pochopen\u00ed tohoto posunu vy\u017eaduje hlubok\u00fd ponor do technick\u00fdch specifikac\u00ed, kter\u00e9 definuj\u00ed modern\u00ed jednor\u00e1zovou vape. Z\u00e1kladn\u00ed metriky dlouhov\u011bkosti, dod\u00e1vky energie a tepeln\u00e9 \u00fa\u010dinnosti jsou kritick\u00e9 jak pro spokojenost koncov\u00fdch u\u017eivatel\u016f, tak pro udr\u017een\u00ed maloobchodu. RANDM TORNADO pracuje na optimalizovan\u00e9 m\u0159\u00ed\u017ekov\u00e9 topn\u00e9 architektu\u0159e, kter\u00e1 poskytuje vy\u0161\u0161\u00ed termodynamickou stabilitu ve srovn\u00e1n\u00ed s p\u0159edchoz\u00edmi generacemi hardwaru.<\/p>\n<div style=\"background: linear-gradient(145deg, #f8fafc, #edf2f7); border-left: 6px solid #3182ce; padding: 25px; margin: 30px 0; border-radius: 8px; box-shadow: 0 4px 6px rgba(0,0,0,0.05);\">\n<h4 style=\"margin-top: 0; color: #2d3748; font-size: 1.25rem; margin-bottom: 15px;\">Technick\u00e9 znalostn\u00ed body: Syst\u00e9mov\u00e1 architektura<\/h4>\n<ul style=\"list-style-type: none; padding-left: 0; margin: 0;\">\n<li style=\"margin-bottom: 15px; display: flex; align-items: flex-start;\"><span style=\"color: #38a169; font-weight: bold; margin-right: 10px; font-size: 1.2rem;\">\u2713<\/span>\n<div><strong>Pokro\u010dil\u00e1 termodynamika s\u00edt\u011b:<\/strong> Vnit\u0159n\u00ed topn\u00fd prvek vyu\u017e\u00edv\u00e1 p\u0159esn\u011b tkanou kovovou s\u00ed\u0165. Tato specifick\u00e1 geometrie exponenci\u00e1ln\u011b zvy\u0161uje povrchovou plochu v kontaktu s vnit\u0159n\u00ed formulac\u00ed, zaji\u0161\u0165uje rychl\u00e9 a rovnom\u011brn\u00e9 rozd\u011blen\u00ed tepla a eliminuje lokalizovan\u00e9 hork\u00e9 body, kter\u00e9 zp\u016fsobuj\u00ed degradaci.<\/div>\n<\/li>\n<li style=\"margin-bottom: 15px; display: flex; align-items: flex-start;\"><span style=\"color: #38a169; font-weight: bold; margin-right: 10px; font-size: 1.2rem;\">\u2713<\/span>\n<div><strong>Vysoko-hustotn\u00ed v\u00fdkonov\u00e1 bu\u0148ka:<\/strong> Za\u0159\u00edzen\u00ed je poh\u00e1n\u011bno 850mAh lithium-iontovou bateri\u00ed, kter\u00e1 udr\u017euje stabiln\u00ed v\u00fdstupn\u00ed nap\u011bt\u00ed b\u011bhem cel\u00e9ho cyklu vyb\u00edjen\u00ed. Integrace nab\u00edjec\u00edho portu typu C umo\u017e\u0148uje \u00fa\u010dinn\u00e9 dopl\u0148ov\u00e1n\u00ed energie, \u010d\u00edm\u017e se minimalizuje \u010das prostoj\u016f.<\/div>\n<\/li>\n<li style=\"margin-bottom: 15px; display: flex; align-items: flex-start;\"><span style=\"color: #38a169; font-weight: bold; margin-right: 10px; font-size: 1.2rem;\">\u2713<\/span>\n<div><strong>Kalibrace pneumatick\u00e9ho senzoru:<\/strong> Mechanismus spou\u0161t\u011bn\u00ed aktivovan\u00fd n\u00e1dechem je kalibrov\u00e1n na specifick\u00e9 tlaky vdechov\u00e1n\u00ed, co\u017e zaji\u0161\u0165uje okam\u017eitou tvorbu p\u00e1ry ve chv\u00edli, kdy je n\u00e1dech detekov\u00e1n, \u010d\u00edm\u017e se latence sni\u017euje t\u00e9m\u011b\u0159 na nulu.<\/div>\n<\/li>\n<li style=\"display: flex; align-items: flex-start;\"><span style=\"color: #38a169; font-weight: bold; margin-right: 10px; font-size: 1.2rem;\">\u2713<\/span>\n<div><strong>Integrovan\u00e1 vizu\u00e1ln\u00ed telemetrie:<\/strong> Vysokokontrastn\u00ed LED displej zobrazuje diagnostick\u00e9 \u00fadaje v re\u00e1ln\u00e9m \u010dase, v\u010detn\u011b zb\u00fdvaj\u00edc\u00edho nap\u011bt\u00ed baterie a hladiny vnit\u0159n\u00ed n\u00e1dr\u017ee, co\u017e u\u017eivatel\u016fm umo\u017e\u0148uje p\u0159esn\u011b spravovat pou\u017e\u00edv\u00e1n\u00ed za\u0159\u00edzen\u00ed.<\/div>\n<\/li>\n<\/ul>\n<\/div>\n<h2 style=\"color: #1a365d; border-bottom: 2px solid #e2e8f0; padding-bottom: 10px; margin-top: 40px;\">Komparativn\u00ed anal\u00fdza: Dominance na trhu s vapey<\/h2>\n<p style=\"margin-bottom: 20px;\">Pro velkoobchodn\u00ed partnery a maloobchodn\u00ed operace je nezbytn\u00e9 porozum\u011bt srovn\u00e1vac\u00ed v\u00fdhod\u011b RANDM TORNADO oproti VOPK TORNADO. Zat\u00edmco oba vapey deklaruj\u00ed maxim\u00e1ln\u00ed v\u00fdnos 15 000 potah\u016f - metrika ov\u011b\u0159en\u00e1 automatick\u00fdm pneumatick\u00fdm testov\u00e1n\u00edm za kontrolovan\u00fdch laboratorn\u00edch podm\u00ednek (obvykle trv\u00e1n\u00ed tahu 2 a\u017e 3 sekundy) - RANDM iterace p\u0159edstavuje v\u00fdrazn\u011b \u0161ir\u0161\u00ed spektrum spot\u0159ebitelsk\u00e9ho v\u00fdb\u011bru a trvalou technickou spolehlivost.<\/p>\n<p style=\"margin-bottom: 20px;\">Nejpozoruhodn\u011bj\u0161\u00ed empirick\u00fd rozd\u00edl spo\u010d\u00edv\u00e1 ve v\u00fdb\u011bru formulac\u00ed. Model VOPK nab\u00edz\u00ed omezenou \u0161k\u00e1lu 10 aromatick\u00fdch profil\u016f. Naproti tomu RANDM TORNADO nab\u00edz\u00ed d\u016fkladn\u011b navr\u017een\u00e9 portfolio 41 r\u016fzn\u00fdch senzorick\u00fdch v\u00fdb\u011br\u016f. Od slo\u017eit\u00fdch botanick\u00fdch sm\u011bs\u00ed po osv\u011b\u017euj\u00edc\u00ed syntetick\u00e9 ovocn\u00e9 profily je tato rozs\u00e1hl\u00e1 rozmanitost kritick\u00fdm faktorem pro rychlost prodeje v maloobchod\u011b. \u0160ir\u0161\u00ed v\u00fdb\u011br zaji\u0161\u0165uje, \u017ee kone\u010dn\u00ed u\u017eivatel\u00e9 z\u016fst\u00e1vaj\u00ed zapojeni do hardwarov\u00e9 platformy, co\u017e p\u0159\u00edmo vede k vy\u0161\u0161\u00edm opakovan\u00fdm n\u00e1kup\u016fm a vy\u0161\u0161\u00ed celo\u017eivotn\u00ed hodnot\u011b z\u00e1kazn\u00edka pro v\u00e1\u0161 obchod s jednor\u00e1zov\u00fdmi vapey.<\/p>\n<div style=\"overflow-x: auto; margin: 40px 0;\">\n<table style=\"width: 100%; border-collapse: collapse; box-shadow: 0 10px 15px -3px rgba(0,0,0,0.1); border-radius: 12px; overflow: hidden; font-size: 1rem;\">\n<thead>\n<tr style=\"background-color: #2b6cb0; color: #ffffff; text-align: left;\">\n<th style=\"padding: 18px 20px; border-bottom: 3px solid #1a365d; font-weight: 600;\">Specifikace hardwaru<\/th>\n<th style=\"padding: 18px 20px; border-bottom: 3px solid #1a365d; font-weight: 600;\">VOPK TORNADO<\/th>\n<th style=\"padding: 18px 20px; border-bottom: 3px solid #1a365d; font-weight: 600; background-color: #2c5282;\">RANDM TORNADO (optimalizov\u00e1no)<\/th>\n<\/tr>\n<\/thead>\n<tbody style=\"background-color: #ffffff;\">\n<tr style=\"border-bottom: 1px solid #e2e8f0; transition: background-color 0.2s;\">\n<td style=\"padding: 15px 20px; font-weight: bold; color: #4a5568;\">Maxim\u00e1ln\u00ed v\u00fdnos<\/td>\n<td style=\"padding: 15px 20px; color: #718096;\">15 000 obl\u00e1\u010dk\u016f<\/td>\n<td style=\"padding: 15px 20px; color: #2b6cb0; font-weight: bold; background-color: #ebf8ff;\">15 000 obl\u00e1\u010dk\u016f<\/td>\n<\/tr>\n<tr style=\"border-bottom: 1px solid #e2e8f0; transition: background-color 0.2s;\">\n<td style=\"padding: 15px 20px; font-weight: bold; color: #4a5568;\">Kapacita n\u00e1dr\u017ee<\/td>\n<td style=\"padding: 15px 20px; color: #718096;\">25mL P\u0159edpln\u011bn\u00e9<\/td>\n<td style=\"padding: 15px 20px; color: #2b6cb0; font-weight: bold; background-color: #ebf8ff;\">25mL P\u0159edpln\u011bn\u00e9<\/td>\n<\/tr>\n<tr style=\"border-bottom: 1px solid #e2e8f0; transition: background-color 0.2s;\">\n<td style=\"padding: 15px 20px; font-weight: bold; color: #4a5568;\">Zdroj nap\u00e1jen\u00ed<\/td>\n<td style=\"padding: 15px 20px; color: #718096;\">850mAh (Type-C) \n\nbez p\u0159ekladu, ponech\u00e1no p\u016fvodn\u00ed zn\u011bn\u00ed.<\/td>\n<td style=\"padding: 15px 20px; color: #2b6cb0; font-weight: bold; background-color: #ebf8ff;\">850mAh (Type-C) \n\nbez p\u0159ekladu, ponech\u00e1no p\u016fvodn\u00ed zn\u011bn\u00ed.<\/td>\n<\/tr>\n<tr style=\"border-bottom: 1px solid #e2e8f0; transition: background-color 0.2s;\">\n<td style=\"padding: 15px 20px; font-weight: bold; color: #4a5568;\">Architektura vyt\u00e1p\u011bn\u00ed<\/td>\n<td style=\"padding: 15px 20px; color: #718096;\">Standardn\u00ed s\u00ed\u0165 (1,0\u03a9)<\/td>\n<td style=\"padding: 15px 20px; color: #2b6cb0; font-weight: bold; background-color: #ebf8ff;\">Pokro\u010dil\u00e1 optimalizovan\u00e1 s\u00ed\u0165<\/td>\n<\/tr>\n<tr style=\"border-bottom: 1px solid #e2e8f0; transition: background-color 0.2s;\">\n<td style=\"padding: 15px 20px; font-weight: bold; color: #4a5568;\">Varianty s\u00edly<\/td>\n<td style=\"padding: 15px 20px; color: #718096;\">0%, 2%, 3%, 5%<\/td>\n<td style=\"padding: 15px 20px; color: #2b6cb0; font-weight: bold; background-color: #ebf8ff;\">0%, 2%, 3%, 5%<\/td>\n<\/tr>\n<tr style=\"border-bottom: 1px solid #e2e8f0; transition: background-color 0.2s;\">\n<td style=\"padding: 15px 20px; font-weight: bold; color: #4a5568;\">Smyslov\u00fd portfoliom<\/td>\n<td style=\"padding: 15px 20px; color: #718096;\">10 mo\u017enost\u00ed<\/td>\n<td style=\"padding: 15px 20px; color: #2b6cb0; font-weight: bold; background-color: #ebf8ff;\">41 r\u016fzn\u00fdch mo\u017enost\u00ed<\/td>\n<\/tr>\n<tr style=\"border-bottom: 1px solid #e2e8f0; transition: background-color 0.2s;\">\n<td style=\"padding: 15px 20px; font-weight: bold; color: #4a5568;\">Rozhran\u00ed telemetrie<\/td>\n<td style=\"padding: 15px 20px; color: #718096;\">LED displej<\/td>\n<td style=\"padding: 15px 20px; color: #2b6cb0; font-weight: bold; background-color: #ebf8ff;\">Displej LED s vysok\u00fdm kontrastem<\/td>\n<\/tr>\n<tr style=\"transition: background-color 0.2s;\">\n<td style=\"padding: 15px 20px; font-weight: bold; color: #4a5568;\">Materi\u00e1l podvozku<\/td>\n<td style=\"padding: 15px 20px; color: #718096;\">Potravin\u00e1\u0159sk\u00fd PCTG<\/td>\n<td style=\"padding: 15px 20px; color: #2b6cb0; font-weight: bold; background-color: #ebf8ff;\">Potravin\u00e1\u0159sk\u00fd PCTG<\/td>\n<\/tr>\n<\/tbody>\n<\/table>\n<\/div>\n<h3 style=\"color: #2b6cb0; margin-top: 30px;\">Regula\u010dn\u00ed soulad a autorita ve v\u00fdrob\u011b<\/h3>\n<p style=\"margin-bottom: 20px;\">V VapeXYZ je d\u016fv\u011bryhodnost v dodavatelsk\u00e9m \u0159et\u011bzci nekompromisn\u00ed. Jednor\u00e1zov\u00e9 vapery, kter\u00e9 distribuujeme, v\u010detn\u011b s\u00e9rie RANDM, jsou vyr\u00e1b\u011bny v za\u0159\u00edzen\u00edch, kter\u00e1 se \u0159\u00edd\u00ed p\u0159\u00edsn\u00fdmi mezin\u00e1rodn\u00edmi syst\u00e9my \u0159\u00edzen\u00ed kvality. Struktur\u00e1ln\u00ed integrita \u0161asi z\u00e1vis\u00ed na vysoce kvalitn\u00edm Polykarbon\u00e1tu\/Polycyklohexylendimetylen Tereftal\u00e1tu (PCTG), materi\u00e1lu zvolen\u00e9m pro jeho vysokou tepelnou odolnost a potravin\u00e1\u0159sk\u00e9 vlastnosti. To zaji\u0161\u0165uje, \u017ee konstruk\u010dn\u00ed pouzdro chemicky neinteraguje s vnit\u0159n\u00ed formulac\u00ed, \u010d\u00edm\u017e je zachov\u00e1na \u010distota senzorick\u00e9ho z\u00e1\u017eitku od prvn\u00edho tahu po 15 000.<\/p>\n<p style=\"margin-bottom: 20px;\">Krom\u011b toho integrace inteligentn\u00edho obvodu ochrany proti p\u0159ebit\u00ed zaji\u0161\u0165uje bezpe\u010dnost 850mAh nap\u00e1jec\u00ed bu\u0148ky b\u011bhem dopl\u0148ov\u00e1n\u00ed p\u0159es Type-C. Toto regula\u010dn\u011b vyrovnan\u00e9 konstruk\u010dn\u00ed \u0159e\u0161en\u00ed zabra\u0148uje nekontrolovan\u00e9mu zv\u00fd\u0161en\u00ed teploty a prokazuje z\u00e1vazek k empirick\u00fdm bezpe\u010dnostn\u00edm standard\u016fm, \u010d\u00edm\u017e RANDM TORNADO povy\u0161uje nad standardn\u00ed, necertifikovan\u00e9 hardware b\u011b\u017en\u011b dostupn\u00e9 na \u0161ir\u0161\u00edm trhu.<\/p>\n<h2 style=\"color: #1a365d; border-bottom: 2px solid #e2e8f0; padding-bottom: 10px; margin-top: 40px;\">Interaktivn\u00ed technick\u00e9 FAQ: \u0158e\u0161en\u00ed maloobchodn\u00edch dotaz\u016f<\/h2>\n<p style=\"margin-bottom: 20px;\">Abychom d\u00e1le podpo\u0159ili na\u0161e velkoobchodn\u00ed partnery a koncov\u00e9 u\u017eivatele, jsme sestavili d\u016fkladn\u011b ov\u011b\u0159en\u00fd diagnostick\u00fd pr\u016fvodce, kter\u00fd m\u00e1 za \u00fa\u010del \u0159e\u0161it nej\u010dast\u011bj\u0161\u00ed dotazy t\u00fdkaj\u00edc\u00ed se v\u00fdkonu a spr\u00e1vy t\u011bchto vysokokapacitn\u00edch vapek.<\/p>\n<div style=\"display: flex; flex-direction: column; gap: 15px; margin-top: 25px;\">\n<div style=\"border: 1px solid #cbd5e0; border-radius: 8px; overflow: hidden; box-shadow: 0 2px 4px rgba(0,0,0,0.02);\">\n<h4 style=\"margin: 0; padding: 18px 20px; background-color: #f7fafc; border-bottom: 1px solid #cbd5e0; color: #2d3748; font-size: 1.1rem; display: flex; justify-content: space-between; align-items: center;\"><strong>Q1: <span style=\"font-size: 1.1rem; font-weight: 400;\">Jak se empiricky m\u011b\u0159\u00ed v\u00fdnos 15 000 v\u00fddech\u016f?<\/span><\/strong><span style=\"color: #a0aec0; font-size: 1.2rem;\">+<\/span><\/h4>\n<p style=\"margin: 0; padding: 20px; background-color: #ffffff; color: #4a5568; line-height: 1.7;\">Hodnocen\u00ed 15 000 v\u00fddech\u016f je ur\u010deno pomoc\u00ed automatizovan\u00fdch mechanick\u00fdch testovac\u00edch protokol\u016f v kontrolovan\u00e9m laboratorn\u00edm prost\u0159ed\u00ed. Testovac\u00ed za\u0159\u00edzen\u00ed prov\u00e1d\u011bj\u00ed vysoce regulovan\u00e9 intervaly tahu (obvykle simuluj\u00edc\u00ed n\u00e1dech po dobu 2 a\u017e 3 sekund). Je d\u016fle\u017eit\u00e9 si uv\u011bdomit, \u017ee ve skute\u010dn\u00e9m sv\u011bt\u011b dojde k odchylk\u00e1m na z\u00e1klad\u011b individu\u00e1ln\u00edho objemu n\u00e1dechu, okoln\u00ed teploty a specifick\u00e9 doby trv\u00e1n\u00ed tahu u\u017eivatele.<\/p>\n<\/div>\n<div style=\"border: 1px solid #cbd5e0; border-radius: 8px; overflow: hidden; box-shadow: 0 2px 4px rgba(0,0,0,0.02);\">\n<h4 style=\"margin: 0; padding: 18px 20px; background-color: #f7fafc; border-bottom: 1px solid #cbd5e0; color: #2d3748; font-size: 1.1rem; display: flex; justify-content: space-between; align-items: center;\"><strong>Q2: <span style=\"font-size: 1.1rem; font-weight: 400;\">Jak\u00e9 v\u00fdhody poskytuje integrovan\u00e1 LED obrazovka pro jednor\u00e1zovou vape?<\/span><\/strong><span style=\"color: #a0aec0; font-size: 1.2rem;\">+<\/span><\/h4>\n<p style=\"margin: 0; padding: 20px; background-color: #ffffff; color: #4a5568; line-height: 1.7;\">Rozhran\u00ed LED telemetrie m\u011bn\u00ed u\u017eivatelsk\u00fd z\u00e1\u017eitek t\u00edm, \u017ee nahrazuje dohady empirick\u00fdmi daty. Dynamicky zobrazuje zb\u00fdvaj\u00edc\u00ed procento nap\u011bt\u00ed baterie a vizu\u00e1ln\u00ed indik\u00e1tor kapacity z\u00e1sobn\u00edku 25 mL. To zabra\u0148uje degradaci mesh c\u00edvky (\u010dasto zp\u016fsoben\u00e9 vyp\u00e1len\u00edm such\u00e9ho za\u0159\u00edzen\u00ed) a upozor\u0148uje u\u017eivatele, kdy\u017e je nevyhnutn\u00e9 dobit\u00ed pomoc\u00ed Type-C.<\/p>\n<\/div>\n<div style=\"border: 1px solid #cbd5e0; border-radius: 8px; overflow: hidden; box-shadow: 0 2px 4px rgba(0,0,0,0.02);\">\n<h4 style=\"margin: 0; padding: 18px 20px; background-color: #f7fafc; border-bottom: 1px solid #cbd5e0; color: #2d3748; font-size: 1.1rem; display: flex; justify-content: space-between; align-items: center;\"><strong>Q3: <span style=\"font-size: 1.1rem; font-weight: 400;\">Pro\u010d je Minim\u00e1ln\u00ed Objednan\u00e9 Mno\u017estv\u00ed (MOQ) omezeno na 10 kus\u016f?<\/span><\/strong><span style=\"color: #a0aec0; font-size: 1.2rem;\">+<\/span><\/h4>\n<p style=\"margin: 0; padding: 20px; background-color: #ffffff; color: #4a5568; line-height: 1.7;\">Jako autoritativn\u00ed velkoobchodn\u00ed entita je na\u0161e infrastruktura optimalizov\u00e1na pro hromadnou distribuci. Stanoven\u00ed n\u00edzk\u00e9 minim\u00e1ln\u00ed objedn\u00e1vkov\u00e9 mno\u017estv\u00ed (MOQ) p\u0159esn\u011b 10 jednotek na objedn\u00e1vku umo\u017e\u0148uje nez\u00e1visl\u00fdm majitel\u016fm maloobchod\u016f, butikov\u00fdm obchod\u016fm a v\u011bt\u0161\u00edm podnik\u016fm stejn\u011b tak testovat region\u00e1ln\u00ed reakce trhu na nov\u00e9 senzorick\u00e9 profily bez nadm\u011brn\u00e9ho z\u00e1vazku kapit\u00e1lu. P\u0159eklenuje propast mezi \u0161k\u00e1lovateln\u00fdm velkoobchodn\u00edm cenov\u00e1n\u00edm a agiln\u00edm \u0159\u00edzen\u00edm z\u00e1sob.<\/p>\n<\/div>\n<div style=\"border: 1px solid #cbd5e0; border-radius: 8px; overflow: hidden; box-shadow: 0 2px 4px rgba(0,0,0,0.02);\">\n<h4 style=\"margin: 0; padding: 18px 20px; background-color: #f7fafc; border-bottom: 1px solid #cbd5e0; color: #2d3748; font-size: 1.1rem; display: flex; justify-content: space-between; align-items: center;\"><strong>Q4: <span style=\"font-size: 1.1rem; font-weight: 400;\">Jak ovliv\u0148uje nab\u00edjen\u00ed p\u0159es Type-C vnit\u0159n\u00ed chemii baterie?<\/span><\/strong><span style=\"color: #a0aec0; font-size: 1.2rem;\">+<\/span><\/h4>\n<p style=\"margin: 0; padding: 20px; background-color: #ffffff; color: #4a5568; line-height: 1.7;\">Vnit\u0159n\u00ed lithiov\u011b-iontov\u00e1 energetick\u00e1 bu\u0148ka s kapacitou 850mAh je navr\u017eena pro cyklickou stabilitu. Konektivita typu C umo\u017e\u0148uje konzistentn\u00ed vstup 5V, \u00fa\u010dinn\u011b obnovuje n\u00e1boj bez generov\u00e1n\u00ed nadm\u011brn\u00e9ho tepeln\u00e9ho zat\u00ed\u017een\u00ed. To zachov\u00e1v\u00e1 struktur\u00e1ln\u00ed integritu bateriov\u00e9 bu\u0148ky b\u011bhem n\u011bkolika cykl\u016f dob\u00edjen\u00ed, zaji\u0161\u0165uje konzistentn\u00ed dod\u00e1vku energie do mesh c\u00edvky, dokud nen\u00ed 25mL z\u00e1sobn\u00edk zcela vypr\u00e1zdn\u011bn.<\/p>\n<\/div>\n<\/div>\n<p style=\"font-size: 1.1rem; margin-top: 40px; text-align: center; font-weight: bold; color: #2b6cb0;\">Zvy\u0161ujte sv\u016fj maloobchodn\u00ed invent\u00e1\u0159 matematicky nad\u0159azen\u00fdm hardwarem. Prozkoumejte komplexn\u00ed kolekci RANDM TORNADO 15000 v obchod\u011b VapeXYZ je\u0161t\u011b dnes a zajist\u011bte si sv\u00e9 velkoobchodn\u00ed z\u00e1soby pr\u00e9miov\u00fdch jednor\u00e1zov\u00fdch vap\u016f.<\/p>\n<\/article>","protected":false},"excerpt":{"rendered":"<div class=\"custom-product\" style=\"border: 1px solid #eee; text-align: center; max-width: 100%; margin: 0 auto; font-family: Arial, sans-serif; box-sizing: border-box;\">\n        <!-- Product image - full width -->\n        <a href=\"https:\/\/vapexyz.com\/cs\/product\/randm-tornado-15000-puffs-0-2-3-5-nicotine-bulk-buy-rechargeable-disposable-vape-wholesale\/\" style=\"display: block; margin-bottom: 15px;\">\n            <img decoding=\"async\" src=\"https:\/\/vapexyz.com\/wp-content\/uploads\/2024\/05\/RandM-Tornado-15000-Puffs-1.webp\" alt=\"RandM Tornado 15000 Puffs Hromadn\u00fd N\u00e1kup Dob\u00edjec\u00ed Jednor\u00e1zov\u00e1 Vape Velkoobchod\" style=\"width: 100%; height: auto; display: block;\">        <\/a>\n        \n        <!-- Product name -->\n        <h3 style=\"margin: 10px 0; font-size: 1.2em; line-height: 1.4; color: #333;\">\n            RandM Tornado 15000 Puffs Hromadn\u00fd N\u00e1kup Dob\u00edjec\u00ed Jednor\u00e1zov\u00e1 Vape Velkoobchod        <\/h3>\n        \n        <!-- Product price -->\n        <div class=\"price\" style=\"color: #ff0000; font-weight: bold; font-size: 1.4em; margin: 10px 0;\">\n            \t\t<span class=\"tiered-pricing-dynamic-price-wrapper tiered-pricing-dynamic-price-wrapper--variable\"\n\t\t\t  data-display-context=\"shop-loop\"\n\t\t\t  data-price-type=\"dynamic\"\n\t\t\t  data-product-id=\"22176\"\n\t\t\t  data-parent-id=\"22176\">\n\t\t\t<span class=\"woocommerce-Price-amount amount\"><bdi><span class=\"woocommerce-Price-currencySymbol\">\u20ac<\/span>6.58<\/bdi><\/span><\/span>        <\/div>\n        \n        <!-- Product rating -->\n        <div class=\"rating\" style=\"margin: 15px 0; min-height: 25px;\">\n            <div class=\"star-rating\" role=\"img\" aria-label=\"Rated 5.00 out of 5\" data-no-translation-aria-label=\"\"><span style=\"width:100%\" data-no-translation=\"\" data-trp-gettext=\"\">Rated <strong class=\"rating\">5.00<\/strong> out of 5<\/span><\/div>        <\/div>\n        \n        <!-- Buy Now button -->\n        <div class=\"buy-now-button\" style=\"margin-top: 20px;\">\n            <a href=\"https:\/\/vapexyz.com\/cs\/product\/randm-tornado-15000-puffs-0-2-3-5-nicotine-bulk-buy-rechargeable-disposable-vape-wholesale\/\" \n               class=\"buy-now-btn\" \n               style=\"display: inline-block; background-color: #4CAF50; color: white !important; padding: 12px 24px; text-align: center; text-decoration: none; font-weight: bold; border-radius: 4px; transition: all 0.3s; border: none; cursor: pointer; font-size: 1em;\">\n                Koupit nyn\u00ed            <\/a>\n        <\/div>\n    <\/div>","protected":false},"featured_media":33822,"comment_status":"open","ping_status":"closed","template":"","meta":{"_lmt_disableupdate":"no","_lmt_disable":""},"product_brand":[],"product_cat":[853,998,1018,947,1019,1020,935,934,927,929,928,930,933,939,932,938,931,936,937,1017,949,1092,946,1024,1025,1026,1027,951,1029,1031,1032,1033,1035,953,1037,955,987,1038],"product_tag":[],"class_list":{"0":"post-33767","1":"product","2":"type-product","3":"status-publish","4":"has-post-thumbnail","6":"product_cat-vopk","7":"product_cat-15000-puff-vapes","8":"product_cat-apple-flavor-disposable-vapes","9":"product_cat-big-puffs-vapes","10":"product_cat-blue-razz-flavor-disposable-vapes","11":"product_cat-blueberry-flavor-disposable-vapes","12":"product_cat-bulk-buy-disposable-vapes-in-austria","13":"product_cat-bulk-buy-disposable-vapes-in-belgium","14":"product_cat-bulk-buy-disposable-vapes-in-europe","15":"product_cat-bulk-buy-disposable-vapes-in-france","16":"product_cat-bulk-buy-disposable-vapes-in-germany","17":"product_cat-bulk-buy-disposable-vapes-in-italy","18":"product_cat-bulk-buy-disposable-vapes-in-netherlands","19":"product_cat-bulk-buy-disposable-vapes-in-norway","20":"product_cat-bulk-buy-disposable-vapes-in-poland","21":"product_cat-bulk-buy-disposable-vapes-in-portugal","22":"product_cat-bulk-buy-disposable-vapes-in-spain","23":"product_cat-bulk-buy-disposable-vapes-in-sweden","24":"product_cat-bulk-buy-disposable-vapes-in-switzerland","25":"product_cat-buy-best-disposable-vape-flavors","26":"product_cat-digital-box-vapes","27":"product_cat-disposable-vape-variety-pack","28":"product_cat-disposable-vapes-series","29":"product_cat-guava-flavor-disposable-vapes","30":"product_cat-ice-flavor-disposable-vapes","31":"product_cat-kiwi-flavor-disposable-vapes","32":"product_cat-lemon-flavor-disposable-vapes","33":"product_cat-lower-nicotine-vapes","34":"product_cat-mango-flavor-disposable-vapes","35":"product_cat-mixed-berries-flavor-disposable-vapes","36":"product_cat-passion-fruit-flavor-disposable-vapes","37":"product_cat-peach-flavor-disposable-vapes","38":"product_cat-raspberry-flavor-disposable-vapes","39":"product_cat-rechargeable-vapes","40":"product_cat-strawberry-flavor-disposable-vapes","41":"product_cat-tornado-vapes","42":"product_cat-vape-shop-by-puffs","43":"product_cat-watermelon-flavor-disposable-vapes","45":"first","46":"outofstock","47":"shipping-taxable","48":"purchasable","49":"product-type-variable","50":"has-default-attributes"},"jetpack_sharing_enabled":true,"tiered_pricing_type":"fixed","tiered_pricing_fixed_rules":[],"tiered_pricing_product_settings":{"layout":"default","base_unit_name":{"singular":null,"plural":null},"default_variation":null},"tiered_pricing_minimum_quantity":null,"tiered_pricing_roles_data":[],"tiered_pricing_percentage_rules":[],"tiered_pricing_maximum_quantity":null,"tiered_pricing_quantity_step":null,"_links":{"self":[{"href":"https:\/\/vapexyz.com\/cs\/wp-json\/wp\/v2\/product\/33767","targetHints":{"allow":["GET"]}}],"collection":[{"href":"https:\/\/vapexyz.com\/cs\/wp-json\/wp\/v2\/product"}],"about":[{"href":"https:\/\/vapexyz.com\/cs\/wp-json\/wp\/v2\/types\/product"}],"replies":[{"embeddable":true,"href":"https:\/\/vapexyz.com\/cs\/wp-json\/wp\/v2\/comments?post=33767"}],"wp:featuredmedia":[{"embeddable":true,"href":"https:\/\/vapexyz.com\/cs\/wp-json\/wp\/v2\/media\/33822"}],"wp:attachment":[{"href":"https:\/\/vapexyz.com\/cs\/wp-json\/wp\/v2\/media?parent=33767"}],"wp:term":[{"taxonomy":"product_brand","embeddable":true,"href":"https:\/\/vapexyz.com\/cs\/wp-json\/wp\/v2\/product_brand?post=33767"},{"taxonomy":"product_cat","embeddable":true,"href":"https:\/\/vapexyz.com\/cs\/wp-json\/wp\/v2\/product_cat?post=33767"},{"taxonomy":"product_tag","embeddable":true,"href":"https:\/\/vapexyz.com\/cs\/wp-json\/wp\/v2\/product_tag?post=33767"}],"curies":[{"name":"wp","href":"https:\/\/api.w.org\/{rel}","templated":true}]}}