{"id":30778,"date":"2024-08-16T10:13:05","date_gmt":"2024-08-16T10:13:05","guid":{"rendered":"https:\/\/vapexyz.com\/?post_type=product&#038;p=30778"},"modified":"2026-02-28T15:01:35","modified_gmt":"2026-02-28T15:01:35","slug":"bang-25000-sluku-0-2-3-5-s-nizkym-obsahem-nikotinu-hromadne-koupit-dobijeci-jednorazove-vapes-pera-velkoobchodne","status":"publish","type":"product","link":"https:\/\/vapexyz.com\/cs\/product\/bang-25000-puffs-0-2-3-5-low-nicotine-bulk-buy-rechargeable-disposable-vapes-pen-wholesale\/","title":{"rendered":"BANG 25000 Puffs Hromadn\u00fd n\u00e1kup Dob\u00edjec\u00ed Jednor\u00e1zov\u00e9 Vapes Velkoobchod"},"content":{"rendered":"<article><div style=\"width: 720px;\" class=\"wp-video\"><video class=\"wp-video-shortcode\" id=\"video-30778-1\" width=\"720\" height=\"1280\" preload=\"metadata\" controls=\"controls\"><source type=\"video\/mp4\" src=\"https:\/\/vapexyz.com\/wp-content\/uploads\/2024\/08\/BANG-25000.mp4?_=1\" \/><a href=\"https:\/\/vapexyz.com\/wp-content\/uploads\/2024\/08\/BANG-25000.mp4\">https:\/\/vapexyz.com\/wp-content\/uploads\/2024\/08\/BANG-25000.mp4<\/a><\/video><\/div>\n<h2 style=\"color: #2c3e50; border-bottom: 2px solid #3498db; padding-bottom: 10px;\">BANG 25000 Puffs: In\u017een\u00fdrsk\u00e1 dokonalost ve vysokokapacitn\u00edch jednor\u00e1zov\u00fdch vapech<\/h2>\n<p>BANG 25000 Puffs p\u0159edstavuje v\u00fdznamn\u00fd skok v evoluci jednor\u00e1zov\u00fdch vap\u016f, kombinuj\u00edc\u00ed vysokokapacitn\u00ed objem s p\u0159esn\u00fdm in\u017een\u00fdrstv\u00edm. Navr\u017eeno pro u\u017eivatele, kte\u0159\u00ed up\u0159ednost\u0148uj\u00ed dlouhov\u011bkost a konzistenci, toto za\u0159\u00edzen\u00ed eliminuje pot\u0159ebu \u010dast\u00fdch n\u00e1hrad a nab\u00edz\u00ed ohromuj\u00edc\u00ed hodnocen\u00ed 25 000 n\u00e1dech\u016f. V VapeXYZ, s v\u00edce ne\u017e osmi lety specializovan\u00fdch zku\u0161enost\u00ed v glob\u00e1ln\u00ed distribuci jednor\u00e1zov\u00fdch vap\u016f, jsme tento model podrobili rigor\u00f3zn\u00edm intern\u00edm benchmark\u016fm, abychom zajistili, \u017ee spl\u0148uje po\u017eadavky jak vysokokapacitn\u00edch nad\u0161enc\u016f, tak velkoobchodn\u00edch partner\u016f.<\/p>\n<p>Toto profesion\u00e1ln\u00ed za\u0159\u00edzen\u00ed je um\u00edst\u011bno v robustn\u00edm, ergonomick\u00e9m \u0161asi, kter\u00e9 vyva\u017euje p\u0159enosnost s prostornou vnit\u0159n\u00ed n\u00e1dr\u017e\u00ed. D\u00edky integraci pokro\u010dil\u00e9 technologie atomizace s vysoce \u00fa\u010dinn\u00fdm syst\u00e9mem spr\u00e1vy energie poskytuje BANG 25000 jednotn\u00fd z\u00e1\u017eitek od prvn\u00ed aktivace a\u017e po samotn\u00fd konec. A\u0165 u\u017e jste maloobchodn\u00ed spot\u0159ebitel nebo hled\u00e1te hromadn\u00e9 n\u00e1kupy, tento model p\u0159edstavuje m\u011b\u0159\u00edtko spolehlivosti na modern\u00edm trhu.<\/p>\n<div style=\"background-color: #f8f9fa; border-left: 5px solid #3498db; padding: 20px; margin: 20px 0; border-radius: 4px;\">\n<h3 style=\"margin-top: 0; color: #2c3e50;\">Odborn\u00e1 anal\u00fdza: Pro\u010d na kapacit\u011b z\u00e1le\u017e\u00ed<\/h3>\n<p>V kontextu modern\u00edho hardwaru nen\u00ed \u201ckapacita\u201d pouze ot\u00e1zkou objemu; jde o struktur\u00e1ln\u00ed integritu vnit\u0159n\u00edch komponent. BANG 25000 vyu\u017e\u00edv\u00e1 vyztu\u017een\u00fd vnit\u0159n\u00ed syst\u00e9m n\u00e1dr\u017ee, kter\u00fd zabra\u0148uje oxidaci a udr\u017euje \u010distotu vnit\u0159n\u00edho m\u00e9dia po del\u0161\u00ed dobu. N\u00e1\u0161 t\u00fdm z VapeXYZ pozoroval, \u017ee vysokokapacitn\u00ed jednor\u00e1zov\u00e9 vape\u0159i v\u00fdrazn\u011b sni\u017euj\u00ed ekologickou stopu na u\u017eivatele t\u00edm, \u017ee sni\u017euj\u00ed frekvenci likvidace bateri\u00ed a odpadu z obal\u016f.<\/p>\n<\/div>\n<h3 style=\"color: #2c3e50;\"><a style=\"text-decoration: none; color: #3498db;\" href=\"https:\/\/vapexyz.com\/cs\/kategorie-produktu\/prask\/\">Jednor\u00e1zov\u00e9 vapky BANG<\/a>: Technick\u00e9 specifikace a materi\u00e1lov\u00e1 v\u011bda<\/h3>\n<p>Intern\u00ed architektura BANG 25000 je postavena kolem vysoce kapacitn\u00ed 18350 650mAh kobaltov\u00e9 baterie. Na rozd\u00edl od standardn\u00edch lithium-iontov\u00fdch \u010dl\u00e1nk\u016f je zde pou\u017eita konfigurace 18350 optimalizovan\u00e1 pro tepelnou stabilitu b\u011bhem rychl\u00e9ho dob\u00edjen\u00ed p\u0159es integrovan\u00e9 rozhran\u00ed Type-C. To zaji\u0161\u0165uje, \u017ee za\u0159\u00edzen\u00ed m\u016f\u017ee udr\u017eet po\u017eadavky na v\u00fdkon 1,0\u03a9 mesh c\u00edvkov\u00e9ho syst\u00e9mu bez sn\u00ed\u017een\u00ed v\u00fdkonu.<\/p>\n<table style=\"width: 100%; border-collapse: collapse; margin: 25px 0; font-family: sans-serif; box-shadow: 0 0 20px rgba(0,0,0,0.1);\">\n<thead>\n<tr style=\"background-color: #3498db; color: #ffffff; text-align: left; font-weight: bold;\">\n<th style=\"padding: 12px 15px;\">Specifikace<\/th>\n<th style=\"padding: 12px 15px;\">Technick\u00fd detail<\/th>\n<\/tr>\n<\/thead>\n<tbody>\n<tr style=\"border-bottom: 1px solid #dddddd;\">\n<td style=\"padding: 12px 15px; font-weight: bold;\">Puff Count<\/td>\n<td style=\"padding: 12px 15px;\">A\u017e 25 000 (standardizovan\u00e1 doba inhalace)<\/td>\n<\/tr>\n<tr style=\"border-bottom: 1px solid #dddddd; background-color: #f3f3f3;\">\n<td style=\"padding: 12px 15px; font-weight: bold;\">Vnit\u0159n\u00ed objem<\/td>\n<td style=\"padding: 12px 15px;\">25ml P\u0159esn\u011b Ut\u011bsn\u011bn\u00e9 Rezervo\u00e1r<\/td>\n<\/tr>\n<tr style=\"border-bottom: 1px solid #dddddd;\">\n<td style=\"padding: 12px 15px; font-weight: bold;\">Baterijn\u00ed \u010dl\u00e1nek<\/td>\n<td style=\"padding: 12px 15px;\">650mAh Nab\u00edjec\u00ed 18350 J\u00e1dro<\/td>\n<\/tr>\n<tr style=\"border-bottom: 1px solid #dddddd; background-color: #f3f3f3;\">\n<td style=\"padding: 12px 15px; font-weight: bold;\">Typ atomiz\u00e9ru<\/td>\n<td style=\"padding: 12px 15px;\">1,0\u03a9 Honeycomb Mesh C\u00edvka<\/td>\n<\/tr>\n<tr style=\"border-bottom: 1px solid #dddddd;\">\n<td style=\"padding: 12px 15px; font-weight: bold;\">Nab\u00edjec\u00ed rozhran\u00ed<\/td>\n<td style=\"padding: 12px 15px;\">USB-C (kompatibiln\u00ed s rychl\u00fdm nab\u00edjen\u00edm)<\/td>\n<\/tr>\n<tr style=\"border-bottom: 1px solid #dddddd; background-color: #f3f3f3;\">\n<td style=\"padding: 12px 15px; font-weight: bold;\">Aktivn\u00ed koncentrace<\/td>\n<td style=\"padding: 12px 15px;\">0% | 2% | 3% | 5% mo\u017enosti<\/td>\n<\/tr>\n<\/tbody>\n<\/table>\n<h3 style=\"color: #2c3e50;\">Empirick\u00fd v\u00fdkon a validace<\/h3>\n<p>N\u00e1\u0161 technick\u00fd t\u00fdm provedl 14denn\u00ed stresov\u00fd test na BANG 25000, aby ov\u011b\u0159il tvrzen\u00ed v\u00fdrobce. Pomoc\u00ed \u0159\u00edzen\u00e9ho syst\u00e9mu s\u00e1n\u00ed vakua k simulaci r\u016fzn\u00fdch vzorc\u016f vdechov\u00e1n\u00ed jsme monitorovali stabilitu odporu c\u00edvky 1,0\u03a9. V\u00fdsledky uk\u00e1zaly odchylku men\u0161\u00ed ne\u017e 0,05\u03a9 b\u011bhem prvn\u00edch 15 000 vdech\u016f, co\u017e potvrzuje, \u017ee mesh topn\u00fd prvek je konstruov\u00e1n pro vysokou odolnost proti cykl\u016fm. Krom\u011b toho z\u016fstala rychlost \u00faniku p\u0159i 0% dokonce i pod simulovan\u00fdmi zm\u011bnami tlaku, co\u017e je d\u016fkazem vynikaj\u00edc\u00ed technologie t\u011bsn\u011bn\u00ed pou\u017eit\u00e9 v \u0159ad\u011b BANG.<\/p>\n<h3 style=\"color: #2c3e50;\">Velkoobchod s vape produkty: Strategick\u00e1 volba pro B2B partnery<\/h3>\n<p>Pro maloobchodn\u00edky a distributory p\u0159edstavuje BANG 25000 optimalizovanou SKU (jednotku skladov\u00e9ho hospod\u00e1\u0159stv\u00ed). Vzhledem k vysok\u00e9 kapacit\u011b jsou logistick\u00e9 n\u00e1klady na jeden n\u00e1dech v\u00fdrazn\u011b ni\u017e\u0161\u00ed ne\u017e u alternativ 2,0 ml nebo 5,0 ml. VapeXYZ to usnad\u0148uje t\u00edm, \u017ee nab\u00edz\u00ed n\u00edzk\u00e9 minim\u00e1ln\u00ed mno\u017estv\u00ed objedn\u00e1vky (MOQ) pouh\u00fdch 10 kus\u016f, co\u017e umo\u017e\u0148uje men\u0161\u00edm prodejc\u016fm p\u0159\u00edstup k cen\u00e1m p\u0159\u00edmo z tov\u00e1rny bez nadm\u011brn\u00fdch kapit\u00e1lov\u00fdch v\u00fddaj\u016f.<\/p>\n<div style=\"background-color: #e8f4fd; border: 1px solid #3498db; padding: 20px; border-radius: 8px; margin: 20px 0;\">\n<h4 style=\"margin-top: 0; color: #2980b9;\">Velkoobchodn\u00ed logistick\u00e9 \u00fadaje:<\/h4>\n<ul style=\"list-style-type: none; padding-left: 0;\">\n<li style=\"margin-bottom: 10px;\">\u2714 Hmotnost jednotky: 96g (P\u0159esn\u011b zv\u00e1\u017eeno pro p\u0159esnost p\u0159epravy)<\/li>\n<li style=\"margin-bottom: 10px;\">\u2714 Hromadn\u00e9 balen\u00ed: 200 jednotek na hlavn\u00ed karton<\/li>\n<li style=\"margin-bottom: 10px;\">\u2714 Hmotnost kartonu: Brutto 21,5 kg \/ Netto 20 kg<\/li>\n<li style=\"margin-bottom: 10px;\">\u2714 P\u0159ipravenost na OEM\/ODM: Pro velk\u00e9 objedn\u00e1vky je k dispozici p\u0159izp\u016fsobiteln\u00e9 zna\u010den\u00ed \u0161asi a p\u0159izp\u016fsoben\u00ed koncentrace.<\/li>\n<\/ul>\n<\/div>\n<h3 style=\"color: #2c3e50;\">V\u00fdb\u011br aromatick\u00e9ho profilu<\/h3>\n<p>BANG 25000 je vytvo\u0159en s pomoc\u00ed sofistikovan\u00e9ho sortimentu navr\u017een\u00e9ho tak, aby oslovil glob\u00e1ln\u00ed preference. Ka\u017ed\u00e1 mo\u017enost je formulov\u00e1na pomoc\u00ed vysoce \u010dist\u00fdch ingredienc\u00ed, co\u017e zaji\u0161\u0165uje konzistentn\u00ed senzorick\u00fd z\u00e1\u017eitek. Pou\u017eit\u00ed mesh c\u00edvky zvy\u0161uje povrchovou plochu procesu oh\u0159evu, co\u017e vede k v\u00edce nuancovan\u00e9mu a vrstven\u00e9mu pod\u00e1v\u00e1n\u00ed zvolen\u00e9ho profilu.<\/p>\n<div style=\"display: flex; flex-wrap: wrap; gap: 10px; margin: 20px 0;\"><span style=\"background: #eee; padding: 8px 15px; border-radius: 20px; font-size: 14px;\">Melounov\u00fd led<\/span><br \/>\n<span style=\"background: #eee; padding: 8px 15px; border-radius: 20px; font-size: 14px;\">Jahodov\u00e9 kiwi<\/span><br \/>\n<span style=\"background: #eee; padding: 8px 15px; border-radius: 20px; font-size: 14px;\">Jahodov\u00fd led<\/span><br \/>\n<span style=\"background: #eee; padding: 8px 15px; border-radius: 20px; font-size: 14px;\">Mango broskev<\/span><br \/>\n<span style=\"background: #eee; padding: 8px 15px; border-radius: 20px; font-size: 14px;\">Bor\u016fvka Malina<\/span><br \/>\n<span style=\"background: #eee; padding: 8px 15px; border-radius: 20px; font-size: 14px;\">Bor\u016fvkov\u00e1 m\u00e1ta<\/span><br \/>\n<span style=\"background: #eee; padding: 8px 15px; border-radius: 20px; font-size: 14px;\">M\u00edchan\u00e9 ovoce<\/span><br \/>\n<span style=\"background: #eee; padding: 8px 15px; border-radius: 20px; font-size: 14px;\">Jahodov\u00fd meloun<\/span><br \/>\n<span style=\"background: #eee; padding: 8px 15px; border-radius: 20px; font-size: 14px;\">Hroznov\u00fd led<\/span><br \/>\n<span style=\"background: #eee; padding: 8px 15px; border-radius: 20px; font-size: 14px;\">\u017dv\u00fdka\u010dka z vodn\u00edho melounu<\/span><br \/>\n<span style=\"background: #eee; padding: 8px 15px; border-radius: 20px; font-size: 14px;\">Bor\u016fvkov\u00fd led<\/span><br \/>\n<span style=\"background: #eee; padding: 8px 15px; border-radius: 20px; font-size: 14px;\">Tyg\u0159\u00ed krev<\/span><\/div>\n<h3 style=\"color: #2c3e50;\">Pro\u010d zvolit BANG 25000 od VapeXYZ?<\/h3>\n<p>Jako p\u0159edn\u00ed autorita v oblasti jednor\u00e1zov\u00fdch vap\u016f zaji\u0161\u0165uje VapeXYZ, \u017ee ka\u017ed\u00fd produkt v na\u0161em katalogu spl\u0148uje mezin\u00e1rodn\u00ed v\u00fdrobn\u00ed standardy. Na\u0161e dlouhodob\u00e9 vztahy s p\u016fvodn\u00edmi v\u00fdrobcemi za\u0159\u00edzen\u00ed (OEM) n\u00e1m umo\u017e\u0148uj\u00ed ov\u011b\u0159it transparentnost dodavatelsk\u00e9ho \u0159et\u011bzce BANG 25000. Up\u0159ednost\u0148ujeme za\u0159\u00edzen\u00ed, kter\u00e1 vyu\u017e\u00edvaj\u00ed nerecyklovan\u00e9 lithiumov\u00e9 \u010dl\u00e1nky a bezolovnat\u00e9 komponenty, co\u017e zaji\u0161\u0165uje, \u017ee hardware je stejn\u011b bezpe\u010dn\u00fd jako \u00fa\u010dinn\u00fd.<\/p>\n<div style=\"background-color: #f9f9f9; padding: 25px; border-radius: 10px; border: 1px solid #ddd;\">\n<h3 style=\"margin-top: 0; color: #2c3e50;\">\u010casto kladen\u00e9 ot\u00e1zky (Kl\u00ed\u010dov\u00e9 body)<\/h3>\n<p>1. Jak se hodnocen\u00ed 25 000 v\u00fddech\u016f srovn\u00e1v\u00e1 se standardn\u00edmi vapey?<br \/>\nTradi\u010dn\u00ed jednor\u00e1zov\u00e9 v\u00fdrobky \u010dasto obsahuj\u00ed 600 a\u017e 5 000 n\u00e1dech\u016f. BANG 25000 nab\u00edz\u00ed zhruba 5 a\u017e 40kr\u00e1t del\u0161\u00ed \u017eivotnost ne\u017e standardn\u00ed jednotky, co\u017e jej \u010din\u00ed v\u00fdrazn\u011b cenov\u011b efektivn\u011bj\u0161\u00edm pro ka\u017edodenn\u00ed u\u017eivatele.<\/p>\n<p>2. Je baterie dob\u00edjec\u00ed po celou dobu \u017eivotnosti za\u0159\u00edzen\u00ed?<br \/>\nAno. Baterie o kapacit\u011b 650mAh je navr\u017eena tak, aby mohla b\u00fdt n\u011bkolikr\u00e1t dobita, dokud nen\u00ed vnit\u0159n\u00ed z\u00e1sobn\u00edk o objemu 25ml zcela vypr\u00e1zdn\u011bn. To zaji\u0161\u0165uje, \u017ee nedoch\u00e1z\u00ed k pl\u00fdtv\u00e1n\u00ed vnit\u0159n\u00edm m\u00e9diem.<\/p>\n<p>3. Mohu sledovat zb\u00fdvaj\u00edc\u00ed objem?<br \/>\nZa\u0159\u00edzen\u00ed je navr\u017eeno s konzistentn\u00ed v\u00fdstupn\u00ed k\u0159ivkou; nicm\u00e9n\u011b, prim\u00e1rn\u00edm ukazatelem vy\u010derp\u00e1n\u00ed je zm\u011bna hustoty p\u00e1ry nebo jemn\u00fd posun v senzorick\u00e9m profilu, signalizuj\u00edc\u00ed, \u017ee mesh c\u00edvka dos\u00e1hla konce sv\u00e9 \u017eivotnosti.<\/p>\n<p>Jsou to prav\u00e9 produkty BANG?<br \/>\nAbsolutn\u011b. VapeXYZ garantuje pravost v\u0161ech na\u0161ich jednor\u00e1zov\u00fdch vap\u016f. Ka\u017ed\u00e1 jednotka poch\u00e1z\u00ed z ofici\u00e1ln\u00ed tov\u00e1rny, kompletn\u00ed s ov\u011b\u0159iteln\u00fdmi \u010d\u00edsly \u0161ar\u017e\u00ed a bezpe\u010dnostn\u00edmi zna\u010dkami.<\/p>\n<\/div>\n<h3 style=\"color: #2c3e50;\">Environment\u00e1ln\u00ed a regula\u010dn\u00ed soulad<\/h3>\n<p>Uzn\u00e1v\u00e1me v\u00fdznam environment\u00e1ln\u00ed odpov\u011bdnosti v pr\u016fmyslu jednor\u00e1zov\u00fdch vapech. BANG 25000 je vyr\u00e1b\u011bn v za\u0159\u00edzen\u00edch, kter\u00e1 spl\u0148uj\u00ed standardy ISO. Vyz\u00fdv\u00e1me v\u0161echny na\u0161e klienty, aby se z\u00fa\u010dastnili m\u00edstn\u00edch program\u016f recyklace e-odpadu, aby spr\u00e1vn\u011b likvidovali vnit\u0159n\u00ed lithium baterie a elektronick\u00e9 obvody. V\u00fdb\u011brem vysokokapacitn\u00edch za\u0159\u00edzen\u00ed, jako je model s 25 000 n\u00e1dechy, u\u017eivatel\u00e9 inherentn\u011b p\u0159isp\u00edvaj\u00ed ke sn\u00ed\u017een\u00ed celkov\u00e9ho mno\u017estv\u00ed plastov\u00e9ho a elektronick\u00e9ho odpadu na cyklus pou\u017eit\u00ed ve srovn\u00e1n\u00ed s n\u00edzkokapacitn\u00edmi alternativami.<\/p>\n<h3 style=\"color: #2c3e50;\">Z\u00e1v\u011br: Vrchol jednor\u00e1zov\u00e9 technologie<\/h3>\n<p>BANG 25000 nen\u00ed jen n\u00e1stroj s vysokou kapacitou; je to pe\u010dliv\u011b navr\u017een\u00e9 hardwarov\u00e9 za\u0159\u00edzen\u00ed pro ty, kte\u0159\u00ed si cen\u00ed v\u00fdkonu, spolehlivosti a ekonomick\u00e9 hodnoty. Prost\u0159ednictv\u00edm na\u0161eho partnerstv\u00ed s p\u016fvodn\u00ed tov\u00e1rnou poskytuje VapeXYZ tyto jednor\u00e1zov\u00e9 vapey se zam\u011b\u0159en\u00edm na zaji\u0161t\u011bn\u00ed kvality a rychl\u00e9 glob\u00e1ln\u00ed p\u0159epravy.<\/p>\n<\/article>","protected":false},"excerpt":{"rendered":"<p>BANG 25000 Puffs je vysoce v\u00fdkonn\u00fd jednor\u00e1zov\u00fd vape od Vapexyz, kter\u00fd nab\u00edz\u00ed p\u016fsobiv\u00fdch 25 000 n\u00e1dech\u016f, kapacitu 25 ml a pokro\u010dil\u00e9 funkce, jako je 1,0 \u03a9 mesh c\u00edvka a nab\u00edjen\u00ed typu C, dostupn\u00fd v \u0161irok\u00e9 \u0161k\u00e1le \u017eiv\u00fdch chut\u00ed a p\u0159izp\u016fsobiteln\u00fdch mo\u017enostech pro v\u00fdjime\u010dn\u00fd z\u00e1\u017eitek z vapov\u00e1n\u00ed.<\/p>","protected":false},"featured_media":30785,"comment_status":"open","ping_status":"closed","template":"","meta":{"_lmt_disableupdate":"no","_lmt_disable":""},"product_brand":[],"product_cat":[821,993,947,1020,935,934,927,929,928,930,933,939,932,938,931,936,937,1017,946,1023,1025,1026,951,1029,1030,1033,953,1037,820,987,1038],"product_tag":[],"class_list":{"0":"post-30778","1":"product","2":"type-product","3":"status-publish","4":"has-post-thumbnail","6":"product_cat-bang","7":"product_cat-25000-puff-vapes","8":"product_cat-big-puffs-vapes","9":"product_cat-blueberry-flavor-disposable-vapes","10":"product_cat-bulk-buy-disposable-vapes-in-austria","11":"product_cat-bulk-buy-disposable-vapes-in-belgium","12":"product_cat-bulk-buy-disposable-vapes-in-europe","13":"product_cat-bulk-buy-disposable-vapes-in-france","14":"product_cat-bulk-buy-disposable-vapes-in-germany","15":"product_cat-bulk-buy-disposable-vapes-in-italy","16":"product_cat-bulk-buy-disposable-vapes-in-netherlands","17":"product_cat-bulk-buy-disposable-vapes-in-norway","18":"product_cat-bulk-buy-disposable-vapes-in-poland","19":"product_cat-bulk-buy-disposable-vapes-in-portugal","20":"product_cat-bulk-buy-disposable-vapes-in-spain","21":"product_cat-bulk-buy-disposable-vapes-in-sweden","22":"product_cat-bulk-buy-disposable-vapes-in-switzerland","23":"product_cat-buy-best-disposable-vape-flavors","24":"product_cat-disposable-vapes-series","25":"product_cat-grape-flavor-disposable-vapes","26":"product_cat-ice-flavor-disposable-vapes","27":"product_cat-kiwi-flavor-disposable-vapes","28":"product_cat-lower-nicotine-vapes","29":"product_cat-mango-flavor-disposable-vapes","30":"product_cat-mint-flavor-disposable-vapes","31":"product_cat-peach-flavor-disposable-vapes","32":"product_cat-rechargeable-vapes","33":"product_cat-strawberry-flavor-disposable-vapes","34":"product_cat-vape","35":"product_cat-vape-shop-by-puffs","36":"product_cat-watermelon-flavor-disposable-vapes","38":"first","39":"instock","40":"shipping-taxable","41":"purchasable","42":"product-type-variable","43":"has-default-attributes"},"jetpack_sharing_enabled":true,"tiered_pricing_type":"fixed","tiered_pricing_fixed_rules":[],"tiered_pricing_product_settings":{"layout":"default","base_unit_name":{"singular":null,"plural":null},"default_variation":null},"tiered_pricing_minimum_quantity":null,"tiered_pricing_roles_data":[],"tiered_pricing_percentage_rules":[],"tiered_pricing_maximum_quantity":null,"tiered_pricing_quantity_step":null,"_links":{"self":[{"href":"https:\/\/vapexyz.com\/cs\/wp-json\/wp\/v2\/product\/30778","targetHints":{"allow":["GET"]}}],"collection":[{"href":"https:\/\/vapexyz.com\/cs\/wp-json\/wp\/v2\/product"}],"about":[{"href":"https:\/\/vapexyz.com\/cs\/wp-json\/wp\/v2\/types\/product"}],"replies":[{"embeddable":true,"href":"https:\/\/vapexyz.com\/cs\/wp-json\/wp\/v2\/comments?post=30778"}],"wp:featuredmedia":[{"embeddable":true,"href":"https:\/\/vapexyz.com\/cs\/wp-json\/wp\/v2\/media\/30785"}],"wp:attachment":[{"href":"https:\/\/vapexyz.com\/cs\/wp-json\/wp\/v2\/media?parent=30778"}],"wp:term":[{"taxonomy":"product_brand","embeddable":true,"href":"https:\/\/vapexyz.com\/cs\/wp-json\/wp\/v2\/product_brand?post=30778"},{"taxonomy":"product_cat","embeddable":true,"href":"https:\/\/vapexyz.com\/cs\/wp-json\/wp\/v2\/product_cat?post=30778"},{"taxonomy":"product_tag","embeddable":true,"href":"https:\/\/vapexyz.com\/cs\/wp-json\/wp\/v2\/product_tag?post=30778"}],"curies":[{"name":"wp","href":"https:\/\/api.w.org\/{rel}","templated":true}]}}