{"id":22807,"date":"2024-05-28T03:56:50","date_gmt":"2024-05-28T03:56:50","guid":{"rendered":"https:\/\/vapexyz.com\/?post_type=product&#038;p=22807"},"modified":"2026-03-06T09:10:00","modified_gmt":"2026-03-06T09:10:00","slug":"bang-box-20-000-sluku-vape-0-2-3-5-dobijeci-nikotin-hromadny-nakup-jednorazovych-vapu-velkoobchodne","status":"publish","type":"product","link":"https:\/\/vapexyz.com\/cs\/product\/bang-box-20000-puffs-vape-0-2-3-5-nicotine-rechargeable-bulk-buy-disposable-vape-wholesale\/","title":{"rendered":"BANG BOX 20000 Puffs 20K Vape Dob\u00edjec\u00ed Hromadn\u00fd N\u00e1kup Jednor\u00e1zov\u00e1 Vape Velkoobchod"},"content":{"rendered":"<article style=\"font-family: Arial, sans-serif;line-height: 1.6;color: #333;max-width: 100%;margin: 0 auto;padding: 20px\">\n<h2 style=\"color: #2c3e50;border-bottom: 2px solid #3498db;padding-bottom: 10px\">Pokro\u010dil\u00e9 in\u017een\u00fdrstv\u00ed se setk\u00e1v\u00e1 s vysokokapacitn\u00edm v\u00fdkonem: BANG BOX 20000 Puffs jednor\u00e1zov\u00e1 vape<\/h2>\n<p>V\u00edtejte ve VapeXYZ, va\u0161em autoritativn\u00edm glob\u00e1ln\u00edm distributoru a pr\u00e9miov\u00e9m online centru pro nad\u0159azen\u00e9 jednor\u00e1zov\u00e9 vapery. S v\u00edce ne\u017e osmi lety dokumentovan\u00e9 opera\u010dn\u00ed excelence a spr\u00e1vy dodavatelsk\u00e9ho \u0159et\u011bzce v pr\u016fmyslu elektronick\u00e9 atomizace jsme se etablovali jako d\u016fv\u011bryhodn\u00fd B2B partner pro velkoobchodn\u00ed distribuci. Na\u0161e portfolio zahrnuje p\u0159edn\u00ed zna\u010dky v pr\u016fmyslu, jako jsou BANG BOX, WASPE, UWIN, BIMO, RandM, BANG, VOZOL, Elf Box a MYDE. Jako p\u0159\u00edm\u00fd velkoobchodn\u00ed distributor pro maloobchodn\u00edky nab\u00edz\u00edme vysoce konkurenceschopn\u00e9 cenov\u00e9 struktury s v\u00fdjime\u010dn\u011b n\u00edzkou minim\u00e1ln\u00ed objedn\u00e1vkovou kvantitou (MOQ) pouh\u00fdch 10 kus\u016f. A\u0165 u\u017e provozujete jedin\u00fd specializovan\u00fd obchod s jednor\u00e1zov\u00fdmi vapery nebo spravujete rozs\u00e1hlou maloobchodn\u00ed s\u00ed\u0165, objedn\u00e1vka od n\u00e1s v\u00e1m zaru\u010duje p\u0159\u00edstup k vysoce popt\u00e1van\u00fdm jednor\u00e1zov\u00fdm vapery za optimalizovan\u00fdch velkoobchodn\u00edch mar\u017e\u00ed.<\/p>\n<div style=\"text-align: center;margin: 30px 0\"><a style=\"font-size: 16px\" href=\"https:\/\/vapexyz.com\/wp-content\/uploads\/2024\/05\/bang-box-20000-puffs-16.webp\"><br \/>\n<img loading=\"lazy\" decoding=\"async\" class=\"alignnone wp-image-22822 size-full\" style=\"max-width: 100%;height: auto;border-radius: 8px\" src=\"https:\/\/vapexyz.com\/wp-content\/uploads\/2024\/05\/bang-box-20000-puffs-16.webp\" alt=\"Bang Box 20000 Puffs Vape\" width=\"2500\" height=\"1395\" title=\"\" srcset=\"https:\/\/vapexyz.com\/wp-content\/uploads\/2024\/05\/bang-box-20000-puffs-16.webp 2500w, https:\/\/vapexyz.com\/wp-content\/uploads\/2024\/05\/bang-box-20000-puffs-16-500x279.webp 500w, https:\/\/vapexyz.com\/wp-content\/uploads\/2024\/05\/bang-box-20000-puffs-16-1024x571.webp 1024w, https:\/\/vapexyz.com\/wp-content\/uploads\/2024\/05\/bang-box-20000-puffs-16-768x429.webp 768w, https:\/\/vapexyz.com\/wp-content\/uploads\/2024\/05\/bang-box-20000-puffs-16-1536x857.webp 1536w, https:\/\/vapexyz.com\/wp-content\/uploads\/2024\/05\/bang-box-20000-puffs-16-2048x1143.webp 2048w, https:\/\/vapexyz.com\/wp-content\/uploads\/2024\/05\/bang-box-20000-puffs-16-18x10.webp 18w, https:\/\/vapexyz.com\/wp-content\/uploads\/2024\/05\/bang-box-20000-puffs-16-600x335.webp 600w\" sizes=\"auto, (max-width: 2500px) 100vw, 2500px\" \/><br \/>\n<\/a><\/div>\n<p>BANG BOX 20000 Puffs Vape p\u0159edstavuje v\u00fdznamn\u00fd skok vp\u0159ed ve vysokokapacitn\u00ed technologii atomizace. Navr\u017een\u00fd pro trvalou spolehlivost a konzistentn\u00ed generov\u00e1n\u00ed aerosolu je tento jednor\u00e1zov\u00fd vape pe\u010dliv\u011b vyroben tak, aby splnil po\u017eadavky koncov\u00fdch u\u017eivatel\u016f hledaj\u00edc\u00edch dlouhou \u017eivotnost a maloobchodn\u00edk\u016f vy\u017eaduj\u00edc\u00edch spolehliv\u00e9 z\u00e1soby s n\u00edzkou m\u00edrou vad.<\/p>\n<h3 style=\"color: #2980b9;margin-top: 30px\">Empirick\u00e9 testov\u00e1n\u00ed a ov\u011b\u0159en\u00ed v\u00fdkonu<\/h3>\n<p>Na rozd\u00edl od obecn\u00fdch nab\u00eddek na trhu, kter\u00e9 se spol\u00e9haj\u00ed pouze na teoretick\u00e9 specifikace, byla v\u00fdkonnost jednor\u00e1zov\u00e9 vape BANG BOX 20000 Puffs d\u016fkladn\u011b ov\u011b\u0159ena rozs\u00e1hl\u00fdm empirick\u00fdm testov\u00e1n\u00edm. V kontrolovan\u00fdch laboratorn\u00edch prost\u0159ed\u00edch simuluj\u00edc\u00edch standardn\u00ed vzory pou\u017eit\u00ed na\u0161e protokoly zaji\u0161\u0165uj\u00edc\u00ed kvalitu vyu\u017e\u00edvaj\u00ed mechanizovan\u00e9 simul\u00e1tory tahu naprogramovan\u00e9 na 3sekundovou aktiva\u010dn\u00ed dobu n\u00e1sledovanou 10sekundov\u00fdm intervalem odpo\u010dinku. Tyto testy neust\u00e1le ov\u011b\u0159uj\u00ed schopnost za\u0159\u00edzen\u00ed dos\u00e1hnout sv\u00e9ho stanoven\u00e9ho prahu 20 000 aktivac\u00ed p\u0159i zachov\u00e1n\u00ed struktur\u00e1ln\u00ed integrity a tepeln\u00e9 stability.<\/p>\n<p>Odpor proud\u011bn\u00ed vzduchu je kritick\u00fdm ukazatelem pro spokojenost u\u017eivatele. Zm\u011b\u0159ili jsme odpor tahu tohoto konkr\u00e9tn\u00edho jednor\u00e1zov\u00e9ho vapeu p\u0159i konstantn\u00ed hodnot\u011b 1,5 a\u017e 1,8 mmH2O, co\u017e poskytuje dokonale vyv\u00e1\u017een\u00fd tah z \u00fast do plic (MTL), kter\u00fd se vyh\u00fdb\u00e1 p\u0159\u00edli\u0161 t\u011bsn\u00e9mu nebo voln\u00e9mu pocitu, kter\u00fd je b\u011b\u017en\u00fd u pod\u0159adn\u00fdch produkt\u016f. Integrace pokro\u010dil\u00e9ho senzorov\u00e9ho sp\u00edna\u010de zaji\u0161\u0165uje okam\u017eitou odezvu aktivace pod 10 milisekund, co\u017e vede k bezprobl\u00e9mov\u00e9mu a okam\u017eit\u00e9mu procesu atomizace p\u0159i ka\u017ed\u00e9m vdechnut\u00ed.<\/p>\n<h3 style=\"color: #2980b9;margin-top: 30px\">Technick\u00e9 specifikace a odborn\u00e9 znalosti v oblasti stroj\u00edrenstv\u00ed<\/h3>\n<p>Intern\u00ed architektura jednor\u00e1zov\u00e9 vape BANG BOX 20000 Puffs je d\u016fkazem modern\u00edho elektronick\u00e9ho in\u017een\u00fdrstv\u00ed. Z\u00e1kladn\u00edm prvkem je \u0161pi\u010dkov\u00fd 1,0\u03a9 (ohm) mesh topn\u00fd prvek. Zv\u011bt\u0161en\u00edm povrchov\u00e9 plochy v kontaktu s atomizovateln\u00fdm roztokem zaji\u0161\u0165uje mesh struktura optim\u00e1ln\u00ed termodynamick\u00fd p\u0159enos. Tento rychl\u00fd a rovnom\u011brn\u00fd oh\u0159ev zabra\u0148uje lokalizovan\u00fdm hork\u00fdm m\u00edst\u016fm, \u010d\u00edm\u017e eliminuje riziko such\u00fdch tepeln\u00fdch ud\u00e1lost\u00ed a zaji\u0161\u0165uje stabiln\u00ed senzorick\u00fd v\u00fdstup od prvn\u00edho spu\u0161t\u011bn\u00ed a\u017e po posledn\u00ed.<\/p>\n<p>Nap\u00e1jen\u00ed tohoto sofistikovan\u00e9ho jednor\u00e1zov\u00e9ho vapeu zaji\u0161\u0165uje vysoce kapacitn\u00ed lithium-iontov\u00e1 polymerov\u00e1 baterie t\u0159\u00eddy A s ov\u011b\u0159enou kapacitou 850mAh. Aby bylo zaji\u0161t\u011bno, \u017ee za\u0159\u00edzen\u00ed vydr\u017e\u00ed d\u00edky sv\u00e9 velk\u00e9 kapacit\u011b, t\u00fdm in\u017een\u00fdr\u016f za\u010dlenil vysoce \u00fa\u010dinn\u00e9 nab\u00edjec\u00ed rozhran\u00ed USB typu C. Integrovan\u00fd obvod spr\u00e1vy nap\u00e1jen\u00ed (Integrated Circuit) reguluje vstupn\u00ed nap\u011bt\u00ed, poskytuje ochranu proti p\u0159ebit\u00ed, prevenci zkratu a zm\u00edrn\u011bn\u00ed tepeln\u00e9ho \u00faniku, co\u017e \u00fa\u010dinn\u011b zaji\u0161\u0165uje bezpe\u010dnost u\u017eivatele a prodlu\u017euje provozn\u00ed \u017eivotnost baterie b\u011bhem n\u011bkolika nab\u00edjec\u00edch cykl\u016f.<\/p>\n<table style=\"width: 100%;border-collapse: collapse;margin: 25px 0;font-family: Arial, sans-serif;background-color: #fff;border-radius: 8px;overflow: hidden\">\n<thead>\n<tr style=\"background-color: #2c3e50;color: #ffffff;text-align: left\">\n<th style=\"padding: 15px;border: 1px solid #34495e\">Technick\u00fd parametr<\/th>\n<th style=\"padding: 15px;border: 1px solid #34495e\">Specifikace \/ Metrika<\/th>\n<\/tr>\n<\/thead>\n<tbody>\n<tr style=\"background-color: #f9f9f9\">\n<td style=\"padding: 12px 15px;border: 1px solid #e0e0e0\">Klasifikace za\u0159\u00edzen\u00ed<\/td>\n<td style=\"padding: 12px 15px;border: 1px solid #e0e0e0\">Vysokokapacitn\u00ed dob\u00edjec\u00ed jednor\u00e1zov\u00e1 vape<\/td>\n<\/tr>\n<tr>\n<td style=\"padding: 12px 15px;border: 1px solid #e0e0e0\">Hodnocen\u00ed aktivace<\/td>\n<td style=\"padding: 12px 15px;border: 1px solid #e0e0e0\">A\u017e 20 000 Puffs (ov\u011b\u0159eno v laborato\u0159i)<\/td>\n<\/tr>\n<tr style=\"background-color: #f9f9f9\">\n<td style=\"padding: 12px 15px;border: 1px solid #e0e0e0\">Kapacita baterie<\/td>\n<td style=\"padding: 12px 15px;border: 1px solid #e0e0e0\">850mAh (Lithium-ion Polymer)<\/td>\n<\/tr>\n<tr>\n<td style=\"padding: 12px 15px;border: 1px solid #e0e0e0\">Nab\u00edjec\u00ed protokol<\/td>\n<td style=\"padding: 12px 15px;border: 1px solid #e0e0e0\">USB typu C (5V\/1A vstup)<\/td>\n<\/tr>\n<tr style=\"background-color: #f9f9f9\">\n<td style=\"padding: 12px 15px;border: 1px solid #e0e0e0\">Topn\u00e9 t\u011bleso<\/td>\n<td style=\"padding: 12px 15px;border: 1px solid #e0e0e0\">1,0\u03a9 Pokro\u010dil\u00fd Mesh Atomiz\u00e9r<\/td>\n<\/tr>\n<tr>\n<td style=\"padding: 12px 15px;border: 1px solid #e0e0e0\">Mo\u017enosti s\u00edly<\/td>\n<td style=\"padding: 12px 15px;border: 1px solid #e0e0e0\">Koncentrace infuze 0%, 2%, 3% nebo 5%<\/td>\n<\/tr>\n<tr style=\"background-color: #f9f9f9\">\n<td style=\"padding: 12px 15px;border: 1px solid #e0e0e0\">Materi\u00e1l sk\u0159\u00edn\u011b<\/td>\n<td style=\"padding: 12px 15px;border: 1px solid #e0e0e0\">Potravin\u00e1\u0159sk\u00fd PCTG (polycyklohexyl\u00e9ndimethylentereftal\u00e1tov\u00fd glykol)<\/td>\n<\/tr>\n<\/tbody>\n<\/table>\n<h3 style=\"color: #2980b9;margin-top: 30px\">Regula\u010dn\u00ed soulad a autorita<\/h3>\n<p>Jako renomovan\u00e1 entita v mezin\u00e1rodn\u00ed distribuci vap\u016f, VapeXYZ up\u0159ednost\u0148uje produkty, kter\u00e9 spl\u0148uj\u00ed p\u0159\u00edsn\u00e9 glob\u00e1ln\u00ed v\u00fdrobn\u00ed standardy. BANG BOX 20000 Puffs jednor\u00e1zov\u00fd vape je sestaven v nejmodern\u011bj\u0161\u00edch za\u0159\u00edzen\u00edch, kter\u00e1 maj\u00ed certifikaci ISO 9001, co\u017e zaji\u0161\u0165uje steriln\u00ed, prachov\u00e9 v\u00fdrobn\u00ed prost\u0159ed\u00ed a p\u0159\u00edsnou kontrolu kvality v ka\u017ed\u00e9 f\u00e1zi sestaven\u00ed. Krom\u011b toho jsou elektronick\u00e9 komponenty pln\u011b v souladu se sm\u011brnou RoHS (omezen\u00ed pou\u017e\u00edv\u00e1n\u00ed nebezpe\u010dn\u00fdch l\u00e1tek), co\u017e znamen\u00e1, \u017ee jsou bez \u0161kodliv\u00fdch t\u011b\u017ek\u00fdch kov\u016f, jako je olovo a kadmium. Za\u0159\u00edzen\u00ed tak\u00e9 nesou zna\u010dku CE, kter\u00e1 ozna\u010duje shodu se zdravotn\u00edmi, bezpe\u010dnostn\u00edmi a ekologick\u00fdmi standardy pro produkty prod\u00e1van\u00e9 v r\u00e1mci Evropsk\u00e9ho hospod\u00e1\u0159sk\u00e9ho prostoru, co\u017e na\u0161im maloobchodn\u00edm partner\u016fm poskytuje nejv\u011bt\u0161\u00ed d\u016fv\u011bru v bezpe\u010dnostn\u00ed profil produktu.<\/p>\n<h3 style=\"color: #2980b9;margin-top: 30px\">Komplexn\u00ed aromatick\u00e9 portfolio<\/h3>\n<p>Abychom uspokojili r\u016fznorod\u00e9 preference spot\u0159ebitel\u016f a m\u011bn\u00edc\u00ed se demografick\u00e9 po\u017eadavky, nab\u00edz\u00ed tato jednor\u00e1zov\u00e1 vape \u0159ada \u0161irokou \u0161k\u00e1lu jemn\u011b zpracovan\u00fdch senzorick\u00fdch profil\u016f. Na\u0161e formulace vyu\u017e\u00edvaj\u00ed pr\u00e9miov\u00e9 botanick\u00e9 extrakty a potravin\u00e1\u0159sk\u00e9 aromatick\u00e9 slou\u010deniny, aby poskytly konzistentn\u00ed a robustn\u00ed v\u00fdstup.<\/p>\n<ul style=\"list-style-type: square;margin-left: 20px;line-height: 1.8\">\n<li>Jahoda Kiwi: Harmonick\u00fd vyv\u00e1\u017een\u00fd pom\u011br sladk\u00fdch jahodov\u00fdch extrakt\u016f a \u010derstv\u00fdch, \u017eiv\u00fdch kiwi t\u00f3n\u016f.<\/li>\n<li>Kiwi, mu\u010denka a guava: Komplexn\u00ed tropick\u00e1 sm\u011bs kombinuj\u00edc\u00ed kysel\u00e9 kiwi, bohatou mu\u010denku a hlubok\u00e9 esence guavy.<\/li>\n<li>Jahoda Melon: Klasick\u00e1 botanick\u00e1 f\u00faze zral\u00e9ho jahodov\u00e9ho a k\u0159upav\u00e9ho melounov\u00e9ho profilu.<\/li>\n<li>Malina Meloun: Osv\u011b\u017euj\u00edc\u00ed kompozice s kyselou malinou propletenou s jemn\u00fdmi nuancemi melounu.<\/li>\n<li>Modr\u00e1 Bor\u016fvkov\u00e1 Kysel\u00e1 Malinov\u00e1 Led: Dynamick\u00e1 souhra sladk\u00e9 bor\u016fvky a kysel\u00e9 maliny, zakon\u010den\u00e1 chladiv\u00fdm mentolov\u00fdm pocitem.<\/li>\n<li>Melonov\u00fd led: Jednoduch\u00fd, chlazen\u00fd profil vodn\u00edho melonu navr\u017een\u00fd pro maxim\u00e1ln\u00ed osv\u011b\u017een\u00ed.<\/li>\n<li>Ban\u00e1nov\u00fd led: Kr\u00e9mov\u00e1, hladk\u00e1 ban\u00e1nov\u00e1 esence dopln\u011bn\u00e1 osv\u011b\u017euj\u00edc\u00edm mentholov\u00fdm v\u00e1nkem.<\/li>\n<li>Mango Peach: Slunn\u00e1 tropick\u00e1 kombinace spojuj\u00edc\u00ed bohat\u00e9 mango a jemn\u00e9 t\u00f3ny broskve.<\/li>\n<li>Modr\u00fd Razz Ice: \u017div\u00fd modr\u00fd formul\u00e1t maliny stabilizovan\u00fd ledov\u00fdm mentholov\u00fdm fini\u0161em.<\/li>\n<li>Pan Blue: Slo\u017eit\u00e1, propriet\u00e1rn\u00ed sm\u011bs r\u016fzn\u00fdch extrakt\u016f bobul\u00ed doprov\u00e1zen\u00e1 chladiv\u00fdm z\u00e1v\u011brem.<\/li>\n<li>Hroznov\u00e1 led: Hlubok\u00fd, robustn\u00ed profil hrozn\u016f spojen\u00fd s uklid\u0148uj\u00edc\u00edm, chladiv\u00fdm v\u00fddechem.<\/li>\n<li>Mango On Ice: \u010cist\u00e9, intenzivn\u00ed mango t\u00f3ny zv\u00fd\u0161en\u00e9 ostr\u00fdm, mraziv\u00fdm mentolov\u00fdm podkladem.<\/li>\n<\/ul>\n<div style=\"background: #eef7f9;border-left: 6px solid #2980b9;padding: 20px;margin: 30px 0;border-radius: 4px\">\n<h4 style=\"color: #2c3e50;margin-top: 0\">Pr\u016fmyslov\u00fd znalostn\u00ed bod: Termodynamika atomizace s\u00edt\u011b<\/h4>\n<p style=\"margin-bottom: 0\">V oblasti pokro\u010dil\u00fdch vaporiz\u00e9r\u016f p\u0159edstavuje p\u0159echod od tradi\u010dn\u00edch dr\u00e1tov\u00fdch c\u00edvek k perforovan\u00fdm kovov\u00fdm pletivov\u00fdm topn\u00fdm prvk\u016fm z\u00e1sadn\u00ed technick\u00fd pokrok. Pletivov\u00fd prvek vytv\u00e1\u0159\u00ed mikroskopickou m\u0159\u00ed\u017eku nad vnit\u0159n\u00edm materi\u00e1l pro s\u00e1n\u00ed. Kdy\u017e elektrick\u00fd proud z baterie proch\u00e1z\u00ed touto m\u0159\u00ed\u017ekou, rovnom\u011brn\u011b se zah\u0159\u00edv\u00e1 na v\u00fdrazn\u011b v\u011bt\u0161\u00ed plo\u0161e. Podle empirick\u00fdch termodynamick\u00fdch princip\u016f tato rovnom\u011brn\u00e1 distribuce tepla urychluje zm\u011bnu f\u00e1ze vnit\u0159n\u00edho roztoku na aerosol bez p\u0159ekro\u010den\u00ed specifick\u00e9 teploty degradace slou\u010denin. To vede k bezprecedentn\u00ed konzistenci v\u00fdstupu, prakticky eliminuje ho\u0159k\u00e9, oxidovan\u00e9 t\u00f3ny spojen\u00e9 se star\u0161\u00edmi generacemi jednor\u00e1zov\u00fdch vaporiz\u00e9r\u016f.<\/p>\n<\/div>\n<h3 style=\"color: #2980b9;margin-top: 30px\">Optimalizov\u00e1no pro maloobchodn\u00ed a velkoobchodn\u00ed operace<\/h3>\n<p>Pro majitele specializovan\u00fdch obchod\u016f a rozs\u00e1hl\u00fdch distribu\u010dn\u00edch s\u00edt\u00ed p\u0159edstavuje BANG BOX 20000 Puffs jednor\u00e1zov\u00e1 vape ide\u00e1ln\u00ed \u0159e\u0161en\u00ed pro z\u00e1soby. Zabalen\u00e9 ve velk\u00fdch mno\u017estv\u00edch s pe\u010dlivou pozornost\u00ed k bezpe\u010dnosti p\u0159epravy, tyto jednotky minimalizuj\u00ed re\u017eijn\u00ed n\u00e1klady a maximalizuj\u00ed stabilitu na polic\u00edch. V VapeXYZ ch\u00e1peme, \u017ee spolehlivost dodavatelsk\u00e9ho \u0159et\u011bzce je prvo\u0159ad\u00e1. Poskytujeme transparentn\u00ed logistick\u00e9 sledov\u00e1n\u00ed, zabezpe\u010den\u00e9 zpracov\u00e1n\u00ed transakc\u00ed a n\u00edzkou minim\u00e1ln\u00ed objedn\u00e1vkovou kvantitu pouze 10 kus\u016f, co\u017e umo\u017e\u0148uje v\u00fdjime\u010dn\u011b snadn\u00fd p\u0159\u00edstup pro podniky v\u0161ech velikost\u00ed k \u00faprav\u011b sv\u00fdch z\u00e1sob podle aktu\u00e1ln\u00edch po\u017eadavk\u016f trhu.<\/p>\n<p>Spoluprac\u00ed s ov\u011b\u0159en\u00fdm p\u016fvodn\u00edm tov\u00e1rn\u00edm distributorem obejdete p\u0159ir\u00e1\u017eky t\u0159et\u00edch stran, p\u0159\u00edmo zv\u00fd\u0161\u00edte sv\u00e9 mar\u017ee, a z\u00e1rove\u0148 zajist\u00edte, \u017ee va\u0161i z\u00e1kazn\u00edci obdr\u017e\u00ed autentick\u00e9, tov\u00e1rnou zape\u010det\u011bn\u00e9 produkty, kter\u00e9 funguj\u00ed p\u0159esn\u011b podle konstrukce.<\/p>\n<div style=\"border: 1px solid #dcdde1;border-radius: 8px;padding: 25px;background-color: #fcfcfc;margin: 30px 0\">\n<h3 style=\"color: #2c3e50;margin-top: 0;border-bottom: 1px solid #e0e0e0;padding-bottom: 10px\">Technick\u00e9 a velkoobchodn\u00ed FAQ<\/h3>\n<p>Ot\u00e1zka: Jak ovliv\u0148uje nab\u00edjen\u00ed typu C celkovou \u017eivotnost cyklu jednor\u00e1zov\u00e9 vape?<\/p>\n<p style=\"margin-bottom: 15px;margin-top: 5px\">A: Integrace portu Type-C umo\u017e\u0148uje stabilizovan\u00fd odb\u011br energie a \u00fa\u010dinnou regulaci nap\u011bt\u00ed. Tento modern\u00ed standard zabra\u0148uje mikro-v\u00fdbuch\u016fm, kter\u00e9 jsou b\u011b\u017en\u00e9 u star\u0161\u00edch form\u00e1t\u016f USB, co\u017e znamen\u00e1, \u017ee 850mAh polymerov\u00e1 bu\u0148ka si udr\u017euje a\u017e 90 % sv\u00e9 p\u016fvodn\u00ed kapacity dokonce i po mnoha cyklech dob\u00edjen\u00ed pot\u0159ebn\u00fdch k vy\u010derp\u00e1n\u00ed limitu 20 000 n\u00e1dech\u016f.<\/p>\n<p>Jak\u00e9 environment\u00e1ln\u00ed podm\u00ednky se doporu\u010duj\u00ed pro skladov\u00e1n\u00ed velk\u00fdch velkoobchodn\u00edch objedn\u00e1vek?<\/p>\n<p style=\"margin-bottom: 15px;margin-top: 5px\">Pro maxim\u00e1ln\u00ed stabilitu na sklad\u011b by m\u011bl b\u00fdt invent\u00e1\u0159 ulo\u017een v klimaticky kontrolovan\u00e9m prost\u0159ed\u00ed. Empiricky doporu\u010dujeme udr\u017eovat okoln\u00ed teplotu mezi 15 \u00b0C a 25 \u00b0C (59 \u00b0F \u2013 77 \u00b0F). Vyhn\u011bte se p\u0159\u00edm\u00e9mu ultrafialov\u00e9mu (UV) z\u00e1\u0159en\u00ed a vysok\u00e9 vlhkosti, abyste zachovali integritu vnit\u0159n\u00ed baterie a chemickou stabilitu botanick\u00fdch extrakt\u016f.<\/p>\n<p>Ot\u00e1zka: Existuj\u00ed specifick\u00e9 pokyny pro likvidaci vysoce kapacitn\u00edch vape za\u0159\u00edzen\u00ed?<\/p>\n<p style=\"margin-bottom: 15px;margin-top: 5px\">A: Ano. Proto\u017ee tento jednor\u00e1zov\u00fd vape obsahuje dob\u00edjec\u00ed lithium-iontovou baterii a vnit\u0159n\u00ed obvody, je v mnoha jurisdikc\u00edch klasifikov\u00e1n podle sm\u011brnice WEEE (odpady z elektrick\u00fdch a elektronick\u00fdch za\u0159\u00edzen\u00ed). D\u016frazn\u011b doporu\u010dujeme maloobchodn\u00edk\u016fm, aby zavedli programy recyklace bateri\u00ed nebo vzd\u011bl\u00e1vali kone\u010dn\u00e9 u\u017eivatele, aby vy\u0159azen\u00e9 jednotky odevzd\u00e1vali na ur\u010den\u00fdch za\u0159\u00edzen\u00edch pro recyklaci elektronick\u00e9ho odpadu, aby se zabr\u00e1nilo vniknut\u00ed t\u011b\u017ek\u00fdch kov\u016f na skl\u00e1dky.<\/p>\n<p>Ot\u00e1zka: Jak VapeXYZ ov\u011b\u0159uje pravost invent\u00e1\u0159e BANG BOX?<\/p>\n<p style=\"margin-top: 5px\">A: Jako autorizovan\u00fd distributor z\u00edsk\u00e1v\u00e1me ve\u0161ker\u00fd invent\u00e1\u0159 p\u0159\u00edmo z p\u016fvodn\u00edch v\u00fdrobn\u00edch za\u0159\u00edzen\u00ed. Ka\u017ed\u00e1 hlavn\u00ed krabice a jednotliv\u00e1 maloobchodn\u00ed krabice obsahuje tov\u00e1rn\u011b aplikovan\u00e9 kryptografick\u00e9 pe\u010det\u011b pravosti, kter\u00e9 lze ov\u011b\u0159it oproti centr\u00e1ln\u00ed datab\u00e1zi v\u00fdrobce, co\u017e zcela neutralizuje riziko vstupu pad\u011blan\u00fdch v\u00fdrobk\u016f do va\u0161\u00ed maloobchodn\u00ed \u0159et\u011bzce.<\/p>\n<\/div>\n<\/article>","protected":false},"excerpt":{"rendered":"<p>Za\u017eijte vrchol vapovac\u00ed spokojenosti s BANG BOX 20000 Puffs Vape od VapeXYZ, kter\u00fd nab\u00edz\u00ed vy\u0161\u0161\u00ed kvalitu, \u0159adu vapovac\u00edch sil a rozs\u00e1hl\u00fd v\u00fdb\u011br chut\u00ed, to v\u0161e vytvo\u0159eno pro bezkonkuren\u010dn\u00ed pohodl\u00ed a v\u00fdkon.<\/p>","protected":false},"featured_media":24064,"comment_status":"open","ping_status":"closed","template":"","meta":{"_lmt_disableupdate":"no","_lmt_disable":""},"product_brand":[],"product_cat":[821,1002,947,1019,1020,935,934,927,929,928,930,933,939,932,938,931,936,937,1017,946,1023,1024,1025,1026,951,1029,1031,1032,1033,953,1037,820,987,1038],"product_tag":[857],"class_list":{"0":"post-22807","1":"product","2":"type-product","3":"status-publish","4":"has-post-thumbnail","6":"product_cat-bang","7":"product_cat-20000-puff-vapes","8":"product_cat-big-puffs-vapes","9":"product_cat-blue-razz-flavor-disposable-vapes","10":"product_cat-blueberry-flavor-disposable-vapes","11":"product_cat-bulk-buy-disposable-vapes-in-austria","12":"product_cat-bulk-buy-disposable-vapes-in-belgium","13":"product_cat-bulk-buy-disposable-vapes-in-europe","14":"product_cat-bulk-buy-disposable-vapes-in-france","15":"product_cat-bulk-buy-disposable-vapes-in-germany","16":"product_cat-bulk-buy-disposable-vapes-in-italy","17":"product_cat-bulk-buy-disposable-vapes-in-netherlands","18":"product_cat-bulk-buy-disposable-vapes-in-norway","19":"product_cat-bulk-buy-disposable-vapes-in-poland","20":"product_cat-bulk-buy-disposable-vapes-in-portugal","21":"product_cat-bulk-buy-disposable-vapes-in-spain","22":"product_cat-bulk-buy-disposable-vapes-in-sweden","23":"product_cat-bulk-buy-disposable-vapes-in-switzerland","24":"product_cat-buy-best-disposable-vape-flavors","25":"product_cat-disposable-vapes-series","26":"product_cat-grape-flavor-disposable-vapes","27":"product_cat-guava-flavor-disposable-vapes","28":"product_cat-ice-flavor-disposable-vapes","29":"product_cat-kiwi-flavor-disposable-vapes","30":"product_cat-lower-nicotine-vapes","31":"product_cat-mango-flavor-disposable-vapes","32":"product_cat-mixed-berries-flavor-disposable-vapes","33":"product_cat-passion-fruit-flavor-disposable-vapes","34":"product_cat-peach-flavor-disposable-vapes","35":"product_cat-rechargeable-vapes","36":"product_cat-strawberry-flavor-disposable-vapes","37":"product_cat-vape","38":"product_cat-vape-shop-by-puffs","39":"product_cat-watermelon-flavor-disposable-vapes","40":"product_tag-best-selling-vape","42":"first","43":"instock","44":"shipping-taxable","45":"purchasable","46":"product-type-variable","47":"has-default-attributes"},"jetpack_sharing_enabled":true,"tiered_pricing_type":"fixed","tiered_pricing_fixed_rules":[],"tiered_pricing_product_settings":{"layout":"default","base_unit_name":{"singular":null,"plural":null},"default_variation":null},"tiered_pricing_minimum_quantity":null,"tiered_pricing_roles_data":[],"tiered_pricing_percentage_rules":[],"tiered_pricing_maximum_quantity":null,"tiered_pricing_quantity_step":null,"_links":{"self":[{"href":"https:\/\/vapexyz.com\/cs\/wp-json\/wp\/v2\/product\/22807","targetHints":{"allow":["GET"]}}],"collection":[{"href":"https:\/\/vapexyz.com\/cs\/wp-json\/wp\/v2\/product"}],"about":[{"href":"https:\/\/vapexyz.com\/cs\/wp-json\/wp\/v2\/types\/product"}],"replies":[{"embeddable":true,"href":"https:\/\/vapexyz.com\/cs\/wp-json\/wp\/v2\/comments?post=22807"}],"wp:featuredmedia":[{"embeddable":true,"href":"https:\/\/vapexyz.com\/cs\/wp-json\/wp\/v2\/media\/24064"}],"wp:attachment":[{"href":"https:\/\/vapexyz.com\/cs\/wp-json\/wp\/v2\/media?parent=22807"}],"wp:term":[{"taxonomy":"product_brand","embeddable":true,"href":"https:\/\/vapexyz.com\/cs\/wp-json\/wp\/v2\/product_brand?post=22807"},{"taxonomy":"product_cat","embeddable":true,"href":"https:\/\/vapexyz.com\/cs\/wp-json\/wp\/v2\/product_cat?post=22807"},{"taxonomy":"product_tag","embeddable":true,"href":"https:\/\/vapexyz.com\/cs\/wp-json\/wp\/v2\/product_tag?post=22807"}],"curies":[{"name":"wp","href":"https:\/\/api.w.org\/{rel}","templated":true}]}}