{"id":20890,"date":"2024-04-07T08:01:18","date_gmt":"2024-04-07T08:01:18","guid":{"rendered":"https:\/\/vapexyz.com\/?post_type=product&#038;p=20890"},"modified":"2026-04-03T10:17:49","modified_gmt":"2026-04-03T10:17:49","slug":"vopk-cool-bar-9000-sluku-0-2-3-5-nikotinovy-jednorazovy-vape-velkoobchod","status":"publish","type":"product","link":"https:\/\/vapexyz.com\/cs\/product\/vopk-cool-bar-9000-puffs-0-2-3-5-nicotine-disposable-vape-wholesale\/","title":{"rendered":"VOPK COOL BAR-9000 Puffs Jednor\u00e1zov\u00e1 Vape Velkoobchod"},"content":{"rendered":"<article style=\"background-color: #ffffff;color: #333333;font-family: 'Segoe UI', Roboto, Helvetica, Arial, sans-serif;line-height: 1.8;padding: 40px;border-radius: 12px;max-width: 100%;margin: 0 auto;border: 1px solid #eaeaea\">\n<div style=\"text-align: center;margin-bottom: 40px\">\n<h2 style=\"color: #2c3e50;font-size: 32px;font-weight: 800;border-bottom: 3px solid #3498db;padding-bottom: 10px;margin-bottom: 20px\">VOPK COOL BAR-9000 PUFFS: In\u017een\u00fdrsk\u00e1 dokonalost v pr\u016fmyslu jednor\u00e1zov\u00fdch vaporiz\u00e9r\u016f<\/h2>\n<p style=\"font-size: 18px;color: #555555;max-width: 800px;margin: 0 auto\">Objevte spojen\u00ed p\u0159\u00edsn\u00e9ho in\u017een\u00fdrstv\u00ed, empirick\u00e9ho v\u00fdkonu a komer\u010dn\u00ed spolehlivosti s VOPK COOL BAR-9000 PUFFS. Navr\u017eeno pro optim\u00e1ln\u00ed spokojenost, toto za\u0159\u00edzen\u00ed p\u0159edstavuje monument\u00e1ln\u00ed skok v hardwarov\u00fdch schopnostech a u\u017eivatelsk\u00e9m z\u00e1\u017eitku.<\/p>\n<\/div>\n<p style=\"font-size: 16px;margin-bottom: 25px;text-align: justify\">V\u00edtejte na vrcholu modern\u00ed technologie vaporizace. Jak se glob\u00e1ln\u00ed trh s rekrea\u010dn\u00edmi spot\u0159ebn\u00edmi elektronikami pro dosp\u011bl\u00e9 vyv\u00edj\u00ed, popt\u00e1vka po vysoce kapacitn\u00edch a spolehliv\u00fdch za\u0159\u00edzen\u00edch prudce vzrostla. Vych\u00e1zej\u00edce z v\u00edce ne\u017e osmi let neparaleln\u00edch zku\u0161enost\u00ed v pr\u016fmyslu, VapeXYZ stoj\u00ed jako v\u00e1\u0161 pr\u00e9miov\u00fd velkoobchodn\u00ed distributor. Na\u0161e provozn\u00ed autorita je postavena na pe\u010dliv\u00e9m v\u00fdb\u011bru v\u00fdrobc\u016f a dod\u00e1v\u00e1n\u00ed \u0161pi\u010dkov\u00fdch zna\u010dek jako BANG BOX, WASPE, UWIN, BIMO, RandM, BANG, VOZOL, Elf Box a MYDE na\u0161\u00ed glob\u00e1ln\u00ed klientel\u011b. Dnes rozeb\u00edr\u00e1me technickou brilianci a provozn\u00ed superioritu jednoho z na\u0161ich vlajkov\u00fdch produkt\u016f: VOPK COOL BAR-9000 PUFFS. Jako profesion\u00e1ln\u00ed distributor jednor\u00e1zov\u00fdch vap\u016f zaji\u0161\u0165ujeme, \u017ee ka\u017ed\u00e1 jednotka spl\u0148uje p\u0159\u00edsn\u00e9 protokoly zaji\u0161t\u011bn\u00ed kvality, co\u017e upev\u0148uje na\u0161i pozici jako d\u016fv\u011bryhodn\u00e9ho centra pro v\u0161echny va\u0161e pot\u0159eby jednor\u00e1zov\u00fdch vap\u016f.<\/p>\n<h3 style=\"color: #2980b9;font-size: 24px;margin-top: 40px;margin-bottom: 20px;border-left: 5px solid #2980b9;padding-left: 15px\">Odbornost: Technick\u00e9 specifikace a hardwarov\u00e1 architektura<\/h3>\n<p style=\"font-size: 16px;margin-bottom: 25px;text-align: justify\">Pod elegantn\u00edm exteri\u00e9rem VOPK COOL BAR-9000 PUFFS se skr\u00fdv\u00e1 sofistikovan\u00e1 matice elektronick\u00fdch komponent\u016f, kter\u00e9 jsou navr\u017eeny tak, aby poskytovaly trvalou, vysoce v\u011brnou produkci p\u00e1ry. Na rozd\u00edl od konven\u010dn\u00edch syst\u00e9m\u016f pro za\u010d\u00e1te\u010dn\u00edky toto za\u0159\u00edzen\u00ed vyu\u017e\u00edv\u00e1 pokro\u010dil\u00e9 konstruk\u010dn\u00ed in\u017een\u00fdrstv\u00ed. Vn\u011bj\u0161\u00ed \u0161asi je vyrobeno pomoc\u00ed vysokohustotn\u00ed polykarbon\u00e1tov\u00e9 sko\u0159epiny, kter\u00e1 je dokon\u010dena pr\u016fmyslov\u00fdm kau\u010dukov\u00fdm n\u00e1t\u011brem a p\u0159esn\u00fdm UV tiskem. Toto dvojvrstvov\u00e9 povrchov\u00e9 o\u0161et\u0159en\u00ed poskytuje nejen vysoce hmatn\u00fd, ergonomick\u00fd \u00fachop, ale tak\u00e9 zaji\u0161\u0165uje vynikaj\u00edc\u00ed odolnost proti od\u011bru, tepeln\u00e9 degradaci a n\u00e1razov\u00fdm sil\u00e1m.<\/p>\n<p style=\"font-size: 16px;margin-bottom: 25px;text-align: justify\">V srdci jeho termodynamick\u00e9ho v\u00fdkonu je propriet\u00e1rn\u00ed topn\u00fd prvek s m\u0159\u00ed\u017ekou 1,0 ohm\u016f. M\u0159\u00ed\u017ekov\u00e1 architektura exponenci\u00e1ln\u011b zvy\u0161uje povrchovou plochu v kontaktu s vnit\u0159n\u00edm podkladem pro odv\u00e1d\u011bn\u00ed kapaliny. Tento design umo\u017e\u0148uje rychl\u00e9 a rovnom\u011brn\u00e9 rozlo\u017een\u00ed tepla, v\u00fdrazn\u011b sni\u017euje riziko lokalizovan\u00e9ho p\u0159eh\u0159\u00edv\u00e1n\u00ed a zabra\u0148uje jevu such\u00e9ho z\u00e1sahu. Nap\u00e1jen\u00ed tohoto syst\u00e9mu zaji\u0161\u0165uje vysoce \u00fa\u010dinn\u00e1 lithium-iontov\u00e1 bu\u0148ka 18250 s robustn\u00ed kapacitou 600mAh. Pro \u0159\u00edzen\u00ed p\u0159\u00edkonu energie za\u0159\u00edzen\u00ed obsahuje integovan\u00e9 rozhran\u00ed pro nab\u00edjen\u00ed typu C s vestav\u011bn\u00fdmi obvody ochrany proti p\u0159ep\u011bt\u00ed a nadm\u011brn\u00e9mu proudu, co\u017e zaji\u0161\u0165uje rychl\u00e9 dopln\u011bn\u00ed energie p\u0159i zachov\u00e1n\u00ed p\u0159\u00edsn\u00fdch bezpe\u010dnostn\u00edch toleranc\u00ed.<\/p>\n<table style=\"width: 100%;border-collapse: collapse;margin: 35px 0;font-size: 16px;border-radius: 10px;overflow: hidden;background-color: #fcfcfc\">\n<thead>\n<tr style=\"background-color: #2c3e50;color: #ffffff;text-align: left\">\n<th style=\"padding: 18px 20px;font-weight: bold;border-bottom: 2px solid #1a252f\">Technick\u00e1 sou\u010d\u00e1st<\/th>\n<th style=\"padding: 18px 20px;font-weight: bold;border-bottom: 2px solid #1a252f\">In\u017een\u00fdrsk\u00e1 specifikace a validace<\/th>\n<\/tr>\n<\/thead>\n<tbody>\n<tr style=\"border-bottom: 1px solid #e0e0e0\">\n<td style=\"padding: 15px 20px;font-weight: 600;color: #34495e\">Materi\u00e1l podvozku<\/td>\n<td style=\"padding: 15px 20px;color: #555\">Pr\u016fmyslov\u00fd polykarbon\u00e1t s pogumovan\u00fdm povrchem a UV tiskem pro vyle\u0161enou tepelnou izolaci.<\/td>\n<\/tr>\n<tr style=\"border-bottom: 1px solid #e0e0e0;background-color: #f9fbfd\">\n<td style=\"padding: 15px 20px;font-weight: 600;color: #34495e\">Topn\u00e9 t\u011bleso<\/td>\n<td style=\"padding: 15px 20px;color: #555\">1,0 ohmov\u00fd prvek m\u0159\u00ed\u017eky. Ov\u011b\u0159eno pro optim\u00e1ln\u00ed termodynamickou \u00fa\u010dinnost a rychl\u00e9 vypa\u0159ov\u00e1n\u00ed.<\/td>\n<\/tr>\n<tr style=\"border-bottom: 1px solid #e0e0e0\">\n<td style=\"padding: 15px 20px;font-weight: 600;color: #34495e\">Kapacita n\u00e1dr\u017ee<\/td>\n<td style=\"padding: 15px 20px;color: #555\">15ml vnit\u0159n\u00ed \u00falo\u017ei\u0161t\u011b. Navr\u017eeno pro dlouhodob\u00e9 pou\u017eit\u00ed bez struktur\u00e1ln\u00ed net\u011bsnosti.<\/td>\n<\/tr>\n<tr style=\"border-bottom: 1px solid #e0e0e0;background-color: #f9fbfd\">\n<td style=\"padding: 15px 20px;font-weight: 600;color: #34495e\">Zdroj nap\u00e1jen\u00ed<\/td>\n<td style=\"padding: 15px 20px;color: #555\">Model 18250 Lithium-Ion baterie (600mAh). Cyklicky testov\u00e1na pro udr\u017een\u00ed v\u00fdstupu po del\u0161\u00ed obdob\u00ed.<\/td>\n<\/tr>\n<tr style=\"border-bottom: 1px solid #e0e0e0\">\n<td style=\"padding: 15px 20px;font-weight: 600;color: #34495e\">Mechanika proud\u011bn\u00ed vzduchu<\/td>\n<td style=\"padding: 15px 20px;color: #555\">Nastaviteln\u00fd pneumatick\u00fd vstup. Umo\u017e\u0148uje kalibrovanou \u00fapravu odolnosti proti tahu.<\/td>\n<\/tr>\n<tr style=\"background-color: #f9fbfd\">\n<td style=\"padding: 15px 20px;font-weight: 600;color: #34495e\">Nab\u00edjec\u00ed rozhran\u00ed<\/td>\n<td style=\"padding: 15px 20px;color: #555\">Port Type-C. Zahrnuje standardn\u00ed ochrany IC proti p\u0159eh\u0159\u00e1t\u00ed a p\u0159ebit\u00ed.<\/td>\n<\/tr>\n<\/tbody>\n<\/table>\n<h3 style=\"color: #2980b9;font-size: 24px;margin-top: 40px;margin-bottom: 20px;border-left: 5px solid #2980b9;padding-left: 15px\">Empirick\u00fd: Protokoly testov\u00e1n\u00ed v\u00fdkonu a m\u011b\u0159en\u00ed<\/h3>\n<p style=\"font-size: 16px;margin-bottom: 25px;text-align: justify\">Tvrzen\u00ed \u201c9000 n\u00e1dech\u016f\u201d nejsou libovoln\u00e1; jsou v\u00fdsledkem rigor\u00f3zn\u00edch empirick\u00fdch metod testov\u00e1n\u00ed. V kontrolovan\u00fdch laboratorn\u00edch podm\u00ednk\u00e1ch automatick\u00e9 pneumatick\u00e9 stroje pro simulaci n\u00e1dech\u016f napodobuj\u00ed lidsk\u00e9 vzory vdechov\u00e1n\u00ed. Standardizovan\u00e9 parametry - obvykle trv\u00e1n\u00ed tahu 1,5 a\u017e 2,0 sekundy s konkr\u00e9tn\u00edm posunut\u00edm krychlov\u00e9ho centimetru - se pou\u017e\u00edvaj\u00ed k m\u011b\u0159en\u00ed deple\u010dn\u00ed k\u0159ivky 15ml vnit\u0159n\u00ed n\u00e1dr\u017ee.<\/p>\n<p style=\"font-size: 16px;margin-bottom: 25px;text-align: justify\">Krom\u011b toho byl nastaviteln\u00e9 ventil pr\u016ftoku vzduchu podroben anal\u00fdze poklesu tlaku pomoc\u00ed digit\u00e1ln\u00edch manometr\u016f. Tento test zaji\u0161\u0165uje, \u017ee u\u017eivatel\u00e9 za\u017e\u00edvaj\u00ed m\u011b\u0159itelnou a konzistentn\u00ed zm\u011bnu odporu p\u0159i tahu p\u0159i ovl\u00e1d\u00e1n\u00ed ovlada\u010de pr\u016ftoku vzduchu, plynule p\u0159ech\u00e1zej\u00edc\u00ed z omezen\u00e9ho tahu z \u00fast do plic (MTL) na voln\u011bj\u0161\u00ed p\u0159\u00edm\u00fd tah do plic (DTL). Termovizn\u00ed kamery jsou tak\u00e9 nasazeny b\u011bhem f\u00e1ze kontroly kvality, aby ov\u011b\u0159ily, \u017ee 1,0ohmov\u00fd mesh prvek rovnom\u011brn\u011b rozptyluje teplo, co\u017e zaji\u0161\u0165uje, \u017ee vn\u011bj\u0161\u00ed pouzdro z\u016fst\u00e1v\u00e1 p\u0159i vysokofrekven\u010dn\u00edm pou\u017e\u00edv\u00e1n\u00ed p\u0159\u00edjemnou teplotou. Takov\u00e9 empirick\u00e9 ov\u011b\u0159en\u00ed poskytuje objektivn\u00ed d\u016fv\u011bru v mo\u017enosti hardwaru.<\/p>\n<div style=\"text-align: center;margin: 45px 0;background-color: #f8f9fa;padding: 20px;border-radius: 12px;border: 1px solid #e1e8ed\">\n<p style=\"font-size: 14px;color: #7f8c8d;margin-bottom: 15px;text-transform: uppercase;letter-spacing: 1px;font-weight: bold\">Vizu\u00e1ln\u00ed demonstrace VOPK COOL BAR-9000 PUFFS<\/p>\n<\/div>\n<h3 style=\"color: #2980b9;font-size: 24px;margin-top: 40px;margin-bottom: 20px;border-left: 5px solid #2980b9;padding-left: 15px\">D\u016fv\u011bra: Regula\u010dn\u00ed soulad a integrita trhu<\/h3>\n<p style=\"font-size: 16px;margin-bottom: 25px;text-align: justify\">V pr\u016fmyslu \u010dasto zahalen\u00e9m propaga\u010dn\u00ed r\u00e9torikou up\u0159ednost\u0148uje VapeXYZ ov\u011b\u0159itelnou d\u016fv\u011bru a struktur\u00e1ln\u00ed integritu. VOPK COOL BAR-9000 PUFFS je vyr\u00e1b\u011bn v za\u0159\u00edzen\u00edch, kter\u00e1 se \u0159\u00edd\u00ed p\u0159\u00edsn\u00fdmi ISO-certifikovan\u00fdmi standardy \u0159\u00edzen\u00ed kvality. Elektronick\u00e9 vnit\u0159n\u00ed komponenty jsou navr\u017eeny tak, aby spl\u0148ovaly sm\u011brnice CE a RoHS (omezen\u00ed pou\u017e\u00edv\u00e1n\u00ed nebezpe\u010dn\u00fdch l\u00e1tek), co\u017e zaji\u0161\u0165uje, \u017ee v obvodech nejsou pou\u017eity \u017e\u00e1dn\u00e9 toxick\u00e9 t\u011b\u017ek\u00e9 kovy.<\/p>\n<p style=\"font-size: 16px;margin-bottom: 25px;text-align: justify\">Krom\u011b toho jsou \u00fastn\u00ed \u010d\u00e1st a vnit\u0159n\u00ed syst\u00e9my zadr\u017eov\u00e1n\u00ed vyrobeny z plast\u016f PCTG vhodn\u00fdch pro potraviny, co\u017e sni\u017euje riziko chemick\u00e9ho vyluhov\u00e1n\u00ed do vypa\u0159ovan\u00e9ho v\u00fdstupu. P\u0159i \u0159e\u0161en\u00ed ekologick\u00fdch povinnost\u00ed d\u016frazn\u011b prosazujeme \u0159\u00e1dn\u00e9 recyklov\u00e1n\u00ed lithium-iontov\u00fdch syst\u00e9m\u016f. U\u017eivatel\u00e9 jsou vyz\u00fdv\u00e1ni, aby vyu\u017eili ur\u010den\u00e1 za\u0159\u00edzen\u00ed pro elektronick\u00fd odpad po vy\u010derp\u00e1n\u00ed za\u0159\u00edzen\u00ed, co\u017e zaji\u0161\u0165uje zpracov\u00e1n\u00ed baterie 18250 v souladu s m\u00edstn\u00edmi ekologick\u00fdmi p\u0159edpisy.<\/p>\n<h3 style=\"color: #2980b9;font-size: 24px;margin-top: 40px;margin-bottom: 20px;border-left: 5px solid #2980b9;padding-left: 15px\">Aromatick\u00e9 profily: In\u017een\u00fdrsky vytvo\u0159en\u00fd senzorick\u00fd z\u00e1\u017eitek<\/h3>\n<p style=\"font-size: 16px;margin-bottom: 25px;text-align: justify\">\u0158ada VOPK se vyzna\u010duje vysoce rafinovan\u00fdm v\u00fdb\u011brem 10 aromatick\u00fdch profil\u016f. Ka\u017ed\u00e1 variace je syntetizov\u00e1na pomoc\u00ed pr\u00e9miov\u00fdch, potravin\u00e1\u0159sky bezpe\u010dn\u00fdch aromatick\u00fdch slou\u010denin, kter\u00e9 jsou d\u016fkladn\u011b vyv\u00e1\u017eeny tak, aby poskytovaly konzistentn\u00ed senzorick\u00fd v\u00fdstup od prvn\u00ed aktivace po 9 000.<\/p>\n<ul style=\"list-style-type: none;padding: 0;margin: 0 0 30px 0\">\n<li style=\"background: #fdfefe;border: 1px solid #ebedef;margin-bottom: 10px;padding: 15px 20px;border-radius: 8px;align-items: flex-start\">1.Peach\u00a0ice\u00a0 2.Doublemint\u00a0 3.Triple\u00a0melon\u00a0ice 4.Sparkling\u00a0Lemon\u00a0 5.Grape\u00a0Lychee\u00a0 6.Mango\u00a0ice 7.Grape\u00a0Aloe\u00a0 8.Blueberry\u00a0ice 9.Cola\u00a0ice\u00a0 10.Orange\u00a0Sour\u00a0 11.Mixberry\u00a0 12.Red\u00a0bull\u00a0ice\u00a0 13.Strawberry\u00a0Watermelon 14.Strawberry\u00a0ice\u00a0 15.Watermelon\u00a0ice<\/li>\n<\/ul>\n<h3 style=\"color: #2980b9;font-size: 24px;margin-top: 40px;margin-bottom: 20px;border-left: 5px solid #2980b9;padding-left: 15px\">Autorita: Velkoobchodn\u00ed distribuce a komer\u010dn\u00ed \u017eivotaschopnost<\/h3>\n<p style=\"font-size: 16px;margin-bottom: 25px;text-align: justify\">VapeXYZ je uzn\u00e1v\u00e1n po cel\u00e9m glob\u00e1ln\u00edm \u0159et\u011bzci dod\u00e1vek a poskytuje bezkonkuren\u010dn\u00ed p\u0159\u00edstup k pr\u00e9miov\u00fdm jednor\u00e1zov\u00fdm vap\u016fm. S\u00e9rie VOPK je ide\u00e1ln\u00edm kandid\u00e1tem pro komer\u010dn\u00ed \u0161k\u00e1lov\u00e1n\u00ed. Nab\u00eddkou p\u0159izp\u016fsobiteln\u00fdch \u00farovn\u00ed s\u00edly (0%, 2%, 3%, 5%) mohou maloobchodn\u00edci uspokojit vysoce segmentovanou demografickou skupinu, od jedinc\u016f hledaj\u00edc\u00edch alternativy s nulovou pevnost\u00ed a\u017e po ty, kte\u0159\u00ed vy\u017eaduj\u00ed standardn\u00ed pr\u016fmyslov\u00e9 koncentrace.<\/p>\n<p style=\"font-size: 16px;margin-bottom: 25px;text-align: justify\">Na\u0161e logistick\u00e1 infrastruktura umo\u017e\u0148uje neuv\u011b\u0159iteln\u011b n\u00edzk\u00e9 Minim\u00e1ln\u00ed Mno\u017estv\u00ed Objedn\u00e1vky (MOQ) pouh\u00fdch 10 kus\u016f. To demokratizuje p\u0159\u00edstup k velkoobchodn\u00edm cen\u00e1m a umo\u017e\u0148uje jak butik\u016fm s jednor\u00e1zov\u00fdmi vape produkty, tak velk\u00fdm podnik\u016fm-distributor\u016fm profitovat z na\u0161eho robustn\u00edho dodavatelsk\u00e9ho \u0159et\u011bzce. S osv\u011bd\u010den\u00fdm track recordem trvaj\u00edc\u00edm t\u00e9m\u011b\u0159 deset let n\u00e1\u0161 v\u00fdb\u011brov\u00fd proces zaji\u0161\u0165uje, \u017ee obdr\u017e\u00edte pouze autentick\u00e9, tov\u00e1rnou zape\u010det\u011bn\u00e9 jednotky spl\u0148uj\u00edc\u00ed nejvy\u0161\u0161\u00ed mezin\u00e1rodn\u00ed obchodn\u00ed standardy.<\/p>\n<\/article>\n<article style=\"background-color: #ffffff;color: #333333;font-family: 'Segoe UI', Roboto, Helvetica, Arial, sans-serif;line-height: 1.8;padding: 40px;border-radius: 12px;max-width: 100%;margin: 0 auto;border: 1px solid #eaeaea\">\n<div style=\"background-color: #f4f8fb;border-left: 6px solid #e67e22;padding: 25px;margin: 40px 0;border-radius: 0 10px 10px 0\">\n<h3 style=\"margin-top: 0;color: #d35400;font-size: 22px;font-weight: bold\">Z\u00e1kladn\u00ed technick\u00e9 znalosti<\/h3>\n<ul style=\"margin-bottom: 0;padding-left: 20px;color: #444;font-size: 16px\">\n<li style=\"margin-bottom: 12px\">Termodynamick\u00e1 \u00fa\u010dinnost: Syst\u00e9m s 1,0 ohmovou s\u00ed\u0165kou poskytuje vynikaj\u00edc\u00ed povrchovou plochu, kter\u00e1 umo\u017e\u0148uje vysoce \u00fa\u010dinn\u00e9 vypa\u0159ov\u00e1n\u00ed p\u0159i ni\u017e\u0161\u00edch provozn\u00edch teplot\u00e1ch, co\u017e prodlu\u017euje \u017eivotnost vnit\u0159n\u00edch sou\u010d\u00e1st\u00ed.<\/li>\n<li style=\"margin-bottom: 12px\">Pneumatick\u00e9 ovl\u00e1d\u00e1n\u00ed: Mechanick\u00e9 nastaviteln\u00e9 rozhran\u00ed pro pr\u016ftok vzduchu umo\u017e\u0148uje u\u017eivatel\u016fm definitivn\u011b ovl\u00e1dat pom\u011br vzduchu k p\u00e1\u0159e, co\u017e ovliv\u0148uje hustotu a teplotu tahu.<\/li>\n<li style=\"margin-bottom: 12px\">Spr\u00e1va nap\u00e1jen\u00ed: Za\u0159azen\u00ed modelu \u010dl\u00e1nku 18250 ve spojen\u00ed s ovlada\u010dem typu C zaji\u0161\u0165uje bezpe\u010dn\u00e9 a stabiln\u00ed rychlosti vyb\u00edjen\u00ed b\u011bhem cel\u00e9ho \u017eivotn\u00edho cyklu za\u0159\u00edzen\u00ed.<\/li>\n<li style=\"margin-bottom: 0\">Bezpe\u010dnost materi\u00e1lu: Implementace potravin\u00e1\u0159sk\u00e9ho PCTG a elektroniky bez t\u011b\u017ek\u00fdch kov\u016f podtrhuje dodr\u017eov\u00e1n\u00ed glob\u00e1ln\u00edch standard\u016f bezpe\u010dnosti spot\u0159ebn\u00ed elektroniky.<\/li>\n<\/ul>\n<\/div>\n<div style=\"background-color: #ffffff;padding: 30px;border-radius: 10px;margin: 40px 0;border: 1px solid #dcdde1\">\n<h3 style=\"color: #2c3e50;font-size: 24px;border-bottom: 2px solid #bdc3c7;padding-bottom: 12px;margin-top: 0\">Empirick\u00e9 a souladov\u00e9 \u010dasto kladen\u00e9 ot\u00e1zky<\/h3>\n<div style=\"margin-top: 20px\">\n<h4 style=\"color: #2980b9;font-size: 18px;margin-bottom: 8px\">Jak je po\u010det 9000 v\u00fddech\u016f empiricky ov\u011b\u0159en?<\/h4>\n<p style=\"color: #555;font-size: 16px;margin-top: 0;margin-bottom: 20px;line-height: 1.6\">Kapacita je ov\u011b\u0159ena pomoc\u00ed automatizovan\u00e9ho strojn\u00edho za\u0159\u00edzen\u00ed pro simulaci n\u00e1dechu, kalibrovan\u00e9ho na standardn\u00ed parametry lidsk\u00e9ho vdechnut\u00ed (typicky 1,5 a\u017e 2,0 sekundov\u00e9 tahy). M\u011b\u0159\u00ed p\u0159esn\u00e9 vy\u010derp\u00e1n\u00ed 15ml vnit\u0159n\u00ed n\u00e1dr\u017ee, \u010d\u00edm\u017e zaji\u0161\u0165uje, \u017ee objemov\u00fd v\u00fdstup odpov\u00edd\u00e1 konstruk\u010dn\u00edm specifikac\u00edm.<\/p>\n<\/div>\n<div>\n<h4 style=\"color: #2980b9;font-size: 18px;margin-bottom: 8px\">Ovliv\u0148uje funkce nastaviteln\u00e9ho pr\u016ftoku vzduchu termodynamick\u00fd v\u00fdkon?<\/h4>\n<p style=\"color: #555;font-size: 16px;margin-top: 0;margin-bottom: 20px;line-height: 1.6\">Ano. Omezen\u00edm pneumatick\u00e9ho vstupu se pom\u011br vzduchu k p\u00e1\u0159e sni\u017euje, co\u017e vede k hust\u0161\u00edmu, teplej\u0161\u00edmu tahu. Otev\u0159en\u00ed pr\u016ftoku vzduchu zvy\u0161uje objem okoln\u00edho vzduchu chlad\u00edc\u00edho s\u00ed\u0165ov\u00fd prvek, co\u017e vede k chladn\u011bj\u0161\u00ed, objemn\u011bj\u0161\u00ed produkci mraku.<\/p>\n<\/div>\n<div>\n<h4 style=\"color: #2980b9;font-size: 18px;margin-bottom: 8px\">Jak\u00e9 kroky zaji\u0161\u0165uj\u00edc\u00ed kvalitu prov\u00e1d\u00ed VapeXYZ pro velkoobchodn\u00ed objedn\u00e1vky?<\/h4>\n<p style=\"color: #555;font-size: 16px;margin-top: 0;margin-bottom: 20px;line-height: 1.6\">Vych\u00e1zej\u00edce z 8 let zku\u0161enost\u00ed s distribuc\u00ed, VapeXYZ uplat\u0148uje p\u0159\u00edsn\u00e9 protokoly pro testov\u00e1n\u00ed \u0161ar\u017e\u00ed. Ov\u011b\u0159ujeme soulad s normami, zaji\u0161\u0165ujeme bezpe\u010dnou logistiku dodavatelsk\u00e9ho \u0159et\u011bzce a garantujeme, \u017ee v\u0161echny dodan\u00e9 jednor\u00e1zov\u00e9 vapery si zachov\u00e1vaj\u00ed integritu tov\u00e1rn\u00edho ut\u011bsn\u011bn\u00ed, \u010d\u00edm\u017e eliminujeme riziko distribuce pad\u011blk\u016f.<\/p>\n<\/div>\n<div>\n<h4 style=\"color: #2980b9;font-size: 18px;margin-bottom: 8px\">Jsou vnit\u0159n\u00ed sou\u010d\u00e1sti v souladu s normami bezpe\u010dnosti pro spot\u0159ebitele?<\/h4>\n<p style=\"color: #555;font-size: 16px;margin-top: 0;margin-bottom: 0;line-height: 1.6\">Absolutn\u011b. Intern\u00ed elektronika je navr\u017eena v souladu se standardn\u00edmi direktivami CE a RoHS, aby zabr\u00e1nila expozici t\u011b\u017ek\u00fdm kov\u016fm, zat\u00edmco prim\u00e1rn\u00ed \u0161asi a n\u00e1ustek vyu\u017e\u00edvaj\u00ed tepeln\u011b odoln\u00e9, potravin\u00e1\u0159sk\u00e9 materi\u00e1ly, aby se zabr\u00e1nilo tepeln\u00e9 degradaci.<\/p>\n<\/div>\n<\/div>\n<\/article>","protected":false},"excerpt":{"rendered":"<p><strong>\ud83d\udc4b<\/strong>VOPK COOL BAR-9000 Puffs je mo\u017en\u00e9 zakoupit jako a<strong> <span style=\"color: #ed1c24\">Vzorkov\u00e1 krabice (1 krabice obsahuj\u00edc\u00ed v\u0161ech 10 r\u016fzn\u00fdch chut\u00ed).<\/span><\/strong><\/p>\n<p>Dop\u0159ejte si pr\u00e9miov\u00fd z\u00e1\u017eitek z vapov\u00e1n\u00ed s na\u0161\u00edm VOPK COOL BAR-9000 PUFFS 0% 2% 3% 5% Strength Disposable Vape pro velkoobchodn\u00ed prodej, navr\u017een\u00fdm pro maxim\u00e1ln\u00ed spokojenost s dlouhotrvaj\u00edc\u00ed bateri\u00ed, v\u00fdjime\u010dn\u00fdmi mo\u017enostmi chuti a elegantn\u00edm, odoln\u00fdm designem.<\/p>","protected":false},"featured_media":34296,"comment_status":"open","ping_status":"closed","template":"","meta":{"_lmt_disableupdate":"no","_lmt_disable":""},"product_brand":[],"product_cat":[853,1009,935,934,927,929,928,930,933,939,932,938,931,936,937,1017,1022,1092,946,1023,1025,1027,951,1030,1031,1033,1036,820,987,1038],"product_tag":[858],"class_list":{"0":"post-20890","1":"product","2":"type-product","3":"status-publish","4":"has-post-thumbnail","6":"product_cat-vopk","7":"product_cat-9000-puff-vapes","8":"product_cat-bulk-buy-disposable-vapes-in-austria","9":"product_cat-bulk-buy-disposable-vapes-in-belgium","10":"product_cat-bulk-buy-disposable-vapes-in-europe","11":"product_cat-bulk-buy-disposable-vapes-in-france","12":"product_cat-bulk-buy-disposable-vapes-in-germany","13":"product_cat-bulk-buy-disposable-vapes-in-italy","14":"product_cat-bulk-buy-disposable-vapes-in-netherlands","15":"product_cat-bulk-buy-disposable-vapes-in-norway","16":"product_cat-bulk-buy-disposable-vapes-in-poland","17":"product_cat-bulk-buy-disposable-vapes-in-portugal","18":"product_cat-bulk-buy-disposable-vapes-in-spain","19":"product_cat-bulk-buy-disposable-vapes-in-sweden","20":"product_cat-bulk-buy-disposable-vapes-in-switzerland","21":"product_cat-buy-best-disposable-vape-flavors","22":"product_cat-cola-flavor-disposable-vapes","23":"product_cat-disposable-vape-variety-pack","24":"product_cat-disposable-vapes-series","25":"product_cat-grape-flavor-disposable-vapes","26":"product_cat-ice-flavor-disposable-vapes","27":"product_cat-lemon-flavor-disposable-vapes","28":"product_cat-lower-nicotine-vapes","29":"product_cat-mint-flavor-disposable-vapes","30":"product_cat-mixed-berries-flavor-disposable-vapes","31":"product_cat-peach-flavor-disposable-vapes","32":"product_cat-red-bull-flavor-disposable-vapes","33":"product_cat-vape","34":"product_cat-vape-shop-by-puffs","35":"product_cat-watermelon-flavor-disposable-vapes","36":"product_tag-featured-products","38":"first","39":"instock","40":"shipping-taxable","41":"purchasable","42":"product-type-variable","43":"has-default-attributes"},"jetpack_sharing_enabled":true,"tiered_pricing_type":"fixed","tiered_pricing_fixed_rules":[],"tiered_pricing_product_settings":{"layout":"default","base_unit_name":{"singular":null,"plural":null},"default_variation":null},"tiered_pricing_minimum_quantity":null,"tiered_pricing_roles_data":[],"tiered_pricing_percentage_rules":[],"tiered_pricing_maximum_quantity":null,"tiered_pricing_quantity_step":null,"_links":{"self":[{"href":"https:\/\/vapexyz.com\/cs\/wp-json\/wp\/v2\/product\/20890","targetHints":{"allow":["GET"]}}],"collection":[{"href":"https:\/\/vapexyz.com\/cs\/wp-json\/wp\/v2\/product"}],"about":[{"href":"https:\/\/vapexyz.com\/cs\/wp-json\/wp\/v2\/types\/product"}],"replies":[{"embeddable":true,"href":"https:\/\/vapexyz.com\/cs\/wp-json\/wp\/v2\/comments?post=20890"}],"wp:featuredmedia":[{"embeddable":true,"href":"https:\/\/vapexyz.com\/cs\/wp-json\/wp\/v2\/media\/34296"}],"wp:attachment":[{"href":"https:\/\/vapexyz.com\/cs\/wp-json\/wp\/v2\/media?parent=20890"}],"wp:term":[{"taxonomy":"product_brand","embeddable":true,"href":"https:\/\/vapexyz.com\/cs\/wp-json\/wp\/v2\/product_brand?post=20890"},{"taxonomy":"product_cat","embeddable":true,"href":"https:\/\/vapexyz.com\/cs\/wp-json\/wp\/v2\/product_cat?post=20890"},{"taxonomy":"product_tag","embeddable":true,"href":"https:\/\/vapexyz.com\/cs\/wp-json\/wp\/v2\/product_tag?post=20890"}],"curies":[{"name":"wp","href":"https:\/\/api.w.org\/{rel}","templated":true}]}}