{"id":16921,"date":"2024-03-09T09:51:47","date_gmt":"2024-03-09T09:51:47","guid":{"rendered":"https:\/\/vapexyz.com\/product\/bang-tornado-12000-puffs-0-2-3-5-nicotine-rechargeable-disposable-pod\/"},"modified":"2026-02-07T03:53:57","modified_gmt":"2026-02-07T03:53:57","slug":"bang-tornado-12-000-sluku-0-2-3-5-nikotinovy-dobijeci-jednorazovy-vape-velkoobchod","status":"publish","type":"product","link":"https:\/\/vapexyz.com\/cs\/product\/bang-tornado-12000-puffs-0-2-3-5-nicotine-rechargeable-disposable-vape-wholesale\/","title":{"rendered":"BANG TORNADO 12000 Puffs Jednor\u00e1zov\u00e1 Vape"},"content":{"rendered":"<article>\n<h2>Vzru\u0161uj\u00edc\u00ed novinky o upgradu: Z BANG TORNADO 12000 Puffs na <a href=\"https:\/\/vapexyz.com\/cs\/produkt\/bang-box-20-000-sluku-vape-0-2-3-5-dobijeci-nikotin-hromadny-nakup-jednorazovych-vapu-velkoobchodne\/\">BANG BOX 20000 Puffs \n\n(Translation is not necessary for product names and specific quantities, however, I will provide it if the translation would change the text)\n\nBANG BOX 20000 Puffs \nbecomes \nBANG BOX 20 000 Puffs \n\nSo \nBANG BOX 20000 Puffs \nis \n\nBANG BOX 20 000 Puffs<\/a>!<\/h2>\n<p>Ahoj p\u0159\u00e1tel\u00e9 vapingu! M\u00e1me skv\u011bl\u00e9 zpr\u00e1vy o na\u0161em BANG TORNADO 12000 Puffs. Bylo to jako ten spolehliv\u00fd j\u00edzdn\u00ed kolo, kter\u00fd v\u00e1s vzal na mnoho dobrodru\u017estv\u00ed! \ud83d\udeb2 Ale n\u011bkdy objev\u00edme auto, kter\u00e9 n\u00e1s m\u016f\u017ee vz\u00edt je\u0161t\u011b d\u00e1l!<\/p>\n<p>Dovolte n\u00e1m, abychom v\u00e1m p\u0159edstavili \u00fa\u017easnou BANG BOX 20000 Puffs! Je to jako va\u0161e obl\u00edben\u00e1 hra\u010dka se nau\u010dila n\u011bjak\u00e9 kouzeln\u00e9 triky a stala se je\u0161t\u011b z\u00e1bavn\u011bj\u0161\u00ed!<\/p>\n<h3>Va\u0161e Vapingov\u00e1 Dobrodru\u017estv\u00ed Pr\u00e1v\u011b Za\u010dala!<\/h3>\n<p>P\u0159edstavte si sv\u00e9ho obl\u00edben\u00e9ho hern\u00edho hrdinu, jak najde tajn\u00fd power-up, kter\u00fd mu d\u00e1 nav\u00edc \u017eivoty a super rychlost! To je to, co se stane, kdy\u017e p\u0159ejdete na BANG BOX!<\/p>\n<div style=\"background-color: #e6f7ff;border-radius: 12px;padding: 18px;margin: 20px 0;border-left: 5px solid #1890ff\">\n<h4 style=\"margin-top: 0;color: #0050b3;text-align: center\">Pro\u010d BANG BOX v\u00e1s u\u010din\u00ed supervzru\u0161en\u00fdm:<\/h4>\n<ul style=\"color: #003a8c\">\n<li>8 000 extra puf\u016f \u2013 20 000 m\u00edsto 12 000!<\/li>\n<li>Stejn\u00e9 skv\u011bl\u00e9 mo\u017enosti nikotinu: 0%, 2%, 3% nebo 5%<\/li>\n<li>Velmi snadn\u00e9 pou\u017eit\u00ed - nen\u00ed pot\u0159eba nab\u00edjen\u00ed!<\/li>\n<li>Perfektn\u00ed pro obchody a velkoobchody!<\/li>\n<li>Vzru\u0161uj\u00edc\u00ed nov\u00e9 p\u0159\u00edchut\u011b, kter\u00e9 m\u016f\u017eete vyzkou\u0161et!<\/li>\n<\/ul>\n<\/div>\n<h3>Porovnejme na\u0161e dva p\u0159\u00e1tele!<\/h3>\n<table style=\"width: 100%;border-collapse: collapse;background: #fafafa;border-radius: 8px;overflow: hidden;font-size: 16px\">\n<tbody>\n<tr style=\"background-color: #1890ff;color: white\">\n<th style=\"padding: 14px;text-align: left\">Funkce<\/th>\n<th style=\"padding: 14px;text-align: left\">BANG TORNADO 12000<\/th>\n<th style=\"padding: 14px;text-align: left\">BANG BOX 20000<\/th>\n<\/tr>\n<tr style=\"border-bottom: 1px solid #e0e0e0\">\n<td style=\"padding: 14px;background-color: #f5f5f5\">Total Puffs<\/td>\n<td style=\"padding: 14px\">12 000 \u0161luk\u016f<\/td>\n<td style=\"padding: 14px;color: #1890ff\">20 000 \u0161luk\u016f<\/td>\n<\/tr>\n<tr style=\"border-bottom: 1px solid #e0e0e0\">\n<td style=\"padding: 14px;background-color: #f5f5f5\">baterie<\/td>\n<td style=\"padding: 14px\">Je t\u0159eba nab\u00edt<\/td>\n<td style=\"padding: 14px;color: #1890ff\">Nen\u00ed pot\u0159eba nab\u00edjen\u00ed<\/td>\n<\/tr>\n<tr style=\"border-bottom: 1px solid #e0e0e0\">\n<td style=\"padding: 14px;background-color: #f5f5f5\">Pohodl\u00ed<\/td>\n<td style=\"padding: 14px\">Dobr\u00fd<\/td>\n<td style=\"padding: 14px;color: #1890ff\">Velmi snadn\u00e9<\/td>\n<\/tr>\n<tr style=\"border-bottom: 1px solid #e0e0e0\">\n<td style=\"padding: 14px;background-color: #f5f5f5\">Rozmanitost p\u0159\u00edchut\u00ed<\/td>\n<td style=\"padding: 14px\">12 p\u0159\u00edchut\u00ed<\/td>\n<td style=\"padding: 14px;color: #1890ff\">12+ nov\u00fdch p\u0159\u00edchut\u00ed<\/td>\n<\/tr>\n<tr>\n<td style=\"padding: 14px;background-color: #f5f5f5\">Hodnota<\/td>\n<td style=\"padding: 14px\">P\u011bkn\u00e9<\/td>\n<td style=\"padding: 14px;color: #1890ff\">\u00da\u017easn\u00e9<\/td>\n<\/tr>\n<\/tbody>\n<\/table>\n<h3>\u00da\u017easn\u00e9 v\u00fdhody BANG BOX!<\/h3>\n<div style=\"background-color: #f6ffed;border-radius: 10px;padding: 20px;margin: 20px 0;border: 2px solid #52c41a\">\n<h4 style=\"color: #389e0d;margin-top: 0;text-align: center\">Pro\u010d budete milovat velk\u00e9 vylep\u0161en\u00ed:<\/h4>\n<div style=\"align-items: center;margin: 12px 0;padding: 10px;background: white;border-radius: 8px\">\n<p><span style=\"font-size: 28px;margin-right: 12px\">\u2795<\/span><\/p>\n<div><span style=\"color: #135200\">Extra d\u00e1vky v\u00edc: 8 000 dal\u0161\u00edch d\u00e1vek znamen\u00e1 mnohem del\u0161\u00ed z\u00e1bavu z vapov\u00e1n\u00ed! Jako z\u00edsk\u00e1n\u00ed bonusov\u00fdch \u00farovn\u00ed v \u0432\u0430\u0448\u0435\u0439 obl\u00edben\u00e9 h\u0159e!<\/span><\/div>\n<\/div>\n<div style=\"align-items: center;margin: 12px 0;padding: 10px;background: white;border-radius: 8px\">\n<p><span style=\"font-size: 28px;margin-right: 12px\">\u26a1<\/span><\/p>\n<div><span style=\"color: #135200\">\u017d\u00e1dn\u00e9 starosti s nab\u00edjen\u00edm: P\u0159ipraveno k pou\u017eit\u00ed p\u0159\u00edmo z krabice! Jako m\u00edt okam\u017eitou z\u00e1bavu bez \u010dek\u00e1n\u00ed!<\/span><\/div>\n<\/div>\n<div style=\"align-items: center;margin: 12px 0;padding: 10px;background: white;border-radius: 8px\">\n<p><span style=\"font-size: 28px;margin-right: 12px\">\ud83c\udf4c<\/span><\/p>\n<div><span style=\"color: #135200\">Objev nov\u00fdch p\u0159\u00edchut\u00ed: Vzru\u0161uj\u00edc\u00ed p\u0159\u00edchuti jako Banana Ice a Raspberry Watermelon! Je to jako objevovat nov\u00e9 obl\u00edben\u00e9 bonb\u00f3ny!<\/span><\/div>\n<\/div>\n<\/div>\n<h3>Ot\u00e1zky, kter\u00e9 byste si mo\u017en\u00e1 mohl polo\u017eit<\/h3>\n<div style=\"background-color: #fff7e6;border-radius: 10px;padding: 18px;margin: 20px 0\">\n<div style=\"margin-bottom: 16px;padding-bottom: 16px;border-bottom: 1px solid #ffd591\">\n<p style=\"color: #d46b08;margin-bottom: 6px;font-size: 17px\">Budu chyb\u011bt m\u00e9 TORNADO p\u0159\u00edchut\u011b?<\/p>\n<p style=\"margin-top: 0;color: #873800\">Mnoho va\u0161ich obl\u00edben\u00fdch je st\u00e1le tady! Nav\u00edc jsme p\u0159idali \u00fa\u017easn\u00e9 nov\u00e9 jako Mr. Blue a Grape Ice! Je to jako objevovat nov\u00e9 p\u0159\u00edchuti zmrzliny!<\/p>\n<\/div>\n<div style=\"margin-bottom: 16px;padding-bottom: 16px;border-bottom: 1px solid #ffd591\">\n<p style=\"color: #d46b08;margin-bottom: 6px;font-size: 17px\">Nen\u00ed \u017e\u00e1dn\u00e9 nab\u00edjen\u00ed opravdu lep\u0161\u00ed?<\/p>\n<p style=\"margin-top: 0;color: #873800\">Absolutn\u011b! Je to jako m\u00edt hra\u010dku, kter\u00e1 je v\u017edy p\u0159ipraven\u00e1 hr\u00e1t! U\u017e \u017e\u00e1dn\u00e9 \u010dek\u00e1n\u00ed na dob\u00edjen\u00ed bateri\u00ed!<\/p>\n<\/div>\n<div>\n<p style=\"color: #d46b08;margin-bottom: 6px;font-size: 17px\">Jak mnohem d\u00e9le vydr\u017e\u00ed 20 000 n\u00e1dech\u016f?<\/p>\n<p style=\"margin-top: 0;color: #873800\">Tak mnohem del\u0161\u00ed! Je to jako \u010d\u00edst velkou dobrodru\u017enou knihu m\u00edsto pov\u00eddky! V\u00edce z\u00e1bavy pro v\u0161echny! \ud83d\udcda<\/p>\n<\/div>\n<\/div>\n<div style=\"background-color: #1890ff;color: white;padding: 22px;border-radius: 15px;text-align: center;margin: 25px 0\">\n<h3 style=\"margin-top: 0;font-size: 22px\">P\u0159ipraveni na v\u00e1\u0161 super upgrade?<\/h3>\n<p style=\"font-size: 18px;margin-bottom: 12px\">To nen\u00ed sbohem TORNADO \u2013 je to hello k nej\u00fa\u017easn\u011bj\u0161\u00edmu z\u00e1\u017eitku z vapov\u00e1n\u00ed s BANG BOX!<\/p>\n<p style=\"font-size: 19px\">8 000 extra v\u00fddech\u016f, nen\u00ed pot\u0159eba nab\u00edjet, vzru\u0161uj\u00edc\u00ed p\u0159\u00edchut\u011b \u2013 v\u00e1\u0161 dokonal\u00fd vape se pr\u00e1v\u011b stal superstar!<\/p>\n<\/div>\n<\/article>","protected":false},"excerpt":{"rendered":"<div class=\"custom-product\" style=\"border: 1px solid #eee; text-align: center; max-width: 100%; margin: 0 auto; font-family: Arial, sans-serif; box-sizing: border-box;\">\n        <!-- Product image - full width -->\n        <a href=\"https:\/\/vapexyz.com\/cs\/product\/bang-box-20000-puffs-vape-0-2-3-5-nicotine-rechargeable-bulk-buy-disposable-vape-wholesale\/\" style=\"display: block; margin-bottom: 15px;\">\n            <img decoding=\"async\" src=\"https:\/\/vapexyz.com\/wp-content\/uploads\/2024\/05\/bang-box-20000-puffs-17.webp\" alt=\"BANG BOX 20000 Puffs 20K Vape Dob\u00edjec\u00ed Hromadn\u00fd N\u00e1kup Jednor\u00e1zov\u00e1 Vape Velkoobchod\" style=\"width: 100%; height: auto; display: block;\">        <\/a>\n        \n        <!-- Product name -->\n        <h3 style=\"margin: 10px 0; font-size: 1.2em; line-height: 1.4; color: #333;\">\n            BANG BOX 20000 Puffs 20K Vape Dob\u00edjec\u00ed Hromadn\u00fd N\u00e1kup Jednor\u00e1zov\u00e1 Vape Velkoobchod        <\/h3>\n        \n        <!-- Product price -->\n        <div class=\"price\" style=\"color: #ff0000; font-weight: bold; font-size: 1.4em; margin: 10px 0;\">\n            \t\t<span class=\"tiered-pricing-dynamic-price-wrapper tiered-pricing-dynamic-price-wrapper--variable\"\n\t\t\t  data-display-context=\"shop-loop\"\n\t\t\t  data-price-type=\"dynamic\"\n\t\t\t  data-product-id=\"22807\"\n\t\t\t  data-parent-id=\"22807\">\n\t\t\t<span class=\"woocommerce-Price-amount amount\"><bdi><span class=\"woocommerce-Price-currencySymbol\">\u20ac<\/span>5.50<\/bdi><\/span><\/span>        <\/div>\n        \n        <!-- Product rating -->\n        <div class=\"rating\" style=\"margin: 15px 0; min-height: 25px;\">\n            <div class=\"star-rating\" role=\"img\" aria-label=\"Ohodnoceno 5,00 z 5\"><span style=\"width:100%\">Hodnocen\u00e9 <strong class=\"rating\">5.00<\/strong> z 5<\/span><\/div>        <\/div>\n        \n        <!-- Buy Now button -->\n        <div class=\"buy-now-button\" style=\"margin-top: 20px;\">\n            <a href=\"https:\/\/vapexyz.com\/cs\/product\/bang-box-20000-puffs-vape-0-2-3-5-nicotine-rechargeable-bulk-buy-disposable-vape-wholesale\/\" \n               class=\"buy-now-btn\" \n               style=\"display: inline-block; background-color: #4CAF50; color: white !important; padding: 12px 24px; text-align: center; text-decoration: none; font-weight: bold; border-radius: 4px; transition: all 0.3s; border: none; cursor: pointer; font-size: 1em;\">\n                Koupit nyn\u00ed            <\/a>\n        <\/div>\n    <\/div>","protected":false},"featured_media":16922,"comment_status":"open","ping_status":"closed","template":"","meta":{"_lmt_disableupdate":"no","_lmt_disable":""},"product_brand":[],"product_cat":[1001,1018,821,1019,1020,935,934,927,929,928,930,933,939,932,938,931,936,937,1017,946,1023,1024,1025,1026,951,1029,1032,1033,953,1037,955,987,1038],"product_tag":[],"class_list":{"0":"post-16921","1":"product","2":"type-product","3":"status-publish","4":"has-post-thumbnail","6":"product_cat-12000-puff-vapes","7":"product_cat-apple-flavor-disposable-vapes","8":"product_cat-bang","9":"product_cat-blue-razz-flavor-disposable-vapes","10":"product_cat-blueberry-flavor-disposable-vapes","11":"product_cat-bulk-buy-disposable-vapes-in-austria","12":"product_cat-bulk-buy-disposable-vapes-in-belgium","13":"product_cat-bulk-buy-disposable-vapes-in-europe","14":"product_cat-bulk-buy-disposable-vapes-in-france","15":"product_cat-bulk-buy-disposable-vapes-in-germany","16":"product_cat-bulk-buy-disposable-vapes-in-italy","17":"product_cat-bulk-buy-disposable-vapes-in-netherlands","18":"product_cat-bulk-buy-disposable-vapes-in-norway","19":"product_cat-bulk-buy-disposable-vapes-in-poland","20":"product_cat-bulk-buy-disposable-vapes-in-portugal","21":"product_cat-bulk-buy-disposable-vapes-in-spain","22":"product_cat-bulk-buy-disposable-vapes-in-sweden","23":"product_cat-bulk-buy-disposable-vapes-in-switzerland","24":"product_cat-buy-best-disposable-vape-flavors","25":"product_cat-disposable-vapes-series","26":"product_cat-grape-flavor-disposable-vapes","27":"product_cat-guava-flavor-disposable-vapes","28":"product_cat-ice-flavor-disposable-vapes","29":"product_cat-kiwi-flavor-disposable-vapes","30":"product_cat-lower-nicotine-vapes","31":"product_cat-mango-flavor-disposable-vapes","32":"product_cat-passion-fruit-flavor-disposable-vapes","33":"product_cat-peach-flavor-disposable-vapes","34":"product_cat-rechargeable-vapes","35":"product_cat-strawberry-flavor-disposable-vapes","36":"product_cat-tornado-vapes","37":"product_cat-vape-shop-by-puffs","38":"product_cat-watermelon-flavor-disposable-vapes","40":"first","41":"outofstock","42":"shipping-taxable","43":"product-type-variable","44":"has-default-attributes"},"jetpack_sharing_enabled":true,"tiered_pricing_type":"fixed","tiered_pricing_fixed_rules":[],"tiered_pricing_product_settings":{"layout":"default","base_unit_name":{"singular":null,"plural":null},"default_variation":null},"tiered_pricing_minimum_quantity":null,"tiered_pricing_roles_data":[],"tiered_pricing_percentage_rules":[],"tiered_pricing_maximum_quantity":null,"tiered_pricing_quantity_step":null,"_links":{"self":[{"href":"https:\/\/vapexyz.com\/cs\/wp-json\/wp\/v2\/product\/16921","targetHints":{"allow":["GET"]}}],"collection":[{"href":"https:\/\/vapexyz.com\/cs\/wp-json\/wp\/v2\/product"}],"about":[{"href":"https:\/\/vapexyz.com\/cs\/wp-json\/wp\/v2\/types\/product"}],"replies":[{"embeddable":true,"href":"https:\/\/vapexyz.com\/cs\/wp-json\/wp\/v2\/comments?post=16921"}],"wp:featuredmedia":[{"embeddable":true,"href":"https:\/\/vapexyz.com\/cs\/wp-json\/wp\/v2\/media\/16922"}],"wp:attachment":[{"href":"https:\/\/vapexyz.com\/cs\/wp-json\/wp\/v2\/media?parent=16921"}],"wp:term":[{"taxonomy":"product_brand","embeddable":true,"href":"https:\/\/vapexyz.com\/cs\/wp-json\/wp\/v2\/product_brand?post=16921"},{"taxonomy":"product_cat","embeddable":true,"href":"https:\/\/vapexyz.com\/cs\/wp-json\/wp\/v2\/product_cat?post=16921"},{"taxonomy":"product_tag","embeddable":true,"href":"https:\/\/vapexyz.com\/cs\/wp-json\/wp\/v2\/product_tag?post=16921"}],"curies":[{"name":"wp","href":"https:\/\/api.w.org\/{rel}","templated":true}]}}