{"id":16915,"date":"2024-03-09T09:51:44","date_gmt":"2024-03-09T09:51:44","guid":{"rendered":"https:\/\/vapexyz.com\/product\/bang-xxl-2000-puffs-disposable-vape-kit-800mah\/"},"modified":"2026-02-06T03:36:15","modified_gmt":"2026-02-06T03:36:15","slug":"bang-xxl-2000-potahnuti-jednorazova-vape-sada-800-mah","status":"publish","type":"product","link":"https:\/\/vapexyz.com\/cs\/product\/bang-xxl-2000-puffs-disposable-vape-kit-800mah\/","title":{"rendered":"Sada Bang XXL 2000 jednor\u00e1zov\u00fdch vaporiz\u00e9r\u016f 800mAh hromadn\u00fd n\u00e1kup"},"content":{"rendered":"<article>\n<h2>\u00da\u017easn\u00e9 Novinky o Upgradu: Z BANG XXL 2000 Puffs na <a href=\"https:\/\/vapexyz.com\/cs\/produkt\/bang-12000-sluku-0-2-3-5-s-nizkym-obsahem-nikotinu-hromadne-koupit-dobijeci-jednorazove-vapes-pera-velkoobchodne\/\">BANG 12000 Puffs! \n\n(\u017e\u00e1dn\u00e1 zm\u011bna nen\u00ed pot\u0159eba, ponech\u00e1v\u00e1m p\u016fvodn\u00ed text) \nBANG 12000 Puffs!<\/a> \ud83c\udf8a<\/h2>\n<p>Ahoj p\u0159\u00e1tel\u00e9 vapingu! M\u00e1me super vzru\u0161uj\u00edc\u00ed novinky o na\u0161em BANG XXL 2000 Puffs. Bylo to jako ten mal\u00fd s\u00e1\u010dek bonbon\u016f, kter\u00fd v\u00e1s pot\u011b\u0161il! \ud83c\udf6c Ale h\u00e1dejte co? Na\u0161li jsme ob\u0159\u00ed cukr\u00e1rnu, kter\u00e1 je je\u0161t\u011b lep\u0161\u00ed! \ud83c\udfea<\/p>\n<p>Dovolte n\u00e1m, abychom v\u00e1m p\u0159edstavili neuv\u011b\u0159iteln\u00fd BANG 12000 Puffs! Je to jako v\u00e1\u0161 obl\u00edben\u00fd hra\u010dka vyrostla a stala se superhrdinou!<\/p>\n<h3>Va\u0161e Vaping Pr\u00e1v\u011b Dostal Mega V\u00fdkon!<\/h3>\n<p>P\u0159edstavte si sv\u00e9ho obl\u00edben\u00e9ho hern\u00edho charakteru, jak najde tajnou pokladnici se \u0161estkr\u00e1t v\u011bt\u0161\u00ed silou! To je to, co znamen\u00e1 p\u0159echod na BANG 12000!<\/p>\n<div style=\"background-color: #fff0f5;border-radius: 12px;padding: 18px;margin: 20px 0;border-left: 5px solid #ff69b4\">\n<h4 style=\"margin-top: 0;color: #c71585;text-align: center\">Pro\u010d BANG 12000 p\u0159im\u011bje v\u00e1s k tanci z radosti:<\/h4>\n<ul style=\"color: #8b008b\">\n<li>\u0160estkr\u00e1t v\u00edce n\u00e1pln\u00ed \u2013 12 000 m\u00edsto 2 000!<\/li>\n<li>Dob\u00edjec\u00ed baterie \u2013 u\u017e \u017e\u00e1dn\u00e9 vyhazov\u00e1n\u00ed!<\/li>\n<li>Mnohem v\u00edce tekut\u00fd \u2013 20ml m\u00edsto 6ml!<\/li>\n<li>V\u00edce mo\u017enost\u00ed nikotinu: 0%, 2%, 3% nebo 5%<\/li>\n<li>Perfektn\u00ed pro obchody a velkoobchody!<\/li>\n<\/ul>\n<\/div>\n<h3>Porovnejme Velk\u00fd Rozd\u00edl!<\/h3>\n<table style=\"width: 100%;border-collapse: collapse;background: #fafafa;border-radius: 8px;overflow: hidden;font-size: 16px\">\n<tbody>\n<tr style=\"background-color: #ff69b4;color: white\">\n<th style=\"padding: 14px;text-align: left\">Funkce<\/th>\n<th style=\"padding: 14px;text-align: left\">BANG XXL 2000<\/th>\n<th style=\"padding: 14px;text-align: left\">BANG 12 000<\/th>\n<\/tr>\n<tr style=\"border-bottom: 1px solid #e0e0e0\">\n<td style=\"padding: 14px;background-color: #f5f5f5\">Total Puffs<\/td>\n<td style=\"padding: 14px\">2000 \u0161luk\u016f<\/td>\n<td style=\"padding: 14px;color: #ff69b4\">12 000 \u0161luk\u016f<\/td>\n<\/tr>\n<tr style=\"border-bottom: 1px solid #e0e0e0\">\n<td style=\"padding: 14px;background-color: #f5f5f5\">baterie<\/td>\n<td style=\"padding: 14px\">Neznovu dob\u00edjec\u00ed<\/td>\n<td style=\"padding: 14px;color: #ff69b4\">Dob\u00edjec\u00ed<\/td>\n<\/tr>\n<tr style=\"border-bottom: 1px solid #e0e0e0\">\n<td style=\"padding: 14px;background-color: #f5f5f5\">Mno\u017estv\u00ed kapaliny<\/td>\n<td style=\"padding: 14px\">6 ml<\/td>\n<td style=\"padding: 14px;color: #ff69b4\">20 ml<\/td>\n<\/tr>\n<tr style=\"border-bottom: 1px solid #e0e0e0\">\n<td style=\"padding: 14px;background-color: #f5f5f5\">Nikotinov\u00e9 volby<\/td>\n<td style=\"padding: 14px\">2%, 5%, 6%<\/td>\n<td style=\"padding: 14px;color: #ff69b4\">0%, 2%, 3%, 5%<\/td>\n<\/tr>\n<tr>\n<td style=\"padding: 14px;background-color: #f5f5f5\">Hodnota<\/td>\n<td style=\"padding: 14px\">Dobr\u00fd<\/td>\n<td style=\"padding: 14px;color: #ff69b4\">\u00da\u017easn\u00e9<\/td>\n<\/tr>\n<\/tbody>\n<\/table>\n<h3>\u00da\u017easn\u00e9 v\u00fdhody BANG 12000!<\/h3>\n<div style=\"background-color: #f0f8ff;border-radius: 10px;padding: 20px;margin: 20px 0;border: 2px solid #87ceeb\">\n<h4 style=\"color: #4169e1;margin-top: 0;text-align: center\">Pro\u010d budete milovat velk\u00e9 vylep\u0161en\u00ed:<\/h4>\n<div style=\"align-items: center;margin: 12px 0;padding: 10px;background: white;border-radius: 8px\">\n<p><span style=\"font-size: 28px;margin-right: 12px\">6<\/span><\/p>\n<div><span style=\"color: #2f4f4f\">\u0160estkr\u00e1t v\u00edce z\u00e1bavy: 12 000 n\u00e1dech\u016f znamen\u00e1 vapov\u00e1n\u00ed, kter\u00e9 vydr\u017e\u00ed a vydr\u017e\u00ed! Jako kdy\u017e dostanete \u0161estkr\u00e1t v\u00edce bonbon\u016f ne\u017e jeden!<\/span><\/div>\n<\/div>\n<div style=\"align-items: center;margin: 12px 0;padding: 10px;background: white;border-radius: 8px\">\n<p><span style=\"font-size: 28px;margin-right: 12px\">\ud83d\udd0b<\/span><\/p>\n<div><span style=\"color: #2f4f4f\">Kouzlo baterie: Nab\u00edjec\u00ed znamen\u00e1, \u017ee ji m\u016f\u017eete pou\u017e\u00edt znovu a znovu! Jako m\u00edt hra\u010dku s nab\u00edjec\u00edmi bateriemi!<\/span><\/div>\n<\/div>\n<div style=\"align-items: center;margin: 12px 0;padding: 10px;background: white;border-radius: 8px\">\n<p><span style=\"font-size: 28px;margin-right: 12px\">\ud83c\udf53<\/span><\/p>\n<div><span style=\"color: #2f4f4f\">V\u00edce dobrodru\u017estv\u00ed s chut\u00ed: V\u0161echny va\u0161e obl\u00edben\u00e9 plus nov\u00e9 vzru\u0161uj\u00edc\u00ed jako jahodov\u00fd li\u010di a \u010dern\u00fd drak zmrzlina! \ud83c\udf66\ud83d\udc32<\/span><\/div>\n<\/div>\n<\/div>\n<h3>Ot\u00e1zky, kter\u00e9 si mo\u017en\u00e1 kladete<\/h3>\n<div style=\"background-color: #f5fffa;border-radius: 10px;padding: 18px;margin: 20px 0\">\n<div style=\"margin-bottom: 16px;padding-bottom: 16px;border-bottom: 1px solid #98fb98\">\n<p style=\"color: #2e8b57;margin-bottom: 6px;font-size: 17px\">Je 12 000 n\u00e1dech\u016f opravdu o tolik v\u00edc?<\/p>\n<p style=\"margin-top: 0;color: #228b22\">\u00d3 ano! Je to jako m\u00edt \u0161est zmrzlinov\u00fdch kornoutk\u016f m\u00edsto jednoho! Tak mnohem v\u00edc chutn\u00e1 z\u00e1bava! \ud83c\udf66\ud83c\udf66\ud83c\udf66\ud83c\udf66\ud83c\udf66\ud83c\udf66<\/p>\n<\/div>\n<div style=\"margin-bottom: 16px;padding-bottom: 16px;border-bottom: 1px solid #98fb98\">\n<p style=\"color: #2e8b57;margin-bottom: 6px;font-size: 17px\">Pro\u010d je dob\u00edjec\u00ed lep\u0161\u00ed?<\/p>\n<p style=\"margin-top: 0;color: #228b22\">Je to mnohem chyt\u0159ej\u0161\u00ed pro na\u0161i planetu! Stejn\u011b jako pou\u017e\u00edv\u00e1n\u00ed dob\u00edjec\u00edch bateri\u00ed m\u00edsto jejich vyhazov\u00e1n\u00ed! Nav\u00edc v\u00e1m to u\u0161et\u0159\u00ed pen\u00edze!<\/p>\n<\/div>\n<div>\n<p style=\"color: #2e8b57;margin-bottom: 6px;font-size: 17px\">Co s m\u00fdmi obl\u00edben\u00fdmi p\u0159\u00edchut\u011bmi XXL?<\/p>\n<p style=\"margin-top: 0;color: #228b22\">Mnoho jich tu je\u0161t\u011b je! Jahodov\u00e1 Ban\u00e1nov\u00e1, Vodn\u00ed Melounov\u00e9 zmrzlina a dal\u0161\u00ed! Nav\u00edc jsme p\u0159idali \u00fa\u017easn\u00e9 nov\u00e9, kter\u00e9 budete milovat!<\/p>\n<\/div>\n<\/div>\n<div style=\"background-color: #ff69b4;color: white;padding: 22px;border-radius: 15px;text-align: center;margin: 25px 0\">\n<h3 style=\"margin-top: 0;font-size: 22px\">P\u0159ipraveni na v\u00e1\u0161 super upgrade?<\/h3>\n<p style=\"font-size: 18px;margin-bottom: 12px\">To nen\u00ed sbohem XXL \u2013 je to pozdrav k nej\u00fa\u017easn\u011bj\u0161\u00edmu z\u00e1\u017eitku z vapov\u00e1n\u00ed s BANG 12000!<\/p>\n<p style=\"font-size: 19px\">\u0160estkr\u00e1t v\u00edce n\u00e1pln\u00ed, dob\u00edjec\u00ed baterie, v\u00edce p\u0159\u00edchut\u00ed \u2013 v\u00e1\u0161 dokonal\u00fd vape se pr\u00e1v\u011b stal superstar!<\/p>\n<\/div>\n<\/article>","protected":false},"excerpt":{"rendered":"<div class=\"custom-product\" style=\"border: 1px solid #eee; text-align: center; max-width: 100%; margin: 0 auto; font-family: Arial, sans-serif; box-sizing: border-box;\">\n        <!-- Product image - full width -->\n        <a href=\"https:\/\/vapexyz.com\/cs\/product\/bang-12000-puffs-0-2-3-5-low-nicotine-bulk-buy-rechargeable-disposable-vapes-pen-wholesale\/\" style=\"display: block; margin-bottom: 15px;\">\n            <img decoding=\"async\" src=\"https:\/\/vapexyz.com\/wp-content\/uploads\/2024\/08\/Bang-12000.webp\" alt=\"BANG 12000 Puffs Hromadn\u00fd n\u00e1kup Dob\u00edjec\u00ed Jednor\u00e1zov\u00e9 Vapes Velkoobchod\" style=\"width: 100%; height: auto; display: block;\">        <\/a>\n        \n        <!-- Product name -->\n        <h3 style=\"margin: 10px 0; font-size: 1.2em; line-height: 1.4; color: #333;\">\n            BANG 12000 Puffs Hromadn\u00fd n\u00e1kup Dob\u00edjec\u00ed Jednor\u00e1zov\u00e9 Vapes Velkoobchod        <\/h3>\n        \n        <!-- Product price -->\n        <div class=\"price\" style=\"color: #ff0000; font-weight: bold; font-size: 1.4em; margin: 10px 0;\">\n            \t\t<span class=\"tiered-pricing-dynamic-price-wrapper tiered-pricing-dynamic-price-wrapper--variable\"\n\t\t\t  data-display-context=\"shop-loop\"\n\t\t\t  data-price-type=\"dynamic\"\n\t\t\t  data-product-id=\"29579\"\n\t\t\t  data-parent-id=\"29579\">\n\t\t\t<span class=\"woocommerce-Price-amount amount\"><bdi><span class=\"woocommerce-Price-currencySymbol\">\u20ac<\/span>4.97<\/bdi><\/span><\/span>        <\/div>\n        \n        <!-- Product rating -->\n        <div class=\"rating\" style=\"margin: 15px 0; min-height: 25px;\">\n            <div class=\"star-rating\">\u017d\u00e1dn\u00e9 hodnocen\u00ed zat\u00edm nejsou k dispozici<\/div>        <\/div>\n        \n        <!-- Buy Now button -->\n        <div class=\"buy-now-button\" style=\"margin-top: 20px;\">\n            <a href=\"https:\/\/vapexyz.com\/cs\/product\/bang-12000-puffs-0-2-3-5-low-nicotine-bulk-buy-rechargeable-disposable-vapes-pen-wholesale\/\" \n               class=\"buy-now-btn\" \n               style=\"display: inline-block; background-color: #4CAF50; color: white !important; padding: 12px 24px; text-align: center; text-decoration: none; font-weight: bold; border-radius: 4px; transition: all 0.3s; border: none; cursor: pointer; font-size: 1em;\">\n                Koupit nyn\u00ed            <\/a>\n        <\/div>\n    <\/div>","protected":false},"featured_media":16914,"comment_status":"open","ping_status":"closed","template":"","meta":{"_lmt_disableupdate":"no","_lmt_disable":""},"product_brand":[],"product_cat":[1018,821,1020,935,934,927,929,928,930,933,939,932,938,931,936,937,1017,1022,946,1023,1025,1027,951,1030,1032,1033,953,1037,987],"product_tag":[],"class_list":{"0":"post-16915","1":"product","2":"type-product","3":"status-publish","4":"has-post-thumbnail","6":"product_cat-apple-flavor-disposable-vapes","7":"product_cat-bang","8":"product_cat-blueberry-flavor-disposable-vapes","9":"product_cat-bulk-buy-disposable-vapes-in-austria","10":"product_cat-bulk-buy-disposable-vapes-in-belgium","11":"product_cat-bulk-buy-disposable-vapes-in-europe","12":"product_cat-bulk-buy-disposable-vapes-in-france","13":"product_cat-bulk-buy-disposable-vapes-in-germany","14":"product_cat-bulk-buy-disposable-vapes-in-italy","15":"product_cat-bulk-buy-disposable-vapes-in-netherlands","16":"product_cat-bulk-buy-disposable-vapes-in-norway","17":"product_cat-bulk-buy-disposable-vapes-in-poland","18":"product_cat-bulk-buy-disposable-vapes-in-portugal","19":"product_cat-bulk-buy-disposable-vapes-in-spain","20":"product_cat-bulk-buy-disposable-vapes-in-sweden","21":"product_cat-bulk-buy-disposable-vapes-in-switzerland","22":"product_cat-buy-best-disposable-vape-flavors","23":"product_cat-cola-flavor-disposable-vapes","24":"product_cat-disposable-vapes-series","25":"product_cat-grape-flavor-disposable-vapes","26":"product_cat-ice-flavor-disposable-vapes","27":"product_cat-lemon-flavor-disposable-vapes","28":"product_cat-lower-nicotine-vapes","29":"product_cat-mint-flavor-disposable-vapes","30":"product_cat-passion-fruit-flavor-disposable-vapes","31":"product_cat-peach-flavor-disposable-vapes","32":"product_cat-rechargeable-vapes","33":"product_cat-strawberry-flavor-disposable-vapes","34":"product_cat-vape-shop-by-puffs","36":"first","37":"outofstock","38":"shipping-taxable","39":"purchasable","40":"product-type-simple"},"jetpack_sharing_enabled":true,"tiered_pricing_type":"fixed","tiered_pricing_fixed_rules":[],"tiered_pricing_product_settings":{"layout":"default","base_unit_name":{"singular":null,"plural":null},"default_variation":null},"tiered_pricing_minimum_quantity":null,"tiered_pricing_roles_data":[],"tiered_pricing_percentage_rules":[],"tiered_pricing_maximum_quantity":null,"tiered_pricing_quantity_step":null,"_links":{"self":[{"href":"https:\/\/vapexyz.com\/cs\/wp-json\/wp\/v2\/product\/16915","targetHints":{"allow":["GET"]}}],"collection":[{"href":"https:\/\/vapexyz.com\/cs\/wp-json\/wp\/v2\/product"}],"about":[{"href":"https:\/\/vapexyz.com\/cs\/wp-json\/wp\/v2\/types\/product"}],"replies":[{"embeddable":true,"href":"https:\/\/vapexyz.com\/cs\/wp-json\/wp\/v2\/comments?post=16915"}],"wp:featuredmedia":[{"embeddable":true,"href":"https:\/\/vapexyz.com\/cs\/wp-json\/wp\/v2\/media\/16914"}],"wp:attachment":[{"href":"https:\/\/vapexyz.com\/cs\/wp-json\/wp\/v2\/media?parent=16915"}],"wp:term":[{"taxonomy":"product_brand","embeddable":true,"href":"https:\/\/vapexyz.com\/cs\/wp-json\/wp\/v2\/product_brand?post=16915"},{"taxonomy":"product_cat","embeddable":true,"href":"https:\/\/vapexyz.com\/cs\/wp-json\/wp\/v2\/product_cat?post=16915"},{"taxonomy":"product_tag","embeddable":true,"href":"https:\/\/vapexyz.com\/cs\/wp-json\/wp\/v2\/product_tag?post=16915"}],"curies":[{"name":"wp","href":"https:\/\/api.w.org\/{rel}","templated":true}]}}