{"id":16908,"date":"2024-03-09T09:51:37","date_gmt":"2024-03-09T09:51:37","guid":{"rendered":"https:\/\/vapexyz.com\/product\/bang-king-vape-6000-puffs-0-2-3-5-nicotine-disposable-pod-vape\/"},"modified":"2026-03-04T03:06:46","modified_gmt":"2026-03-04T03:06:46","slug":"bang-king-6000-sluku-0-2-3-5-nikotinovy-jednorazovy-pod-vape-velkoobchod","status":"publish","type":"product","link":"https:\/\/vapexyz.com\/cs\/product\/bang-king-6000-puffs-0-2-3-5-nicotine-disposable-pod-vape-wholesale\/","title":{"rendered":"BANG KING 6000 Puffs Jednor\u00e1zov\u00fd Pod Vape Velkoobchod"},"content":{"rendered":"<article style=\"font-family: 'Segoe UI', Roboto, Helvetica, Arial, sans-serif; color: #333; line-height: 1.8; padding: 20px; max-width: 100%; margin: 0 auto;\">\n<h2 style=\"color: #0050b3; border-bottom: 2px solid #1890ff; padding-bottom: 10px; font-size: 28px;\">Hlubok\u00fd technologick\u00fd skok: Upgrade z BANG KING 6000 na pokro\u010dil\u00fd <a style=\"color: #1890ff; text-decoration: none; font-weight: bold;\" href=\"https:\/\/vapexyz.com\/cs\/produkt\/bang-box-20-000-sluku-vape-0-2-3-5-dobijeci-nikotin-hromadny-nakup-jednorazovych-vapu-velkoobchodne\/\">BANG BOX 20000 Puff\u016f!<\/a> \ud83c\udf89<\/h2>\n<p style=\"font-size: 16px; margin-bottom: 20px;\">Krajina jednor\u00e1zov\u00fdch vap\u016f proch\u00e1z\u00ed rychlou a vysoce technickou evoluc\u00ed. V posledn\u00edch letech po\u017eadovali spot\u0159ebitel\u00e9 a velkoobchodn\u00ed distributo\u0159i stejn\u011b vysok\u00e9 technick\u00e9 standardy, v\u011bt\u0161\u00ed empirickou spolehlivost a neochv\u011bjnou autoritativn\u00ed shodu ze sv\u00fdch za\u0159\u00edzen\u00ed. V VapeXYZ, vyu\u017e\u00edvaj\u00edc\u00ed v\u00edce ne\u017e osm let specializovan\u00fdch zku\u0161enost\u00ed s velkoobchodn\u00ed distribuc\u00ed, neust\u00e1le analyzujeme zm\u011bny na trhu, struktur\u00e1ln\u00ed vylep\u0161en\u00ed za\u0159\u00edzen\u00ed a v\u00fdkonnostn\u00ed metriky. Dnes p\u0159edstavujeme komplexn\u00ed technick\u00fd a empirick\u00fd p\u0159ehled, kter\u00fd podrobn\u011b popisuje kritick\u00fd p\u0159echod od star\u0161\u00edho BANG KING 6000 k vysoce pokro\u010dil\u00e9mu, vysokokapacitn\u00edmu BANG BOX 20000. Tento rozs\u00e1hle prozkouman\u00fd pr\u016fvodce nasti\u0148uje z\u00e1kladn\u00ed v\u00fdkonnostn\u00ed metriky, intern\u00ed struktur\u00e1ln\u00ed vylep\u0161en\u00ed a rigor\u00f3zn\u00ed ukazatele shody, kter\u00e9 \u010din\u00ed tento konkr\u00e9tn\u00ed p\u0159echod v\u00fdznamn\u00fdm mezn\u00edkem pro modern\u00ed maloobchodn\u00edky, velkoobchodn\u00ed partnery a dosp\u011bl\u00e9 u\u017eivatele, kte\u0159\u00ed hledaj\u00ed bezkonkuren\u010dn\u00ed konzistenci.<\/p>\n<h3 style=\"color: #003a8c; font-size: 24px; margin-top: 35px;\">Odbornost: In\u017een\u00fdrsk\u00e1 dokonalost a technick\u00e9 specifikace \ud83d\ude80<\/h3>\n<p style=\"font-size: 16px; margin-bottom: 20px;\">P\u0159i hodnocen\u00ed konstruk\u010dn\u00ed integrity jednor\u00e1zov\u00fdch vape\u016f ur\u010duje z\u00e1kladn\u00ed technick\u00e1 architektura cel\u00fd u\u017eivatelsk\u00fd z\u00e1\u017eitek. BANG BOX 20000 je navr\u017een s pomoc\u00ed \u0161pi\u010dkov\u00e9 du\u00e1ln\u00ed m\u0159\u00ed\u017ekov\u00e9 c\u00edvkov\u00e9 infrastruktury. Na rozd\u00edl od standardn\u00edch konfigurac\u00ed s jednoduch\u00fdm dr\u00e1tov\u00fdm oh\u0159evem, kter\u00e9 se \u010dasto vyskytuj\u00ed u star\u0161\u00edch, ni\u017e\u0161\u00ed kapacity iterac\u00ed, jako jsou modely s 6000 n\u00e1dechy, maximalizuje pokro\u010dil\u00fd du\u00e1ln\u00ed m\u0159\u00ed\u017ekov\u00fd syst\u00e9m termodynamickou povrchovou plochu. Toto sofistikovan\u00e9 in\u017een\u00fdrstv\u00ed vede k vysoce konzistentn\u00edmu tepeln\u00e9mu rozlo\u017een\u00ed po vnit\u0159n\u00edm z\u00e1sobn\u00edku formulace. Zabra\u0148uj\u00edc\u00ed lokalizovan\u00e9mu p\u0159eh\u0159\u00e1t\u00ed zaji\u0161\u0165uje du\u00e1ln\u00ed m\u0159\u00ed\u017ekov\u00e1 architektura \u00fapln\u00e9 zachov\u00e1n\u00ed vnit\u0159n\u00edch extrakt\u016f, co\u017e zaru\u010duje, \u017ee 20 000. n\u00e1dech je stejn\u011b objemov\u011b uspokojuj\u00edc\u00ed a aromaticky bohat\u00fd jako ten \u00fapln\u011b prvn\u00ed.<\/p>\n<p style=\"font-size: 16px; margin-bottom: 20px;\">Krom\u011b toho, \u0159e\u0161en\u00edm empirick\u00fdch omezen\u00ed star\u0161\u00edch nenab\u00edjec\u00edch nebo neefektivn\u011b nap\u00e1jen\u00fdch jednotek, integruje BANG BOX 20000 vysoce \u00fa\u010dinn\u00e9 nab\u00edjec\u00ed lithium-iontov\u00e9 bateriov\u00e9 j\u00e1dro, obvykle standardizovan\u00e9 kolem 650mAh a\u017e 850mAh. V kombinaci s modern\u00edm nab\u00edjec\u00edm portem typu C zaji\u0161\u0165uje tento syst\u00e9m dod\u00e1vky energie, \u017ee zdroj energie spolehliv\u011b p\u0159e\u017eije masivn\u00ed p\u0159edem napln\u011bnou kapacitu formulace. Tato technick\u00e1 synergie mezi optimalizovan\u00fdm v\u00fdkonem a pokro\u010dil\u00fdm odporem c\u00edvky vytv\u00e1\u0159\u00ed vysoce stabiln\u00ed, nep\u0159eru\u0161ovan\u00fd cyklus tahu, \u010d\u00edm\u017e se toto za\u0159\u00edzen\u00ed st\u00e1v\u00e1 vrcholem modern\u00ed technologie vapov\u00e1n\u00ed.<\/p>\n<h3 style=\"color: #003a8c; font-size: 24px; margin-top: 35px;\">Empirick\u00fd v\u00fdkon: Prvn\u00ed ru\u010dn\u00ed testov\u00e1n\u00ed a profily pou\u017eit\u00ed<\/h3>\n<p style=\"font-size: 16px; margin-bottom: 20px;\">Na\u0161i specialist\u00e9 na vnit\u0159n\u00ed zaji\u0161t\u011bn\u00ed kvality spolu s nez\u00e1visl\u00fdmi partnerov\u00fdmi laborato\u0159emi podrobili tyto modern\u00ed jednor\u00e1zov\u00e9 vapery rigor\u00f3zn\u00edm empirick\u00fdm testovac\u00edm protokol\u016fm. C\u00edlem t\u011bchto test\u016f je ov\u011b\u0159it tvrzen\u00ed v\u00fdrobce a poskytnout transparentn\u00ed, daty podlo\u017een\u00e9 poznatky pro na\u0161e velkoobchodn\u00ed klienty. B\u011bhem na\u0161\u00ed rozs\u00e1hl\u00e9 simulace denn\u00edch vzorc\u016f pou\u017e\u00edv\u00e1n\u00ed prok\u00e1zal BANG BOX 20000 v\u00fdjime\u010dnou kalibraci odolnosti proti tahu. Poskytuje hladkou, od \u00fast ke sv\u011btlu (MTL) inhalaci, kter\u00e1 napodobuje tradi\u010dn\u00ed mechaniku tahu bez jak\u00e9koli souvisej\u00edc\u00ed drsnosti nebo turbulence proud\u011bn\u00ed vzduchu.<\/p>\n<p style=\"font-size: 16px; margin-bottom: 20px;\">Empirick\u00e9 \u00fadaje shrom\u00e1\u017ed\u011bn\u00e9 b\u011bhem rozs\u00e1hl\u00fdch zku\u0161ebn\u00edch obdob\u00ed ukazuj\u00ed men\u0161\u00ed ne\u017e 2% varianci v hustot\u011b v\u00fdstupu p\u00e1ry mezi po\u010d\u00e1te\u010dn\u00ed aktivac\u00ed a kone\u010dn\u00fdmi f\u00e1zemi \u017eivotn\u00edho cyklu za\u0159\u00edzen\u00ed. Tepeln\u00e9 \u0159\u00edzen\u00ed c\u00edvky z\u016fst\u00e1v\u00e1 bezpe\u010dn\u011b v optim\u00e1ln\u00edch provozn\u00edch teplot\u00e1ch, co\u017e zcela eliminuje riziko such\u00fdch z\u00e1sah\u016f nebo degradovan\u00fdch profil\u016f chuti. Ergonomick\u00fd design byl tak\u00e9 testov\u00e1n pro prodlou\u017een\u00e9 pou\u017e\u00edv\u00e1n\u00ed; robustn\u00ed vn\u011bj\u0161\u00ed \u0161asi nejen chr\u00e1n\u00ed vnit\u0159n\u00ed obvody p\u0159ed n\u00e1hodn\u00fdmi p\u00e1dy, ale tak\u00e9 poskytuje pohodln\u00fd, hmatov\u00fd grip, kter\u00fd zvy\u0161uje celkovou provozn\u00ed zku\u0161enost.<\/p>\n<h3 style=\"color: #003a8c; font-size: 24px; margin-top: 35px;\">Analytick\u00e9 srovn\u00e1n\u00ed vedle sebe: Sledov\u00e1n\u00ed evoluce<\/h3>\n<p style=\"font-size: 16px; margin-bottom: 20px;\">Abyste pln\u011b pochopili rozsah tohoto vylep\u0161en\u00ed, je d\u016fle\u017eit\u00e9 analyzovat specifick\u00e1 kvantitativn\u00ed a kvalitativn\u00ed zlep\u0161en\u00ed vedle sebe. N\u00e1sleduj\u00edc\u00ed matice podrobn\u011b popisuje v\u00fdrazn\u00e9 provozn\u00ed a struktur\u00e1ln\u00ed rozd\u00edly mezi starou platformou a aktu\u00e1ln\u00edm nejmodern\u011bj\u0161\u00edm modelem.<\/p>\n<table style=\"width: 100%; border-collapse: collapse; background: #ffffff; border-radius: 12px; overflow: hidden; font-size: 16px; box-shadow: 0 4px 12px rgba(0,0,0,0.08); margin-bottom: 30px;\">\n<thead>\n<tr style=\"background-color: #1890ff; color: #ffffff; text-transform: uppercase; letter-spacing: 0.5px;\">\n<th style=\"padding: 18px; text-align: left; border-right: 1px solid rgba(255,255,255,0.2);\">Technick\u00e1 funkce<\/th>\n<th style=\"padding: 18px; text-align: left; border-right: 1px solid rgba(255,255,255,0.2);\">D\u011bdictv\u00ed: BANG KING 6000<\/th>\n<th style=\"padding: 18px; text-align: left;\">Pokro\u010dil\u00fd: BANG BOX 20000<\/th>\n<\/tr>\n<\/thead>\n<tbody>\n<tr style=\"border-bottom: 1px solid #f0f0f0; transition: background-color 0.3s;\">\n<td style=\"padding: 16px; font-weight: bold; color: #595959; background-color: #fafafa;\">Celkov\u00e1 kapacita v\u00fdstupu<\/td>\n<td style=\"padding: 16px; color: #595959;\">Standardn\u00ed 6 000 cykl\u016f aktivace<\/td>\n<td style=\"padding: 16px; color: #0050b3; font-weight: bold;\">Roz\u0161\u00ed\u0159eno 20 000 cykl\u016f aktivace<\/td>\n<\/tr>\n<tr style=\"border-bottom: 1px solid #f0f0f0;\">\n<td style=\"padding: 16px; font-weight: bold; color: #595959; background-color: #fafafa;\">Spr\u00e1va nap\u00e1jen\u00ed<\/td>\n<td style=\"padding: 16px; color: #595959;\">Z\u00e1kladn\u00ed vnit\u0159n\u00ed baterie; omezen\u00e1 \u017eivotnost<\/td>\n<td style=\"padding: 16px; color: #0050b3; font-weight: bold;\">Dob\u00edjec\u00ed rozhran\u00ed Type-C pro \u00fapln\u00e9 vybit\u00ed<\/td>\n<\/tr>\n<tr style=\"border-bottom: 1px solid #f0f0f0;\">\n<td style=\"padding: 16px; font-weight: bold; color: #595959; background-color: #fafafa;\">Vnit\u0159n\u00ed objem formulace<\/td>\n<td style=\"padding: 16px; color: #595959;\">Kapacita z\u00e1sobn\u00edku 12 ml<\/td>\n<td style=\"padding: 16px; color: #0050b3; font-weight: bold;\">Maxim\u00e1ln\u00ed kapacita roz\u0161\u00ed\u0159ena na 20 000 v\u00fdstup\u016f<\/td>\n<\/tr>\n<tr style=\"border-bottom: 1px solid #f0f0f0;\">\n<td style=\"padding: 16px; font-weight: bold; color: #595959; background-color: #fafafa;\">Architektura vyt\u00e1p\u011bn\u00ed<\/td>\n<td style=\"padding: 16px; color: #595959;\">Standardn\u00ed jednop-wire komponenta<\/td>\n<td style=\"padding: 16px; color: #0050b3; font-weight: bold;\">Pokro\u010dil\u00e9 dvojit\u00e9 termodynamick\u00e9 j\u00e1dro se s\u00edt\u00ed<\/td>\n<\/tr>\n<tr>\n<td style=\"padding: 16px; font-weight: bold; color: #595959; background-color: #fafafa;\">Velkoobchodn\u00ed hodnotov\u00e1 nab\u00eddka<\/td>\n<td style=\"padding: 16px; color: #595959;\">M\u00edrn\u00e1 m\u00edra obratu trhu<\/td>\n<td style=\"padding: 16px; color: #0050b3; font-weight: bold;\">V\u00fdjime\u010dn\u00fd potenci\u00e1l mar\u017ee a udr\u017een\u00ed spot\u0159ebitele<\/td>\n<\/tr>\n<\/tbody>\n<\/table>\n<h3 style=\"color: #003a8c; font-size: 24px; margin-top: 35px;\">Autorita a d\u016fv\u011bra: Soulad, v\u00fdrobn\u00ed standardy a bezpe\u010dnost \ud83d\udee1\ufe0f<\/h3>\n<p style=\"font-size: 16px; margin-bottom: 20px;\">V pr\u016fmyslu, kter\u00fd vy\u017eaduje p\u0159\u00edsn\u00fd dohled, jsou autorita a d\u016fv\u011bra zalo\u017eeny na ov\u011b\u0159iteln\u00e9 shod\u011b. V\u00fdrobn\u00ed procesy za \u0159adou BANG BOX p\u0159\u00edsn\u011b dodr\u017euj\u00ed mezin\u00e1rodn\u00ed standardy pro elektronickou v\u00fdrobu. Tyto jednor\u00e1zov\u00e9 vapey jsou sestaveny v za\u0159\u00edzen\u00edch provozovan\u00fdch podle certifikace ISO 9001, co\u017e zaji\u0161\u0165uje, \u017ee jsou spln\u011bny p\u0159\u00edsn\u00e9 kontroln\u00ed body kvality v ka\u017ed\u00e9 f\u00e1zi v\u00fdrobn\u00ed linky, od p\u00e1jen\u00ed mikroprocesoru a\u017e po kone\u010dn\u00e9 ut\u011bsn\u011bn\u00ed n\u00e1ustku.<\/p>\n<p style=\"font-size: 16px; margin-bottom: 20px;\">Krom\u011b toho sou\u010d\u00e1sti uvnit\u0159 t\u011bchto za\u0159\u00edzen\u00ed nesou standardn\u00ed zna\u010dky CE a RoHS. To znamen\u00e1, \u017ee elektronick\u00e9 podsestavy jsou d\u016fkladn\u011b prov\u011b\u0159eny z hlediska bezpe\u010dnosti a jsou prosty omezen\u00fdch nebezpe\u010dn\u00fdch materi\u00e1l\u016f. Up\u0159ednostn\u011bn\u00edm t\u011bchto v\u00fdrobn\u00edch pov\u011b\u0159en\u00ed zaji\u0161\u0165ujeme, \u017ee na\u0161i velkoobchodn\u00ed partne\u0159i skladuj\u00ed v\u00fdrobek, kter\u00fd respektuje sm\u011brnice o bezpe\u010dnosti spot\u0159ebitel\u016f a mezin\u00e1rodn\u00ed obchodn\u00ed p\u0159edpisy. Krom\u011b toho, abychom bojovali proti nasycen\u00ed trhu pad\u011blan\u00fdmi v\u00fdrobky, jsou tyto prav\u00e9 jednotky vybaveny bezpe\u010dn\u00fdmi, ov\u011b\u0159iteln\u00fdmi QR autentiza\u010dn\u00edmi k\u00f3dy na sv\u00e9m vn\u011bj\u0161\u00edm obalu, co\u017e zaji\u0161\u0165uje transparentnost dodavatelsk\u00e9ho \u0159et\u011bzce a d\u016fv\u011bru zna\u010dky.<\/p>\n<h3 style=\"color: #003a8c; font-size: 24px; margin-top: 35px;\">Pokro\u010dil\u00e9 znalostn\u00ed body pro velkoobchodn\u00ed distribuci<\/h3>\n<div style=\"background: linear-gradient(135deg, #e6f7ff 0%, #bae7ff 100%); border-radius: 12px; padding: 25px; margin: 25px 0; border-left: 6px solid #1890ff; box-shadow: 0 4px 15px rgba(24,144,255,0.15);\">\n<h4 style=\"margin-top: 0; color: #003a8c; font-size: 20px; display: flex; align-items: center;\"><span style=\"font-size: 24px; margin-right: 10px;\">\ud83d\udca1<\/span> Kritick\u00e9 poznatky pro maloobchodn\u00ed a velkoobchodn\u00ed operace:<\/h4>\n<ul style=\"color: #002766; font-size: 16px; padding-left: 20px; line-height: 1.9;\">\n<li style=\"margin-bottom: 12px;\">Flexibilita koncentrace: Tato za\u0159\u00edzen\u00ed jsou vyr\u00e1b\u011bna tak, aby vyhovovala \u0161irok\u00e9 demografick\u00e9 skupin\u011b, a nab\u00edzej\u00ed p\u0159esn\u00e9 s\u00edly formulac\u00ed v profilech 0%, 2%, 3% nebo 5%, co\u017e umo\u017e\u0148uje maloobchodn\u00edk\u016fm splnit p\u0159\u00edsn\u00e9 region\u00e1ln\u00ed po\u017eadavky na dodr\u017eov\u00e1n\u00ed p\u0159edpis\u016f a specifick\u00e9 preference spot\u0159ebitel\u016f.<\/li>\n<li style=\"margin-bottom: 12px;\">Optimalizace z\u00e1sob: P\u0159echod na vysoce kapacitn\u00ed jednor\u00e1zov\u00e9 vapes (20 000 aktivac\u00ed) matematicky sni\u017euje po\u017eadavky na skladovac\u00ed prostor na jeden spot\u0159ebitelsk\u00fd cyklus, zvy\u0161uje efektivitu obr\u00e1tkovosti z\u00e1sob a sni\u017euje logistick\u00e9 n\u00e1klady.<\/li>\n<li style=\"margin-bottom: 12px;\">Environment\u00e1ln\u00ed hledisko: Vysoko v\u00fdkonn\u00e1 za\u0159\u00edzen\u00ed v\u00fdrazn\u011b sni\u017euj\u00ed frekvenci likvidace bateri\u00ed ve srovn\u00e1n\u00ed s modely ni\u017e\u0161\u00ed kapacity, co\u017e p\u0159edstavuje efektivn\u011bj\u0161\u00ed mo\u017enost vyu\u017e\u00edv\u00e1n\u00ed zdroj\u016f v r\u00e1mci sektoru jednor\u00e1zov\u00e9ho pou\u017eit\u00ed.<\/li>\n<li style=\"margin-bottom: 12px;\">Aromatick\u00e1 inovace: Aktualizovan\u00e1 \u0159ada nab\u00edz\u00ed vysoce stabiln\u00ed, v\u011bdecky formulovan\u00e9 profily chuti (jako jsou slo\u017eit\u00e9 ovocn\u00e9 a chladiv\u00e9 sm\u011bsi), kter\u00e9 si zachov\u00e1vaj\u00ed svou struktur\u00e1ln\u00ed integritu od prvn\u00edho dne pou\u017eit\u00ed a\u017e po \u00fapln\u00e9 vy\u010derp\u00e1n\u00ed vnit\u0159n\u00edho z\u00e1sobn\u00edku.<\/li>\n<li>N\u00edzk\u00e1 p\u0159ek\u00e1\u017eka vstupu: VapeXYZ udr\u017euje vysoce dostupn\u00e9 minim\u00e1ln\u00ed mno\u017estv\u00ed objedn\u00e1vky (MOQ) pouh\u00fdch 10 kus\u016f, co\u017e demokratizuje p\u0159\u00edstup k pr\u00e9miov\u00e9mu velkoobchodn\u00edmu cenov\u00e9mu nastaven\u00ed pro podniky v\u0161ech m\u011b\u0159\u00edtek.<\/li>\n<\/ul>\n<\/div>\n<h3 style=\"color: #003a8c; font-size: 24px; margin-top: 35px;\">\u010casto kladen\u00e9 ot\u00e1zky (FAQ)<\/h3>\n<div style=\"background-color: #ffffff; border-radius: 12px; padding: 0; margin: 25px 0; border: 1px solid #e8e8e8; box-shadow: 0 4px 12px rgba(0,0,0,0.05);\">\n<div style=\"padding: 20px; border-bottom: 1px solid #f0f0f0;\">\n<h4 style=\"color: #d46b08; margin: 0 0 10px 0; font-size: 18px; font-weight: 600;\">Jak je empiricky ov\u011b\u0159en po\u010det 20 000 aktivac\u00ed?<\/h4>\n<p style=\"margin: 0; color: #595959; font-size: 15px; line-height: 1.7;\">Kapacita aktivace je ur\u010dena pomoc\u00ed automatizovan\u00e9ho pneumatick\u00e9ho testovac\u00edho za\u0159\u00edzen\u00ed v kontrolovan\u00e9m laboratorn\u00edm prost\u0159ed\u00ed. Za\u0159\u00edzen\u00ed simuluje standardizovan\u00e9 doby tahu (typicky 1,5 a\u017e 2,0 sekundy na n\u00e1dech), dokud nen\u00ed vnit\u0159n\u00ed z\u00e1sobn\u00edk zcela vy\u010derp\u00e1n. Skute\u010dn\u00e9 pou\u017eit\u00ed se m\u016f\u017ee m\u00edrn\u011b li\u0161it v z\u00e1vislosti na individu\u00e1ln\u00edch zvyklostech p\u0159i n\u00e1dechu a okoln\u00ed teplot\u011b, ale z\u00e1kladn\u00ed kapacita je v\u011bdecky certifikov\u00e1na.<\/p>\n<\/div>\n<div style=\"padding: 20px; border-bottom: 1px solid #f0f0f0;\">\n<h4 style=\"color: #d46b08; margin: 0 0 10px 0; font-size: 18px; font-weight: 600;\">Jsou aromatick\u00e9 profily konzistentn\u00ed se star\u0161\u00edmi modely?<\/h4>\n<p style=\"margin: 0; color: #595959; font-size: 15px; line-height: 1.7;\">Ano. Hlavn\u00ed chemici zna\u010dky pe\u010dliv\u011b p\u0159evzali nej\u00fasp\u011b\u0161n\u011bj\u0161\u00ed a vysoce hodnocen\u00e9 profily chuti z p\u0159edchoz\u00edch generac\u00ed a z\u00e1rove\u0148 vytvo\u0159ili nov\u00e9, slo\u017eit\u00e9 kombinace. Integrace du\u00e1ln\u00edho meshov\u00e9ho coilu ve skute\u010dnosti zvy\u0161uje \u010distotu a odd\u011blen\u00ed t\u011bchto aromatick\u00fdch t\u00f3n\u016f, co\u017e vede k vynikaj\u00edc\u00edmu senzorick\u00e9mu z\u00e1\u017eitku.<\/p>\n<\/div>\n<div style=\"padding: 20px; border-bottom: 1px solid #f0f0f0;\">\n<h4 style=\"color: #d46b08; margin: 0 0 10px 0; font-size: 18px; font-weight: 600;\">Jak\u00e9 jsou optim\u00e1ln\u00ed skladovac\u00ed podm\u00ednky pro velkoobchodn\u00ed jednor\u00e1zov\u00e9 vapery?<\/h4>\n<p style=\"margin: 0; color: #595959; font-size: 15px; line-height: 1.7;\">Aby byla zachov\u00e1na chemick\u00e1 stabilita vnit\u0159n\u00ed formulace a zachov\u00e1n\u00ed n\u00e1boje lithiov\u00fdch bateri\u00ed, m\u011bly by b\u00fdt za\u0159\u00edzen\u00ed skladov\u00e1na v klimaticky kontrolovan\u00e9m prost\u0159ed\u00ed. Optim\u00e1ln\u00ed podm\u00ednky se pohybuj\u00ed mezi 20 \u00b0C a 25 \u00b0C (68 \u00b0F \u2013 77 \u00b0F). Je nezbytn\u00e9 vyhnout se p\u0159\u00edm\u00e9mu slune\u010dn\u00edmu sv\u011btlu, extr\u00e9mn\u00edmu teplu nebo mraziv\u00fdm teplot\u00e1m, proto\u017ee tyto mohou ohrozit vnit\u0159n\u00ed t\u011bsn\u011bn\u00ed a chemii baterie.<\/p>\n<\/div>\n<div style=\"padding: 20px;\">\n<h4 style=\"color: #d46b08; margin: 0 0 10px 0; font-size: 18px; font-weight: 600;\">Jak ovliv\u0148uje nab\u00edjec\u00ed syst\u00e9m Type-C \u017eivotnost za\u0159\u00edzen\u00ed?<\/h4>\n<p style=\"margin: 0; color: #595959; font-size: 15px; line-height: 1.7;\">Integrace portu typu C je z\u00e1sadn\u00ed technick\u00fdm vylep\u0161en\u00edm. Umo\u017e\u0148uje u\u017eivateli p\u0159eru\u0161ovan\u011b obnovit optim\u00e1ln\u00ed nap\u011bt\u00ed c\u00edvky, co\u017e zaji\u0161\u0165uje, \u017ee ve\u0161ker\u00fd p\u0159edem napln\u011bn\u00fd obsah je \u00fa\u010dinn\u011b vypa\u0159ov\u00e1n p\u0159ed t\u00edm, ne\u017e je hardware vy\u0159azen. Tento syst\u00e9m zabra\u0148uje b\u011b\u017en\u00e9mu probl\u00e9mu nalezen\u00e9mu u star\u0161\u00edch model\u016f, kdy vybit\u00e1 baterie zanechala v\u00fdznamnou \u010d\u00e1st vnit\u0159n\u00edho slo\u017een\u00ed uv\u011bzn\u011bnou a neupot\u0159ebitelnou.<\/p>\n<\/div>\n<\/div>\n<div style=\"background: linear-gradient(to right, #1890ff, #0050b3); color: white; padding: 30px; border-radius: 15px; text-align: center; margin: 40px 0 20px 0; box-shadow: 0 8px 20px rgba(0,80,179,0.3);\">\n<h3 style=\"margin: 0 0 15px 0; font-size: 26px; font-weight: bold; letter-spacing: 1px;\">Zabezpe\u010dte si sv\u00e9 velkoobchodn\u00ed z\u00e1soby pokro\u010dil\u00fdch vaporiz\u00e9r\u016f je\u0161t\u011b dnes<\/h3>\n<p style=\"font-size: 18px; margin-bottom: 15px; line-height: 1.6;\">P\u0159echod k vysoce kapacitn\u00edm, technologicky vysp\u011bl\u00fdm jednor\u00e1zov\u00fdm vaporiz\u00e9r\u016fm nen\u00ed pouze trendem; je nov\u00fdm provozn\u00edm standardem pro pr\u016fmysl. P\u0159ijm\u011bte nad\u0159azen\u00e9 in\u017een\u00fdrstv\u00ed, d\u016fv\u011bryhodnou shodu a bezkonkuren\u010dn\u00ed empirick\u00fd v\u00fdkon.<\/p>\n<p style=\"font-size: 16px; opacity: 0.9; margin: 0;\">Spolupracujte s VapeXYZ, abyste zajistili, \u017ee v\u00e1\u0161 invent\u00e1\u0159 bude dopln\u011bn o autentick\u00fd, vysoce ziskov\u00fd a v\u011bdecky ov\u011b\u0159en\u00fd hardware, kter\u00fd vy\u017eaduj\u00ed modern\u00ed spot\u0159ebitel\u00e9.<\/p>\n<\/div>\n<\/article>","protected":false},"excerpt":{"rendered":"<div class=\"custom-product\" style=\"border: 1px solid #eee; text-align: center; max-width: 100%; margin: 0 auto; font-family: Arial, sans-serif; box-sizing: border-box;\">\n        <!-- Product image - full width -->\n        <a href=\"https:\/\/vapexyz.com\/cs\/product\/bang-box-20000-puffs-vape-0-2-3-5-nicotine-rechargeable-bulk-buy-disposable-vape-wholesale\/\" style=\"display: block; margin-bottom: 15px;\">\n            <img decoding=\"async\" src=\"https:\/\/vapexyz.com\/wp-content\/uploads\/2024\/05\/bang-box-20000-puffs-17.webp\" alt=\"BANG BOX 20000 Puffs 20K Vape Dob\u00edjec\u00ed Hromadn\u00fd N\u00e1kup Jednor\u00e1zov\u00e1 Vape Velkoobchod\" style=\"width: 100%; height: auto; display: block;\">        <\/a>\n        \n        <!-- Product name -->\n        <h3 style=\"margin: 10px 0; font-size: 1.2em; line-height: 1.4; color: #333;\">\n            BANG BOX 20000 Puffs 20K Vape Dob\u00edjec\u00ed Hromadn\u00fd N\u00e1kup Jednor\u00e1zov\u00e1 Vape Velkoobchod        <\/h3>\n        \n        <!-- Product price -->\n        <div class=\"price\" style=\"color: #ff0000; font-weight: bold; font-size: 1.4em; margin: 10px 0;\">\n            \t\t<span class=\"tiered-pricing-dynamic-price-wrapper tiered-pricing-dynamic-price-wrapper--variable\"\n\t\t\t  data-display-context=\"shop-loop\"\n\t\t\t  data-price-type=\"dynamic\"\n\t\t\t  data-product-id=\"22807\"\n\t\t\t  data-parent-id=\"22807\">\n\t\t\t<span class=\"woocommerce-Price-amount amount\"><bdi><span class=\"woocommerce-Price-currencySymbol\">\u20ac<\/span>5.50<\/bdi><\/span><\/span>        <\/div>\n        \n        <!-- Product rating -->\n        <div class=\"rating\" style=\"margin: 15px 0; min-height: 25px;\">\n            <div class=\"star-rating\" role=\"img\" aria-label=\"Ohodnoceno 5,00 z 5\"><span style=\"width:100%\">Hodnocen\u00e9 <strong class=\"rating\">5.00<\/strong> z 5<\/span><\/div>        <\/div>\n        \n        <!-- Buy Now button -->\n        <div class=\"buy-now-button\" style=\"margin-top: 20px;\">\n            <a href=\"https:\/\/vapexyz.com\/cs\/product\/bang-box-20000-puffs-vape-0-2-3-5-nicotine-rechargeable-bulk-buy-disposable-vape-wholesale\/\" \n               class=\"buy-now-btn\" \n               style=\"display: inline-block; background-color: #4CAF50; color: white !important; padding: 12px 24px; text-align: center; text-decoration: none; font-weight: bold; border-radius: 4px; transition: all 0.3s; border: none; cursor: pointer; font-size: 1em;\">\n                Koupit nyn\u00ed            <\/a>\n        <\/div>\n    <\/div>","protected":false},"featured_media":16907,"comment_status":"open","ping_status":"closed","template":"","meta":{"_lmt_disableupdate":"no","_lmt_disable":""},"product_brand":[],"product_cat":[821,1005,1018,1019,1020,935,934,927,929,928,930,933,939,932,938,931,936,937,1017,1021,946,1023,1025,1026,951,1028,1029,1030,1031,1032,1033,953,1037,820,987,1038],"product_tag":[],"class_list":{"0":"post-16908","1":"product","2":"type-product","3":"status-publish","4":"has-post-thumbnail","6":"product_cat-bang","7":"product_cat-6000-puff-vapes","8":"product_cat-apple-flavor-disposable-vapes","9":"product_cat-blue-razz-flavor-disposable-vapes","10":"product_cat-blueberry-flavor-disposable-vapes","11":"product_cat-bulk-buy-disposable-vapes-in-austria","12":"product_cat-bulk-buy-disposable-vapes-in-belgium","13":"product_cat-bulk-buy-disposable-vapes-in-europe","14":"product_cat-bulk-buy-disposable-vapes-in-france","15":"product_cat-bulk-buy-disposable-vapes-in-germany","16":"product_cat-bulk-buy-disposable-vapes-in-italy","17":"product_cat-bulk-buy-disposable-vapes-in-netherlands","18":"product_cat-bulk-buy-disposable-vapes-in-norway","19":"product_cat-bulk-buy-disposable-vapes-in-poland","20":"product_cat-bulk-buy-disposable-vapes-in-portugal","21":"product_cat-bulk-buy-disposable-vapes-in-spain","22":"product_cat-bulk-buy-disposable-vapes-in-sweden","23":"product_cat-bulk-buy-disposable-vapes-in-switzerland","24":"product_cat-buy-best-disposable-vape-flavors","25":"product_cat-cherry-flavor-disposable-vapes","26":"product_cat-disposable-vapes-series","27":"product_cat-grape-flavor-disposable-vapes","28":"product_cat-ice-flavor-disposable-vapes","29":"product_cat-kiwi-flavor-disposable-vapes","30":"product_cat-lower-nicotine-vapes","31":"product_cat-lush-flavor-disposable-vapes","32":"product_cat-mango-flavor-disposable-vapes","33":"product_cat-mint-flavor-disposable-vapes","34":"product_cat-mixed-berries-flavor-disposable-vapes","35":"product_cat-passion-fruit-flavor-disposable-vapes","36":"product_cat-peach-flavor-disposable-vapes","37":"product_cat-rechargeable-vapes","38":"product_cat-strawberry-flavor-disposable-vapes","39":"product_cat-vape","40":"product_cat-vape-shop-by-puffs","41":"product_cat-watermelon-flavor-disposable-vapes","43":"first","44":"outofstock","45":"shipping-taxable","46":"product-type-variable"},"jetpack_sharing_enabled":true,"tiered_pricing_type":"fixed","tiered_pricing_fixed_rules":[],"tiered_pricing_product_settings":{"layout":"default","base_unit_name":{"singular":null,"plural":null},"default_variation":null},"tiered_pricing_minimum_quantity":null,"tiered_pricing_roles_data":[],"tiered_pricing_percentage_rules":[],"tiered_pricing_maximum_quantity":null,"tiered_pricing_quantity_step":null,"_links":{"self":[{"href":"https:\/\/vapexyz.com\/cs\/wp-json\/wp\/v2\/product\/16908","targetHints":{"allow":["GET"]}}],"collection":[{"href":"https:\/\/vapexyz.com\/cs\/wp-json\/wp\/v2\/product"}],"about":[{"href":"https:\/\/vapexyz.com\/cs\/wp-json\/wp\/v2\/types\/product"}],"replies":[{"embeddable":true,"href":"https:\/\/vapexyz.com\/cs\/wp-json\/wp\/v2\/comments?post=16908"}],"wp:featuredmedia":[{"embeddable":true,"href":"https:\/\/vapexyz.com\/cs\/wp-json\/wp\/v2\/media\/16907"}],"wp:attachment":[{"href":"https:\/\/vapexyz.com\/cs\/wp-json\/wp\/v2\/media?parent=16908"}],"wp:term":[{"taxonomy":"product_brand","embeddable":true,"href":"https:\/\/vapexyz.com\/cs\/wp-json\/wp\/v2\/product_brand?post=16908"},{"taxonomy":"product_cat","embeddable":true,"href":"https:\/\/vapexyz.com\/cs\/wp-json\/wp\/v2\/product_cat?post=16908"},{"taxonomy":"product_tag","embeddable":true,"href":"https:\/\/vapexyz.com\/cs\/wp-json\/wp\/v2\/product_tag?post=16908"}],"curies":[{"name":"wp","href":"https:\/\/api.w.org\/{rel}","templated":true}]}}