{"id":15910,"date":"2024-03-03T09:31:31","date_gmt":"2024-03-03T09:31:31","guid":{"rendered":"https:\/\/vapexyz.com\/?page_id=15910"},"modified":"2026-03-07T07:48:23","modified_gmt":"2026-03-07T07:48:23","slug":"sledovat-objednavku","status":"publish","type":"page","link":"https:\/\/vapexyz.com\/cs\/track-your-order\/","title":{"rendered":"Sledovat objedn\u00e1vku"},"content":{"rendered":"<div class=\"woocommerce\"><\/div>\n<p>Svou objedn\u00e1vku m\u016f\u017eete sledovat p\u0159es\u00a0<strong><a href=\"https:\/\/t.17track.net\/en\" target=\"_blank\" rel=\"noopener\">17 stopa<\/a><\/strong>:\u00a0<a href=\"https:\/\/t.17track.net\/en\" target=\"_blank\" rel=\"noopener\">https:\/\/t.17track.net\/en<\/a><\/p>\n<p>\uff08Upozor\u0148ujeme, \u017ee v prvn\u00edch dnech p\u0159ed odesl\u00e1n\u00edm objedn\u00e1vky, proto\u017ee informace o sledov\u00e1n\u00ed nejsou aktualizov\u00e1ny v\u010das, mo\u017en\u00e1 nebudete moci naj\u00edt \u017e\u00e1dn\u00e9 informace, po\u010dkejte pros\u00edm n\u011bkolik dn\u00ed, ne\u017e zkontrolujete. Nebojte se, objedn\u00e1vku doru\u010d\u00edme v\u010das.)<\/p>\n<p>Pokud m\u00e1te n\u011bjak\u00e9 dotazy ohledn\u011b objedn\u00e1vky, m\u016f\u017eete n\u00e1s kontaktovat p\u0159es whatsapp.<\/p>","protected":false},"excerpt":{"rendered":"<p>You can track your order via\u00a017track:\u00a0https:\/\/t.17track.net\/en \uff08Please note that in the first few days before the order is shipped, because the tracking information is not updated in time, you may not be able to find any information, please wait a few days before checking. Please don\u2019t worry, we will deliver the order in time.\uff09 If [&#8230;]\n","protected":false},"author":1,"featured_media":0,"parent":0,"menu_order":0,"comment_status":"closed","ping_status":"closed","template":"page-blank-title-center.php","meta":{"_lmt_disableupdate":"no","_lmt_disable":"","footnotes":""},"class_list":["post-15910","page","type-page","status-publish","hentry"],"jetpack_sharing_enabled":true,"_links":{"self":[{"href":"https:\/\/vapexyz.com\/cs\/wp-json\/wp\/v2\/pages\/15910","targetHints":{"allow":["GET"]}}],"collection":[{"href":"https:\/\/vapexyz.com\/cs\/wp-json\/wp\/v2\/pages"}],"about":[{"href":"https:\/\/vapexyz.com\/cs\/wp-json\/wp\/v2\/types\/page"}],"author":[{"embeddable":true,"href":"https:\/\/vapexyz.com\/cs\/wp-json\/wp\/v2\/users\/1"}],"replies":[{"embeddable":true,"href":"https:\/\/vapexyz.com\/cs\/wp-json\/wp\/v2\/comments?post=15910"}],"version-history":[{"count":0,"href":"https:\/\/vapexyz.com\/cs\/wp-json\/wp\/v2\/pages\/15910\/revisions"}],"wp:attachment":[{"href":"https:\/\/vapexyz.com\/cs\/wp-json\/wp\/v2\/media?parent=15910"}],"curies":[{"name":"wp","href":"https:\/\/api.w.org\/{rel}","templated":true}]}}