{"id":15901,"date":"2024-03-03T04:07:58","date_gmt":"2024-03-03T04:07:58","guid":{"rendered":"https:\/\/vapexyz.com\/?page_id=15901"},"modified":"2026-03-11T06:00:18","modified_gmt":"2026-03-11T06:00:18","slug":"vseobecne-obchodni-podminky","status":"publish","type":"page","link":"https:\/\/vapexyz.com\/cs\/terms-conditions\/","title":{"rendered":"V\u0161eobecn\u00e9 obchodn\u00ed podm\u00ednky"},"content":{"rendered":"<h2 dir=\"auto\">V\u0161eobecn\u00e9 obchodn\u00ed podm\u00ednky<\/h2>\n<p dir=\"auto\">V\u00edtejte na VapeXYZ.com, p\u0159edn\u00ed destinaci pro v\u0161echny va\u0161e pot\u0159eby v oblasti jednor\u00e1zov\u00fdch e-cigaret. Tyto webov\u00e9 str\u00e1nky provozuje VapeXYZ. , VapeXYZ se v\u011bnuje poskytov\u00e1n\u00ed \u0161pi\u010dkov\u00fdch produkt\u016f a slu\u017eeb. B\u011bhem va\u0161\u00ed cesty na na\u0161em webu se v\u00fdrazy \u201emy\u201c, \u201en\u00e1s\u201c a \u201ena\u0161e\u201c vztahuj\u00ed na VapeXYZ. Pou\u017e\u00edv\u00e1n\u00edm na\u0161ich webov\u00fdch str\u00e1nek souhlas\u00edte s dodr\u017eov\u00e1n\u00edm n\u00e1sleduj\u00edc\u00edch podm\u00ednek.<\/p>\n<p dir=\"auto\">Vstupem na na\u0161e str\u00e1nky a prov\u00e1d\u011bn\u00edm n\u00e1kup\u016f se zapojujete do na\u0161\u00ed \u201eSlu\u017eby\u201c a souhlas\u00edte s dodr\u017eov\u00e1n\u00edm zde uveden\u00fdch podm\u00ednek slu\u017eby. Tyto podm\u00ednky se vztahuj\u00ed na v\u0161echny u\u017eivatele webu, v\u010detn\u011b prohl\u00ed\u017ee\u010d\u016f, z\u00e1kazn\u00edk\u016f, prodejc\u016f, obchodn\u00edk\u016f a p\u0159isp\u011bvatel\u016f obsahu.<\/p>\n<p dir=\"auto\">Ne\u017e se pono\u0159\u00edte do na\u0161ich webov\u00fdch str\u00e1nek, pozorn\u011b si p\u0159e\u010dt\u011bte na\u0161e Podm\u00ednky slu\u017eby a pochopte je. P\u0159\u00edstupem nebo pou\u017e\u00edv\u00e1n\u00edm jak\u00e9koli \u010d\u00e1sti webu jste v\u00e1z\u00e1ni t\u011bmito Podm\u00ednkami. Pokud nesouhlas\u00edte s jakoukoli \u010d\u00e1st\u00ed t\u011bchto Podm\u00ednek, zdr\u017ete se pros\u00edm p\u0159\u00edstupu na webovou str\u00e1nku nebo pou\u017e\u00edv\u00e1n\u00ed na\u0161ich slu\u017eeb. Va\u0161e dal\u0161\u00ed pou\u017e\u00edv\u00e1n\u00ed webu po jak\u00fdchkoli aktualizac\u00edch p\u0159edstavuje p\u0159ijet\u00ed revidovan\u00fdch podm\u00ednek.<\/p>\n<p dir=\"auto\">Vzhledem k tomu, \u017ee se sna\u017e\u00edme vylep\u0161it va\u0161i zku\u0161enost, budou se tyto podm\u00ednky slu\u017eby vztahovat tak\u00e9 na jak\u00e9koli nov\u00e9 funkce nebo n\u00e1stroje p\u0159idan\u00e9 na web. Doporu\u010duje se pravideln\u011b kontrolovat podm\u00ednky pro p\u0159\u00edpadn\u00e9 zm\u011bny. Vyhrazujeme si pr\u00e1vo aktualizovat, upravit nebo nahradit kteroukoli \u010d\u00e1st t\u011bchto podm\u00ednek zve\u0159ejn\u011bn\u00edm aktualizac\u00ed na webov\u00fdch str\u00e1nk\u00e1ch.<\/p>\n<p dir=\"auto\">Vyz\u00fdv\u00e1me v\u00e1s, abyste v\u011bnovali zvl\u00e1\u0161tn\u00ed pozornost ustanoven\u00ed \u201eRozhod\u010d\u00ed \u0159\u00edzen\u00ed a vzd\u00e1n\u00ed se hromadn\u00fdch \u017ealob\u201c v \u010d\u00e1sti 19 t\u011bchto podm\u00ednek. Tato klauzule stanov\u00ed, \u017ee spory s n\u00e1mi mus\u00ed b\u00fdt \u0159e\u0161eny prost\u0159ednictv\u00edm individu\u00e1ln\u00ed arbitr\u00e1\u017ee. Pou\u017e\u00edv\u00e1n\u00edm na\u0161ich webov\u00fdch str\u00e1nek potvrzujete, \u017ee jste si p\u0159e\u010detli, porozum\u011bli a zv\u00e1\u017eili d\u016fsledky tohoto ustanoven\u00ed.<\/p>\n<h3 dir=\"auto\"><strong>Podm\u00ednky pou\u017eit\u00ed<\/strong><\/h3>\n<h4 dir=\"auto\"><strong>Sekce 1 \u2013 Podm\u00ednky internetov\u00e9ho obchodu<\/strong><\/h4>\n<p dir=\"auto\">P\u0159ijet\u00edm t\u011bchto smluvn\u00edch podm\u00ednek potvrzujete, \u017ee jste plnolet\u00ed ve sv\u00e9m st\u00e1t\u011b nebo provincii bydli\u0161t\u011b nebo \u017ee jste z\u00edskali souhlas od z\u00e1konn\u00e9ho z\u00e1stupce pro nezletil\u00e9 pou\u017e\u00edvat na\u0161e str\u00e1nky.<\/p>\n<p dir=\"auto\">Souhlas\u00edte s t\u00edm, \u017ee nebudete pou\u017e\u00edvat na\u0161e produkty pro nez\u00e1konn\u00e9 \u00fa\u010dely nebo poru\u0161ovat jak\u00e9koli z\u00e1kony, v\u010detn\u011b p\u0159edpis\u016f o autorsk\u00fdch pr\u00e1vech, ve va\u0161\u00ed jurisdikci.<\/p>\n<p dir=\"auto\">P\u0159enos \u0161kodliv\u00e9ho k\u00f3du, jako jsou \u010dervi nebo viry, je p\u0159\u00edsn\u011b zak\u00e1z\u00e1n.<\/p>\n<p dir=\"auto\">Poru\u0161en\u00ed jak\u00fdchkoli Podm\u00ednek povede k okam\u017eit\u00e9mu ukon\u010den\u00ed p\u0159\u00edstupu ke slu\u017eb\u011b.<\/p>\n<h4 dir=\"auto\"><strong>Odd\u00edl 2 \u2013 V\u0161eobecn\u00e9 podm\u00ednky<\/strong><\/h4>\n<p dir=\"auto\">Vyhrazujeme si pr\u00e1vo odm\u00edtnout slu\u017ebu komukoli a kdykoli a z jak\u00e9hokoli d\u016fvodu.<\/p>\n<p dir=\"auto\">I kdy\u017e zaji\u0161\u0165ujeme \u0161ifrov\u00e1n\u00ed va\u0161eho obsahu, vyjma informac\u00ed o kreditn\u00ed kart\u011b, b\u011bhem p\u0159evodu, nesm\u00edte zneu\u017e\u00edvat, reprodukovat nebo prod\u00e1vat \u017e\u00e1dnou \u010d\u00e1st Slu\u017eby bez na\u0161eho v\u00fdslovn\u00e9ho povolen\u00ed.<\/p>\n<p dir=\"auto\">Nadpisy v t\u00e9to smlouv\u011b slou\u017e\u00ed pro pohodl\u00ed a nemaj\u00ed vliv na podm\u00ednky.<\/p>\n<h4 dir=\"auto\"><strong>\u010c\u00e1st 3 \u2013 P\u0159esnost, \u00faplnost a aktu\u00e1lnost informac\u00ed<\/strong><\/h4>\n<p dir=\"auto\">Nezaru\u010dujeme p\u0159esnost ani aktu\u00e1lnost informac\u00ed na str\u00e1nce. Materi\u00e1l je pro obecn\u00e9 informace a nem\u011bl by b\u00fdt jedin\u00fdm podkladem pro rozhodov\u00e1n\u00ed.<\/p>\n<p dir=\"auto\">Na webu mohou b\u00fdt dostupn\u00e9 historick\u00e9 informace, nejsme v\u0161ak povinni je aktualizovat. Sledov\u00e1n\u00ed zm\u011bn je va\u0161\u00ed odpov\u011bdnost\u00ed.<\/p>\n<h4 dir=\"auto\"><strong>\u010c\u00e1st 4 \u2013 \u00dapravy slu\u017eby a cen<\/strong><\/h4>\n<p dir=\"auto\">Ceny produkt\u016f se mohou zm\u011bnit bez upozorn\u011bn\u00ed.<\/p>\n<p dir=\"auto\">M\u00e1me pr\u00e1vo upravit nebo ukon\u010dit slu\u017ebu nebo jakoukoli jej\u00ed \u010d\u00e1st bez p\u0159edchoz\u00edho upozorn\u011bn\u00ed.<\/p>\n<p dir=\"auto\">Neneseme odpov\u011bdnost za \u017e\u00e1dn\u00e9 zm\u011bny, \u00fapravy cen nebo pozastaven\u00ed slu\u017eby.<\/p>\n<h4 dir=\"auto\"><strong>\u010c\u00e1st 5 \u2013 Produkty nebo slu\u017eby<\/strong><\/h4>\n<p dir=\"auto\">N\u011bkter\u00e9 produkty mohou b\u00fdt dostupn\u00e9 v\u00fdhradn\u011b online v omezen\u00e9m mno\u017estv\u00ed, v souladu s na\u0161imi Z\u00e1sadami vr\u00e1cen\u00ed.<\/p>\n<p dir=\"auto\">I kdy\u017e se sna\u017e\u00edme o p\u0159esnou reprezentaci produktu, nem\u016f\u017eeme zaru\u010dit p\u0159esn\u00e9 slad\u011bn\u00ed barev na v\u0161ech za\u0159\u00edzen\u00edch.<\/p>\n<p dir=\"auto\">Vyhrazujeme si pr\u00e1vo omezit prodej podle regionu, osoby nebo mno\u017estv\u00ed, p\u0159i\u010dem\u017e popisy a ceny se mohou podle na\u0161eho uv\u00e1\u017een\u00ed zm\u011bnit.<\/p>\n<h4 dir=\"auto\"><strong>\u010c\u00e1st 6 \u2013 P\u0159esnost faktura\u010dn\u00edch \u00fadaj\u016f a informac\u00ed o \u00fa\u010dtu<\/strong><\/h4>\n<p dir=\"auto\">M\u016f\u017eeme odm\u00edtnout objedn\u00e1vky podle na\u0161eho uv\u00e1\u017een\u00ed a omezit mno\u017estv\u00ed na osobu nebo dom\u00e1cnost.<\/p>\n<p dir=\"auto\">Jste odpov\u011bdn\u00ed za poskytnut\u00ed p\u0159esn\u00fdch informac\u00ed o \u00fa\u010dtu a n\u00e1kupu a za okam\u017eitou aktualizaci podrobnost\u00ed.<\/p>\n<p dir=\"auto\">Podrobn\u00e9 informace naleznete v na\u0161ich Z\u00e1sad\u00e1ch vracen\u00ed zbo\u017e\u00ed.<\/p>\n<h4 dir=\"auto\"><strong>\u010c\u00e1st 7 \u2013 Voliteln\u00e9 n\u00e1stroje<\/strong><\/h4>\n<p dir=\"auto\">Poskytnut\u00e9 n\u00e1stroje t\u0159et\u00edch stran jsou \u201etak jak jsou\u201c bez z\u00e1ruk. Jejich pou\u017eit\u00ed je na va\u0161em uv\u00e1\u017een\u00ed a riziku.<\/p>\n<p dir=\"auto\">Nov\u00e9 slu\u017eby a funkce p\u0159edstaven\u00e9 na webov\u00fdch str\u00e1nk\u00e1ch budou podl\u00e9hat t\u011bmto Podm\u00ednk\u00e1m.<\/p>\n<h4 dir=\"auto\"><strong>\u010c\u00e1st 8 \u2013 Odkazy t\u0159et\u00edch stran<\/strong><\/h4>\n<p dir=\"auto\">Odkazy t\u0159et\u00edch stran v\u00e1s mohou p\u0159esm\u011brovat na extern\u00ed webov\u00e9 str\u00e1nky, kter\u00e9 s n\u00e1mi nejsou spojeny. Neneseme odpov\u011bdnost za jejich obsah ani p\u0159esnost.<\/p>\n<p dir=\"auto\">Ne\u017e se zapoj\u00edte do transakc\u00ed, prostudujte si z\u00e1sady t\u0159et\u00edch stran. Jak\u00e9koli probl\u00e9my by m\u011bly b\u00fdt sm\u011brov\u00e1ny na t\u0159et\u00ed stranu.<\/p>\n<h4 dir=\"auto\"><strong>\u010c\u00e1st 9 \u2013 U\u017eivatelsk\u00e9 koment\u00e1\u0159e, zp\u011btn\u00e1 vazba a p\u0159\u00edsp\u011bvky<\/strong><\/h4>\n<p dir=\"auto\">Jak\u00e9koli koment\u00e1\u0159e nebo p\u0159\u00edsp\u011bvky, kter\u00e9 n\u00e1m poskytnete, m\u016f\u017eeme pou\u017e\u00edvat a distribuovat bez omezen\u00ed.<\/p>\n<p dir=\"auto\">Vyhrazujeme si pr\u00e1vo monitorovat, upravovat nebo odstra\u0148ovat obsah pova\u017eovan\u00fd za nez\u00e1konn\u00fd nebo ur\u00e1\u017eliv\u00fd.<\/p>\n<p dir=\"auto\">Va\u0161e koment\u00e1\u0159e nesm\u00ed poru\u0161ovat pr\u00e1va t\u0159et\u00edch stran ani obsahovat \u0161kodliv\u00fd obsah.<\/p>\n<h4 dir=\"auto\"><strong>\u010c\u00e1st 10 \u2013 Osobn\u00ed \u00fadaje<\/strong><\/h4>\n<p dir=\"auto\">Odesl\u00e1n\u00ed osobn\u00edch \u00fadaj\u016f se \u0159\u00edd\u00ed na\u0161imi Z\u00e1sadami ochrany osobn\u00edch \u00fadaj\u016f.<\/p>\n<h4 dir=\"auto\"><strong>Odd\u00edl 10.1 \u2013 Z\u00e1sady pou\u017e\u00edv\u00e1n\u00ed soubor\u016f cookie<\/strong><\/h4>\n<p dir=\"auto\">Pou\u017e\u00edv\u00e1me cookies, abychom zlep\u0161ili v\u00e1\u0161 z\u00e1\u017eitek z prohl\u00ed\u017een\u00ed a nab\u00eddli personalizovan\u00fd obsah. Pou\u017e\u00edv\u00e1n\u00edm na\u0161ich webov\u00fdch str\u00e1nek souhlas\u00edte s na\u0161\u00edm pou\u017e\u00edv\u00e1n\u00edm soubor\u016f cookie.<\/p>\n<p dir=\"auto\">Sv\u00e9 preference t\u00fdkaj\u00edc\u00ed se soubor\u016f cookie m\u016f\u017eete na na\u0161em webu kdykoli spravovat.<\/p>\n<h4 dir=\"auto\"><strong>\u010c\u00e1st 11 \u2013 Chyby, nep\u0159esnosti a opomenut\u00ed<\/strong><\/h4>\n<p dir=\"auto\">Bez upozorn\u011bn\u00ed m\u016f\u017eeme opravit chyby nebo nep\u0159esnosti v popisech produkt\u016f, cen\u00e1ch nebo nab\u00eddk\u00e1ch.<\/p>\n<p dir=\"auto\">Nejsme povinni aktualizovat informace, pokud to nevy\u017eaduje z\u00e1kon.<\/p>\n<h4 dir=\"auto\"><strong>Odd\u00edl 12 \u2013 Zak\u00e1zan\u00e9 pou\u017eit\u00ed<\/strong><\/h4>\n<p dir=\"auto\">Pou\u017e\u00edv\u00e1n\u00ed str\u00e1nek pro nez\u00e1konn\u00e9, obt\u011b\u017euj\u00edc\u00ed nebo \u0161kodliv\u00e9 \u00fa\u010dely je p\u0159\u00edsn\u011b zak\u00e1z\u00e1no.<\/p>\n<p dir=\"auto\">Vyhrazujeme si pr\u00e1vo ukon\u010dit slu\u017ebu v p\u0159\u00edpad\u011b jak\u00e9hokoli poru\u0161en\u00ed.<\/p>\n<h4 dir=\"auto\"><strong>Odd\u00edl 13 \u2013 Odm\u00edtnut\u00ed z\u00e1ruk; Omezen\u00ed odpov\u011bdnosti<\/strong><\/h4>\n<p dir=\"auto\">Nezaru\u010dujeme nep\u0159etr\u017eit\u00fd a bezchybn\u00fd servis.<\/p>\n<p dir=\"auto\">Souhlas\u00edte s t\u00edm, \u017ee budete pou\u017e\u00edvat Slu\u017ebu na vlastn\u00ed nebezpe\u010d\u00ed a my neneseme odpov\u011bdnost za \u017e\u00e1dn\u00e9 vznikl\u00e9 \u0161kody.<\/p>\n<h4 dir=\"auto\"><strong>\u00a7 14 \u2013 Od\u0161kodn\u011bn\u00ed<\/strong><\/h4>\n<p dir=\"auto\">Souhlas\u00edte s t\u00edm, \u017ee n\u00e1s od\u0161kodn\u00edte za jak\u00e9koli n\u00e1roky vypl\u00fdvaj\u00edc\u00ed z va\u0161eho poru\u0161en\u00ed t\u011bchto podm\u00ednek.<\/p>\n<h4 dir=\"auto\"><strong>Odd\u00edl 15 \u2013 Odd\u011blitelnost<\/strong><\/h4>\n<p dir=\"auto\">Pokud je jak\u00e9koli ustanoven\u00ed pova\u017eov\u00e1no za nevymahateln\u00e9, zbytek Podm\u00ednek z\u016fst\u00e1v\u00e1 v platnosti.<\/p>\n<h4 dir=\"auto\"><strong>Odd\u00edl 16 \u2013 Ukon\u010den\u00ed<\/strong><\/h4>\n<p dir=\"auto\">Z\u00e1vazky obou stran p\u0159ed ukon\u010den\u00edm smlouvy z\u016fst\u00e1vaj\u00ed v platnosti.<\/p>\n<p dir=\"auto\">Smlouvu m\u016f\u017eete kdykoli ukon\u010dit t\u00edm, \u017ee n\u00e1m to ozn\u00e1m\u00edte.<\/p>\n<p dir=\"auto\">Vyhrazujeme si pr\u00e1vo ukon\u010dit smlouvu, pokud poru\u0161\u00edte jak\u00e9koli Podm\u00ednky bez upozorn\u011bn\u00ed.<\/p>\n<h4 dir=\"auto\"><strong>Odd\u00edl 17 \u2013 Vzd\u00e1n\u00ed se pr\u00e1va<\/strong><\/h4>\n<p dir=\"auto\">\u017d\u00e1dn\u00e9 vzd\u00e1n\u00ed se podm\u00ednek nep\u0159edstavuje vzd\u00e1n\u00ed se budouc\u00edch pr\u00e1v.<\/p>\n<h4 dir=\"auto\"><strong>\u00a7 18 \u2013 Rozhodn\u00e9 pr\u00e1vo<\/strong><\/h4>\n<p>Tyto Podm\u00ednky slu\u017eby a jak\u00e9koli samostatn\u00e9 dohody, jimi\u017e V\u00e1m poskytujeme slu\u017eby, se budou \u0159\u00eddit a v\u00fdkladem podle z\u00e1kon\u016f HK<\/p>\n<h4 dir=\"auto\"><strong>Odd\u00edl 19 \u2013 Rozhod\u010d\u00ed \u0159\u00edzen\u00ed a vzd\u00e1n\u00ed se hromadn\u00fdch \u017ealob<\/strong><\/h4>\n<p dir=\"auto\">Spory budou \u0159e\u0161eny rozhod\u010d\u00edm \u0159\u00edzen\u00edm, s v\u00fdjimkou soudu pro drobn\u00e9 n\u00e1roky.<\/p>\n<p dir=\"auto\">N\u00e1roky mus\u00ed b\u00fdt pod\u00e1ny individu\u00e1ln\u011b, nikoli jako sou\u010d\u00e1st hromadn\u00e9 \u017ealoby.<\/p>\n<h4 dir=\"auto\"><strong>Odd\u00edl 20 \u2013 Cel\u00e1 smlouva<\/strong><\/h4>\n<p dir=\"auto\">Tyto podm\u00ednky p\u0159edstavuj\u00ed \u00faplnou dohodu mezi v\u00e1mi a n\u00e1mi a nahrazuj\u00ed p\u0159edchoz\u00ed smlouvy.<\/p>\n<p dir=\"auto\">Nejednozna\u010dnosti ve v\u00fdkladu nezv\u00fdhod\u0148uj\u00ed \u017e\u00e1dnou stranu.<\/p>\n<h4 dir=\"auto\"><strong>Odd\u00edl 21 \u2013 Kontaktn\u00ed informace<\/strong><\/h4>\n<p dir=\"auto\">V p\u0159\u00edpad\u011b jak\u00fdchkoli dotaz\u016f t\u00fdkaj\u00edc\u00edch se podm\u00ednek slu\u017eby n\u00e1s kontaktujte na adrese\u00a0<a href=\"mailto:info@vapexyz.com\" target=\"_blank\" rel=\"noopener\">info@vapexyz.com<\/a>.<\/p>\n<p dir=\"auto\">D\u011bkujeme, \u017ee jste si p\u0159e\u010detli na\u0161e optimalizovan\u00e9 smluvn\u00ed podm\u00ednky. Sna\u017e\u00edme se v\u00e1m poskytnout bezprobl\u00e9mov\u00fd a bezpe\u010dn\u00fd z\u00e1\u017eitek na VapeXYZ.com.<\/p>\n<p>&nbsp;<\/p>\n<div class=\"row page-wrapper\">\n<div id=\"content\" class=\"large-12 col\" role=\"main\">\n<div class=\"entry-content\">\n<p dir=\"auto\"><span style=\"color: #e14d43;\"><strong>Tyto Podm\u00ednky slu\u017eby a jak\u00e9koli samostatn\u00e9 dohody, jimi\u017e V\u00e1m poskytujeme slu\u017eby, se budou \u0159\u00eddit a v\u00fdkladem podle z\u00e1kon\u016f HK<\/strong><\/span><\/p>\n<\/div>\n<\/div>\n<\/div>","protected":false},"excerpt":{"rendered":"<p>Terms &amp; Conditions Welcome to VapeXYZ.com, the premier destination for all your disposable e-cigarette needs. This website is operated by VapeXYZ. , VapeXYZ is dedicated to providing you with top-notch products and services. Throughout your journey on our site, the terms \u201cwe\u201d, \u201cus\u201d, and \u201cour\u201d refer to VapeXYZ. By using our website, you agree to [&#8230;]\n","protected":false},"author":1,"featured_media":0,"parent":0,"menu_order":0,"comment_status":"closed","ping_status":"closed","template":"page-blank-title-center.php","meta":{"_lmt_disableupdate":"no","_lmt_disable":"","footnotes":""},"class_list":["post-15901","page","type-page","status-publish","hentry"],"jetpack_sharing_enabled":true,"_links":{"self":[{"href":"https:\/\/vapexyz.com\/cs\/wp-json\/wp\/v2\/pages\/15901","targetHints":{"allow":["GET"]}}],"collection":[{"href":"https:\/\/vapexyz.com\/cs\/wp-json\/wp\/v2\/pages"}],"about":[{"href":"https:\/\/vapexyz.com\/cs\/wp-json\/wp\/v2\/types\/page"}],"author":[{"embeddable":true,"href":"https:\/\/vapexyz.com\/cs\/wp-json\/wp\/v2\/users\/1"}],"replies":[{"embeddable":true,"href":"https:\/\/vapexyz.com\/cs\/wp-json\/wp\/v2\/comments?post=15901"}],"version-history":[{"count":0,"href":"https:\/\/vapexyz.com\/cs\/wp-json\/wp\/v2\/pages\/15901\/revisions"}],"wp:attachment":[{"href":"https:\/\/vapexyz.com\/cs\/wp-json\/wp\/v2\/media?parent=15901"}],"curies":[{"name":"wp","href":"https:\/\/api.w.org\/{rel}","templated":true}]}}